{"id":11438,"date":"2024-04-04T09:08:12","date_gmt":"2024-04-04T09:08:12","guid":{"rendered":"https:\/\/etnyre.com\/los-mejores-equipos-de-asfaltado-de-tennessee\/"},"modified":"2024-05-31T11:27:55","modified_gmt":"2024-05-31T11:27:55","slug":"los-mejores-equipos-de-asfaltado-de-tennessee","status":"publish","type":"page","link":"https:\/\/etnyre.com\/es\/los-mejores-equipos-de-asfaltado-de-tennessee\/","title":{"rendered":"El mejor equipo de asfaltado de Tennessee"},"content":{"rendered":"<h3>\u00bfPuede beneficiarse tu empresa de los mejores equipos de asfaltado de Tennessee?<\/h3>\n<p>Por supuesto. Como contratistas de asfalto que realizan el mantenimiento de carreteras en todo el Estado Voluntario, necesitas equipos para la restauraci\u00f3n de asfalto de alta calidad. Conocido como asfaltado y sellado, este m\u00e9todo de repavimentaci\u00f3n es uno de los m\u00e1s eficaces y asequibles de que disponen los contratistas. Y gracias a E.D. Etnyre &amp; Co., los contratistas de asfalto pueden ofrecer <a href=\"https:\/\/etnyre.com\/chip-seal-paving\/\">unos servicios de sellado de virutas estelares<\/a> utilizando los equipos de sellado de virutas mejor valorados de Tennessee. Si est\u00e1s interesado en una inversi\u00f3n en equipos de asfalto de calidad superior, \u00a1llama hoy mismo a Etnyre!<\/p>\n<h3>\u00bfQu\u00e9 maquinaria necesitas?<\/h3>\n<p>Tanto si actualizas tu equipo como si ampl\u00edas tu oferta de servicios, necesitas maquinaria dise\u00f1ada para simplificar y acelerar el proceso de sellado de virutas. \u00a1Ah\u00ed es donde Etnyre te tiene cubierto! Suministramos a los contratistas de asfalto el <a href=\"https:\/\/etnyre.com\/best-chip-seal-equipment\/\">equipo de asfaltado<\/a> que necesitan para crecer y prosperar en el sector del mantenimiento de carreteras. Nuestra selecci\u00f3n de maquinaria industrial incluye:<\/p>\n<ul>\n<li><strong>Distribuidores de asfalto<\/strong>\n<ul>\n<li>El asfalto l\u00edquido constituye la base de los recubrimientos de aglomerado. Sin embargo, la aplicaci\u00f3n de asfalto l\u00edquido en carreteras sin distribuidores de asfalto resulta mucho m\u00e1s laboriosa y lenta. Por eso <a href=\"https:\/\/etnyre.com\/asphalt-distributors-tennessee\/\">los contratistas conf\u00edan en los distribuidores de asfalto Etnyre<\/a> para garantizar una aplicaci\u00f3n uniforme del asfalto sobre cualquier superficie de pavimento. Nuestros <a href=\"https:\/\/etnyre.com\/black-topper-computator\/\">distribuidores Black-Topper<\/a> transportan grandes vol\u00famenes de asfalto l\u00edquido, son f\u00e1ciles de manejar y cumplen todas las normativas federales sobre productos calientes.<\/li>\n<\/ul>\n<\/li>\n<li><strong>Esparcidores de virutas<\/strong>\n<ul>\n<li>Tras la aplicaci\u00f3n del asfalto l\u00edquido, los contratistas esparcen virutas de \u00e1ridos sobre el pavimento y las prensan en el asfalto caliente, creando una capa de recubrimiento que ayuda a recomponer el pavimento y protegerlo de un mayor deterioro. Con el <a href=\"https:\/\/etnyre.com\/chipspreaders\/\">esparcidor de virutas Etnyre<\/a>, las virutas de \u00e1ridos pueden esparcirse f\u00e1cilmente sobre el pavimento, dando a los operarios un control preciso sobre el ritmo de aplicaci\u00f3n y el tama\u00f1o de las virutas utilizadas. El control de estos aspectos del sellado de virutas ayuda a preservar la calidad del recubrimiento creado.<\/li>\n<\/ul>\n<\/li>\n<li><strong>Transportes y remolques<\/strong>\n<ul>\n<li>Tu flota de equipos no est\u00e1 completa sin los transportes y remolques adecuados para transportar asfalto l\u00edquido, virutas de \u00e1ridos y otros materiales industriales. Etnyre fabrica transportes de asfalto duraderos y seguros que permiten transportar asfalto l\u00edquido caliente a cualquier distancia. Adem\u00e1s, para transportar tus equipos y materiales a la obra, Etnyre suministra <a href=\"https:\/\/etnyre.com\/live-bottom-trailers-tennessee\/\">remolques<\/a> de plataforma <a href=\"https:\/\/etnyre.com\/lowboy-trailers-tennessee\/\">baja<\/a> y <a href=\"https:\/\/etnyre.com\/live-bottom-trailers-tennessee\/\">remolques de fondo m\u00f3vil<\/a>.<\/li>\n<\/ul>\n<\/li>\n<\/ul>\n<h3>Excelente durabilidad y versatilidad<\/h3>\n<p>Desde 1898, Etnyre ha producido las mejores <a href=\"https:\/\/etnyre.com\/road-maintenance-equipment-tennessee\/\">soluciones mec\u00e1nicas para el mantenimiento de carreteras<\/a> y la pavimentaci\u00f3n de asfalto en todo EE.UU. Haciendo hincapi\u00e9 en la durabilidad y la versatilidad, utilizamos componentes de la m\u00e1s alta calidad y tecnolog\u00eda digital avanzada para garantizar equipos que producen resultados excepcionales. Y con piezas y servicios de reparaci\u00f3n disponibles para nuestros equipos de asfaltado de primera clase para Tennessee, \u00a1tendr\u00e1s tu maquinaria Etnyre para toda la vida!<\/p>\n<div class=\"left-img\"><img loading=\"lazy\" decoding=\"async\" class=\"alignnone\" src=\"https:\/\/etnyre.com\/wp-content\/uploads\/2023\/08\/Top-Rated-Chip-Seal-Equipment-Tennessee-2-500x350.jpg\" alt=\"Un transporte de asfalto utilizado como parte del equipo de asfaltado de Etnyre en Tennessee\" width=\"500\" height=\"350\" title=\"\"><\/div>\n<h3>Llama a nuestra oficina<\/h3>\n<p>Estar por delante de la competencia y satisfacer las necesidades de pavimentaci\u00f3n de las carreteras de los clientes es posible con los equipos de asfaltado Etnyre para Tennessee. Para obtener m\u00e1s informaci\u00f3n sobre nuestros productos asf\u00e1lticos o solicitar un presupuesto, ponte en contacto con nosotros hoy mismo en el <a href=\"tel:8157322116\">815-732-2116<\/a>. Nuestra oficina principal se encuentra en 1333 Daysville Rd, Oregon, IL 61061. Etnyre tiene su sede en Illinois y atiende a clientes de Arizona, Texas, Tennessee y de todo Estados Unidos.<\/p>\n","protected":false},"excerpt":{"rendered":"<p>\u00bfPuede beneficiarse tu empresa de los mejores equipos de asfaltado de Tennessee? Por supuesto. Como contratistas de asfalto que realizan el mantenimiento de carreteras en todo el Estado Voluntario, necesitas equipos para la restauraci\u00f3n de asfalto de alta calidad. Conocido como asfaltado y sellado, este m\u00e9todo de repavimentaci\u00f3n es uno de los m\u00e1s eficaces y &hellip; <a href=\"https:\/\/etnyre.com\/es\/los-mejores-equipos-de-asfaltado-de-tennessee\/\" class=\"more-link\">Continue reading <span class=\"screen-reader-text\">El mejor equipo de asfaltado de Tennessee<\/span><\/a><\/p>\n","protected":false},"author":1,"featured_media":9222,"parent":0,"menu_order":0,"comment_status":"closed","ping_status":"closed","template":"","meta":{"_acf_changed":false,"footnotes":""},"class_list":["post-11438","page","type-page","status-publish","has-post-thumbnail","hentry"],"acf":[],"_links":{"self":[{"href":"https:\/\/etnyre.com\/es\/wp-json\/wp\/v2\/pages\/11438","targetHints":{"allow":["GET"]}}],"collection":[{"href":"https:\/\/etnyre.com\/es\/wp-json\/wp\/v2\/pages"}],"about":[{"href":"https:\/\/etnyre.com\/es\/wp-json\/wp\/v2\/types\/page"}],"author":[{"embeddable":true,"href":"https:\/\/etnyre.com\/es\/wp-json\/wp\/v2\/users\/1"}],"replies":[{"embeddable":true,"href":"https:\/\/etnyre.com\/es\/wp-json\/wp\/v2\/comments?post=11438"}],"version-history":[{"count":1,"href":"https:\/\/etnyre.com\/es\/wp-json\/wp\/v2\/pages\/11438\/revisions"}],"predecessor-version":[{"id":12200,"href":"https:\/\/etnyre.com\/es\/wp-json\/wp\/v2\/pages\/11438\/revisions\/12200"}],"wp:featuredmedia":[{"embeddable":true,"href":"https:\/\/etnyre.com\/es\/wp-json\/wp\/v2\/media\/9222"}],"wp:attachment":[{"href":"https:\/\/etnyre.com\/es\/wp-json\/wp\/v2\/media?parent=11438"}],"curies":[{"name":"wp","href":"https:\/\/api.w.org\/{rel}","templated":true}]}}