{"id":11439,"date":"2024-04-04T09:08:13","date_gmt":"2024-04-04T09:08:13","guid":{"rendered":"https:\/\/etnyre.com\/los-mejores-esparcidores-de-virutas-de-texas\/"},"modified":"2025-05-28T06:10:57","modified_gmt":"2025-05-28T06:10:57","slug":"los-mejores-esparcidores-de-virutas-de-texas","status":"publish","type":"page","link":"https:\/\/etnyre.com\/es\/los-mejores-esparcidores-de-virutas-de-texas\/","title":{"rendered":"Los mejores esparcidores de virutas de Texas"},"content":{"rendered":"<h3>Asfaltado f\u00e1cil con los mejores esparcidores de gravilla de Texas<\/h3>\n<p>Los trabajos de mantenimiento de carreteras solicitados en todo el estado de la Estrella Solitaria no tienen fin. Tanto es as\u00ed, que a los contratistas de asfalto les puede resultar dif\u00edcil seguirles el ritmo. Afortunadamente, para servicios como <a href=\"https:\/\/etnyre.com\/es\/asfaltado\/\">el sellado de virutas<\/a>, hay <a href=\"https:\/\/etnyre.com\/es\/top-rated-chip-seal-equipo-de-texas\/\">equipos disponibles que pueden agilizar mucho el proceso<\/a>. Por ejemplo, los esparcidores de virutas se han convertido en maquinaria esencial para el sellado de virutas. Y si buscas las mejores esparcidoras de gravilla para contratistas de asfalto de Texas, no busques m\u00e1s: E.D. Etnyre &amp; Co.<\/p>\n<h3>\u00bfPor qu\u00e9 necesitas esparcidores de virutas?<\/h3>\n<p>Adem\u00e1s de desempe\u00f1ar un papel esencial en el proceso de sellado de virutas, <a href=\"https:\/\/etnyre.com\/es\/esparcidores-de-virutas-texas\/\">los esparcidores de virutas<\/a> mejoran significativamente el proceso general de restauraci\u00f3n del asfalto. Y con lo popular que se ha hecho el <a href=\"https:\/\/etnyre.com\/es\/asfaltado-y-sellado\/\">asfaltado y sellado<\/a> para conservar el pavimento, debes asegurarte de que tus clientes conf\u00edan en que les ofreces este servicio. Por ello, con los esparcidores de virutas Etnyre, puedes esperar:<\/p>\n<ul>\n<li><strong>Necesidad de menos mano de obra<\/strong>\n<ul>\n<li>La pavimentaci\u00f3n de asfalto es un trabajo incre\u00edblemente laborioso. Sin equipos avanzados, se necesitan cuadrillas enteras para terminar los proyectos a tiempo. Sin embargo, con la incorporaci\u00f3n de esparcidores de gravilla a tu <a href=\"https:\/\/etnyre.com\/es\/mejor-equipo-de-asfalto-de-texas\/\">flota de equipos de asfalto<\/a>, puedes reducir significativamente la necesidad de mano de obra. Un trabajo que normalmente requiere media docena o m\u00e1s de contratistas puede terminarse con uno o dos operarios y un esparcidor de virutas.<\/li>\n<\/ul>\n<\/li>\n<li><strong>Plazos de trabajo m\u00e1s cortos<\/strong>\n<ul>\n<li>Si est\u00e1s pensando en formas de agilizar tu carga de trabajo y reducir el tiempo entre trabajos, \u00a1los esparcidores de virutas son tu respuesta! Gracias a los esparcidores de gravilla y al equipo de asfalto adicional, el tiempo para completar el sellado con gravilla se acorta enormemente. Esto no s\u00f3lo ahorra tiempo para proyectos individuales, \u00a1sino que ahora es posible coger y completar m\u00e1s de un proyecto en un d\u00eda! La incorporaci\u00f3n de esparcidores de virutas puede ayudarte a gestionar m\u00e1s trabajos que nunca.<\/li>\n<\/ul>\n<\/li>\n<li><strong>Capacidades de control avanzadas<\/strong>\n<ul>\n<li>Gracias a las innovaciones en tecnolog\u00eda de extendido de asfalto realizadas por Etnyre, nuestras \u00faltimas esparcidoras de gravilla utilizan controles totalmente digitales. Para los operarios, los controles digitales no s\u00f3lo facilitan el manejo de las m\u00e1quinas Etnyre, sino que tambi\u00e9n permiten maniobras m\u00e1s precisas que no suelen estar disponibles para los equipos de mantenimiento de carreteras. Por ejemplo, los controles digitales permiten a los operarios controlar sobre la marcha la velocidad de aplicaci\u00f3n de las virutas y su tama\u00f1o.<\/li>\n<\/ul>\n<\/li>\n<\/ul>\n<h3>\u00bfPor qu\u00e9 elegir ChipSpreaders Etnyre?<\/h3>\n<p>\u00a1Pocos fabricantes han producido maquinaria industrial durante tanto tiempo como Etnyre! Desde 1898, hemos establecido continuamente el est\u00e1ndar de rendimiento y fiabilidad en <a href=\"https:\/\/etnyre.com\/es\/equipos-de-mantenimiento-de-carreteras-texas\/\">equipos de mantenimiento de carreteras<\/a>. Nuestros esparcidores de virutas mejor valorados para Texas no son una excepci\u00f3n, ya que cuentan con una de las mayores productividades de otros esparcidores de virutas del mercado. Con <a href=\"https:\/\/etnyre.com\/es\/esparcidores-de-chips\/\">los ChipSpreaders de Etnyre<\/a>, puedes esperar:<\/p>\n<ul class=\"col-2\">\n<li>Tracci\u00f3n delantera o a las cuatro ruedas<\/li>\n<li>Motor diesel turboalimentado de 260 CV<\/li>\n<li>Control de velocidad y tasa de aplicaci\u00f3n por ordenador<\/li>\n<li>Cintas transportadoras de accionamiento hidrost\u00e1tico de 24 pulgadas de ancho<\/li>\n<li>Tolva de esparcido frontal de 12 a 24 pies con rodillo de esparcido de accionamiento hidrost\u00e1tico<\/li>\n<li>Tolva fija o variable<\/li>\n<li>Compuertas individuales para esquinas de radio sin esfuerzo<\/li>\n<li>Aletas plegables para un mejor uso del material<\/li>\n<li>Conjunto consola\/asiento deslizante manual<\/li>\n<\/ul>\n<div class=\"left-img\"><img loading=\"lazy\" decoding=\"async\" class=\"alignnone\" src=\"https:\/\/etnyre.com\/wp-content\/uploads\/2023\/08\/vibratory-asphalt-rollers-compactor-compacting-new-asphalt-pavement-road-service-repairs-the.jpg\" alt=\"Los esparcidores de gravilla mejor valorados de Texas se utilizan como parte de un gran proyecto de sellado de gravilla\" width=\"500\" height=\"350\" title=\"\"><\/div>\n<h3>Llama a Etnyre<\/h3>\n<p>Los contratistas de asfalto conf\u00edan en Etnyre para sus esparcidores de aglomerado de primera clase en Texas cuando buscan formas de satisfacer las demandas de mantenimiento de carreteras y sellado de aglomerado del estado de la Estrella Solitaria. Para obtener m\u00e1s informaci\u00f3n sobre nuestros productos o solicitar un presupuesto, llama hoy mismo al <a href=\"tel:8157322116\">815-732-2116<\/a>. Nuestra oficina principal se encuentra en 1333 Daysville Rd, Oregon, IL 61061. Etnyre tiene su sede en <a href=\"https:\/\/etnyre.com\/es\/los-mejores-esparcidores-de-virutas-de-illinois\/\">Illinois<\/a> y atiende a clientes de <a href=\"https:\/\/etnyre.com\/es\/los-mejores-esparcidores-de-virutas-de-arizona\/\">Arizona<\/a>, <a href=\"https:\/\/etnyre.com\/es\/top-rated-chip-seal-equipo-de-texas\/\">Texas<\/a>, <a href=\"https:\/\/etnyre.com\/es\/los-mejores-equipos-de-asfaltado-de-tennessee\/\">Tennessee<\/a> y de todo Estados Unidos.<\/p>\n","protected":false},"excerpt":{"rendered":"<p>Asfaltado f\u00e1cil con los mejores esparcidores de gravilla de Texas Los trabajos de mantenimiento de carreteras solicitados en todo el estado de la Estrella Solitaria no tienen fin. Tanto es as\u00ed, que a los contratistas de asfalto les puede resultar dif\u00edcil seguirles el ritmo. Afortunadamente, para servicios como el sellado de virutas, hay equipos disponibles &hellip; <a href=\"https:\/\/etnyre.com\/es\/los-mejores-esparcidores-de-virutas-de-texas\/\" class=\"more-link\">Continue reading <span class=\"screen-reader-text\">Los mejores esparcidores de virutas de Texas<\/span><\/a><\/p>\n","protected":false},"author":1,"featured_media":9215,"parent":0,"menu_order":0,"comment_status":"closed","ping_status":"closed","template":"","meta":{"_acf_changed":false,"footnotes":""},"class_list":["post-11439","page","type-page","status-publish","has-post-thumbnail","hentry"],"acf":[],"_links":{"self":[{"href":"https:\/\/etnyre.com\/es\/wp-json\/wp\/v2\/pages\/11439","targetHints":{"allow":["GET"]}}],"collection":[{"href":"https:\/\/etnyre.com\/es\/wp-json\/wp\/v2\/pages"}],"about":[{"href":"https:\/\/etnyre.com\/es\/wp-json\/wp\/v2\/types\/page"}],"author":[{"embeddable":true,"href":"https:\/\/etnyre.com\/es\/wp-json\/wp\/v2\/users\/1"}],"replies":[{"embeddable":true,"href":"https:\/\/etnyre.com\/es\/wp-json\/wp\/v2\/comments?post=11439"}],"version-history":[{"count":2,"href":"https:\/\/etnyre.com\/es\/wp-json\/wp\/v2\/pages\/11439\/revisions"}],"predecessor-version":[{"id":14206,"href":"https:\/\/etnyre.com\/es\/wp-json\/wp\/v2\/pages\/11439\/revisions\/14206"}],"wp:featuredmedia":[{"embeddable":true,"href":"https:\/\/etnyre.com\/es\/wp-json\/wp\/v2\/media\/9215"}],"wp:attachment":[{"href":"https:\/\/etnyre.com\/es\/wp-json\/wp\/v2\/media?parent=11439"}],"curies":[{"name":"wp","href":"https:\/\/api.w.org\/{rel}","templated":true}]}}