{"id":11440,"date":"2024-04-04T09:08:13","date_gmt":"2024-04-04T09:08:13","guid":{"rendered":"https:\/\/etnyre.com\/los-mejores-equipos-de-asfaltado-de-illinois\/"},"modified":"2025-05-28T06:10:26","modified_gmt":"2025-05-28T06:10:26","slug":"los-mejores-equipos-de-asfaltado-de-illinois","status":"publish","type":"page","link":"https:\/\/etnyre.com\/es\/los-mejores-equipos-de-asfaltado-de-illinois\/","title":{"rendered":"Los mejores equipos de asfaltado de Illinois"},"content":{"rendered":"<h3>\u00bfBusca el mejor equipo de asfaltado para Illinois? No busque m\u00e1s.<\/h3>\n<p>Una de las mejores formas de evitar la necesidad de grandes proyectos de construcci\u00f3n de carreteras es ocuparse de ellas antes de que el desgaste normal las estropee. Es por eso que el equipo de <a href=\"https:\/\/etnyre.com\/es\/sobre-nosotros\/\">Etnyre<\/a> ha trabajado para dise\u00f1ar el mejor equipo de sellado de astillas en Illinois. Al proporcionarle este tipo de <a href=\"https:\/\/etnyre.com\/asphalt-equipment\">equipos de<\/a> mantenimiento, nuestro equipo sabe que le estaremos ayudando a mantener sus carreteras seguras y abiertas. Y esa es la promesa de \u00abEtnyre road\u00bb.<\/p>\n<h3>El impacto del sellado de virutas<\/h3>\n<p><strong>Seguridad.<\/strong>  Hay pocas cosas m\u00e1s importantes que la seguridad de una carretera. Por eso las superficies selladas tienen m\u00e1s sentido. Ofrecen una mayor protecci\u00f3n a los conductores en comparaci\u00f3n con otras opciones. Las superficies selladas con virutas son antideslizantes y antideslumbrantes. Esto significa que, independientemente de la hora del d\u00eda o de las condiciones meteorol\u00f3gicas, los usuarios de sus carreteras siempre encontrar\u00e1n m\u00e1s f\u00e1cil mantenerse a salvo.<\/p>\n<p><strong>Rentable.<\/strong>  Aunque hay una inversi\u00f3n inicial en el equipo de sellado de virutas, el material y la mano de obra utilizados en el proceso son sencillos y asequibles. Esto le permitir\u00e1 ofrecer precios m\u00e1s bajos a sus clientes y ahorrar a largo plazo.<\/p>\n<p><strong>Longevidad.<\/strong>  El sellado de asfalto puede prolongar la vida \u00fatil del pavimento hasta 12 a\u00f1os, permiti\u00e9ndole evitar los efectos del desgaste normal para que sus carreteras sigan siendo operables y seguras.<\/p>\n<h3>Etnyre Caracter\u00edsticas<\/h3>\n<p>Con el fin de ofrecer a su equipo el mejor producto para su negocio, ofrecemos numerosas personalizaciones que pueden permitir que nuestros esparcidores de virutas sean la soluci\u00f3n perfecta para sus necesidades. <a href=\"https:\/\/etnyre.com\/es\/los-mejores-esparcidores-de-virutas\/\">Los esparcidores de virutas<\/a> Etnyre ofrecen las siguientes caracter\u00edsticas:<\/p>\n<ul>\n<li>Tracci\u00f3n delantera o trasera<\/li>\n<li>Motor diesel turboalimentado de 260 CV<\/li>\n<li>Control de velocidad y tasa de aplicaci\u00f3n por ordenador<\/li>\n<li>Alas de murci\u00e9lago plegables para un mejor aprovechamiento del material<\/li>\n<li>Compuertas individuales para esquinas de radio sin esfuerzo<\/li>\n<li>Conjunto de asiento deslizante manual de la consola para mayor comodidad del operador<\/li>\n<li>Y m\u00e1s<\/li>\n<\/ul>\n<div class=\"left-img\"><img loading=\"lazy\" decoding=\"async\" class=\"alignnone\" src=\"https:\/\/etnyre.com\/wp-content\/uploads\/2023\/08\/vibratory-asphalt-roller-compactor-compacting-new-asphalt-pavement-road-service-repairs-the.jpg\" alt=\"Etnyre ofrece el mejor equipo de asfaltado en Illinois\" width=\"500\" height=\"350\" title=\"\"><\/div>\n<h3>Contacte con nosotros hoy mismo<\/h3>\n<p>Nuestro equipo est\u00e1 listo para ayudarle a ver por qu\u00e9 Etnyre es la soluci\u00f3n para su equipo. <a href=\"https:\/\/etnyre.com\/es\/contactenos\/\">Ll\u00e1menos hoy<\/a> para hablar con nosotros acerca de nuestro equipo de sellado de chip de primera clase para Illinois.  Para descubrir nuevos productos, p\u00f3ngase en contacto con nosotros en el <a href=\"tel:8157322116\">815-732-2116<\/a>, o para piezas y servicios ll\u00e1menos al 888-586-1899. Y no olvide preguntarnos por la financiaci\u00f3n para que podamos ayudarle a gestionar la inversi\u00f3n inicial que se traducir\u00e1 en beneficios futuros.<\/p>\n","protected":false},"excerpt":{"rendered":"<p>\u00bfBusca el mejor equipo de asfaltado para Illinois? No busque m\u00e1s. Una de las mejores formas de evitar la necesidad de grandes proyectos de construcci\u00f3n de carreteras es ocuparse de ellas antes de que el desgaste normal las estropee. Es por eso que el equipo de Etnyre ha trabajado para dise\u00f1ar el mejor equipo de &hellip; <a href=\"https:\/\/etnyre.com\/es\/los-mejores-equipos-de-asfaltado-de-illinois\/\" class=\"more-link\">Continue reading <span class=\"screen-reader-text\">Los mejores equipos de asfaltado de Illinois<\/span><\/a><\/p>\n","protected":false},"author":1,"featured_media":9153,"parent":0,"menu_order":0,"comment_status":"closed","ping_status":"closed","template":"","meta":{"_acf_changed":false,"footnotes":""},"class_list":["post-11440","page","type-page","status-publish","has-post-thumbnail","hentry"],"acf":[],"_links":{"self":[{"href":"https:\/\/etnyre.com\/es\/wp-json\/wp\/v2\/pages\/11440","targetHints":{"allow":["GET"]}}],"collection":[{"href":"https:\/\/etnyre.com\/es\/wp-json\/wp\/v2\/pages"}],"about":[{"href":"https:\/\/etnyre.com\/es\/wp-json\/wp\/v2\/types\/page"}],"author":[{"embeddable":true,"href":"https:\/\/etnyre.com\/es\/wp-json\/wp\/v2\/users\/1"}],"replies":[{"embeddable":true,"href":"https:\/\/etnyre.com\/es\/wp-json\/wp\/v2\/comments?post=11440"}],"version-history":[{"count":1,"href":"https:\/\/etnyre.com\/es\/wp-json\/wp\/v2\/pages\/11440\/revisions"}],"predecessor-version":[{"id":14245,"href":"https:\/\/etnyre.com\/es\/wp-json\/wp\/v2\/pages\/11440\/revisions\/14245"}],"wp:featuredmedia":[{"embeddable":true,"href":"https:\/\/etnyre.com\/es\/wp-json\/wp\/v2\/media\/9153"}],"wp:attachment":[{"href":"https:\/\/etnyre.com\/es\/wp-json\/wp\/v2\/media?parent=11440"}],"curies":[{"name":"wp","href":"https:\/\/api.w.org\/{rel}","templated":true}]}}