{"id":11441,"date":"2024-04-04T09:10:37","date_gmt":"2024-04-04T09:10:37","guid":{"rendered":"https:\/\/etnyre.com\/los-mejores-esparcidores-de-virutas-de-arizona\/"},"modified":"2024-05-31T11:28:51","modified_gmt":"2024-05-31T11:28:51","slug":"los-mejores-esparcidores-de-virutas-de-arizona","status":"publish","type":"page","link":"https:\/\/etnyre.com\/es\/los-mejores-esparcidores-de-virutas-de-arizona\/","title":{"rendered":"Esparcidores de virutas mejor valorados Arizona"},"content":{"rendered":"<h3>\u00bfD\u00f3nde puedes encontrar esparcidores de virutas fiables y de primera categor\u00eda en Arizona?<\/h3>\n<p>\u00bfEres una empresa contratista de asfalto que quiere aventajar a sus competidores? Tienes el equipo y los clientes, pero \u00bfpuede tu equipo soportar el trabajo que deseas hacer? Si no es as\u00ed, \u00a1es hora de actualizar! Gracias a E.D. Etnyre &amp; Co., los contratistas del Estado del Gran Ca\u00f1\u00f3n y de todo EE.UU. pueden beneficiarse de <a href=\"https:\/\/etnyre.com\/best-asphalt-equipment-arizona\/\">equipos de asfalto<\/a> de alto rendimiento y <a href=\"https:\/\/etnyre.com\/best-asphalt-equipment-arizona\/\">larga duraci\u00f3n<\/a>. Nuestros mejores esparcidores de gravilla en Arizona se han convertido en la elecci\u00f3n n\u00famero uno de maquinaria para los contratistas que desean ofrecer los populares servicios de sellado de gravilla. Obt\u00e9n m\u00e1s informaci\u00f3n sobre nuestros productos llamando hoy mismo.<\/p>\n<h3>Por qu\u00e9 necesitas esparcidores de virutas de alta calidad<\/h3>\n<p>Como contratista de asfalto, probablemente comprendas lo crucial que es la restauraci\u00f3n y conservaci\u00f3n del asfalto para los propietarios y los ayuntamientos de todo Arizona. Por esta raz\u00f3n, la <a href=\"https:\/\/etnyre.com\/chip-seal-paving\/\">pavimentaci\u00f3n con sellado de virutas es uno de los servicios m\u00e1s solicitados a los contratistas de asfalto<\/a>. Y para que tu empresa pueda ofrecer un sellado de virutas excepcional, necesitas equipos como <a href=\"https:\/\/etnyre.com\/chipspreaders\/\">los esparcidores de virutas Etnyre<\/a>. Nuestros esparcidores de gravilla ayudan a los contratistas:<\/p>\n<ul>\n<li><strong>Reducir la demanda de mano de obra<\/strong>\n<ul>\n<li>Colocar asfalto puede ser un proceso exigente, que requiere mucha mano de obra cuando se realiza sin el equipo adecuado. Lo mismo puede decirse del esparcimiento de gravilla como parte del <a href=\"https:\/\/etnyre.com\/chip-and-seal\/\">asfaltado y sellado<\/a>. Por eso las empresas de asfalto conf\u00edan en esparcidores de gravilla como el de Etnyre. Nuestros <a href=\"https:\/\/etnyre.com\/chip-spreaders-arizona\/\">esparcidores de gravilla<\/a> s\u00f3lo necesitan unas pocas personas para funcionar, liberando a tu cuadrilla y reduciendo la necesidad de mano de obra adicional.<\/li>\n<\/ul>\n<\/li>\n<li><strong>Acelera los plazos de finalizaci\u00f3n de los proyectos<\/strong>\n<ul>\n<li>Si lo que te preocupa es hacer malabarismos con varios proyectos y terminarlos a tiempo, puede que el problema sea tu equipo. Sin maquinaria para cumplir las expectativas de un proyecto, te retrasar\u00e1s r\u00e1pidamente. Afortunadamente, los esparcidores de virutas Etnyre son de todo menos lentos. Nuestro equipo permite a los contratistas terminar los trabajos m\u00e1s r\u00e1pidamente y reducir el tiempo de entrega entre nuevos proyectos.<\/li>\n<\/ul>\n<\/li>\n<li><strong>Realizar un trabajo de alta calidad<\/strong>\n<ul>\n<li>La renovaci\u00f3n del pavimento no importar\u00e1 mucho si el trabajo realizado no es de calidad: un pavimento de asfalto de baja calidad corre el riesgo de deteriorarse y fallar antes, lo que repercutir\u00e1 negativamente en tu empresa. En cambio, los contratistas conf\u00edan en los equipos Etnyre para realizar un trabajo de la m\u00e1xima calidad. Nuestros esparcidores de virutas utilizan controles digitales, lo que permite a los operarios controlar con precisi\u00f3n el tama\u00f1o de las virutas y la velocidad de aplicaci\u00f3n.<\/li>\n<\/ul>\n<\/li>\n<\/ul>\n<h3>\u00bfQu\u00e9 puedes esperar de los ChipSpreaders Etnyre?<\/h3>\n<p>Cuando se trata de durabilidad, longevidad y personalizaci\u00f3n, los esparcidores de gravilla Etnyre de Arizona destacan por encima del resto. Nuestra maquinaria de asfalto te garantiza siempre la velocidad, el volumen y la precisi\u00f3n necesarios para prestar los mejores servicios de asfaltado y sellado. Con componentes como sistemas de transmisi\u00f3n hidrost\u00e1tica y tolvas de esparcido de anchura variable, nuestra maquinaria hace que el esparcido de virutas de \u00e1ridos sea pan comido. Otras caracter\u00edsticas de nuestros esparcidores de virutas son<\/p>\n<ul class=\"col-2\">\n<li>Tracci\u00f3n delantera o a las cuatro ruedas<\/li>\n<li>Motor diesel turboalimentado de 260 CV<\/li>\n<li>Control de velocidad y tasa de aplicaci\u00f3n por ordenador<\/li>\n<li>Cintas transportadoras de accionamiento hidrost\u00e1tico de 24 pulgadas de ancho<\/li>\n<li>Tolva de esparcido frontal de 12 a 24 pies con rodillo de esparcido de accionamiento hidrost\u00e1tico<\/li>\n<li>Tolva fija o variable<\/li>\n<li>Compuertas individuales para esquinas de radio sin esfuerzo<\/li>\n<li>Aletas plegables para un mejor uso del material<\/li>\n<li>Conjunto consola\/asiento deslizante manual<\/li>\n<\/ul>\n<div class=\"left-img\"><img loading=\"lazy\" decoding=\"async\" class=\"alignnone\" src=\"https:\/\/etnyre.com\/wp-content\/uploads\/2023\/08\/in-flexible-pavements-the-upper-layer-consists-of-asphalt-concrete-that-is-a-construction.jpg\" alt=\"Una calzada reci\u00e9n repavimentada, gracias a los esparcidores de gravilla mejor valorados de Arizona\" width=\"500\" height=\"350\" title=\"\"><\/div>\n<h3>Contacta con nuestra oficina<\/h3>\n<p>Si quieres mejorar tu negocio de contrataci\u00f3n de asfalto y ofrecer servicios excepcionales de sellado de virutas, \u00a1s\u00f3lo los mejores esparcidores de virutas de Arizona te servir\u00e1n! Descubre los mejores equipos de asfalto disponibles cerca de ti con los profesionales de Etnyre. Para obtener m\u00e1s informaci\u00f3n sobre nuestros productos o solicitar un presupuesto, llama <a href=\"tel:8157322116\">al 815-732-2116<\/a>. Nuestra oficina principal se encuentra en 1333 Daysville Rd, Oregon, IL 61061. Etnyre tiene su sede en <a href=\"https:\/\/etnyre.com\/top-rated-chip-spreaders-illinois\/\">Illinois<\/a> y atiende a clientes de <a href=\"https:\/\/etnyre.com\/top-rated-chip-seal-equipment-arizona\/\">Arizona<\/a>, <a href=\"https:\/\/etnyre.com\/top-rated-chip-spreaders-texas\/\">Texas<\/a>, <a href=\"https:\/\/etnyre.com\/top-rated-chip-seal-equipment-tennessee\/\">Tennessee<\/a> y de todo Estados Unidos.<\/p>\n","protected":false},"excerpt":{"rendered":"<p>\u00bfD\u00f3nde puedes encontrar esparcidores de virutas fiables y de primera categor\u00eda en Arizona? \u00bfEres una empresa contratista de asfalto que quiere aventajar a sus competidores? Tienes el equipo y los clientes, pero \u00bfpuede tu equipo soportar el trabajo que deseas hacer? Si no es as\u00ed, \u00a1es hora de actualizar! Gracias a E.D. Etnyre &amp; Co., &hellip; <a href=\"https:\/\/etnyre.com\/es\/los-mejores-esparcidores-de-virutas-de-arizona\/\" class=\"more-link\">Continue reading <span class=\"screen-reader-text\">Esparcidores de virutas mejor valorados Arizona<\/span><\/a><\/p>\n","protected":false},"author":1,"featured_media":9209,"parent":0,"menu_order":0,"comment_status":"closed","ping_status":"closed","template":"","meta":{"_acf_changed":false,"footnotes":""},"class_list":["post-11441","page","type-page","status-publish","has-post-thumbnail","hentry"],"acf":[],"_links":{"self":[{"href":"https:\/\/etnyre.com\/es\/wp-json\/wp\/v2\/pages\/11441","targetHints":{"allow":["GET"]}}],"collection":[{"href":"https:\/\/etnyre.com\/es\/wp-json\/wp\/v2\/pages"}],"about":[{"href":"https:\/\/etnyre.com\/es\/wp-json\/wp\/v2\/types\/page"}],"author":[{"embeddable":true,"href":"https:\/\/etnyre.com\/es\/wp-json\/wp\/v2\/users\/1"}],"replies":[{"embeddable":true,"href":"https:\/\/etnyre.com\/es\/wp-json\/wp\/v2\/comments?post=11441"}],"version-history":[{"count":1,"href":"https:\/\/etnyre.com\/es\/wp-json\/wp\/v2\/pages\/11441\/revisions"}],"predecessor-version":[{"id":12206,"href":"https:\/\/etnyre.com\/es\/wp-json\/wp\/v2\/pages\/11441\/revisions\/12206"}],"wp:featuredmedia":[{"embeddable":true,"href":"https:\/\/etnyre.com\/es\/wp-json\/wp\/v2\/media\/9209"}],"wp:attachment":[{"href":"https:\/\/etnyre.com\/es\/wp-json\/wp\/v2\/media?parent=11441"}],"curies":[{"name":"wp","href":"https:\/\/api.w.org\/{rel}","templated":true}]}}