{"id":11442,"date":"2024-04-04T09:10:38","date_gmt":"2024-04-04T09:10:38","guid":{"rendered":"https:\/\/etnyre.com\/selladores-de-grietas-tennessee\/"},"modified":"2024-04-04T09:10:38","modified_gmt":"2024-04-04T09:10:38","slug":"selladores-de-grietas-tennessee","status":"publish","type":"page","link":"https:\/\/etnyre.com\/es\/selladores-de-grietas-tennessee\/","title":{"rendered":"Selladores de grietas Tennessee"},"content":{"rendered":"<h3>Etnyre fabrica selladores de grietas en los que Tennessee puede confiar<\/h3>\n<p>Nacida del deseo de aumentar la eficacia de la industria con la innovaci\u00f3n, Etnyre lleva m\u00e1s de un siglo fabricando equipos de calidad para las cuadrillas de asfalto y construcci\u00f3n de carreteras. Desde esparcidores de gravilla hasta selladores de grietas, Tennessee puede confiar en la durabilidad y funcionalidad de los equipos <a href=\"https:\/\/etnyreinternational.com\/about-us\/\" rel=\"nofollow noopener\" target=\"_blank\">Etnyre<\/a>. Durante <a href=\"https:\/\/etnyreinternational.com\/our-history\/\" rel=\"nofollow noopener\" target=\"_blank\">generaciones<\/a>, nos hemos enorgullecido de mejorar la calidad de las carreteras de todo el mundo y de influir en los viajes de los estadounidenses con el excelente equipamiento que proporcionamos. Estamos deseando demostrarle por qu\u00e9 se ha confiado en nuestro nombre durante generaciones.<\/p>\n<h3>La diferencia Etnyre<\/h3>\n<p>Durante <a href=\"https:\/\/etnyreinternational.com\/our-history\/\" rel=\"nofollow noopener\" target=\"_blank\">m\u00e1s de 125 a\u00f1os<\/a>, generaciones de empleados de Etnyre han liderado la innovaci\u00f3n. Estamos seguros de que nuestros productos siempre satisfar\u00e1n sus necesidades porque ofrecemos capacidades de dep\u00f3sito personalizables. Y nuestra ingenier\u00eda se centra siempre en la experiencia del operador y en un resultado final \u00f3ptimo para sus carreteras. Nuestras <a href=\"https:\/\/etnyre.com\/crack-sealers-illinois\/\">selladoras de grietas<\/a> cuentan con sistemas ecol\u00f3gicos sin enjuague, y ofrecemos un sistema de calefacci\u00f3n de aceite caliente con flujo controlado de circuito cerrado. Sabr\u00e1 que su m\u00e1quina siempre se encender\u00e1 gracias a nuestro quemador de gas\u00f3leo de alta presi\u00f3n cerrado con encendido autom\u00e1tico. Y obtendr\u00e1 un f\u00e1cil acceso con dos puertas de carga selladas y controles personales que permiten el funcionamiento manual y autom\u00e1tico.<\/p>\n<p>Antes de que las grietas se conviertan en grandes problemas, el sellado de grietas es una excelente forma de garantizar la seguridad de sus carreteras al tiempo que se prolonga su vida \u00fatil. Este tipo de mantenimiento rutinario de las carreteras las hace m\u00e1s seguras y duraderas. El ahorro que experimentar\u00e1 a largo plazo al eliminar la necesidad de sustituir el asfalto deteriorado supondr\u00e1 un ahorro para sus clientes frente al proceso m\u00e1s costoso de sustituci\u00f3n.<\/p>\n<h3>Fiable desde el principio<\/h3>\n<p>Adem\u00e1s de los selladores de grietas, <a href=\"https:\/\/etnyreinternational.com\/about-us\/\" rel=\"nofollow noopener\" target=\"_blank\">Etnyre<\/a> fabrica una amplia gama de equipos de reparaci\u00f3n de asfalto, incluidos esparcidores de asfalto y esparcidores de virutas. Y hemos marcado la pauta en fiabilidad desde nuestra fundaci\u00f3n en 1898. Fabricamos cada unidad por encargo y tambi\u00e9n ofrecemos un excelente servicio de atenci\u00f3n al cliente. Estamos orgullosos de nuestro legado de liderazgo en el sector de la construcci\u00f3n de carreteras de asfalto durante m\u00e1s de un siglo.<\/p>\n<div class=\"left-img\"><img loading=\"lazy\" decoding=\"async\" class=\"alignnone\" src=\"https:\/\/etnyre.com\/wp-content\/uploads\/2023\/07\/asphalt.jpg\" alt=\"Un contratista trabaja para reparar una carretera de asfalto. Hacer el trabajo m\u00e1s f\u00e1cil con el mejor nombre en Crack Sealers en Tennessee, Etnyre.\" width=\"500\" height=\"350\" title=\"\"><\/div>\n<h3>Contacte con nosotros hoy mismo<\/h3>\n<p>Nuestro equipo est\u00e1 preparado para ayudarle a encontrar las selladoras de grietas perfectas en Tennessee o cualquier equipamiento para carreteras que pueda necesitar. Llame ahora a Etnyre<br \/>\n<a href=\"tel:8157322116\">815-732-2116<\/a> para que podamos guiarle en el proceso de encontrar el equipo perfecto para sus necesidades.<\/p>\n","protected":false},"excerpt":{"rendered":"<p>Etnyre fabrica selladores de grietas en los que Tennessee puede confiar Nacida del deseo de aumentar la eficacia de la industria con la innovaci\u00f3n, Etnyre lleva m\u00e1s de un siglo fabricando equipos de calidad para las cuadrillas de asfalto y construcci\u00f3n de carreteras. Desde esparcidores de gravilla hasta selladores de grietas, Tennessee puede confiar en &hellip; <a href=\"https:\/\/etnyre.com\/es\/selladores-de-grietas-tennessee\/\" class=\"more-link\">Continue reading <span class=\"screen-reader-text\">Selladores de grietas Tennessee<\/span><\/a><\/p>\n","protected":false},"author":1,"featured_media":8477,"parent":0,"menu_order":0,"comment_status":"closed","ping_status":"closed","template":"","meta":{"_acf_changed":false,"footnotes":""},"class_list":["post-11442","page","type-page","status-publish","has-post-thumbnail","hentry"],"acf":[],"_links":{"self":[{"href":"https:\/\/etnyre.com\/es\/wp-json\/wp\/v2\/pages\/11442","targetHints":{"allow":["GET"]}}],"collection":[{"href":"https:\/\/etnyre.com\/es\/wp-json\/wp\/v2\/pages"}],"about":[{"href":"https:\/\/etnyre.com\/es\/wp-json\/wp\/v2\/types\/page"}],"author":[{"embeddable":true,"href":"https:\/\/etnyre.com\/es\/wp-json\/wp\/v2\/users\/1"}],"replies":[{"embeddable":true,"href":"https:\/\/etnyre.com\/es\/wp-json\/wp\/v2\/comments?post=11442"}],"version-history":[{"count":0,"href":"https:\/\/etnyre.com\/es\/wp-json\/wp\/v2\/pages\/11442\/revisions"}],"wp:featuredmedia":[{"embeddable":true,"href":"https:\/\/etnyre.com\/es\/wp-json\/wp\/v2\/media\/8477"}],"wp:attachment":[{"href":"https:\/\/etnyre.com\/es\/wp-json\/wp\/v2\/media?parent=11442"}],"curies":[{"name":"wp","href":"https:\/\/api.w.org\/{rel}","templated":true}]}}