{"id":11503,"date":"2024-04-09T04:17:17","date_gmt":"2024-04-09T04:17:17","guid":{"rendered":"https:\/\/etnyre.com\/los-mejores-esparcidores-de-virutas-de-illinois\/"},"modified":"2024-05-31T11:28:53","modified_gmt":"2024-05-31T11:28:53","slug":"los-mejores-esparcidores-de-virutas-de-illinois","status":"publish","type":"page","link":"https:\/\/etnyre.com\/es\/los-mejores-esparcidores-de-virutas-de-illinois\/","title":{"rendered":"Esparcidores de virutas mejor valorados Illinois"},"content":{"rendered":"<h3><strong>Mejora la restauraci\u00f3n del asfalto con los mejores esparcidores de gravilla de Illinois<\/strong><\/h3>\n<p>El calor extremo, las temperaturas bajo cero y mucha lluvia y humedad son fen\u00f3menos habituales en el Estado de las Praderas. Y si prestas servicios de mantenimiento de carreteras en todo Illinois, entiendes lo perjudiciales que pueden ser los climas del Medio Oeste para el asfalto. Por eso tu empresa necesita <a href=\"https:\/\/etnyre.com\/chip-spreaders-illinois\/\">esparcidores de gravilla<\/a> de primera clase en Illinois para estar a la altura de las demandas locales de conservaci\u00f3n y restauraci\u00f3n del asfalto. Afortunadamente, no tienes que ir muy lejos para encontrar el mejor equipo de asfaltado cerca de ti; llama hoy mismo a los expertos en pavimentaci\u00f3n de E.D. Etnyre &amp; Co.<\/p>\n<h3>Las ventajas de los equipos Etnyre<\/h3>\n<p>La l\u00ednea de esparcidores de virutas Etnyre es la mejor valorada por buenas razones. Durante a\u00f1os, Etnyre ha liderado la industria manufacturera en el desarrollo de <a href=\"https:\/\/etnyre.com\/asphalt-equipment\">maquinaria de extendido de asfalto<\/a> excepcionalmente duradera y <a href=\"https:\/\/etnyre.com\/asphalt-equipment\">de alta calidad<\/a>, y nuestras <a href=\"https:\/\/etnyre.com\/chipspreaders\/\">esparcidoras de aglomerado<\/a> se encuentran entre las mejores. Por ello, la marca Etnyre de esparcidores de gravilla ofrece varias ventajas al proceso de sellado de gravilla:<\/p>\n<ul>\n<li><strong>Gestionar m\u00e1s proyectos<\/strong>\n<ul>\n<li>La pavimentaci\u00f3n con sellado de virutas es uno de los m\u00e9todos m\u00e1s solicitados para repavimentar las aceras debido a su eficacia y asequibilidad. Sin embargo, la escala y la cantidad de proyectos que puedes gestionar se reducen significativamente sin el equipo adecuado. Por este motivo, los contratistas de asfalto conf\u00edan en las esparcidoras de gravilla de Etnyre, que permiten terminar los proyectos con rapidez y reducir el tiempo entre trabajos.<\/li>\n<\/ul>\n<\/li>\n<li><strong>Reducir la mano de obra necesaria<\/strong>\n<ul>\n<li>Antes de la introducci\u00f3n de gran parte de la maquinaria utilizada por los contratistas de asfalto, el extendido de asfalto era un proceso m\u00e1s largo y complicado. Como resultado, la mano de obra necesaria para terminar los trabajos a tiempo era considerable. Por el contrario, las exigencias de mano de obra actuales son mucho menores con la introducci\u00f3n de esparcidores de virutas y otros equipos. Nuestras esparcidoras de gravilla s\u00f3lo necesitan unas pocas personas para funcionar y realizan el trabajo de cuadrillas enteras de asfalto.<\/li>\n<\/ul>\n<\/li>\n<li><strong>Controles digitales precisos<\/strong>\n<ul>\n<li>Si los esparcidores de virutas de Etnyre reducen el tiempo y la mano de obra en un margen tan significativo, \u00a1deben requerir un operador experto para controlarlos! Afortunadamente, \u00e9ste no es el caso de los equipos Etnyre. Todas nuestras m\u00e1quinas disponen de controles digitales de f\u00e1cil manejo, que permiten un movimiento y una aplicaci\u00f3n precisos de las virutas de \u00e1rido sobre cualquier superficie. Al utilizar nuestros avanzados equipos, eliminas las conjeturas del proceso de pavimentaci\u00f3n.<\/li>\n<\/ul>\n<\/li>\n<\/ul>\n<h3>Algunas de las mejores caracter\u00edsticas de nuestros esparcidores de virutas<\/h3>\n<p>La durabilidad, la comodidad y la personalizaci\u00f3n son importantes para la l\u00ednea Etnyre de esparcidores de virutas de primera categor\u00eda para Illinois. Nuestras astilladoras permiten una aplicaci\u00f3n r\u00e1pida y sencilla de virutas de \u00e1ridos a las superficies asf\u00e1lticas durante el <a href=\"https:\/\/etnyre.com\/chip-seal-paving\/\">proceso de pavimentaci\u00f3n con sellado de virutas<\/a>. Gracias al sistema de transmisi\u00f3n hidrost\u00e1tica y a la tolva de distribuci\u00f3n de anchura variable, los operarios pueden ajustar el tama\u00f1o de las virutas y el caudal de aplicaci\u00f3n sobre la marcha, garantizando que las calzadas repavimentadas tengan un aspecto limpio y uniforme. Algunas de las mejores funciones del ChipSpreader son:<\/p>\n<ul class=\"col-2\">\n<li>Tracci\u00f3n delantera o a las cuatro ruedas<\/li>\n<li>Motor diesel turboalimentado de 260 CV<\/li>\n<li>Control de velocidad y tasa de aplicaci\u00f3n por ordenador<\/li>\n<li>Cintas transportadoras de accionamiento hidrost\u00e1tico de 24 pulgadas de ancho<\/li>\n<li>Tolva de esparcido frontal de 12 a 24 pies con rodillo de esparcido de accionamiento hidrost\u00e1tico<\/li>\n<li>Tolva fija o variable<\/li>\n<li>Compuertas individuales para esquinas de radio sin esfuerzo<\/li>\n<li>Aletas plegables para un mejor uso del material<\/li>\n<li>Conjunto consola\/asiento deslizante manual<\/li>\n<\/ul>\n<div class=\"left-img\"><img loading=\"lazy\" decoding=\"async\" class=\"alignnone\" src=\"https:\/\/etnyre.com\/wp-content\/uploads\/2023\/08\/workers-putting-down-chip-seal-on-a-rural-highway.jpg\" alt=\"Los esparcidores de gravilla mejor valorados de Illinois ayudan a repavimentar una calzada\" width=\"500\" height=\"350\" title=\"\"><\/div>\n<h3>Ll\u00e1manos<\/h3>\n<p>Si quieres actualizar tu equipo de asfalto o mejorar tus servicios de repavimentaci\u00f3n, lo mejor es invertir en los mejores esparcidores de gravilla de Illinois. Para saber m\u00e1s sobre los mejores esparcidores de gravilla, distribuidores de asfalto, selladores de grietas, remolques de fondo vivo y mucho m\u00e1s, llama a Etnyre al <a href=\"tel:8157322116\">815-732-2116<\/a>. Nuestra oficina principal se encuentra en 1333 Daysville Rd, Oregon, IL 61061. Etnyre tiene su sede en Illinois y atiende a clientes de <a href=\"https:\/\/etnyre.com\/top-rated-chip-spreaders-arizona\/\">Arizona<\/a>, <a href=\"https:\/\/etnyre.com\/top-rated-chip-spreaders-texas\/\">Texas<\/a>, <a href=\"https:\/\/etnyre.com\/top-rated-chip-seal-equipment-tennessee\/\">Tennessee<\/a> y de todo Estados Unidos.<\/p>\n","protected":false},"excerpt":{"rendered":"<p>Mejora la restauraci\u00f3n del asfalto con los mejores esparcidores de gravilla de Illinois El calor extremo, las temperaturas bajo cero y mucha lluvia y humedad son fen\u00f3menos habituales en el Estado de las Praderas. Y si prestas servicios de mantenimiento de carreteras en todo Illinois, entiendes lo perjudiciales que pueden ser los climas del Medio &hellip; <a href=\"https:\/\/etnyre.com\/es\/los-mejores-esparcidores-de-virutas-de-illinois\/\" class=\"more-link\">Continue reading <span class=\"screen-reader-text\">Esparcidores de virutas mejor valorados Illinois<\/span><\/a><\/p>\n","protected":false},"author":1,"featured_media":9201,"parent":0,"menu_order":0,"comment_status":"closed","ping_status":"closed","template":"","meta":{"_acf_changed":false,"footnotes":""},"class_list":["post-11503","page","type-page","status-publish","has-post-thumbnail","hentry"],"acf":[],"_links":{"self":[{"href":"https:\/\/etnyre.com\/es\/wp-json\/wp\/v2\/pages\/11503","targetHints":{"allow":["GET"]}}],"collection":[{"href":"https:\/\/etnyre.com\/es\/wp-json\/wp\/v2\/pages"}],"about":[{"href":"https:\/\/etnyre.com\/es\/wp-json\/wp\/v2\/types\/page"}],"author":[{"embeddable":true,"href":"https:\/\/etnyre.com\/es\/wp-json\/wp\/v2\/users\/1"}],"replies":[{"embeddable":true,"href":"https:\/\/etnyre.com\/es\/wp-json\/wp\/v2\/comments?post=11503"}],"version-history":[{"count":2,"href":"https:\/\/etnyre.com\/es\/wp-json\/wp\/v2\/pages\/11503\/revisions"}],"predecessor-version":[{"id":12207,"href":"https:\/\/etnyre.com\/es\/wp-json\/wp\/v2\/pages\/11503\/revisions\/12207"}],"wp:featuredmedia":[{"embeddable":true,"href":"https:\/\/etnyre.com\/es\/wp-json\/wp\/v2\/media\/9201"}],"wp:attachment":[{"href":"https:\/\/etnyre.com\/es\/wp-json\/wp\/v2\/media?parent=11503"}],"curies":[{"name":"wp","href":"https:\/\/api.w.org\/{rel}","templated":true}]}}