{"id":11504,"date":"2024-04-09T04:17:17","date_gmt":"2024-04-09T04:17:17","guid":{"rendered":"https:\/\/etnyre.com\/selladores-de-grietas-arizona\/"},"modified":"2025-05-28T06:10:26","modified_gmt":"2025-05-28T06:10:26","slug":"selladores-de-grietas-arizona","status":"publish","type":"page","link":"https:\/\/etnyre.com\/es\/selladores-de-grietas-arizona\/","title":{"rendered":"Selladores de grietas Arizona"},"content":{"rendered":"<h3>Para Selladores de Grietas en Arizona, Llame Etnyre Hoy<\/h3>\n<p>Nacido de la innovaci\u00f3n y la pasi\u00f3n por mejorar las carreteras, <a href=\"https:\/\/etnyreinternational.com\/about-us\/\" rel=\"nofollow noopener\" target=\"_blank\">Etnyre<\/a> lleva generaciones fabricando selladores de grietas en los que Arizona puede confiar. Fundada en 1898, la marca Etnyre ha sido sin\u00f3nimo de equipos viales de calidad desde el primer d\u00eda. Nos hemos centrado en la fabricaci\u00f3n de todos los equipos que necesita un equipo de construcci\u00f3n de asfalto y carreteras. Y hoy en d\u00eda, nos comprometemos a ofrecer el equipo preciso que pondr\u00e1 a su equipo de carretera en condiciones de triunfar.<\/p>\n<h3>Ventajas de las selladoras de grietas<\/h3>\n<p>El ahorro de costes a largo plazo que puede lograrse mediante el mantenimiento rutinario, como el sellado de grietas, puede ahorrar sustituciones m\u00e1s costosas en el futuro. Al tratar las grietas a tiempo, no s\u00f3lo aumenta la durabilidad de las carreteras que mantiene, sino que tambi\u00e9n las mantiene seguras. Y todos los que utilizan esas carreteras a diario preferir\u00e1n la experiencia, as\u00ed como poder contar con que las carreteras no se cierran por obras importantes.<\/p>\n<p>Durante <a href=\"https:\/\/etnyreinternational.com\/our-history\/\" rel=\"nofollow noopener\" target=\"_blank\">m\u00e1s de 125 a\u00f1os<\/a>, el equipo de <a href=\"https:\/\/etnyreinternational.com\/about-us\/\" rel=\"nofollow noopener\" target=\"_blank\">Etnyre<\/a> se ha centrado en la innovaci\u00f3n. En ese tiempo, nos hemos centrado en la experiencia del operador y del viajero. Hoy puede estar seguro de que nuestros equipos no s\u00f3lo le proporcionar\u00e1n un producto acabado del que se sentir\u00e1 orgulloso, sino que tambi\u00e9n har\u00e1n que la experiencia le resulte lo m\u00e1s llevadera posible. Nuestra capacidad para personalizar la capacidad de la cisterna de su cami\u00f3n, as\u00ed como la adaptabilidad de nuestros controles, le garantizan que tendr\u00e1 lo que necesita para desenvolverse en cualquier situaci\u00f3n en la que se encuentre su tripulaci\u00f3n. Y siempre puede contar con que nuestro equipo se encender\u00e1 cuando lo necesite con nuestro quemador de gas\u00f3leo de alta presi\u00f3n cerrado con encendido autom\u00e1tico.<\/p>\n<h3>La diferencia Etnyre<\/h3>\n<p>Etnyre lleva m\u00e1s de un siglo fabricando productos de asfalto de alta calidad hechos a medida. El sellador de grietas <a href=\"https:\/\/etnyre.com\/es\/remolques-bajos-illinois\/\">Etnyre<\/a> no es diferente. Nuestras m\u00e1quinas de sellado de grietas son muy eficientes, lo que significa menos tiempo de inactividad del personal, mayor producci\u00f3n y menor coste por turno. Entre las caracter\u00edsticas de nuestras selladoras se incluyen controles vers\u00e1tiles para funcionamiento autom\u00e1tico o manual, un quemador de gas\u00f3leo de alta presi\u00f3n cerrado con encendido autom\u00e1tico, un sistema ecol\u00f3gico sin enjuague y mucho m\u00e1s. Es el mejor sellador de grietas que puedes a\u00f1adir a tu equipo.<\/p>\n<div class=\"left-img\"><img loading=\"lazy\" decoding=\"async\" class=\"alignnone\" src=\"https:\/\/etnyre.com\/wp-content\/uploads\/2023\/07\/roadworkers.jpg\" alt=\"Si necesita realizar trabajos de asfaltado, necesita los mejores Selladores de Grietas en Arizona\" width=\"500\" height=\"350\" title=\"\"><\/div>\n<h3>Ll\u00e1menos hoy mismo<\/h3>\n<p>Quiz\u00e1 ya sepa qu\u00e9 tipo de sellador de grietas para Arizona se adaptar\u00eda a sus necesidades. O tal vez necesite que un experto le ayude a encontrar el ajuste perfecto. En cualquier caso, Etnyre est\u00e1 listo para responder a la llamada. Esperamos su llamada al <a href=\"tel:8157322116\">815-732-2116<\/a>. Perm\u00edtanos ayudarle a llevar a su personal de carretera hacia un futuro m\u00e1s eficiente y productivo.<\/p>\n","protected":false},"excerpt":{"rendered":"<p>Para Selladores de Grietas en Arizona, Llame Etnyre Hoy Nacido de la innovaci\u00f3n y la pasi\u00f3n por mejorar las carreteras, Etnyre lleva generaciones fabricando selladores de grietas en los que Arizona puede confiar. Fundada en 1898, la marca Etnyre ha sido sin\u00f3nimo de equipos viales de calidad desde el primer d\u00eda. Nos hemos centrado en &hellip; <a href=\"https:\/\/etnyre.com\/es\/selladores-de-grietas-arizona\/\" class=\"more-link\">Continue reading <span class=\"screen-reader-text\">Selladores de grietas Arizona<\/span><\/a><\/p>\n","protected":false},"author":1,"featured_media":8477,"parent":0,"menu_order":0,"comment_status":"closed","ping_status":"closed","template":"","meta":{"_acf_changed":false,"footnotes":""},"class_list":["post-11504","page","type-page","status-publish","has-post-thumbnail","hentry"],"acf":[],"_links":{"self":[{"href":"https:\/\/etnyre.com\/es\/wp-json\/wp\/v2\/pages\/11504","targetHints":{"allow":["GET"]}}],"collection":[{"href":"https:\/\/etnyre.com\/es\/wp-json\/wp\/v2\/pages"}],"about":[{"href":"https:\/\/etnyre.com\/es\/wp-json\/wp\/v2\/types\/page"}],"author":[{"embeddable":true,"href":"https:\/\/etnyre.com\/es\/wp-json\/wp\/v2\/users\/1"}],"replies":[{"embeddable":true,"href":"https:\/\/etnyre.com\/es\/wp-json\/wp\/v2\/comments?post=11504"}],"version-history":[{"count":2,"href":"https:\/\/etnyre.com\/es\/wp-json\/wp\/v2\/pages\/11504\/revisions"}],"predecessor-version":[{"id":14188,"href":"https:\/\/etnyre.com\/es\/wp-json\/wp\/v2\/pages\/11504\/revisions\/14188"}],"wp:featuredmedia":[{"embeddable":true,"href":"https:\/\/etnyre.com\/es\/wp-json\/wp\/v2\/media\/8477"}],"wp:attachment":[{"href":"https:\/\/etnyre.com\/es\/wp-json\/wp\/v2\/media?parent=11504"}],"curies":[{"name":"wp","href":"https:\/\/api.w.org\/{rel}","templated":true}]}}