{"id":11505,"date":"2024-04-09T04:17:18","date_gmt":"2024-04-09T04:17:18","guid":{"rendered":"https:\/\/etnyre.com\/top-rated-chip-seal-equipo-arizona\/"},"modified":"2024-05-31T11:28:54","modified_gmt":"2024-05-31T11:28:54","slug":"top-rated-chip-seal-equipo-arizona","status":"publish","type":"page","link":"https:\/\/etnyre.com\/es\/top-rated-chip-seal-equipo-arizona\/","title":{"rendered":"El mejor equipo de asfaltado de Arizona"},"content":{"rendered":"<h3>Las mejores carreteras se arreglan con los mejores equipos de asfaltado de Arizona<\/h3>\n<p>No hay vuelta de hoja: para obtener lo mejor, debes utilizar lo mejor. Por eso, durante generaciones, <a href=\"https:\/\/etnyre.com\/about-us\/\">Etnyre<\/a> se ha comprometido a seguir fabricando los mejores equipos de aglomerado de Arizona. Mientras otras empresas intentan alcanzar nuestro nivel, Etnyre lleva 125 a\u00f1os innovando y marcando la pauta. Nos comprometemos a seguir proporcionando a nuestros clientes equipos personalizables de la m\u00e1xima calidad.<\/p>\n<h3>Qu\u00e9 puede hacer por ti y por tus carreteras el Sellado de Astillas<\/h3>\n<p>En un mundo desechable, a menudo pensamos en pasar por alto el mantenimiento en favor de la sustituci\u00f3n. Pero cuando se trata de carreteras, la sustituci\u00f3n es ineficaz y demasiado cara. Afortunadamente, los efectos del desgaste de tu carretera pueden controlarse con el proceso de sellado de virutas. <a href=\"https:\/\/etnyre.com\/best-chip-seal-equipment\/\">El<\/a> sellado de virutas puede aumentar la vida \u00fatil de una calzada hasta 12 a\u00f1os, a la vez que te permite minimizar los cierres. El sellado de virutas tambi\u00e9n es m\u00e1s asequible debido a que la mano de obra y los materiales utilizados en el proceso son m\u00ednimos y sencillos. Y quiz\u00e1 la mayor ventaja del sellado de virutas es que puede aumentar la seguridad de tu calzada, porque las superficies selladas con virutas son antideslumbrantes y antideslizantes.<\/p>\n<p>En <a href=\"https:\/\/etnyre.com\/about-us\/\">Etnyre<\/a>, llevamos el suficiente tiempo a\u00f1adidos como para haber aprendido que no existe una \u00fanica herramienta que pueda solucionar todos los problemas. Por eso nuestros ingenieros siempre se esfuerzan por ofrecerte opciones que puedan hacer que tu equipo sea el m\u00e1s eficaz para tus necesidades. Motores diesel turboalimentados, tracci\u00f3n delantera o a las 4 ruedas, tolvas de esparcido frontal de 12 a 24 pies son s\u00f3lo algunas de las caracter\u00edsticas que hacen de nuestras esparcidoras de gravilla las mejores del sector y te permiten convertirlas en las mejores para ti.<\/p>\n<h3>Sobre Etnyre<\/h3>\n<p>Etnyre es conocida por su innovaci\u00f3n en el sector de la construcci\u00f3n de carreteras desde sus inicios hace m\u00e1s de un siglo. Tenemos la experiencia y los conocimientos para fabricar los mejores equipos de esparcimiento de gravilla y equipos de asfalto. Hemos aprendido a ayudarte a navegar por las opciones espec\u00edficas disponibles en el mercado. Te prometemos que siempre tendr\u00e1s el equipo fiable y de confianza que necesitas para hacer bien el trabajo. Y nuestro enfoque centrado en el cliente garantiza que te guiaremos a lo largo del proceso.<\/p>\n<div class=\"left-img\"><img loading=\"lazy\" decoding=\"async\" class=\"alignnone\" src=\"https:\/\/etnyre.com\/wp-content\/uploads\/2023\/08\/industrial-landscape-with-rollers-that-rolls-a-new-asphalt-in-the-roadway-repair-complicated.jpg\" alt=\"Etnyre ofrece el mejor equipo de asfaltado de Arizona\" width=\"500\" height=\"350\" title=\"\"><\/div>\n<h3>Contacta con nosotros<\/h3>\n<p>En <a href=\"https:\/\/etnyre.com\/about-us\/\">Etnyre<\/a>, nuestro equipo est\u00e1 siempre disponible para ayudarte a hablar de todas las opciones que tenemos. As\u00ed que no s\u00f3lo obtendr\u00e1s el mejor equipo de esparcimiento de gravilla de Arizona, sino tambi\u00e9n la mejor atenci\u00f3n al cliente del sector. Nos comprometemos a conocer tus necesidades y a tomarnos el tiempo necesario para ayudarte a encontrar la soluci\u00f3n perfecta. Ll\u00e1manos hoy al <a href=\"tel:8157322116\">815-732-2116<\/a> para hablar de todas las opciones de un nuevo esparcidor de gravilla o ponte en contacto con nosotros en el 888-586-1899 para piezas y servicios. Esperamos poder ayudarte a ser capaz de proporcionar el \u00abcamino Etnyre\u00bb en los a\u00f1os venideros.<\/p>\n","protected":false},"excerpt":{"rendered":"<p>Las mejores carreteras se arreglan con los mejores equipos de asfaltado de Arizona No hay vuelta de hoja: para obtener lo mejor, debes utilizar lo mejor. Por eso, durante generaciones, Etnyre se ha comprometido a seguir fabricando los mejores equipos de aglomerado de Arizona. Mientras otras empresas intentan alcanzar nuestro nivel, Etnyre lleva 125 a\u00f1os &hellip; <a href=\"https:\/\/etnyre.com\/es\/top-rated-chip-seal-equipo-arizona\/\" class=\"more-link\">Continue reading <span class=\"screen-reader-text\">El mejor equipo de asfaltado de Arizona<\/span><\/a><\/p>\n","protected":false},"author":1,"featured_media":8517,"parent":0,"menu_order":0,"comment_status":"closed","ping_status":"closed","template":"","meta":{"_acf_changed":false,"footnotes":""},"class_list":["post-11505","page","type-page","status-publish","has-post-thumbnail","hentry"],"acf":[],"_links":{"self":[{"href":"https:\/\/etnyre.com\/es\/wp-json\/wp\/v2\/pages\/11505","targetHints":{"allow":["GET"]}}],"collection":[{"href":"https:\/\/etnyre.com\/es\/wp-json\/wp\/v2\/pages"}],"about":[{"href":"https:\/\/etnyre.com\/es\/wp-json\/wp\/v2\/types\/page"}],"author":[{"embeddable":true,"href":"https:\/\/etnyre.com\/es\/wp-json\/wp\/v2\/users\/1"}],"replies":[{"embeddable":true,"href":"https:\/\/etnyre.com\/es\/wp-json\/wp\/v2\/comments?post=11505"}],"version-history":[{"count":2,"href":"https:\/\/etnyre.com\/es\/wp-json\/wp\/v2\/pages\/11505\/revisions"}],"predecessor-version":[{"id":12208,"href":"https:\/\/etnyre.com\/es\/wp-json\/wp\/v2\/pages\/11505\/revisions\/12208"}],"wp:featuredmedia":[{"embeddable":true,"href":"https:\/\/etnyre.com\/es\/wp-json\/wp\/v2\/media\/8517"}],"wp:attachment":[{"href":"https:\/\/etnyre.com\/es\/wp-json\/wp\/v2\/media?parent=11505"}],"curies":[{"name":"wp","href":"https:\/\/api.w.org\/{rel}","templated":true}]}}