{"id":11506,"date":"2024-04-09T04:17:18","date_gmt":"2024-04-09T04:17:18","guid":{"rendered":"https:\/\/etnyre.com\/selladores-de-grietas-illinois\/"},"modified":"2025-05-28T06:10:28","modified_gmt":"2025-05-28T06:10:28","slug":"selladores-de-grietas-illinois","status":"publish","type":"page","link":"https:\/\/etnyre.com\/es\/selladores-de-grietas-illinois\/","title":{"rendered":"Selladores de grietas Illinois"},"content":{"rendered":"<h3>Etnyre fabrica los selladores de grietas en los que conf\u00eda Illinois<\/h3>\n<p>Durante m\u00e1s de un siglo, <a href=\"https:\/\/etnyreinternational.com\/about-us\/\" rel=\"nofollow noopener\" target=\"_blank\">Etnyre<\/a> ha fabricado todos los equipos que necesita la industria del asfalto y la construcci\u00f3n de carreteras. Desde los selladores de grietas con los que cuenta Illinois hasta los esparcidores de gravilla elegidos por cuadrillas de todo el pa\u00eds, <a href=\"https:\/\/etnyreinternational.com\/about-us\/\" rel=\"nofollow noopener\" target=\"_blank\">Etnyre<\/a> ha estado innovando desde el primer d\u00eda. Etnyre naci\u00f3 del deseo de innovar y aumentar la eficacia de la industria. Nos enorgullece fabricar grandes equipos que aumentan la calidad de las carreteras del mundo y marcan la diferencia cada vez que alguien viaja.<\/p>\n<h3>Calidad a medida<\/h3>\n<p>El mantenimiento rutinario de las carreteras es esencial para mantenerlas seguras y duraderas. Uno de los primeros problemas que puede experimentar son las grietas. Antes de que las grietas se conviertan en problemas mayores, el sellado de grietas es una excelente forma de prolongar la vida \u00fatil y garantizar la seguridad de su carretera. El ahorro a largo plazo en costes de mantenimiento, como el sellado de grietas, evitar\u00e1 que en el futuro se produzcan tareas de mantenimiento m\u00e1s duras, como el desmoronamiento del asfalto, cuyo mantenimiento puede resultar costoso.<\/p>\n<p>En <a href=\"https:\/\/etnyre.com\/es\/\">Etnyre<\/a>, hemos innovado durante generaciones. Siempre nos centramos en la experiencia del operador y en garantizarle el mejor resultado para las carreteras. Adem\u00e1s, puede estar seguro de que nuestros productos cumplen siempre las normas m\u00e1s estrictas. Nuestros selladores de grietas tienen una capacidad de dep\u00f3sito personalizable de 250 \u00f3 400 galones. Ofrecemos un sistema de calefacci\u00f3n de aceite caliente de circuito cerrado con control de caudal y un sistema ecol\u00f3gico sin purga. Nuestro quemador de gas\u00f3leo cerrado de alta presi\u00f3n tiene encendido autom\u00e1tico y siempre se encender\u00e1 cuando lo necesite. Ofrecemos un f\u00e1cil acceso con dos puertas de carga de sellante y nuestros controles personales permiten el funcionamiento manual y autom\u00e1tico. Nuestras selladoras de grietas en Illinois son el mejor equipo para su negocio.<\/p>\n<h3>Sobre Etnyre<\/h3>\n<p>Los <a href=\"https:\/\/etnyreinternational.com\/our-history\/\" rel=\"nofollow noopener\" target=\"_blank\">inicios<\/a> de Etnyre se remontan a los primeros tiempos de la industria de pavimentos de Estados Unidos, en 1898. Por aquel entonces, reconocimos la necesidad de construir <a href=\"https:\/\/etnyreinternational.com\/our-brands\/\" rel=\"nofollow noopener\" target=\"_blank\">equipos de<\/a> fabricaci\u00f3n de calidad para la construcci\u00f3n de carreteras de asfalto. Desde entonces, hemos seguido desarrollando equipos excepcionales como esparcidores de asfalto, esparcidores de gravilla, dep\u00f3sitos de almacenamiento y remolques. Hoy somos conocidos por ofrecer un rendimiento fiable. Y hemos seguido haci\u00e9ndonos un nombre por ofrecer a nuestros clientes una asistencia excepcional y soluciones personalizadas para sus necesidades.<\/p>\n<div class=\"left-img\"><img loading=\"lazy\" decoding=\"async\" class=\"alignnone\" src=\"https:\/\/etnyre.com\/wp-content\/uploads\/2023\/07\/the-workers.jpg\" alt=\"Un miembro del equipo repara una carretera. Si tiene que reparar grietas, necesita los mejores selladores de grietas de Illinois.\" width=\"500\" height=\"350\" title=\"\"><\/div>\n<h3>Contacte con nosotros hoy mismo<\/h3>\n<p>Si usted est\u00e1 buscando selladores de grietas en Illinois o necesita hablar con un proveedor que tiene todo el equipo que necesita para su equipo de carretera, <a href=\"https:\/\/etnyre.com\/es\/\">Etnyre<\/a> es la llamada que debe hacer. Ll\u00e1menos hoy mismo al <a href=\"tel:8157322116\">815-732-2116<\/a> para que podamos hablarle de todo lo que tenemos. Entonces, podemos ayudar a lanzar a su tripulaci\u00f3n al siguiente nivel.<\/p>\n","protected":false},"excerpt":{"rendered":"<p>Etnyre fabrica los selladores de grietas en los que conf\u00eda Illinois Durante m\u00e1s de un siglo, Etnyre ha fabricado todos los equipos que necesita la industria del asfalto y la construcci\u00f3n de carreteras. Desde los selladores de grietas con los que cuenta Illinois hasta los esparcidores de gravilla elegidos por cuadrillas de todo el pa\u00eds, &hellip; <a href=\"https:\/\/etnyre.com\/es\/selladores-de-grietas-illinois\/\" class=\"more-link\">Continue reading <span class=\"screen-reader-text\">Selladores de grietas Illinois<\/span><\/a><\/p>\n","protected":false},"author":1,"featured_media":8477,"parent":0,"menu_order":0,"comment_status":"closed","ping_status":"closed","template":"","meta":{"_acf_changed":false,"footnotes":""},"class_list":["post-11506","page","type-page","status-publish","has-post-thumbnail","hentry"],"acf":[],"_links":{"self":[{"href":"https:\/\/etnyre.com\/es\/wp-json\/wp\/v2\/pages\/11506","targetHints":{"allow":["GET"]}}],"collection":[{"href":"https:\/\/etnyre.com\/es\/wp-json\/wp\/v2\/pages"}],"about":[{"href":"https:\/\/etnyre.com\/es\/wp-json\/wp\/v2\/types\/page"}],"author":[{"embeddable":true,"href":"https:\/\/etnyre.com\/es\/wp-json\/wp\/v2\/users\/1"}],"replies":[{"embeddable":true,"href":"https:\/\/etnyre.com\/es\/wp-json\/wp\/v2\/comments?post=11506"}],"version-history":[{"count":3,"href":"https:\/\/etnyre.com\/es\/wp-json\/wp\/v2\/pages\/11506\/revisions"}],"predecessor-version":[{"id":14269,"href":"https:\/\/etnyre.com\/es\/wp-json\/wp\/v2\/pages\/11506\/revisions\/14269"}],"wp:featuredmedia":[{"embeddable":true,"href":"https:\/\/etnyre.com\/es\/wp-json\/wp\/v2\/media\/8477"}],"wp:attachment":[{"href":"https:\/\/etnyre.com\/es\/wp-json\/wp\/v2\/media?parent=11506"}],"curies":[{"name":"wp","href":"https:\/\/api.w.org\/{rel}","templated":true}]}}