{"id":11507,"date":"2024-04-09T04:17:19","date_gmt":"2024-04-09T04:17:19","guid":{"rendered":"https:\/\/etnyre.com\/distribuidores-de-asfalto-arizona\/"},"modified":"2025-05-28T06:10:29","modified_gmt":"2025-05-28T06:10:29","slug":"distribuidores-de-asfalto-arizona","status":"publish","type":"page","link":"https:\/\/etnyre.com\/es\/distribuidores-de-asfalto-arizona\/","title":{"rendered":"Distribuidores de asfalto Arizona"},"content":{"rendered":"<h3>Etnyre proporciona distribuidores de asfalto con los que Arizona puede contar<\/h3>\n<p>Desde 1898, <a href=\"https:\/\/etnyreinternational.com\/about-us\/\" rel=\"nofollow noopener\" target=\"_blank\">Etnyre<\/a> ha tratado de establecer el est\u00e1ndar de rendimiento y fiabilidad en la industria de equipos de construcci\u00f3n de carreteras de asfalto. As\u00ed es como nos hemos forjado un nombre para ser lo mejor de lo mejor. Hoy en d\u00eda, nuestros <a href=\"https:\/\/etnyre.com\/es\/distribuidores-de-asfalto\/\">distribuidores de asfalto Black-Topper<\/a> en Arizona son la opci\u00f3n m\u00e1s fiable para sus necesidades, sobre todo teniendo en cuenta el calor que puede causar problemas con las carreteras. La precisi\u00f3n y rapidez de la pulverizaci\u00f3n del distribuidor permite reducir al m\u00ednimo los cierres de carreteras y el tiempo de construcci\u00f3n, lo que permite que las carreteras sean m\u00e1s accesibles.<\/p>\n<h3>\u00bfPor qu\u00e9 asfalto?<\/h3>\n<p>El asfalto es un material f\u00e1cilmente reciclable que a menudo se reutiliza para futuras pavimentaciones. Con el equipo adecuado, puede aplicarse r\u00e1pidamente y se seca enseguida, reduciendo los cortes de carreteras. Adem\u00e1s, la longevidad y la alta resistencia al deslizamiento que ofrece el asfalto pueden hacer que las carreteras sean m\u00e1s seguras y duraderas. El pavimento de asfalto incluso hace que las marcas viales sean m\u00e1s visibles en condiciones meteorol\u00f3gicas adversas.<\/p>\n<p>Adem\u00e1s, las superficies de asfalto pueden soportar un tr\u00e1fico intenso si se aplican correctamente. Un mantenimiento sencillo y peri\u00f3dico puede prolongar su vida \u00fatil. Afortunadamente, el <a href=\"https:\/\/etnyreinternational.com\/about-us\/\" rel=\"nofollow noopener\" target=\"_blank\">Etnyre<\/a> <a href=\"https:\/\/etnyre.com\/es\/distribuidores-de-asfalto\/\">Black-Topper<\/a> tiene un dise\u00f1o limpio y sin complicaciones exclusivo de Etnyre. Es el paquete completo que se mantendr\u00e1 s\u00f3lido en el trabajo a\u00f1o tras a\u00f1o. Le ofrecemos la calidad en la que puede confiar sin ninguna duda.<\/p>\n<h3>La diferencia Etnyre<\/h3>\n<p>Durante m\u00e1s de <a href=\"https:\/\/etnyreinternational.com\/our-history\/\" rel=\"nofollow noopener\" target=\"_blank\">100 a\u00f1os<\/a>, Etnyre ha fabricado a medida productos de asfalto de calidad. Nuestro distribuidor de asfalto <a href=\"https:\/\/etnyre.com\/wp-content\/uploads\/2023\/05\/L-101-24.pdf\">Black-Topper<\/a> cuenta con tanques de tama\u00f1os personalizados que van de 1.000 a 4.500 galones. Dispone de flujo de escape de doble alimentaci\u00f3n para una aplicaci\u00f3n uniforme equilibrada. Y cuenta con control electr\u00f3nico de la velocidad de la bomba de asfalto para un control preciso de su aplicaci\u00f3n de asfalto. En otras palabras, nuestros equipos cumplen todos los requisitos. Nuestro sencillo manejo por una sola persona permite el control desde la parte trasera del distribuidor o la cabina del cami\u00f3n, y siempre puede confiar en que cumplimos todas las normativas federales sobre productos calientes para que su cuadrilla siempre est\u00e9 segura dentro del uso de nuestros equipos.<\/p>\n<div class=\"left-img\"><img loading=\"lazy\" decoding=\"async\" class=\"alignnone\" src=\"https:\/\/etnyre.com\/wp-content\/uploads\/2023\/07\/desert-highway-death-valley.jpg\" alt=\"Las carreteras despejadas requieren los mejores distribuidores de asfalto de Arizona\" width=\"500\" height=\"350\" title=\"\"><\/div>\n<h3>Contacte con nosotros hoy mismo<\/h3>\n<p>Ponte en contacto con Etnyre hoy mismo para saber c\u00f3mo podemos ayudarte a encontrar los <a href=\"https:\/\/etnyre.com\/es\/distribuidores-de-asfalto-minnesota\/\">distribuidores de asfalto<\/a> adecuados en Arizona para todos tus proyectos de carreteras. Puedes ponerte en contacto con nosotros en el <a href=\"tel:8157322116\">815-732-2116<\/a> para obtener m\u00e1s informaci\u00f3n sobre nuestros <a href=\"https:\/\/etnyre.com\/es\/distribuidores-de-asfalto-nevada\/\">distribuidores de asfalto<\/a> y otros productos.<\/p>\n","protected":false},"excerpt":{"rendered":"<p>Etnyre proporciona distribuidores de asfalto con los que Arizona puede contar Desde 1898, Etnyre ha tratado de establecer el est\u00e1ndar de rendimiento y fiabilidad en la industria de equipos de construcci\u00f3n de carreteras de asfalto. As\u00ed es como nos hemos forjado un nombre para ser lo mejor de lo mejor. Hoy en d\u00eda, nuestros distribuidores &hellip; <a href=\"https:\/\/etnyre.com\/es\/distribuidores-de-asfalto-arizona\/\" class=\"more-link\">Continue reading <span class=\"screen-reader-text\">Distribuidores de asfalto Arizona<\/span><\/a><\/p>\n","protected":false},"author":1,"featured_media":8471,"parent":0,"menu_order":0,"comment_status":"closed","ping_status":"closed","template":"","meta":{"_acf_changed":false,"footnotes":""},"class_list":["post-11507","page","type-page","status-publish","has-post-thumbnail","hentry"],"acf":[],"_links":{"self":[{"href":"https:\/\/etnyre.com\/es\/wp-json\/wp\/v2\/pages\/11507","targetHints":{"allow":["GET"]}}],"collection":[{"href":"https:\/\/etnyre.com\/es\/wp-json\/wp\/v2\/pages"}],"about":[{"href":"https:\/\/etnyre.com\/es\/wp-json\/wp\/v2\/types\/page"}],"author":[{"embeddable":true,"href":"https:\/\/etnyre.com\/es\/wp-json\/wp\/v2\/users\/1"}],"replies":[{"embeddable":true,"href":"https:\/\/etnyre.com\/es\/wp-json\/wp\/v2\/comments?post=11507"}],"version-history":[{"count":3,"href":"https:\/\/etnyre.com\/es\/wp-json\/wp\/v2\/pages\/11507\/revisions"}],"predecessor-version":[{"id":14242,"href":"https:\/\/etnyre.com\/es\/wp-json\/wp\/v2\/pages\/11507\/revisions\/14242"}],"wp:featuredmedia":[{"embeddable":true,"href":"https:\/\/etnyre.com\/es\/wp-json\/wp\/v2\/media\/8471"}],"wp:attachment":[{"href":"https:\/\/etnyre.com\/es\/wp-json\/wp\/v2\/media?parent=11507"}],"curies":[{"name":"wp","href":"https:\/\/api.w.org\/{rel}","templated":true}]}}