{"id":11508,"date":"2024-04-09T04:17:19","date_gmt":"2024-04-09T04:17:19","guid":{"rendered":"https:\/\/etnyre.com\/equipos-de-mantenimiento-de-carreteras-texas\/"},"modified":"2025-05-28T06:10:28","modified_gmt":"2025-05-28T06:10:28","slug":"equipos-de-mantenimiento-de-carreteras-texas","status":"publish","type":"page","link":"https:\/\/etnyre.com\/es\/equipos-de-mantenimiento-de-carreteras-texas\/","title":{"rendered":"Equipos de mantenimiento de carreteras Texas"},"content":{"rendered":"<h3>Los equipos de mantenimiento de carreteras en Texas se pueden obtener de forma fiable con Etnyre<\/h3>\n<p>Durante generaciones, <a href=\"https:\/\/etnyre.com\/es\/sobre-nosotros\/\">Etnyre<\/a> ha ofrecido el equipo de mantenimiento de carreteras en el que Texas conf\u00eda. Nuestros 125 a\u00f1os en el sector nos han permitido liderar la innovaci\u00f3n en el servicio gracias a nuestro compromiso con nuestros clientes. Al establecer una conexi\u00f3n con nuestros clientes y conocer sus necesidades reales, podemos ayudarles a encontrar el equipo que mejor se adapte a sus necesidades, as\u00ed como a saber qu\u00e9 innovaciones podr\u00edan ayudar a la industria de la carretera a avanzar hacia el futuro. Nuestros <a href=\"https:\/\/etnyre.com\/asphalt-equipment\">equipos<\/a> pueden adaptarse a sus necesidades concretas. Dedicar tiempo a hablar con usted nos informar\u00e1 sobre la pr\u00f3xima innovaci\u00f3n que podr\u00eda aportar m\u00e1s eficiencia y eficacia a nuestra industria.<\/p>\n<h3>Encuentre el equipo adecuado con Etnyre<\/h3>\n<p>Desde nuestros comienzos, el equipo de <a href=\"https:\/\/etnyre.com\/es\/sobre-nosotros\/\">Etnyre<\/a> lleva m\u00e1s de un siglo comprometido con el \u00e9xito de nuestros clientes. Al buscar siempre mejorar, nuestros equipos han podido mantenerse a la vanguardia del sector y servir mejor a nuestros clientes. La tradici\u00f3n que m\u00e1s enorgullece a nuestra empresa es la \u00abcalzada Etnyre\u00bb, una calzada en la que puede confiar para resistir el paso del tiempo es nuestro legado. Debido a ese compromiso, siempre ofrecemos todas las opciones que pueda necesitar para ajustarnos mejor a sus necesidades. Y nos comprometemos con nuestros clientes no s\u00f3lo a ayudarles en el proceso de elecci\u00f3n de un producto, sino tambi\u00e9n a estar a su lado en el futuro para ayudarle a resolver cualquier problema que surja.<\/p>\n<p>Tambi\u00e9n disponemos de productos para todas las fases de la construcci\u00f3n de carreteras. Desde remolques que le ayudan a transportar equipos enormes hasta numerosos equipos para la construcci\u00f3n de carreteras, tenemos todo lo que su cuadrilla necesita. Tambi\u00e9n ofrecemos opciones para garantizar que sus equipos sigan siendo eficientes y eficaces. Tenemos lo que necesitas para cualquier carretera, desde <a href=\"https:\/\/etnyre.com\/sales\/live-bottom-trailers\/\">remolques<\/a><a href=\"https:\/\/etnyre.com\/sourcewell\/lowboy\"> bajos<\/a> o de fondo vivo hasta <a href=\"https:\/\/etnyre.com\/es\/los-mejores-esparcidores-de-virutas\/\">esparcidores de gravilla<\/a>, <a href=\"https:\/\/etnyre.com\/asphalt-equipment\">distribuidores de asfalto<\/a> y <a href=\"https:\/\/etnyre.com\/es\/selladores-de-grietas\/\">selladores de grietas<\/a>.<\/p>\n<h3>La diferencia Etnyre<\/h3>\n<p>Etnyre es conocida desde hace m\u00e1s de un siglo por fabricar productos asf\u00e1lticos de alta calidad. Fundada en 1898, nuestro objetivo desde el principio fue suministrar a la industria de las carreteras asfaltadas los equipos de asfalto m\u00e1s fiables de Estados Unidos. A medida que hemos ido construyendo las mejores herramientas para el sector de la construcci\u00f3n de carreteras de asfalto, nos hemos ganado un nombre por ser los mejores del sector. Por eso, cuando necesites los mejores <a href=\"https:\/\/etnyre.com\/es\/equipos-de-mantenimiento-de-carreteras-rhode-island\/\">equipos de mantenimiento de carreteras<\/a>en Texas, sabes que puedes confiar <a href=\"https:\/\/etnyre.com\/es\/sobre-nosotros\/\">en Etnyre<\/a>.<\/p>\n<div class=\"left-img\"><img loading=\"lazy\" decoding=\"async\" class=\"alignnone\" src=\"https:\/\/etnyre.com\/wp-content\/uploads\/2023\/08\/worker-levelling-fresh-asphalt-on-a-road-construction-site.jpg\" alt=\"Los equipos de mantenimiento del asfalto requieren los mejores equipos de mantenimiento de carreteras en Texas\" width=\"500\" height=\"350\" title=\"\"><\/div>\n<h3>Ll\u00e1menos hoy mismo<\/h3>\n<p><a href=\"https:\/\/etnyre.com\/es\/contactenos\/\">D\u00e9nos una llamada<\/a> hoy para descubrir porqu\u00e9 Etnyre es el equipo del mantenimiento del camino que conf\u00eda en Tejas. Nuestro equipo se tomar\u00e1 el tiempo necesario para ayudarle a abordar todas las cuestiones dif\u00edciles que le permitir\u00e1n ser eficaz en el futuro. Desde el volumen hasta la funcionalidad, nuestro equipo puede ayudarle a tomar todas las decisiones necesarias para garantizar las capacidades futuras de su empresa. Para ventas, llame al <a href=\"tel:8157322116\">815-732-2116<\/a>, o si ya dispone de un equipo cercano, p\u00f3ngase en contacto con nuestro departamento de piezas y servicios en el 888-586-1899. Estamos deseando hablar con usted.<\/p>\n","protected":false},"excerpt":{"rendered":"<p>Los equipos de mantenimiento de carreteras en Texas se pueden obtener de forma fiable con Etnyre Durante generaciones, Etnyre ha ofrecido el equipo de mantenimiento de carreteras en el que Texas conf\u00eda. Nuestros 125 a\u00f1os en el sector nos han permitido liderar la innovaci\u00f3n en el servicio gracias a nuestro compromiso con nuestros clientes. Al &hellip; <a href=\"https:\/\/etnyre.com\/es\/equipos-de-mantenimiento-de-carreteras-texas\/\" class=\"more-link\">Continue reading <span class=\"screen-reader-text\">Equipos de mantenimiento de carreteras Texas<\/span><\/a><\/p>\n","protected":false},"author":1,"featured_media":8529,"parent":0,"menu_order":0,"comment_status":"closed","ping_status":"closed","template":"","meta":{"_acf_changed":false,"footnotes":""},"class_list":["post-11508","page","type-page","status-publish","has-post-thumbnail","hentry"],"acf":[],"_links":{"self":[{"href":"https:\/\/etnyre.com\/es\/wp-json\/wp\/v2\/pages\/11508","targetHints":{"allow":["GET"]}}],"collection":[{"href":"https:\/\/etnyre.com\/es\/wp-json\/wp\/v2\/pages"}],"about":[{"href":"https:\/\/etnyre.com\/es\/wp-json\/wp\/v2\/types\/page"}],"author":[{"embeddable":true,"href":"https:\/\/etnyre.com\/es\/wp-json\/wp\/v2\/users\/1"}],"replies":[{"embeddable":true,"href":"https:\/\/etnyre.com\/es\/wp-json\/wp\/v2\/comments?post=11508"}],"version-history":[{"count":2,"href":"https:\/\/etnyre.com\/es\/wp-json\/wp\/v2\/pages\/11508\/revisions"}],"predecessor-version":[{"id":13919,"href":"https:\/\/etnyre.com\/es\/wp-json\/wp\/v2\/pages\/11508\/revisions\/13919"}],"wp:featuredmedia":[{"embeddable":true,"href":"https:\/\/etnyre.com\/es\/wp-json\/wp\/v2\/media\/8529"}],"wp:attachment":[{"href":"https:\/\/etnyre.com\/es\/wp-json\/wp\/v2\/media?parent=11508"}],"curies":[{"name":"wp","href":"https:\/\/api.w.org\/{rel}","templated":true}]}}