{"id":11509,"date":"2024-04-09T04:17:20","date_gmt":"2024-04-09T04:17:20","guid":{"rendered":"https:\/\/etnyre.com\/remolques-de-fondo-vivo-tennessee\/"},"modified":"2024-04-09T04:17:25","modified_gmt":"2024-04-09T04:17:25","slug":"remolques-de-fondo-vivo-tennessee","status":"publish","type":"page","link":"https:\/\/etnyre.com\/es\/remolques-de-fondo-vivo-tennessee\/","title":{"rendered":"Remolques de fondo vivo Tennessee"},"content":{"rendered":"<h3>Etnyre ofrece remolques de fondo vivo para Tennessee<\/h3>\n<p>A medida que cambian las necesidades de los proyectos de construcci\u00f3n modernos, tambi\u00e9n lo hacen las necesidades de quienes transportan material a esos proyectos de productos. Por eso en Etnyre estamos orgullosos de ofrecer remolques de fondo vivo Falcon a las granjas y empresas de Tennessee. La capacidad de controlar la carga \u00fatil en el momento de la descarga ofrece una ventaja \u00fanica. Creemos que los remolques de fondo vivo son los transportes materiales del futuro.<\/p>\n<h3>Acerca de nuestros remolques de fondo vivo<\/h3>\n<p>A diferencia de los volquetes, que levantan su caja y utilizan la gravedad para descargar los materiales, los remolques con fondo m\u00f3vil utilizan un sistema transportador para cargar y descargar el material c\u00f3modamente. Este proceso permite descargar el material de forma m\u00e1s precisa. Tambi\u00e9n significa que le resultar\u00e1 m\u00e1s f\u00e1cil limpiar entre cargas para asegurarse de que no haya contaminaci\u00f3n cruzada. Los remolques con fondo m\u00f3vil tambi\u00e9n tienen un centro de gravedad m\u00e1s bajo que los volquetes. Este centro de gravedad m\u00e1s bajo reduce en gran medida el riesgo de accidentes por vuelco y de lesiones por encima de la cabeza. Si tenemos en cuenta que podemos aumentar la eficacia y la seguridad, invertir en remolques con fondo m\u00f3vil parece una decisi\u00f3n obvia.<\/p>\n<p>En Etnyre, creemos que los remolques de fondo vivo son la mejor opci\u00f3n. Y los remolques Falcon de fondo vivo que vendemos son la mejor opci\u00f3n. El fiable sistema de transporte de la Falcon minimiza el mantenimiento y los tiempos de inactividad. Nuestras tolvas tienen paredes laterales inclinadas que descargan f\u00e1cilmente y evitan que se formen puentes. Con s\u00f3lo media revoluci\u00f3n de la cinta necesaria para descargar materiales, tendr\u00e1 su carretilla lista para volver a cargar en muy poco tiempo. Y nuestra cinta de 42 pulgadas de ancho elimina los listones y minimiza los puentes de material. Estos remolques tambi\u00e9n vienen con una variedad de puertas traseras y se encuentran entre los m\u00e1s ligeros de la industria. Y le ofrecen flexibilidad y la posibilidad de minimizar el consumo de combustible de una forma que otros competidores no pueden igualar.<\/p>\n<h3>Sobre Etnyre<\/h3>\n<p>Etnyre comenz\u00f3 a fabricar equipos de alta gama como el remolque de fondo vivo en 1898. Nos hemos mantenido constantes, iniciando nuestro negocio de fabricaci\u00f3n con esparcidores de asfalto, esparcidores de gravilla, dep\u00f3sitos de almacenamiento y remolques. Y hoy en d\u00eda, nos hemos forjado una reputaci\u00f3n como empresa l\u00edder en la fabricaci\u00f3n de maquinaria para la construcci\u00f3n de carreteras con un rendimiento y una fiabilidad superiores. Adem\u00e1s, nuestras unidades se fabrican bajo pedido y ofrecemos a nuestros clientes la asistencia que necesitan en todo momento.<\/p>\n<div class=\"left-img\"><img loading=\"lazy\" decoding=\"async\" class=\"alignnone\" src=\"https:\/\/etnyre.com\/wp-content\/uploads\/2023\/07\/Etnyre-Livebottom-013.jpg\" alt=\"Remolques de fondo vivo Tennessee\" width=\"500\" height=\"350\" title=\"\"><\/div>\n<h3>Contacte con nosotros hoy mismo<\/h3>\n<p>Estamos deseando ayudarle a hacer evolucionar su negocio, as\u00ed que p\u00f3ngase en contacto con nosotros hoy mismo en el <a href=\"tel:8157322116\">815-732-2116<\/a>. Perm\u00edtanos mostrarle c\u00f3mo podemos ayudarle a avanzar hacia el futuro con remolques de fondo vivo en Tennessee. Tambi\u00e9n ofrecemos otros productos como esparcidores de gravilla, distribuidores de asfalto, remolques bajos y selladores de grietas, as\u00ed que aseg\u00farese de preguntar si cree que puede necesitarlos.<\/p>\n","protected":false},"excerpt":{"rendered":"<p>Etnyre ofrece remolques de fondo vivo para Tennessee A medida que cambian las necesidades de los proyectos de construcci\u00f3n modernos, tambi\u00e9n lo hacen las necesidades de quienes transportan material a esos proyectos de productos. Por eso en Etnyre estamos orgullosos de ofrecer remolques de fondo vivo Falcon a las granjas y empresas de Tennessee. La &hellip; <a href=\"https:\/\/etnyre.com\/es\/remolques-de-fondo-vivo-tennessee\/\" class=\"more-link\">Continue reading <span class=\"screen-reader-text\">Remolques de fondo vivo Tennessee<\/span><\/a><\/p>\n","protected":false},"author":1,"featured_media":8447,"parent":0,"menu_order":0,"comment_status":"closed","ping_status":"closed","template":"","meta":{"_acf_changed":false,"footnotes":""},"class_list":["post-11509","page","type-page","status-publish","has-post-thumbnail","hentry"],"acf":[],"_links":{"self":[{"href":"https:\/\/etnyre.com\/es\/wp-json\/wp\/v2\/pages\/11509","targetHints":{"allow":["GET"]}}],"collection":[{"href":"https:\/\/etnyre.com\/es\/wp-json\/wp\/v2\/pages"}],"about":[{"href":"https:\/\/etnyre.com\/es\/wp-json\/wp\/v2\/types\/page"}],"author":[{"embeddable":true,"href":"https:\/\/etnyre.com\/es\/wp-json\/wp\/v2\/users\/1"}],"replies":[{"embeddable":true,"href":"https:\/\/etnyre.com\/es\/wp-json\/wp\/v2\/comments?post=11509"}],"version-history":[{"count":1,"href":"https:\/\/etnyre.com\/es\/wp-json\/wp\/v2\/pages\/11509\/revisions"}],"predecessor-version":[{"id":11518,"href":"https:\/\/etnyre.com\/es\/wp-json\/wp\/v2\/pages\/11509\/revisions\/11518"}],"wp:featuredmedia":[{"embeddable":true,"href":"https:\/\/etnyre.com\/es\/wp-json\/wp\/v2\/media\/8447"}],"wp:attachment":[{"href":"https:\/\/etnyre.com\/es\/wp-json\/wp\/v2\/media?parent=11509"}],"curies":[{"name":"wp","href":"https:\/\/api.w.org\/{rel}","templated":true}]}}