{"id":11510,"date":"2024-04-09T04:17:20","date_gmt":"2024-04-09T04:17:20","guid":{"rendered":"https:\/\/etnyre.com\/equipos-de-mantenimiento-de-carreteras-tennessee\/"},"modified":"2025-05-28T06:10:29","modified_gmt":"2025-05-28T06:10:29","slug":"equipos-de-mantenimiento-de-carreteras-tennessee","status":"publish","type":"page","link":"https:\/\/etnyre.com\/es\/equipos-de-mantenimiento-de-carreteras-tennessee\/","title":{"rendered":"Equipos de mantenimiento de carreteras Tennessee"},"content":{"rendered":"<h3>Elige el mejor equipo de mantenimiento de carreteras en Tennessee<\/h3>\n<p>Desde hace 125 a\u00f1os, <a href=\"https:\/\/etnyre.com\/es\/sobre-nosotros\/\">Etnyre<\/a> es la soluci\u00f3n fiable. De hecho, no hay elemento m\u00e1s importante para el \u00e9xito de nuestra carretera que la fiabilidad. Por eso, si busca equipos de mantenimiento de carreteras en Tennessee, querr\u00e1 un proveedor que le ofrezca equipos consistentes, fiables y eficientes. Afortunadamente para la gente de Tennessee y para los equipos que mantienen las carreteras rindiendo al m\u00e1ximo, Etnyre lleva 125 a\u00f1os innovando e ingeniando equipos de primera l\u00ednea. Nuestro equipo se esfuerza cada d\u00eda por garantizar que nuestro legado de la \u00abcarretera de Etnyre\u00bb signifique un legado que perdure.<\/p>\n<h3>Estamos comprometidos con sus necesidades<\/h3>\n<p>En Etnyre, construimos cada unidad bajo pedido para poder ayudar a nuestros clientes a encontrar la que mejor se adapte a sus necesidades. Nuestro equipo tambi\u00e9n se esfuerza por ofrecer el tipo de asistencia incomparable que le har\u00e1 saber que ha tomado la decisi\u00f3n correcta. Tanto si est\u00e1s haciendo la <a href=\"https:\/\/etnyre.com\/es\/equipos-de-revestimiento-tennessee\/\">selecci\u00f3n de tu equipo como si buscas recambios y servicios<\/a>, nuestro equipo se tomar\u00e1 el tiempo necesario para guiarte a trav\u00e9s de todas tus opciones y ayudarte a encontrar la que mejor se adapte a ti y a tu equipo. Tom\u00e1ndonos el tiempo necesario para ayudarle, hemos podido informar a nuestra ingenier\u00eda durante generaciones. La relaci\u00f3n con nuestros clientes es primordial porque sabemos que es la \u00fanica manera de saber qu\u00e9 innovaciones debemos introducir en nuestros equipos para servirles mejor.<\/p>\n<p>Adem\u00e1s, Etnyre dispone de productos para todas las fases de la construcci\u00f3n y el mantenimiento de carreteras. Tanto si necesita remolques para el transporte como equipos para el mantenimiento y la construcci\u00f3n de carreteras, nuestro equipo tiene todo lo que busca. Y como sabemos que ninguna cuadrilla tiene las mismas necesidades, ofrecemos opciones que le permiten maximizar la eficiencia y eficacia de sus cuadrillas. Desde las opciones de <a href=\"https:\/\/etnyre.com\/es\/remolques-de-asfalto\/\">remolque<\/a>, como <a href=\"https:\/\/etnyre.com\/lowboy-trailers\/\">el remolque bajo<\/a> o el remolque <a href=\"https:\/\/etnyre.com\/live-bottom-trailers\/\">inferior<\/a>, hasta nuestros <a href=\"https:\/\/etnyre.com\/es\/mejor-equipo-de-asfaltado\/\">esparcidores de gravilla<\/a> personalizables, <a href=\"https:\/\/etnyre.com\/asphalt-equipment\">distribuidores de asfalto<\/a>, <a href=\"https:\/\/etnyre.com\/es\/selladores-de-grietas\/\">selladores de grietas<\/a> y mucho m\u00e1s, estamos preparados para conseguirle el equipo perfecto para sus necesidades.<\/p>\n<h3>Fiable desde el principio<\/h3>\n<p>Fundada en 1898, <a href=\"https:\/\/etnyre.com\/es\/sobre-nosotros\/\">Etnyre<\/a> se construy\u00f3 para durar, junto a los primeros d\u00edas de la industria de las carreteras asfaltadas. En la actualidad, fabricamos una amplia gama de equipos de asfalto que siguen marcando la pauta en cuanto a fiabilidad. Nos enorgullece decir que desde nuestros comienzos nos hemos forjado un nombre como empresa l\u00edder en el sector de la construcci\u00f3n de carreteras de asfalto. Por eso sabemos que puede confiar en que ofrecemos los mejores equipos de asfalto de Tennessee.<\/p>\n<div class=\"left-img\"><img loading=\"lazy\" decoding=\"async\" class=\"alignnone\" src=\"https:\/\/etnyre.com\/wp-content\/uploads\/2023\/08\/the-working-team-smoothes-hot-asphalt-with-shovels-by-hand-when-repairing-the-road.jpg\" alt=\"Los trabajadores del asfalto necesitan el mejor equipo de mantenimiento de carreteras en Tennessee, por lo que necesitan Etnyre\" width=\"500\" height=\"350\" title=\"\"><\/div>\n<h3>Contacte con nosotros hoy mismo<\/h3>\n<p>Ll\u00e1menos hoy mismo para saber c\u00f3mo podemos ayudarle a encontrar el equipo de mantenimiento de carreteras perfecto en Tennessee. Puede llamar a nuestro equipo de ventas al <a href=\"tel:8157322116\">815-732-2116<\/a> o enviarles un correo electr\u00f3nico a <a href=\"mailto:sales@etnyre.com\">sales@etnyre.com.<\/a> Si ya tienes equipo y buscas piezas y servicio, puedes ponerte en contacto con nuestro equipo llamando al <a href=\"tel:8885861899\">888-586-1899<\/a>. Nuestro equipo est\u00e1 deseando ayudarle a conseguir el equipo perfecto. Y si le preocupan los costes iniciales, ofrecemos financiaci\u00f3n a quienes cumplan los requisitos. P\u00f3ngase en contacto con nosotros para obtener la mejor calidad.<\/p>\n","protected":false},"excerpt":{"rendered":"<p>Elige el mejor equipo de mantenimiento de carreteras en Tennessee Desde hace 125 a\u00f1os, Etnyre es la soluci\u00f3n fiable. De hecho, no hay elemento m\u00e1s importante para el \u00e9xito de nuestra carretera que la fiabilidad. Por eso, si busca equipos de mantenimiento de carreteras en Tennessee, querr\u00e1 un proveedor que le ofrezca equipos consistentes, fiables &hellip; <a href=\"https:\/\/etnyre.com\/es\/equipos-de-mantenimiento-de-carreteras-tennessee\/\" class=\"more-link\">Continue reading <span class=\"screen-reader-text\">Equipos de mantenimiento de carreteras Tennessee<\/span><\/a><\/p>\n","protected":false},"author":1,"featured_media":8523,"parent":0,"menu_order":0,"comment_status":"closed","ping_status":"closed","template":"","meta":{"_acf_changed":false,"footnotes":""},"class_list":["post-11510","page","type-page","status-publish","has-post-thumbnail","hentry"],"acf":[],"_links":{"self":[{"href":"https:\/\/etnyre.com\/es\/wp-json\/wp\/v2\/pages\/11510","targetHints":{"allow":["GET"]}}],"collection":[{"href":"https:\/\/etnyre.com\/es\/wp-json\/wp\/v2\/pages"}],"about":[{"href":"https:\/\/etnyre.com\/es\/wp-json\/wp\/v2\/types\/page"}],"author":[{"embeddable":true,"href":"https:\/\/etnyre.com\/es\/wp-json\/wp\/v2\/users\/1"}],"replies":[{"embeddable":true,"href":"https:\/\/etnyre.com\/es\/wp-json\/wp\/v2\/comments?post=11510"}],"version-history":[{"count":2,"href":"https:\/\/etnyre.com\/es\/wp-json\/wp\/v2\/pages\/11510\/revisions"}],"predecessor-version":[{"id":14244,"href":"https:\/\/etnyre.com\/es\/wp-json\/wp\/v2\/pages\/11510\/revisions\/14244"}],"wp:featuredmedia":[{"embeddable":true,"href":"https:\/\/etnyre.com\/es\/wp-json\/wp\/v2\/media\/8523"}],"wp:attachment":[{"href":"https:\/\/etnyre.com\/es\/wp-json\/wp\/v2\/media?parent=11510"}],"curies":[{"name":"wp","href":"https:\/\/api.w.org\/{rel}","templated":true}]}}