{"id":11511,"date":"2024-04-09T04:17:21","date_gmt":"2024-04-09T04:17:21","guid":{"rendered":"https:\/\/etnyre.com\/remolques-bajos-illinois\/"},"modified":"2024-04-09T04:17:30","modified_gmt":"2024-04-09T04:17:30","slug":"remolques-bajos-illinois","status":"publish","type":"page","link":"https:\/\/etnyre.com\/es\/remolques-bajos-illinois\/","title":{"rendered":"Remolques bajos Illinois"},"content":{"rendered":"<h3>Etnyre fabrica remolques bajos en los que Illinois puede confiar<\/h3>\n<p>Cuando busca remolques bajos en Illinois, sin duda busca fiabilidad. El centro de gravedad m\u00e1s bajo y la estabilidad a\u00f1adida de un remolque bajo pueden ofrecer el transporte \u00f3ptimo para sus cargas \u00fanicas. Ese mismo centro de gravedad m\u00e1s bajo tambi\u00e9n permite a nuestros remolques bajos soportar una mayor capacidad de peso que otros remolques. Y nuestra capacidad para adaptarnos a las necesidades de nuestros clientes significa que siempre obtendr\u00e1 el remolque exacto que necesita. Por eso debe confiar en el nombre <a href=\"https:\/\/etnyreinternational.com\/about-us\/\" rel=\"nofollow noopener\" target=\"_blank\">Etnyre<\/a>.<\/p>\n<h3>Qu\u00e9 ofrecen los Lowboys<\/h3>\n<p>Los <a href=\"https:\/\/etnyre.com\/lowboy-trailers-texas\/\">remolques de plataforma baja<\/a> son el est\u00e1ndar para las industrias del transporte de mercanc\u00edas y la construcci\u00f3n, que necesitan fiabilidad para sus transportes. Como su nombre indica, los remolques bajos se asientan a poca altura. Esto reduce el centro de gravedad de cada carga que transporta. Estos remolques le permiten transportar mercanc\u00edas m\u00e1s pesadas de forma segura y le permiten sortear los problemas de espacio libre para cargas altas. Sin embargo, contar con el remolque adecuado es esencial para sus transportes.<\/p>\n<p>Los <a href=\"https:\/\/etnyre.com\/lowboy-trailers\/\">remolques bajos Blackhawk<\/a> de Etnyre le permiten remolcar su equipo con facilidad. Disponemos de una gran variedad de tama\u00f1os y tapas, que proporcionan las opciones adecuadas sean cuales sean sus necesidades. Nuestros lowboys ofrecen caracter\u00edsticas tales como cuellos de cisne hidr\u00e1ulicos y ejes extendidos entre otras caracter\u00edsticas, lo que le permite aumentar la versatilidad del remolque. Por ejemplo, un remolque de cuello de cisne desmontable mec\u00e1nicamente puede desconectarse para ahorrar combustible en trayectos largos, mientras que un jeep dolly es una plataforma baja m\u00e1s corta que cumple la normativa de puentes del Departamento de Transportes. Desde remolques hidr\u00e1ulicos de cuello de cisne desmontables y especiales para adoquines hasta un remolque de dise\u00f1o especial, podemos satisfacer todas sus necesidades.<\/p>\n<h3>Sobre Etnyre<\/h3>\n<p>Etnyre <a href=\"https:\/\/etnyreinternational.com\/our-history\/\" rel=\"nofollow noopener\" target=\"_blank\">lleva 125 a\u00f1os<\/a> innovando en el sector de las carreteras. Nuestra ingenier\u00eda centrada en el usuario garantiza a sus equipos la facilidad de manejo, lo que les permite un uso eficiente y eficaz de su tiempo. Con todos nuestros a\u00f1os en el sector, podemos ayudarle a navegar por todas las opciones disponibles. Nuestra amplia variedad de ofertas de productos le permite saber que siempre podr\u00e1 conseguir lo que necesita. Y nuestro enfoque centrado en el cliente significa que siempre sabr\u00e1 que tiene a alguien a su lado para guiarle a lo largo del proceso.<\/p>\n<div class=\"left-img\"><img loading=\"lazy\" decoding=\"async\" class=\"alignnone\" src=\"https:\/\/etnyre.com\/wp-content\/uploads\/2023\/07\/powerfu.jpg\" alt=\"Los remolques bajos de Illinois facilitan el transporte de equipos de gran tama\u00f1o\" width=\"500\" height=\"350\" title=\"\"><\/div>\n<h3>Contacte con nosotros hoy mismo<\/h3>\n<p>P\u00f3ngase en contacto con nuestro equipo en <a href=\"https:\/\/etnyreinternational.com\/about-us\/\" rel=\"nofollow noopener\" target=\"_blank\">Etnyre<\/a> hoy para discutir c\u00f3mo nuestros remolques lowboy en Illinois pueden ayudarle a mantener sus transportes seguros y en movimiento por la carretera. Recuerde, estamos aqu\u00ed para ayudarle a conseguir el ajuste perfecto para sus necesidades. Aseg\u00farese de hacernos saber exactamente lo que va a transportar para que podamos prepararle como s\u00f3lo Etnyre puede hacerlo. Ll\u00e1menos hoy mismo al <a href=\"tel:8157322116\">815-732-2116<\/a> para obtener m\u00e1s informaci\u00f3n.<\/p>\n","protected":false},"excerpt":{"rendered":"<p>Etnyre fabrica remolques bajos en los que Illinois puede confiar Cuando busca remolques bajos en Illinois, sin duda busca fiabilidad. El centro de gravedad m\u00e1s bajo y la estabilidad a\u00f1adida de un remolque bajo pueden ofrecer el transporte \u00f3ptimo para sus cargas \u00fanicas. Ese mismo centro de gravedad m\u00e1s bajo tambi\u00e9n permite a nuestros remolques &hellip; <a href=\"https:\/\/etnyre.com\/es\/remolques-bajos-illinois\/\" class=\"more-link\">Continue reading <span class=\"screen-reader-text\">Remolques bajos Illinois<\/span><\/a><\/p>\n","protected":false},"author":1,"featured_media":8495,"parent":0,"menu_order":0,"comment_status":"closed","ping_status":"closed","template":"","meta":{"_acf_changed":false,"footnotes":""},"class_list":["post-11511","page","type-page","status-publish","has-post-thumbnail","hentry"],"acf":[],"_links":{"self":[{"href":"https:\/\/etnyre.com\/es\/wp-json\/wp\/v2\/pages\/11511","targetHints":{"allow":["GET"]}}],"collection":[{"href":"https:\/\/etnyre.com\/es\/wp-json\/wp\/v2\/pages"}],"about":[{"href":"https:\/\/etnyre.com\/es\/wp-json\/wp\/v2\/types\/page"}],"author":[{"embeddable":true,"href":"https:\/\/etnyre.com\/es\/wp-json\/wp\/v2\/users\/1"}],"replies":[{"embeddable":true,"href":"https:\/\/etnyre.com\/es\/wp-json\/wp\/v2\/comments?post=11511"}],"version-history":[{"count":1,"href":"https:\/\/etnyre.com\/es\/wp-json\/wp\/v2\/pages\/11511\/revisions"}],"predecessor-version":[{"id":11536,"href":"https:\/\/etnyre.com\/es\/wp-json\/wp\/v2\/pages\/11511\/revisions\/11536"}],"wp:featuredmedia":[{"embeddable":true,"href":"https:\/\/etnyre.com\/es\/wp-json\/wp\/v2\/media\/8495"}],"wp:attachment":[{"href":"https:\/\/etnyre.com\/es\/wp-json\/wp\/v2\/media?parent=11511"}],"curies":[{"name":"wp","href":"https:\/\/api.w.org\/{rel}","templated":true}]}}