{"id":11516,"date":"2024-04-09T04:17:25","date_gmt":"2024-04-09T04:17:25","guid":{"rendered":"https:\/\/etnyre.com\/distribuidores-de-asfalto-de-tennessee\/"},"modified":"2025-07-16T09:25:45","modified_gmt":"2025-07-16T09:25:45","slug":"distribuidores-de-asfalto-de-tennessee","status":"publish","type":"page","link":"https:\/\/etnyre.com\/es\/distribuidores-de-asfalto-de-tennessee\/","title":{"rendered":"Distribuidores de asfalto de Tennessee"},"content":{"rendered":"<h3>Etnyre&#8217;s fabrica los distribuidores de asfalto que Tennessee necesita<\/h3>\n<p>Cuando se cuenta con la mejor tripulaci\u00f3n, lo l\u00f3gico es tener el mejor equipo. Es por eso que usted debe ir a <a href=\"https:\/\/etnyreinternational.com\/about-us\/\" rel=\"nofollow noopener\" target=\"_blank\">Etnyre<\/a> para distribuidores de asfalto en Tennessee. Nuestros distribuidores de asfalto <a href=\"https:\/\/etnyre.com\/es\/distribuidores-de-asfalto\/\">Black-Topper<\/a> tienen un dise\u00f1o \u00fanico. Nuestros distribuidores de asfalto funcionan en dos ubicaciones. Y los tama\u00f1os de dep\u00f3sito personalizados -entre 1.000 y 4.500 galones- le permiten obtener justo lo que necesita. La precisi\u00f3n y el rendimiento de nuestros productos nos sit\u00faan a la cabeza de la competencia.<\/p>\n<h3>\u00bfPor qu\u00e9 asfalto?<\/h3>\n<p>El asfalto tiene muchas caracter\u00edsticas que lo hacen preferible a la hora de pavimentar una calzada. La alta resistencia al deslizamiento del asfalto hace que estas carreteras sean m\u00e1s seguras, especialmente cuando se utiliza junto con un proceso est\u00e1ndar de pavimentaci\u00f3n con sellado de virutas. Las marcas viales son m\u00e1s f\u00e1ciles de ver en el asfalto, lo que hace que la conducci\u00f3n con mal tiempo sea mucho m\u00e1s llevadera. Y aunque el asfalto es r\u00e1pido de aplicar y r\u00e1pido de secar, es altamente reciclable, por lo que se puede reutilizar el mismo material.<\/p>\n<p>Nuestro flujo de asfalto de doble alimentaci\u00f3n proporciona una aplicaci\u00f3n equilibrada. Y nuestros <a href=\"https:\/\/etnyre.com\/wp-content\/uploads\/2023\/05\/L-101-24.pdf\">distribuidores de asfalto<\/a> proporcionan precisi\u00f3n con nuestra barra de pulverizaci\u00f3n circulante de 12 pies. Gracias a nuestros materiales duraderos y resistentes, las superficies que cubra podr\u00e1n soportar incluso el tr\u00e1fico pesado, as\u00ed como las inclemencias del tiempo y los productos qu\u00edmicos. Cuando necesite el mejor distribuidor de asfalto, conf\u00ede en el nombre de <a href=\"https:\/\/etnyreinternational.com\/about-us\/\" rel=\"nofollow noopener\" target=\"_blank\">Etnyre<\/a>.<\/p>\n<h3>La diferencia Etnyre<\/h3>\n<p>Etnyre fabrica una amplia gama de equipos, desde esparcidores de <a href=\"https:\/\/etnyre.com\/es\/distribuidores-de-asfalto\/\">asfalto<\/a> hasta <a href=\"https:\/\/etnyre.com\/es\/esparcidores-de-chips\/\">esparcidores de gravilla<\/a>. Y lo que es m\u00e1s, hemos establecido el est\u00e1ndar de fiabilidad desde 1898. Construimos cada unidad por encargo y ofrecemos una atenci\u00f3n al cliente inigualable. Llevamos m\u00e1s de <a href=\"https:\/\/etnyreinternational.com\/our-history\/\" rel=\"nofollow noopener\" target=\"_blank\">100 a\u00f1os<\/a> liderando la industria de la construcci\u00f3n de carreteras de asfalto.<\/p>\n<div class=\"left-img\"><img loading=\"lazy\" decoding=\"async\" class=\"alignnone\" src=\"https:\/\/etnyre.com\/wp-content\/uploads\/2023\/07\/a-roller-compacting-asphalt-on-a-road.jpg\" alt=\"Los distribuidores de asfalto Tennessee est\u00e1n dise\u00f1ados para proporcionar acabados r\u00e1pidos a cualquier carretera.\" width=\"500\" height=\"350\" title=\"\"><\/div>\n<h3>Contacte con nosotros hoy mismo<\/h3>\n<p>Para obtener m\u00e1s informaci\u00f3n sobre nuestra l\u00ednea de distribuidores de asfalto en Tennessee, ll\u00e1menos hoy mismo. Ll\u00e1menos al <a href=\"tel:8157322116\">815-732-2116<\/a> para conocer nuestra marca y saber qu\u00e9 nos convierte en los mejores.<\/p>\n","protected":false},"excerpt":{"rendered":"<p>Etnyre&#8217;s fabrica los distribuidores de asfalto que Tennessee necesita Cuando se cuenta con la mejor tripulaci\u00f3n, lo l\u00f3gico es tener el mejor equipo. Es por eso que usted debe ir a Etnyre para distribuidores de asfalto en Tennessee. Nuestros distribuidores de asfalto Black-Topper tienen un dise\u00f1o \u00fanico. Nuestros distribuidores de asfalto funcionan en dos ubicaciones. &hellip; <a href=\"https:\/\/etnyre.com\/es\/distribuidores-de-asfalto-de-tennessee\/\" class=\"more-link\">Continue reading <span class=\"screen-reader-text\">Distribuidores de asfalto de Tennessee<\/span><\/a><\/p>\n","protected":false},"author":1,"featured_media":8467,"parent":0,"menu_order":0,"comment_status":"closed","ping_status":"closed","template":"","meta":{"_acf_changed":false,"footnotes":""},"class_list":["post-11516","page","type-page","status-publish","has-post-thumbnail","hentry"],"acf":[],"_links":{"self":[{"href":"https:\/\/etnyre.com\/es\/wp-json\/wp\/v2\/pages\/11516","targetHints":{"allow":["GET"]}}],"collection":[{"href":"https:\/\/etnyre.com\/es\/wp-json\/wp\/v2\/pages"}],"about":[{"href":"https:\/\/etnyre.com\/es\/wp-json\/wp\/v2\/types\/page"}],"author":[{"embeddable":true,"href":"https:\/\/etnyre.com\/es\/wp-json\/wp\/v2\/users\/1"}],"replies":[{"embeddable":true,"href":"https:\/\/etnyre.com\/es\/wp-json\/wp\/v2\/comments?post=11516"}],"version-history":[{"count":1,"href":"https:\/\/etnyre.com\/es\/wp-json\/wp\/v2\/pages\/11516\/revisions"}],"predecessor-version":[{"id":14434,"href":"https:\/\/etnyre.com\/es\/wp-json\/wp\/v2\/pages\/11516\/revisions\/14434"}],"wp:featuredmedia":[{"embeddable":true,"href":"https:\/\/etnyre.com\/es\/wp-json\/wp\/v2\/media\/8467"}],"wp:attachment":[{"href":"https:\/\/etnyre.com\/es\/wp-json\/wp\/v2\/media?parent=11516"}],"curies":[{"name":"wp","href":"https:\/\/api.w.org\/{rel}","templated":true}]}}