{"id":11520,"date":"2024-04-09T04:17:26","date_gmt":"2024-04-09T04:17:26","guid":{"rendered":"https:\/\/etnyre.com\/maquinaria-de-sellado-de-lodos\/"},"modified":"2025-05-28T06:11:52","modified_gmt":"2025-05-28T06:11:52","slug":"maquinaria-de-sellado-de-lodos","status":"publish","type":"page","link":"https:\/\/etnyre.com\/es\/maquinaria-de-sellado-de-lodos\/","title":{"rendered":"Maquinaria de sellado de lodos"},"content":{"rendered":"<h3>Busque maquinaria de sellado de lechada para un revestimiento superior del asfalto<\/h3>\n<p>Los contratistas pueden proporcionar servicios de repavimentaci\u00f3n de asfalto para sus lotes de asfalto y calzadas cuando las reparaciones menores no son suficientes, pero la sustituci\u00f3n completa no es necesaria. Y si desea ofrecer el mejor tratamiento de reasfaltado de su zona, considere la posibilidad de invertir en equipos de <a href=\"https:\/\/etnyre.com\/es\/sellado-de-lechada-asfaltica\/\">sellado de lechada<\/a>. El sellado con lechada es el \u00faltimo m\u00e9todo de repavimentaci\u00f3n que ha demostrado ser superior al resto de repavimentaciones asf\u00e1lticas. Llame hoy mismo a E.D. Etnyre &amp; Co. para obtener m\u00e1s informaci\u00f3n sobre el sellado de lodos y las m\u00e1quinas que requiere.<\/p>\n<h3>\u00bfQu\u00e9 es el sellado de lechada?<\/h3>\n<p>El sellado de lechada es una de las \u00faltimas opciones de reasfaltado para pavimentos viejos, agrietados y deteriorados. El sellado de lechada es una mezcla bituminosa que permite una mayor flexibilidad y versatilidad cuando se aplica al pavimento. En comparaci\u00f3n con otras t\u00e9cnicas de reasfaltado, el sellado con lechada ha demostrado ser m\u00e1s eficaz y duradero, entre otras ventajas.<\/p>\n<ul>\n<li><strong>Aumenta la longevidad<\/strong>\n<ul>\n<li>Al igual que otros m\u00e9todos de repavimentaci\u00f3n, el sellado con lechada ayuda a proteger el pavimento y a prolongar la vida \u00fatil del asfalto. El sellado con lechada proporciona a las superficies del pavimento una capa protectora que rellena las grietas, vuelve a unir el pavimento que se separa, etc.<\/li>\n<\/ul>\n<\/li>\n<li><strong>Corrige los problemas del asfalto<\/strong>\n<ul>\n<li>Adem\u00e1s de rellenar grietas y volver a unir el pavimento, el tratamiento de sellado con lechada se utiliza para corregir una variedad de problemas potenciales de su asfalto. Por ejemplo, los sellados de lechada ayudan a eliminar el mal estado existente, corregir el raspado, contrarrestar la p\u00e9rdida de matriz, aumentar la permeabilidad al agua y al aire, incrementar la fricci\u00f3n de la superficie y evitar un mayor deterioro del asfalto.<\/li>\n<\/ul>\n<\/li>\n<li><strong>Rentable y respetuoso con el medio ambiente<\/strong>\n<ul>\n<li>El sellado con lechada no s\u00f3lo es una opci\u00f3n m\u00e1s rentable que otros m\u00e9todos de tratamiento, sino que adem\u00e1s es una soluci\u00f3n ecol\u00f3gica. Las mezclas de sellado de lodos incorporan caucho triturado, reciclado de neum\u00e1ticos usados y otros productos de caucho. As\u00ed, se reducen los costes de material y se reutiliza el caucho usado.<\/li>\n<\/ul>\n<\/li>\n<li><strong>Aumenta el atractivo de la acera y la seguridad vial<\/strong>\n<ul>\n<li>Sobre todo, un sellado de lechada renueva el aspecto de su asfalto y mejora sus propiedades de seguridad. Los sellados de lechada \u00abrefrescan\u00bb el asfalto viejo y deteriorado. Adem\u00e1s, la mezcla de sellado de lechada ayuda a crear superficies de calzada resistentes al deslizamiento.<\/li>\n<\/ul>\n<\/li>\n<\/ul>\n<h3>El mejor equipo para el trabajo<\/h3>\n<p>Etnyre se enorgullece de dise\u00f1ar y fabricar la mejor maquinaria de sellado de lechada de la industria del asfalto. Llevamos a\u00f1os siendo el fabricante l\u00edder de <a href=\"https:\/\/etnyre.com\/es\/selladoras-de-lodos\/\">m\u00e1quinas de sellado de lodos<\/a> en todo Estados Unidos. Nuestros <a href=\"https:\/\/etnyre.com\/es\/roadsaver\/\">RoadSavers <\/a>prestan los mejores servicios de sellado y micropavimentaci\u00f3n, representando la calidad y fiabilidad por las que son conocidos los productos Etnyre. Algunas de las mejores caracter\u00edsticas del RoadSaver son:<\/p>\n<ul class=\"col-2\">\n<li>Sistema de filtrado de la bomba de emulsi\u00f3n<\/li>\n<li>Accionamientos hidr\u00e1ulicos dobles para un par equilibrado<\/li>\n<li>Sensores electr\u00f3nicos y pantallas de \u00faltima generaci\u00f3n que proporcionan informaci\u00f3n del sistema en tiempo real<\/li>\n<li>Sistema de aditivos secos accionado hidr\u00e1ulicamente<\/li>\n<li>Centro de control del operador central<\/li>\n<li>Motor PACCAR para camiones con mayor par a bajas revoluciones<\/li>\n<li>Dise\u00f1o REPTO con funci\u00f3n de cambio en caliente, que incluye elementos de seguridad espec\u00edficos<\/li>\n<li>100% Made in USA<\/li>\n<\/ul>\n<div class=\"left-img\"><img loading=\"lazy\" decoding=\"async\" class=\"alignnone\" src=\"https:\/\/etnyre.com\/wp-content\/uploads\/2024\/03\/Slurry-Seal-Equipment-seo-500x350.jpg\" alt=\"The Road Saver, l\u00edder en equipos de sellado de purines de RES\" width=\"500\" height=\"350\" title=\"\"><\/div>\n<h3>Llama hoy<\/h3>\n<p>Si su empresa est\u00e1 interesada en ofrecer un servicio superior de repavimentaci\u00f3n asf\u00e1ltica, invierta en la mejor maquinaria de sellado de lechada. P\u00f3ngase en contacto hoy mismo con los expertos en asfalto de E.D. Etnyre &amp; Co. Ll\u00e1menos al <a href=\"tel:8157322116\">815-732-2116<\/a> para obtener m\u00e1s informaci\u00f3n sobre nuestros productos de asfalto o solicitar un presupuesto. Atendemos a clientes en Arizona, Tennessee, Texas, Illinois y en todo Estados Unidos.<\/p>\n","protected":false},"excerpt":{"rendered":"<p>Busque maquinaria de sellado de lechada para un revestimiento superior del asfalto Los contratistas pueden proporcionar servicios de repavimentaci\u00f3n de asfalto para sus lotes de asfalto y calzadas cuando las reparaciones menores no son suficientes, pero la sustituci\u00f3n completa no es necesaria. Y si desea ofrecer el mejor tratamiento de reasfaltado de su zona, considere &hellip; <a href=\"https:\/\/etnyre.com\/es\/maquinaria-de-sellado-de-lodos\/\" class=\"more-link\">Continue reading <span class=\"screen-reader-text\">Maquinaria de sellado de lodos<\/span><\/a><\/p>\n","protected":false},"author":1,"featured_media":10657,"parent":0,"menu_order":0,"comment_status":"closed","ping_status":"closed","template":"","meta":{"_acf_changed":false,"footnotes":""},"class_list":["post-11520","page","type-page","status-publish","has-post-thumbnail","hentry"],"acf":[],"_links":{"self":[{"href":"https:\/\/etnyre.com\/es\/wp-json\/wp\/v2\/pages\/11520","targetHints":{"allow":["GET"]}}],"collection":[{"href":"https:\/\/etnyre.com\/es\/wp-json\/wp\/v2\/pages"}],"about":[{"href":"https:\/\/etnyre.com\/es\/wp-json\/wp\/v2\/types\/page"}],"author":[{"embeddable":true,"href":"https:\/\/etnyre.com\/es\/wp-json\/wp\/v2\/users\/1"}],"replies":[{"embeddable":true,"href":"https:\/\/etnyre.com\/es\/wp-json\/wp\/v2\/comments?post=11520"}],"version-history":[{"count":1,"href":"https:\/\/etnyre.com\/es\/wp-json\/wp\/v2\/pages\/11520\/revisions"}],"predecessor-version":[{"id":14302,"href":"https:\/\/etnyre.com\/es\/wp-json\/wp\/v2\/pages\/11520\/revisions\/14302"}],"wp:featuredmedia":[{"embeddable":true,"href":"https:\/\/etnyre.com\/es\/wp-json\/wp\/v2\/media\/10657"}],"wp:attachment":[{"href":"https:\/\/etnyre.com\/es\/wp-json\/wp\/v2\/media?parent=11520"}],"curies":[{"name":"wp","href":"https:\/\/api.w.org\/{rel}","templated":true}]}}