{"id":11521,"date":"2024-04-09T04:17:26","date_gmt":"2024-04-09T04:17:26","guid":{"rendered":"https:\/\/etnyre.com\/los-mejores-buggies-de-sellado\/"},"modified":"2025-05-28T06:11:06","modified_gmt":"2025-05-28T06:11:06","slug":"los-mejores-buggies-de-sellado","status":"publish","type":"page","link":"https:\/\/etnyre.com\/es\/los-mejores-buggies-de-sellado\/","title":{"rendered":"Los mejores buggies de sellado"},"content":{"rendered":"<h3>Encuentre los mejores Buggies de Sellado de Etnyre<\/h3>\n<p>Hay una raz\u00f3n por la que E.D. Etnyre &amp; Co. es conocida por tener los mejores carros de <a href=\"https:\/\/etnyre.com\/es\/equipos-de-revestimiento-de-asfalto\/\">sellado de<\/a> los Estados Unidos. Etnyre se ha centrado durante mucho tiempo en fabricar los mejores equipos para los contratistas de asfalto. Y es un legado que nuestra empresa ha incorporado a su n\u00facleo. La l\u00ednea de buggies <a href=\"https:\/\/etnyre.com\/es\/pavementsaver\/\">PavementSaver<\/a> de Etnyre le proporciona servicios r\u00e1pidos y eficaces de reparaci\u00f3n y mantenimiento del asfalto. Estos buggies est\u00e1n dise\u00f1ados para superar a la competencia en todo momento.<\/p>\n<h3>La diferencia de Etnyre PavementSaver<\/h3>\n<p>PavementSaver es un buggy de <a href=\"https:\/\/etnyre.com\/es\/venta-de-equipos-de-revestimiento-de-asfalto\/\">sellado<\/a> perfecto si suele realizar trabajos peque\u00f1os y precisos. Lo bueno de estos equipos es que son compactos, con una notable capacidad para la capa de sellado. Tambi\u00e9n es f\u00e1cil de usar para cualquier operador. Lo mejor de todo es que el Etnyre PavementSaver supera siempre a otros selladores similares. Capaz de realizar aplicaciones tanto con rasqueta como con pulverizador, es un gran complemento para su negocio.<\/p>\n<p>Adem\u00e1s de ser un equipo resistente y de alta gama, el control de joystick y el panel de control del operador del PavementSaver hacen que su equipo lo utilice con facilidad. Su motor turbodi\u00e9sel de 42 caballos de potencia permite a su equipo trabajar incluso en condiciones extremas, como a gran altitud e incluso con pendientes del 15 por ciento. Con su r\u00e1pida velocidad y su tracci\u00f3n a las tres ruedas, la PavementSaver ofrece un ritmo y un control incre\u00edbles que se hacen notar. Vale la pena conocer el nombre PavementSaver cuando busque los mejores buggies de sellado para su negocio.<\/p>\n<h3>Sobre Etnyre<\/h3>\n<p>Adem\u00e1s de la l\u00ednea PavementSaver, Etnyre fabrica numerosos tipos de <a href=\"https:\/\/etnyre.com\/es\/equipos-de-mantenimiento-de-carreteras\/\">equipos de mantenimiento de pavimentos asf\u00e1lticos<\/a> de alta gama en los que los contratistas han llegado a confiar. Prometemos que nuestros equipos son resistentes porque utilizamos componentes de alta gama y acero T1 ultraduradero y de alta resistencia a la tracci\u00f3n para nuestras fabricaciones, lo que garantiza una larga vida \u00fatil con poco mantenimiento. Nuestros equipos est\u00e1n dise\u00f1ados para mantener la productividad de sus equipos. Si usted est\u00e1 buscando la <a href=\"https:\/\/etnyre.com\/es\/maquinas-de-revestimiento\/\">capa del sello<\/a>, el sello de <a href=\"https:\/\/etnyre.com\/what-are-slurry-and-cape-seals\">la mezcla<\/a>, o las m\u00e1quinas micro que emergen, Etnyre tiene su equipo cubierto.<\/p>\n<div class=\"left-img\"><img loading=\"lazy\" decoding=\"async\" class=\"alignnone\" src=\"https:\/\/etnyre.com\/wp-content\/uploads\/2024\/03\/20150604_155250.jpeg\" alt=\"El PavementSaver es uno de los Mejores Buggies de Sellado de Estados Unidos\" width=\"500\" height=\"350\" title=\"\"><\/div>\n<h3>Contacte con nosotros hoy mismo<\/h3>\n<p>\u00bfEst\u00e1 listo para comprar los mejores buggies sealcoating en el negocio? P\u00f3ngase en <a href=\"https:\/\/etnyre.com\/es\/contactenos\/\">contacto<\/a> con E.D. Etnyre &amp; Co. hoy.  Estamos orgullosos de atender a clientes de Arizona, Tennessee, Texas, Illinois y de todo Estados Unidos. Ll\u00e1menos hoy mismo al <a href=\"tel:8157322116\">815-732-2116<\/a> para obtener m\u00e1s informaci\u00f3n sobre el PavementSaver y nuestros productos de mantenimiento de carreteras.<\/p>\n","protected":false},"excerpt":{"rendered":"<p>Encuentre los mejores Buggies de Sellado de Etnyre Hay una raz\u00f3n por la que E.D. Etnyre &amp; Co. es conocida por tener los mejores carros de sellado de los Estados Unidos. Etnyre se ha centrado durante mucho tiempo en fabricar los mejores equipos para los contratistas de asfalto. Y es un legado que nuestra empresa &hellip; <a href=\"https:\/\/etnyre.com\/es\/los-mejores-buggies-de-sellado\/\" class=\"more-link\">Continue reading <span class=\"screen-reader-text\">Los mejores buggies de sellado<\/span><\/a><\/p>\n","protected":false},"author":1,"featured_media":10733,"parent":0,"menu_order":0,"comment_status":"closed","ping_status":"closed","template":"","meta":{"_acf_changed":false,"footnotes":""},"class_list":["post-11521","page","type-page","status-publish","has-post-thumbnail","hentry"],"acf":[],"_links":{"self":[{"href":"https:\/\/etnyre.com\/es\/wp-json\/wp\/v2\/pages\/11521","targetHints":{"allow":["GET"]}}],"collection":[{"href":"https:\/\/etnyre.com\/es\/wp-json\/wp\/v2\/pages"}],"about":[{"href":"https:\/\/etnyre.com\/es\/wp-json\/wp\/v2\/types\/page"}],"author":[{"embeddable":true,"href":"https:\/\/etnyre.com\/es\/wp-json\/wp\/v2\/users\/1"}],"replies":[{"embeddable":true,"href":"https:\/\/etnyre.com\/es\/wp-json\/wp\/v2\/comments?post=11521"}],"version-history":[{"count":1,"href":"https:\/\/etnyre.com\/es\/wp-json\/wp\/v2\/pages\/11521\/revisions"}],"predecessor-version":[{"id":14280,"href":"https:\/\/etnyre.com\/es\/wp-json\/wp\/v2\/pages\/11521\/revisions\/14280"}],"wp:featuredmedia":[{"embeddable":true,"href":"https:\/\/etnyre.com\/es\/wp-json\/wp\/v2\/media\/10733"}],"wp:attachment":[{"href":"https:\/\/etnyre.com\/es\/wp-json\/wp\/v2\/media?parent=11521"}],"curies":[{"name":"wp","href":"https:\/\/api.w.org\/{rel}","templated":true}]}}