{"id":11522,"date":"2024-04-09T04:17:26","date_gmt":"2024-04-09T04:17:26","guid":{"rendered":"https:\/\/etnyre.com\/las-mejores-selladoras-de-lodos\/"},"modified":"2025-05-28T06:11:38","modified_gmt":"2025-05-28T06:11:38","slug":"las-mejores-selladoras-de-lodos","status":"publish","type":"page","link":"https:\/\/etnyre.com\/es\/las-mejores-selladoras-de-lodos\/","title":{"rendered":"Las mejores selladoras de lodos"},"content":{"rendered":"<h3>Mantenga eficazmente el pavimento con las mejores m\u00e1quinas de sellado con lechada<\/h3>\n<p>Los equipos de mantenimiento de carreteras y los contratistas de asfalto trabajan diligentemente cada d\u00eda para <a href=\"https:\/\/etnyre.com\/es\/reparacion-de-carreteras\/\">reparar<\/a> y <a href=\"https:\/\/etnyre.com\/es\/conservacion-de-carreteras\/\">mantener las carreteras<\/a> de todo Estados Unidos. Sin embargo, sin el equipo adecuado, el asfalto seguir\u00e1 deterior\u00e1ndose, y su equipo volver\u00e1 a reparar el mismo pavimento dentro de un a\u00f1o. Para garantizar que su empresa pueda ofrecer servicios de tratamiento de pavimentos pr\u00e1cticos y duraderos, necesita las mejores m\u00e1quinas de sellado de lechada disponibles con E.D. Etnyre &amp; Co.<\/p>\n<h3>\u00bfPor qu\u00e9 es mejor el sellado de lechada para el cuidado del asfalto?<\/h3>\n<p>La reparaci\u00f3n est\u00e1ndar de grietas y el <a href=\"https:\/\/etnyre.com\/es\/sellado-de-asfalto\/\">sellado<\/a> son algunos de los principales servicios de mantenimiento del asfalto que requieren los ayuntamientos y los propietarios. Aunque las t\u00e9cnicas de tratamiento del asfalto funcionan, no ofrecen la misma durabilidad y longevidad que el sellado con lechada. Al ofrecer servicios de sellado de lechada, su empresa contratista de asfalto puede garantizar:<\/p>\n<ul>\n<li><strong>Cuidado de las carreteras muy transitadas<\/strong>\n<ul>\n<li>El <a href=\"https:\/\/etnyre.com\/es\/sellado-de-lodos\/\">sellado con lechada<\/a> utiliza una mezcla bituminosa especializada hecha de agua, emulsi\u00f3n asf\u00e1ltica, \u00e1ridos y aditivos adicionales. Los resultados de esta mezcla garantizan una mayor resistencia en toda la superficie del asfalto. Adem\u00e1s, las mezclas de sellado proporcionan la misma resistencia a los productos qu\u00edmicos, los rayos UV y la humedad que el revestimiento de sellado.<\/li>\n<\/ul>\n<\/li>\n<li><strong>Resultados duraderos<\/strong>\n<ul>\n<li>El sellado y la impermeabilizaci\u00f3n tienen por objeto proteger el asfalto y prolongar la vida \u00fatil del pavimento. Sin embargo, con el revestimiento de sellado, los propietarios se encontrar\u00e1n solicitando un revestimiento adicional cada pocos a\u00f1os. Por el contrario, un sellado de lechada puede proteger su calzada hasta 10 a\u00f1os de media. Las juntas de lechada ofrecen la misma incre\u00edble protecci\u00f3n que el sellado, pero con menos mantenimiento.<\/li>\n<\/ul>\n<\/li>\n<li><strong>Invertir grietas y desmoronamientos del asfalto<\/strong>\n<ul>\n<li>Lo mejor de todo es que las juntas de lechada pueden reparar y restaurar el pavimento agrietado y deteriorado. Las mezclas de sellado de lechada son similares a las mezclas de capa de sellado porque ambas pueden rellenar grietas y revertir da\u00f1os menores en el asfalto. Sin embargo, los sellados de lechada pueden ir un paso m\u00e1s all\u00e1, corrigiendo el desmoronamiento y el deshilachado del pavimento, da\u00f1os que a menudo requieren la sustituci\u00f3n de tramos de asfalto.<\/li>\n<\/ul>\n<\/li>\n<\/ul>\n<h3>\u00bfD\u00f3nde puede encontrar las mejores selladoras de lodos?<\/h3>\n<p>Pocos fabricantes de <a href=\"https:\/\/etnyre.com\/es\/equipos-de-revestimiento-de-asfalto-2\/\">equipos de asfalto<\/a> ofrecen mejores productos de sellado de lechada que Etnyre. Conocida como RoadSaver, nuestra <a href=\"https:\/\/etnyre.com\/es\/selladoras-de-lodos\/\">selladora de lodos<\/a> se utiliza en todo el mundo. Fabricamos equipos de f\u00e1cil manejo con componentes y materiales de alta calidad, que proporcionan la m\u00e1xima capacidad de producci\u00f3n. Las mejores caracter\u00edsticas del <a href=\"https:\/\/etnyre.com\/es\/roadsaver\/\">Etnyre RoadSaver<\/a> incluyen:<\/p>\n<ul class=\"col-2\">\n<li>100% Made in USA<\/li>\n<li>Motor PACCAR para camiones con mayor par a bajas revoluciones<\/li>\n<li>Dise\u00f1o REPTO con funci\u00f3n de cambio en caliente, que incluye elementos de seguridad espec\u00edficos<\/li>\n<li>Sistema de filtrado de la bomba de emulsi\u00f3n<\/li>\n<li>Accionamientos hidr\u00e1ulicos dobles para un par equilibrado<\/li>\n<li>Sensores electr\u00f3nicos y pantallas de \u00faltima generaci\u00f3n que proporcionan informaci\u00f3n del sistema en tiempo real<\/li>\n<li>Sistema de aditivos secos accionado hidr\u00e1ulicamente<\/li>\n<li>Centro de control del operador central<\/li>\n<\/ul>\n<div class=\"left-img\"><img loading=\"lazy\" decoding=\"async\" class=\"alignnone\" src=\"https:\/\/etnyre.com\/wp-content\/uploads\/2024\/03\/fresh-slurry-seal.jpg\" alt=\"Una carretera cubierta con las mejores m\u00e1quinas de sellado de lodos\" width=\"500\" height=\"350\" title=\"\"><\/div>\n<h3>Llama hoy<\/h3>\n<p>Para garantizar que su empresa pueda ofrecer servicios de mantenimiento, reparaci\u00f3n y tratamiento de asfalto de alta calidad, invierta en las mejores m\u00e1quinas de sellado de lechada del sector del asfalto: la Etnyre RoadSaver. Para obtener m\u00e1s informaci\u00f3n sobre RoadSavers o E.D. Etnyre &amp; Co. productos de asfalto adicionales, p\u00f3ngase en contacto con nosotros hoy en <a href=\"tel:3098307110\">309-830-7110<\/a>. Atendemos a clientes en Arizona, Tennessee, Texas, Illinois y en todo Estados Unidos.<\/p>\n","protected":false},"excerpt":{"rendered":"<p>Mantenga eficazmente el pavimento con las mejores m\u00e1quinas de sellado con lechada Los equipos de mantenimiento de carreteras y los contratistas de asfalto trabajan diligentemente cada d\u00eda para reparar y mantener las carreteras de todo Estados Unidos. Sin embargo, sin el equipo adecuado, el asfalto seguir\u00e1 deterior\u00e1ndose, y su equipo volver\u00e1 a reparar el mismo &hellip; <a href=\"https:\/\/etnyre.com\/es\/las-mejores-selladoras-de-lodos\/\" class=\"more-link\">Continue reading <span class=\"screen-reader-text\">Las mejores selladoras de lodos<\/span><\/a><\/p>\n","protected":false},"author":1,"featured_media":10654,"parent":0,"menu_order":0,"comment_status":"closed","ping_status":"closed","template":"","meta":{"_acf_changed":false,"footnotes":""},"class_list":["post-11522","page","type-page","status-publish","has-post-thumbnail","hentry"],"acf":[],"_links":{"self":[{"href":"https:\/\/etnyre.com\/es\/wp-json\/wp\/v2\/pages\/11522","targetHints":{"allow":["GET"]}}],"collection":[{"href":"https:\/\/etnyre.com\/es\/wp-json\/wp\/v2\/pages"}],"about":[{"href":"https:\/\/etnyre.com\/es\/wp-json\/wp\/v2\/types\/page"}],"author":[{"embeddable":true,"href":"https:\/\/etnyre.com\/es\/wp-json\/wp\/v2\/users\/1"}],"replies":[{"embeddable":true,"href":"https:\/\/etnyre.com\/es\/wp-json\/wp\/v2\/comments?post=11522"}],"version-history":[{"count":1,"href":"https:\/\/etnyre.com\/es\/wp-json\/wp\/v2\/pages\/11522\/revisions"}],"predecessor-version":[{"id":14297,"href":"https:\/\/etnyre.com\/es\/wp-json\/wp\/v2\/pages\/11522\/revisions\/14297"}],"wp:featuredmedia":[{"embeddable":true,"href":"https:\/\/etnyre.com\/es\/wp-json\/wp\/v2\/media\/10654"}],"wp:attachment":[{"href":"https:\/\/etnyre.com\/es\/wp-json\/wp\/v2\/media?parent=11522"}],"curies":[{"name":"wp","href":"https:\/\/api.w.org\/{rel}","templated":true}]}}