{"id":11523,"date":"2024-04-09T04:17:26","date_gmt":"2024-04-09T04:17:26","guid":{"rendered":"https:\/\/etnyre.com\/equipos-de-revestimiento-de-asfalto\/"},"modified":"2025-05-28T06:11:39","modified_gmt":"2025-05-28T06:11:39","slug":"equipos-de-revestimiento-de-asfalto","status":"publish","type":"page","link":"https:\/\/etnyre.com\/es\/equipos-de-revestimiento-de-asfalto\/","title":{"rendered":"Equipos de revestimiento de asfalto"},"content":{"rendered":"<h3>Construya su flota de mantenimiento de carreteras con equipos de revestimiento de asfalto negro<\/h3>\n<p>Para ofrecer los servicios que se le exigen como contratista de asfalto, necesita el equipo adecuado para el trabajo. E.D. Etnyre &amp; Co. fabrica numerosas m\u00e1quinas para diversos m\u00e9todos de protecci\u00f3n, reasfaltado y tratamiento del asfalto. Nuestro equipo de sellado de asfalto es uno de los mejores, con <a href=\"https:\/\/etnyre.com\/es\/camiones-sealcoat\/\">camiones<\/a>, <a href=\"https:\/\/etnyre.com\/es\/buggies-sealcoat\/\">buggies<\/a> y <a href=\"https:\/\/etnyre.com\/es\/remolques-de-revestimiento\/\">remolques<\/a> que ayudan a maximizar la productividad del sellado. Si est\u00e1 interesado en nueva <a href=\"https:\/\/etnyre.com\/es\/maquinas-de-revestimiento\/\">maquinaria de sellado<\/a> para su negocio, llame a Etnyre hoy mismo.<\/p>\n<h3>Satisfacer las necesidades de los contratistas<\/h3>\n<p>Cada uno de nuestros tipos de selladoras satisface las distintas necesidades de los contratistas. Por ejemplo, los trabajos de sellado precisos son los mejores para nuestros buggies de sellado. O bien, puede extender una mayor capacidad de sellado con uno de nuestros camiones sealcoat. Hable con Etnyre hoy mismo para determinar qu\u00e9 unidad de sellado es la mejor para su empresa.<\/p>\n<ul>\n<li><strong>Velocidad y precisi\u00f3n<\/strong>\n<ul>\n<li>Los trabajos de revestimiento de peque\u00f1as parcelas o calzadas requieren maquinaria r\u00e1pida, precisa y muy maniobrable. Si la impermeabilizaci\u00f3n residencial es su principal preocupaci\u00f3n, un buggy de impermeabilizaci\u00f3n funcionar\u00e1 mejor para sus prop\u00f3sitos. Los <a href=\"https:\/\/etnyre.com\/es\/pavementsaver\/\">PavementSavers<\/a> de Etnyre son los mejores buggies de sellado disponibles, dise\u00f1ados para superar a m\u00e1quinas similares en velocidad y productividad.<\/li>\n<\/ul>\n<\/li>\n<li><strong>Mayor capacidad<\/strong>\n<ul>\n<li>\u00bfSe encarga de la impermeabilizaci\u00f3n de carreteras, grandes superficies y locales comerciales? Si es as\u00ed, necesitar\u00e1 uno de los <a href=\"https:\/\/etnyre.com\/es\/los-mejores-camiones-de-revestimiento\/\">camiones de sellado<\/a> de Etnyre. La <a href=\"https:\/\/etnyre.com\/bc502sc\/\">BC502SC<\/a> es nuestra unidad m\u00f3vil aut\u00f3noma de distribuci\u00f3n de capa de sellado montada sobre patines, que sustituye a la l\u00ednea RaynMaker. Las BC502SC no necesitan un cami\u00f3n dedicado y utilizan sistemas hidr\u00e1ulicos, controles digitales, filtros de material y mucho m\u00e1s para maximizar la pulverizaci\u00f3n de la capa de sellado. Con capacidades de dep\u00f3sito de 1.000 a 4.000 galones, los camiones de Etnyre pueden encargarse de cualquier gran proyecto de sellado.<\/li>\n<\/ul>\n<\/li>\n<li><strong>M\u00e1s personalizaci\u00f3n<\/strong>\n<ul>\n<li>Aunque todos los equipos de Etnyre son personalizables, ninguna m\u00e1quina tiene m\u00e1s opciones de personalizaci\u00f3n que nuestros remolques sealcoat. Los remolques <a href=\"https:\/\/etnyre.com\/es\/raynpro-serie-t\/\">RaynPro Serie T<\/a> est\u00e1n dise\u00f1ados para ser utilizados con camiones existentes. Con opciones para el tama\u00f1o de las barras de pulverizaci\u00f3n, la capacidad de los dep\u00f3sitos, el sistema hidr\u00e1ulico, el funcionamiento del sistema de calefacci\u00f3n, etc., puedes tener un <a href=\"https:\/\/etnyre.com\/best-sealcoating-trailers\/\">remolque Etnyre sealcoat<\/a> fabricado seg\u00fan tus especificaciones exactas.<\/li>\n<\/ul>\n<\/li>\n<\/ul>\n<h3>M\u00e1s que sellado<\/h3>\n<p>Adem\u00e1s de los equipos de revestimiento de asfalto Etnyre, fabricamos productos pensando en otras soluciones de tratamiento del asfalto. Por ejemplo, el servicio de <a href=\"https:\/\/etnyre.com\/es\/sellado-de-lodos\/\">sellado con lechada<\/a> se est\u00e1 convirtiendo r\u00e1pidamente en una opci\u00f3n popular de reasfaltado en todo Estados Unidos. Por ello, Etnyre fabrica la mejor <a href=\"https:\/\/etnyre.com\/es\/selladoras-de-lodos\/\">m\u00e1quina de sellado y micropavimentaci\u00f3n<\/a> del mundo. Nuestros <a href=\"https:\/\/etnyre.com\/es\/roadsaver\/\">RoadSavers<\/a> son conocidos por su mejor acero, componentes y dise\u00f1o de f\u00e1cil manejo.<\/p>\n<div class=\"left-img\"><img loading=\"lazy\" decoding=\"async\" class=\"alignnone\" src=\"https:\/\/etnyre.com\/wp-content\/uploads\/2024\/03\/Blacktop-Sealcoating-Equipment-seo.jpg\" alt=\"Operarios sellando una carretera con el equipo Blacktop Sealcoating de RES.\" width=\"500\" height=\"350\" title=\"\"><\/div>\n<h3>Llama hoy<\/h3>\n<p>Seleccionar el equipo de revestimiento de asfalto adecuado a las necesidades de sus contratistas y clientes es esencial para ofrecer un servicio de revestimiento r\u00e1pido y de alta calidad. Para encontrar las m\u00e1quinas que mejor se adapten a su empresa, llame hoy mismo a E.D. Etnyre &amp; Co. P\u00f3ngase en contacto con nosotros en el <a href=\"tel:8157322116\">815-732-2116<\/a> para obtener m\u00e1s informaci\u00f3n sobre nuestros productos de asfalto o solicitar un presupuesto. Atendemos a clientes en <a href=\"https:\/\/etnyre.com\/es\/equipo-sealcoat-arizona\/\">Arizona<\/a>, <a href=\"https:\/\/etnyre.com\/es\/equipos-de-revestimiento-tennessee\/\">Tennessee<\/a>, <a href=\"https:\/\/etnyre.com\/es\/equipo-sealcoat-texas\/\">Texas<\/a>, <a href=\"https:\/\/etnyre.com\/es\/equipos-de-revestimiento-de-juntas-illinois\/\">Illinois<\/a> y en todo Estados Unidos.<\/p>\n","protected":false},"excerpt":{"rendered":"<p>Construya su flota de mantenimiento de carreteras con equipos de revestimiento de asfalto negro Para ofrecer los servicios que se le exigen como contratista de asfalto, necesita el equipo adecuado para el trabajo. E.D. Etnyre &amp; Co. fabrica numerosas m\u00e1quinas para diversos m\u00e9todos de protecci\u00f3n, reasfaltado y tratamiento del asfalto. Nuestro equipo de sellado de &hellip; <a href=\"https:\/\/etnyre.com\/es\/equipos-de-revestimiento-de-asfalto\/\" class=\"more-link\">Continue reading <span class=\"screen-reader-text\">Equipos de revestimiento de asfalto<\/span><\/a><\/p>\n","protected":false},"author":1,"featured_media":10664,"parent":0,"menu_order":0,"comment_status":"closed","ping_status":"closed","template":"","meta":{"_acf_changed":false,"footnotes":""},"class_list":["post-11523","page","type-page","status-publish","has-post-thumbnail","hentry"],"acf":[],"_links":{"self":[{"href":"https:\/\/etnyre.com\/es\/wp-json\/wp\/v2\/pages\/11523","targetHints":{"allow":["GET"]}}],"collection":[{"href":"https:\/\/etnyre.com\/es\/wp-json\/wp\/v2\/pages"}],"about":[{"href":"https:\/\/etnyre.com\/es\/wp-json\/wp\/v2\/types\/page"}],"author":[{"embeddable":true,"href":"https:\/\/etnyre.com\/es\/wp-json\/wp\/v2\/users\/1"}],"replies":[{"embeddable":true,"href":"https:\/\/etnyre.com\/es\/wp-json\/wp\/v2\/comments?post=11523"}],"version-history":[{"count":3,"href":"https:\/\/etnyre.com\/es\/wp-json\/wp\/v2\/pages\/11523\/revisions"}],"predecessor-version":[{"id":14195,"href":"https:\/\/etnyre.com\/es\/wp-json\/wp\/v2\/pages\/11523\/revisions\/14195"}],"wp:featuredmedia":[{"embeddable":true,"href":"https:\/\/etnyre.com\/es\/wp-json\/wp\/v2\/media\/10664"}],"wp:attachment":[{"href":"https:\/\/etnyre.com\/es\/wp-json\/wp\/v2\/media?parent=11523"}],"curies":[{"name":"wp","href":"https:\/\/api.w.org\/{rel}","templated":true}]}}