{"id":11524,"date":"2024-04-09T04:17:27","date_gmt":"2024-04-09T04:17:27","guid":{"rendered":"https:\/\/etnyre.com\/sistemas-de-pulverizacion-sealcoating-en-venta\/"},"modified":"2025-07-16T12:38:18","modified_gmt":"2025-07-16T12:38:18","slug":"sistemas-de-pulverizacion-sealcoating-en-venta","status":"publish","type":"page","link":"https:\/\/etnyre.com\/es\/sistemas-de-pulverizacion-sealcoating-en-venta\/","title":{"rendered":"Sistemas de pulverizaci\u00f3n Sealcoating en venta"},"content":{"rendered":"<h3>Cuente con Etnyre para los mejores sistemas de pulverizaci\u00f3n Sealcoating para la venta<\/h3>\n<p>\u00bfEst\u00e1n protegidas las carreteras de sus clientes? Como contratista de asfalto, la protecci\u00f3n, el mantenimiento y la conservaci\u00f3n del asfalto son preocupaciones importantes. Disponer del equipo necesario para proteger el asfalto es esencial para cualquier equipo de mantenimiento de carreteras en Estados Unidos. Afortunadamente, con la ayuda de E.D. Etnyre &amp; Co., puede suministrar a su empresa los mejores sistemas de pulverizaci\u00f3n de revestimiento de sellado a la venta junto con otros <a href=\"https:\/\/resroadsaver.com\/asphalt-sealcoating-equipment\/\" rel=\"nofollow noopener\" target=\"_blank\">equipos de asfalto<\/a> de alta calidad.<\/p>\n<h3>Elegir las m\u00e1quinas Sealcoat adecuadas<\/h3>\n<p>Etnyre fabrica tres sistemas principales de sellado para dar opciones a los contratistas de asfalto: nuestro <a href=\"https:\/\/resroadsaver.com\/pavementsaver\/\" rel=\"nofollow noopener\" target=\"_blank\">PavementSaver<\/a>, <a href=\"https:\/\/etnyre.com\/bc502sc\/\">BC502SC<\/a> y la <a href=\"https:\/\/resroadsaver.com\/raynpro-t-series\/\" rel=\"nofollow noopener\" target=\"_blank\">Serie T RaynPro<\/a>. Nuestros sistemas de pulverizaci\u00f3n de sellado en venta se ajustan a las necesidades precisas de los contratistas y sus clientes. Si necesita ayuda para seleccionar el pulverizador de sellado adecuado para su empresa, lea las descripciones siguientes y hable con Etnyre.<\/p>\n<ul>\n<li><strong>PavementSavers<\/strong>\n<ul>\n<li>Las PavementSavers de Etnyre encajan a la perfecci\u00f3n con una m\u00e1quina de sellado vers\u00e1til y altamente maniobrable. Nuestros veh\u00edculos PavementSaver II y III est\u00e1n dise\u00f1ados para superar en potencia, duraci\u00f3n y rendimiento a todas las dem\u00e1s m\u00e1quinas de revestimiento. Los Buggies pueden cubrir sin esfuerzo peque\u00f1as parcelas, calzadas y carreteras de asfalto con capas uniformes de <a href=\"https:\/\/resroadsaver.com\/asphalt-sealcoating\/\" rel=\"nofollow noopener\" target=\"_blank\">sellado<\/a> protector, ayudando a preservar la vida del pavimento.<\/li>\n<\/ul>\n<\/li>\n<li><strong>BC502SC<\/strong>\n<ul>\n<li>Para tus trabajos de sellado m\u00e1s grandes, <a href=\"https:\/\/etnyre.com\/bc502sc\/\">las BC502SC de Etnyre<\/a> son tu mejor opci\u00f3n. Nuestros Sistemas de Pulverizaci\u00f3n de Capa de Foca BC502SC sustituyen a los RaynMaker, que son unidades m\u00f3viles de distribuci\u00f3n de capa de foca montadas sobre patines, aut\u00f3nomas y de gran capacidad. Cada unidad utiliza un motor di\u00e9sel, un sistema hidr\u00e1ulico, controles digitales, un ordenador de distribuci\u00f3n del material, un sistema de bombeo y caracter\u00edsticas adicionales que simplifican la aplicaci\u00f3n de la capa de sellado en grandes proyectos de pavimentaci\u00f3n.<\/li>\n<\/ul>\n<\/li>\n<li><strong>RaynPro Serie T<\/strong>\n<ul>\n<li>Si prefiere equipar sus camiones y veh\u00edculos existentes con un nuevo sistema de pulverizaci\u00f3n de pintura de sellado, la Serie T de RaynPro es la adecuada para usted. Obtendr\u00e1 la misma potencia, capacidad y productividad que nuestras unidades BC502SC, pero sin el cami\u00f3n espec\u00edfico. Las RaynPro Serie T de Etnyre son altamente personalizables, con opciones de capacidad, remolques, longitud de la barra de pulverizaci\u00f3n, etc.<\/li>\n<\/ul>\n<\/li>\n<\/ul>\n<div class=\"left-img\"><img loading=\"lazy\" decoding=\"async\" class=\"alignnone\" src=\"https:\/\/etnyre.com\/wp-content\/uploads\/2024\/03\/Sealcoating-Spray-Systems-for-Sale-seo.jpg\" alt=\"PavementSaver, uno de los sistemas de pulverizaci\u00f3n de revestimientos de RES en venta\" width=\"500\" height=\"350\" title=\"\"><\/div>\n<h3>Maquinaria adicional para conservar el asfalto<\/h3>\n<p>Aunque disponer de <a href=\"https:\/\/resroadsaver.com\/sealcoating-machines\/\" rel=\"nofollow noopener\" target=\"_blank\">m\u00e1quinas sealcoat<\/a> es esencial para los servicios de protecci\u00f3n del asfalto, el sellado no es la \u00fanica forma de preservar el pavimento. En los \u00faltimos a\u00f1os, el <a href=\"https:\/\/resroadsaver.com\/slurry-seal\/\" rel=\"nofollow noopener\" target=\"_blank\">sellado con lechada<\/a> se ha popularizado en estados de todo EE.UU. y es un tratamiento eficaz de reasfaltado del asfalto. Por ello, Etnyre desarrolla equipos de primera categor\u00eda para la aplicaci\u00f3n de sellado de lodos, como nuestros <a href=\"https:\/\/etnyre.com\/roadsaver\/roadsaver-ii\/\">RoadSaver II<\/a> e <a href=\"https:\/\/etnyre.com\/roadsaver\/roadsaver-iiig\/\">IIIG<\/a>. Etnyre tambi\u00e9n fabrica cisternas, camiones cisterna y plantas de sealcoat para el almacenamiento de asfalto y sealcoat.<\/p>\n<h3 class=\"clr\">Llama hoy<\/h3>\n<p>Maximice sus servicios de protecci\u00f3n y conservaci\u00f3n del asfalto con los mejores sistemas de pulverizaci\u00f3n de revestimiento de sellado a la venta, gracias a E.D. Etnyre &amp; Co. Para obtener m\u00e1s informaci\u00f3n sobre nuestras m\u00e1quinas sealcoat y otros equipos de asfalto, o para solicitar un presupuesto, p\u00f3ngase en contacto con nosotros en el <a href=\"tel:8157322116\">815-732-2116<\/a>. Atendemos a clientes en <a href=\"https:\/\/etnyre.com\/es\/sealcoat-camiones-arizona\/\">Arizona<\/a>, <a href=\"https:\/\/etnyre.com\/es\/sealcoat-buggies-tennessee\/\">Tennessee<\/a>, <a href=\"https:\/\/etnyre.com\/es\/sealcoat-buggies-texas\/\">Texas<\/a>, <a href=\"https:\/\/etnyre.com\/es\/equipos-de-revestimiento-de-juntas-illinois\/\">Illinois<\/a> y en todo Estados Unidos.<\/p>\n","protected":false},"excerpt":{"rendered":"<p>Cuente con Etnyre para los mejores sistemas de pulverizaci\u00f3n Sealcoating para la venta \u00bfEst\u00e1n protegidas las carreteras de sus clientes? Como contratista de asfalto, la protecci\u00f3n, el mantenimiento y la conservaci\u00f3n del asfalto son preocupaciones importantes. Disponer del equipo necesario para proteger el asfalto es esencial para cualquier equipo de mantenimiento de carreteras en Estados &hellip; <a href=\"https:\/\/etnyre.com\/es\/sistemas-de-pulverizacion-sealcoating-en-venta\/\" class=\"more-link\">Continue reading <span class=\"screen-reader-text\">Sistemas de pulverizaci\u00f3n Sealcoating en venta<\/span><\/a><\/p>\n","protected":false},"author":1,"featured_media":10674,"parent":0,"menu_order":0,"comment_status":"closed","ping_status":"closed","template":"","meta":{"_acf_changed":false,"footnotes":""},"class_list":["post-11524","page","type-page","status-publish","has-post-thumbnail","hentry"],"acf":[],"_links":{"self":[{"href":"https:\/\/etnyre.com\/es\/wp-json\/wp\/v2\/pages\/11524","targetHints":{"allow":["GET"]}}],"collection":[{"href":"https:\/\/etnyre.com\/es\/wp-json\/wp\/v2\/pages"}],"about":[{"href":"https:\/\/etnyre.com\/es\/wp-json\/wp\/v2\/types\/page"}],"author":[{"embeddable":true,"href":"https:\/\/etnyre.com\/es\/wp-json\/wp\/v2\/users\/1"}],"replies":[{"embeddable":true,"href":"https:\/\/etnyre.com\/es\/wp-json\/wp\/v2\/comments?post=11524"}],"version-history":[{"count":2,"href":"https:\/\/etnyre.com\/es\/wp-json\/wp\/v2\/pages\/11524\/revisions"}],"predecessor-version":[{"id":14440,"href":"https:\/\/etnyre.com\/es\/wp-json\/wp\/v2\/pages\/11524\/revisions\/14440"}],"wp:featuredmedia":[{"embeddable":true,"href":"https:\/\/etnyre.com\/es\/wp-json\/wp\/v2\/media\/10674"}],"wp:attachment":[{"href":"https:\/\/etnyre.com\/es\/wp-json\/wp\/v2\/media?parent=11524"}],"curies":[{"name":"wp","href":"https:\/\/api.w.org\/{rel}","templated":true}]}}