{"id":11525,"date":"2024-04-09T04:17:27","date_gmt":"2024-04-09T04:17:27","guid":{"rendered":"https:\/\/etnyre.com\/venta-de-equipos-de-revestimiento-de-asfalto\/"},"modified":"2025-05-28T06:11:10","modified_gmt":"2025-05-28T06:11:10","slug":"venta-de-equipos-de-revestimiento-de-asfalto","status":"publish","type":"page","link":"https:\/\/etnyre.com\/es\/venta-de-equipos-de-revestimiento-de-asfalto\/","title":{"rendered":"Venta de equipos de revestimiento de asfalto"},"content":{"rendered":"<h3>Servir a los contratistas con el mejor equipo de revestimiento de asfalto para la venta<\/h3>\n<p>\u00bfQuiere marcar la diferencia en los servicios de pavimentaci\u00f3n de asfalto de su empresa? \u00bfQuiere maquinaria de primera calidad, muy eficaz y a un precio razonable? Por suerte para usted, E.D. Etnyre &amp; Co. tiene lo que necesita para que su negocio de contrataci\u00f3n de asfalto tenga \u00e9xito. Dise\u00f1amos y fabricamos los mejores <a href=\"https:\/\/etnyre.com\/es\/equipos-de-revestimiento-de-asfalto-2\/\">equipos de sellado asf\u00e1ltico<\/a> a la venta en Estados Unidos, adem\u00e1s de otros productos asf\u00e1lticos. Llame hoy mismo para obtener m\u00e1s informaci\u00f3n sobre las ofertas de equipos de sealcoat de Etnyre.<\/p>\n<h3>Camiones, remolques y buggies<\/h3>\n<p>Los principales productos de <a href=\"https:\/\/etnyre.com\/es\/los-mejores-camiones-de-revestimiento\/\">sellado<\/a> de Etnyre son nuestros camiones, <a href=\"https:\/\/etnyre.com\/es\/remolques-de-revestimiento\/\">remolques<\/a> y <a href=\"https:\/\/etnyre.com\/es\/los-mejores-buggies-de-sellado\/\">buggies<\/a> sealcoat. Cada una posee ventajas y beneficios \u00fanicos que los contratistas pueden utilizar para maximizar la producci\u00f3n en funci\u00f3n de las especificaciones del proyecto. Dependiendo de lo que sus contratistas y clientes requieran en t\u00e9rminos de protecci\u00f3n del asfalto, Etnyre puede proporcionar el equipo adecuado para satisfacer las demandas de los consumidores.<\/p>\n<ul>\n<li><strong>El BC502SC<\/strong>\n<ul>\n<li>La <a href=\"https:\/\/etnyre.com\/bc502sc\/\">BC502SC<\/a> de Etnyre es nuestra principal selladora. El BC502SC, que sustituye al RaynMaker, es una unidad m\u00f3vil de distribuci\u00f3n de pintura de sellado r\u00e1pida, fiable y f\u00e1cil de usar. Como cami\u00f3n de revestimiento de juntas, nuestro BC502SC funciona mejor para trabajos de revestimiento de juntas m\u00e1s grandes, como solares comerciales, carreteras y autopistas.  Las mejores caracter\u00edsticas de nuestros equipos incluyen un sistema hidr\u00e1ulico, filtraci\u00f3n del material de sellado, barras de pulverizaci\u00f3n ajustables, dep\u00f3sitos de gran capacidad, controles informatizados y mucho m\u00e1s.<\/li>\n<\/ul>\n<\/li>\n<li><strong>La serie T de RaynPro<\/strong>\n<ul>\n<li>Similar en funci\u00f3n y dise\u00f1o al BC502SC, <a href=\"https:\/\/etnyre.com\/es\/raynpro-serie-t\/\">la serie T de RaynPro<\/a> de Etnyre es uno de los remolques de sellado m\u00e1s personalizables disponibles. Nuestros remolques sealcoat vienen sin el cami\u00f3n, pero en su lugar incluyen opciones de personalizaci\u00f3n que se adaptan a las necesidades precisas de los contratistas. Diferentes tama\u00f1os de dep\u00f3sito, remolques montados sobre patines, sistemas de calefacci\u00f3n especializados, varillas de pulverizaci\u00f3n\/barras de pulverizaci\u00f3n ajustables, etc., son todas opciones para su remolque RaynPro Serie T de recubrimiento de sellado personalizado.<\/li>\n<\/ul>\n<\/li>\n<li><strong>El PavementSaver<\/strong>\n<ul>\n<li>Si muchos de sus trabajos de sellado son para propiedades residenciales y privadas, es posible que no necesite la capacidad de un cami\u00f3n o remolque de sellado. En cambio, <a href=\"https:\/\/etnyre.com\/es\/pavementsaver\/\">las PavementSavers<\/a> de Etnyre pueden resultar \u00fatiles para peque\u00f1os trabajos de sellado. El PavementSaver es un buggy de sellado muy vers\u00e1til. Nuestros buggies sealcoat se construyen resistente y dise\u00f1ado para superar y durar m\u00e1s que otras m\u00e1quinas sealcoat. Adem\u00e1s, los buggies son peque\u00f1os y f\u00e1cilmente maniobrables, lo que permite una pulverizaci\u00f3n precisa y exacta.<\/li>\n<\/ul>\n<\/li>\n<\/ul>\n<h3>Tratamientos adicionales del pavimento<\/h3>\n<p>Cuando se busca ofrecer sealcoating como un servicio primario, Etnyre puede suministrarle todo lo que necesita para el asfalto sealcoating equipo para la venta. Sin embargo, hay otros m\u00e9todos de tratamiento de pavimentos que pueden interesarle si desea ampliar sus servicios de asfaltado. El <a href=\"https:\/\/etnyre.com\/es\/sellado-de-lodos\/\">sellado con lechada<\/a>, por ejemplo, es un m\u00e9todo prometedor para la rehabilitaci\u00f3n y conservaci\u00f3n de pavimentos. Y con los <a href=\"https:\/\/etnyre.com\/es\/roadsaver\/\">RoadSavers<\/a> de Etnyre, su empresa puede empezar a ofrecer este servicio de tratamiento del asfalto altamente eficaz.<\/p>\n<div class=\"left-img\"><\/div>\n<h3>Habla con nuestro equipo<\/h3>\n<p>Encontrar equipos de sellado de asfalto en venta es f\u00e1cil; encontrar el mejor equipo de sellado es lo m\u00e1s importante. Como tal, puede contar con E.D. Etnyre &amp; Co. para los mejores equipos y maquinaria de asfalto de la industria. Para obtener m\u00e1s informaci\u00f3n sobre nuestros productos o solicitar un presupuesto, p\u00f3ngase en contacto con nosotros en el <a href=\"tel:8157322116\">815-732-2116<\/a> para obtener m\u00e1s informaci\u00f3n sobre nuestros productos de asfalto o solicitar un presupuesto. Atendemos a clientes en <a href=\"https:\/\/etnyre.com\/es\/equipo-sealcoat-arizona\/\">Arizona<\/a>, <a href=\"https:\/\/etnyre.com\/es\/equipos-de-revestimiento-tennessee\/\">Tennessee<\/a>, <a href=\"https:\/\/etnyre.com\/es\/equipo-sealcoat-texas\/\">Texas<\/a>, <a href=\"https:\/\/etnyre.com\/es\/equipos-de-revestimiento-de-juntas-illinois\/\">Illinois<\/a> y en todo Estados Unidos.<\/p>\n","protected":false},"excerpt":{"rendered":"<p>Servir a los contratistas con el mejor equipo de revestimiento de asfalto para la venta \u00bfQuiere marcar la diferencia en los servicios de pavimentaci\u00f3n de asfalto de su empresa? \u00bfQuiere maquinaria de primera calidad, muy eficaz y a un precio razonable? Por suerte para usted, E.D. Etnyre &amp; Co. tiene lo que necesita para que &hellip; <a href=\"https:\/\/etnyre.com\/es\/venta-de-equipos-de-revestimiento-de-asfalto\/\" class=\"more-link\">Continue reading <span class=\"screen-reader-text\">Venta de equipos de revestimiento de asfalto<\/span><\/a><\/p>\n","protected":false},"author":1,"featured_media":10664,"parent":0,"menu_order":0,"comment_status":"closed","ping_status":"closed","template":"","meta":{"_acf_changed":false,"footnotes":""},"class_list":["post-11525","page","type-page","status-publish","has-post-thumbnail","hentry"],"acf":[],"_links":{"self":[{"href":"https:\/\/etnyre.com\/es\/wp-json\/wp\/v2\/pages\/11525","targetHints":{"allow":["GET"]}}],"collection":[{"href":"https:\/\/etnyre.com\/es\/wp-json\/wp\/v2\/pages"}],"about":[{"href":"https:\/\/etnyre.com\/es\/wp-json\/wp\/v2\/types\/page"}],"author":[{"embeddable":true,"href":"https:\/\/etnyre.com\/es\/wp-json\/wp\/v2\/users\/1"}],"replies":[{"embeddable":true,"href":"https:\/\/etnyre.com\/es\/wp-json\/wp\/v2\/comments?post=11525"}],"version-history":[{"count":3,"href":"https:\/\/etnyre.com\/es\/wp-json\/wp\/v2\/pages\/11525\/revisions"}],"predecessor-version":[{"id":14283,"href":"https:\/\/etnyre.com\/es\/wp-json\/wp\/v2\/pages\/11525\/revisions\/14283"}],"wp:featuredmedia":[{"embeddable":true,"href":"https:\/\/etnyre.com\/es\/wp-json\/wp\/v2\/media\/10664"}],"wp:attachment":[{"href":"https:\/\/etnyre.com\/es\/wp-json\/wp\/v2\/media?parent=11525"}],"curies":[{"name":"wp","href":"https:\/\/api.w.org\/{rel}","templated":true}]}}