{"id":11527,"date":"2024-04-09T04:17:27","date_gmt":"2024-04-09T04:17:27","guid":{"rendered":"https:\/\/etnyre.com\/sellado-del-pavimento\/"},"modified":"2025-05-28T06:11:33","modified_gmt":"2025-05-28T06:11:33","slug":"sellado-del-pavimento","status":"publish","type":"page","link":"https:\/\/etnyre.com\/es\/sellado-del-pavimento\/","title":{"rendered":"Sellado del pavimento"},"content":{"rendered":"<h3>M\u00e1quinas fiables y de alta calidad para el tratamiento de pavimentos<\/h3>\n<p>El sellado es uno de los servicios m\u00e1s esenciales que los contratistas de asfalto pueden ofrecer a clientes residenciales y comerciales. Un sellado de pavimento de calidad puede prevenir los da\u00f1os y el deterioro del asfalto, prolongar la vida \u00fatil de su pavimento y ahorrarle dinero a usted y a sus clientes. Sin embargo, necesita el mejor equipo y la mejor maquinaria para garantizar que sus clientes reciban un servicio de sealcoat excelente. E.D. Etnyre &amp; Co. suministra a los contratistas los camiones y remolques que necesitan para proporcionar un sellado r\u00e1pido y eficaz de cualquier superficie de pavimento.<\/p>\n<h3>Por qu\u00e9 sus clientes necesitan Sealcoating<\/h3>\n<p>Sin un tratamiento adecuado y un mantenimiento general, los lotes de asfalto y las calzadas pueden deteriorarse considerablemente. Y si su asfalto llega a tales extremos, la \u00fanica soluci\u00f3n se convierte en costosas reparaciones, parches o la sustituci\u00f3n pura y simple. Afortunadamente, usted puede ofrecer a sus clientes un <a href=\"https:\/\/etnyre.com\/es\/servicio-de-sellado\/\">servicio de sellado<\/a> para evitar este tipo de complicaciones. El sellado es un servicio \u00abobligatorio\u00bb para los clientes debido a su:<\/p>\n<ul>\n<li><strong>Eficacia<\/strong>\n<ul>\n<li>Puede que el sellado no sea el \u00fanico tratamiento disponible, pero es uno de los m\u00e1s eficaces. Siempre que su pavimento tenga da\u00f1os m\u00ednimos, el sellado puede unir peque\u00f1as grietas y proporcionar una capa protectora para el asfalto. Esta capa repele la humedad, los derrames de aceite, los rayos UV y otros factores que contribuyen al deterioro del asfalto.<\/li>\n<\/ul>\n<\/li>\n<li><strong>Apariencia<\/strong>\n<ul>\n<li>A medida que envejece, el pavimento pierde gran parte de su color. Aunque no se trata de un problema inmediato, el asfalto viejo y descolorido puede ser una monstruosidad para los residentes privados o las empresas y disminuir el valor de una propiedad y el atractivo de la acera. Para las empresas que desean atraer clientes, el atractivo de la acera y la primera impresi\u00f3n lo son todo. Como tal, el sellado puede reparar peque\u00f1as grietas y restaurar el color de su carretera o terreno.<\/li>\n<\/ul>\n<\/li>\n<li><strong>Ahorro de costes<\/strong>\n<ul>\n<li>Una vez que los contratistas disponen del equipo necesario para los servicios de sellado, los materiales y la mano de obra necesarios para los trabajos de sellado son m\u00ednimos. De este modo, los contratistas pueden obtener importantes beneficios de la impermeabilizaci\u00f3n gracias a la reducci\u00f3n de los costes de material y mano de obra. Este ahorro tambi\u00e9n beneficia a sus clientes, ya que el sellado es uno de los tratamientos del asfalto m\u00e1s asequibles.<\/li>\n<\/ul>\n<\/li>\n<\/ul>\n<h3>Nuestro equipo Sealcoat<\/h3>\n<p>Etnyre tiene los <a href=\"https:\/\/etnyre.com\/es\/camiones-sealcoat\/\">camiones<\/a>, <a href=\"https:\/\/etnyre.com\/es\/buggies-sealcoat\/\">buggies<\/a> y remolques sealcoat que tu empresa necesita para triunfar. Nuestros equipos de sellado han demostrado ser los m\u00e1s fiables, duraderos y eficientes de entre todos los equipos disponibles. Con Etnyre, podemos garantizar la capacidad de nuestras m\u00e1quinas para asumir los proyectos m\u00e1s exigentes, asegurando un manejo sencillo de los equipos para contratistas con distintos niveles de experiencia. Nuestros productos sealcoat incluyen:<\/p>\n<ul>\n<li><strong>PavementSavers<\/strong> &#8211; El Etnyre <a href=\"https:\/\/etnyre.com\/es\/pavementsaver\/\">PavementSaver<\/a> es un buggy de sealcoat que hace el trabajo r\u00e1pido de cualquier proyecto m\u00e1s peque\u00f1o del sealcoating. Con una mayor durabilidad y una maniobrabilidad precisa, la PavementSaver puede cubrir esas superficies de pavimento \u00abdif\u00edciles de alcanzar\u00bb.<\/li>\n<li><strong>BC502SC<\/strong> &#8211; Cuando un buggy de sealcoat no es lo bastante grande, los contratistas de asfalto cuentan con el <a href=\"https:\/\/etnyre.com\/bc502sc\/\">BC502SC<\/a> de Etnyre. Nuestros camiones de revestimiento, que sustituyen al RaynMaker, transportan grandes vol\u00famenes de revestimiento (entre 1.000 y 4.000 galones) y pulverizan amplias zonas de pavimento.  Cada unidad de distribuci\u00f3n est\u00e1 montada sobre patines y es aut\u00f3noma, con controles digitales precisos.<\/li>\n<li><a href=\"https:\/\/etnyre.com\/es\/raynpro-serie-t\/\">RaynPro Serie T- Si quieres la misma capacidad y eficacia que nuestra BC502SC, pero sin el cami\u00f3n acoplado, echa un vistazo a la RaynPro Serie T<\/a> de Etnyre. Estos remolques sealcoat son personalizables con varias caracter\u00edsticas excelentes y vienen en todos los colores y tama\u00f1os de dep\u00f3sito.<\/li>\n<\/ul>\n<div class=\"left-img\"><img loading=\"lazy\" decoding=\"async\" class=\"alignnone\" src=\"https:\/\/etnyre.com\/wp-content\/uploads\/2024\/03\/Pavement-Seal-2.jpg\" alt=\"Un buggy para la aplicaci\u00f3n de sellado de pavimentos en calzadas\" width=\"500\" height=\"350\" title=\"\"><\/div>\n<h3>Llama hoy<\/h3>\n<p>Para garantizar que su negocio de contrataci\u00f3n de asfalto pueda ofrecer los servicios de asfalto m\u00e1s esenciales para los clientes, invierta en la l\u00ednea de productos de <a href=\"https:\/\/etnyre.com\/es\/sellado-de-asfalto\/\">revestimiento de<\/a> E.D. Etnyre &amp; Co. para el tratamiento de sellado de pavimentos. Obt\u00e9n m\u00e1s informaci\u00f3n sobre nuestras PavementSavers, BC502SC y maquinaria adicional llamando al <a href=\"tel:8157322116\">815-732-2116<\/a>. Atendemos a clientes en <a href=\"https:\/\/etnyre.com\/es\/sealcoat-buggies-arizona\/\">Arizona<\/a>, <a href=\"https:\/\/etnyre.com\/es\/equipos-de-revestimiento-tennessee\/\">Tennessee<\/a>, <a href=\"https:\/\/etnyre.com\/es\/sealcoat-camiones-texas\/\">Texas<\/a>, <a href=\"https:\/\/etnyre.com\/es\/equipos-de-revestimiento-de-juntas-illinois\/\">Illinois<\/a> y en todo Estados Unidos.<\/p>\n","protected":false},"excerpt":{"rendered":"<p>M\u00e1quinas fiables y de alta calidad para el tratamiento de pavimentos El sellado es uno de los servicios m\u00e1s esenciales que los contratistas de asfalto pueden ofrecer a clientes residenciales y comerciales. Un sellado de pavimento de calidad puede prevenir los da\u00f1os y el deterioro del asfalto, prolongar la vida \u00fatil de su pavimento y &hellip; <a href=\"https:\/\/etnyre.com\/es\/sellado-del-pavimento\/\" class=\"more-link\">Continue reading <span class=\"screen-reader-text\">Sellado del pavimento<\/span><\/a><\/p>\n","protected":false},"author":1,"featured_media":10733,"parent":0,"menu_order":0,"comment_status":"closed","ping_status":"closed","template":"","meta":{"_acf_changed":false,"footnotes":""},"class_list":["post-11527","page","type-page","status-publish","has-post-thumbnail","hentry"],"acf":[],"_links":{"self":[{"href":"https:\/\/etnyre.com\/es\/wp-json\/wp\/v2\/pages\/11527","targetHints":{"allow":["GET"]}}],"collection":[{"href":"https:\/\/etnyre.com\/es\/wp-json\/wp\/v2\/pages"}],"about":[{"href":"https:\/\/etnyre.com\/es\/wp-json\/wp\/v2\/types\/page"}],"author":[{"embeddable":true,"href":"https:\/\/etnyre.com\/es\/wp-json\/wp\/v2\/users\/1"}],"replies":[{"embeddable":true,"href":"https:\/\/etnyre.com\/es\/wp-json\/wp\/v2\/comments?post=11527"}],"version-history":[{"count":2,"href":"https:\/\/etnyre.com\/es\/wp-json\/wp\/v2\/pages\/11527\/revisions"}],"predecessor-version":[{"id":13760,"href":"https:\/\/etnyre.com\/es\/wp-json\/wp\/v2\/pages\/11527\/revisions\/13760"}],"wp:featuredmedia":[{"embeddable":true,"href":"https:\/\/etnyre.com\/es\/wp-json\/wp\/v2\/media\/10733"}],"wp:attachment":[{"href":"https:\/\/etnyre.com\/es\/wp-json\/wp\/v2\/media?parent=11527"}],"curies":[{"name":"wp","href":"https:\/\/api.w.org\/{rel}","templated":true}]}}