{"id":11528,"date":"2024-04-09T04:17:28","date_gmt":"2024-04-09T04:17:28","guid":{"rendered":"https:\/\/etnyre.com\/equipos-de-revestimiento-de-asfalto-2\/"},"modified":"2025-05-28T06:11:10","modified_gmt":"2025-05-28T06:11:10","slug":"equipos-de-revestimiento-de-asfalto-2","status":"publish","type":"page","link":"https:\/\/etnyre.com\/es\/equipos-de-revestimiento-de-asfalto-2\/","title":{"rendered":"Equipos de revestimiento de asfalto"},"content":{"rendered":"<h3>Preserve las carreteras con el mejor equipo de sellado de asfalto disponible<\/h3>\n<p>Para prolongar la vida \u00fatil y aumentar la resistencia de las carreteras, las empresas y los municipios de todo el pa\u00eds conf\u00edan en <a href=\"https:\/\/etnyre.com\/es\/sellado-de-asfalto\/\">el sellado asf\u00e1ltico<\/a>. Sin embargo, el sellado s\u00f3lo es posible (y eficaz) cuando lo realizan expertos en pavimentaci\u00f3n asf\u00e1ltica que utilizan los mejores equipos de sellado asf\u00e1ltico. Si usted es un contratista de asfalto, en busca de maquinaria de alta calidad para su <a href=\"https:\/\/etnyre.com\/es\/servicio-de-sellado\/\">servicio de sellado<\/a>, hable con el equipo de E.D. Etnyre &amp; Co. Podemos poner a su disposici\u00f3n las m\u00e1quinas de sellado que necesita para que su empresa tenga \u00e9xito.<\/p>\n<h3>Selladoras para cualquier trabajo<\/h3>\n<p>El sellado no es un servicio demasiado dif\u00edcil de ofrecer para los contratistas de asfalto. Sin embargo, la impermeabilizaci\u00f3n puede realizarse de forma m\u00e1s r\u00e1pida, precisa y experta si se utiliza el <a href=\"https:\/\/etnyre.com\/es\/equipos-de-sellado\/\">equipo<\/a> adecuado. As\u00ed, Etnyre suministra numerosos sistemas de sellado en funci\u00f3n de las necesidades de sus clientes.<\/p>\n<ul>\n<li><strong>PavementSavers<\/strong>\n<ul>\n<li>Nuestros <a href=\"https:\/\/etnyre.com\/es\/pavementsaver\/\">PavementSavers<\/a> son los buggies de sellado perfectos para trabajos de sellado peque\u00f1os y precisos. Aunque un cami\u00f3n de impermeabilizaci\u00f3n puede cubrir una superficie impresionante, puede resultar dif\u00edcil maniobrar en esquinas estrechas y peque\u00f1as zonas de pavimento. Para resolver estas preocupaciones, nuestras PavementSavers son piezas compactas de maquinaria con una impresionante capacidad para la capa de sellado y f\u00e1ciles de conducir para cualquier operario.<\/li>\n<\/ul>\n<\/li>\n<li><strong>BC502SC<\/strong>\n<ul>\n<li>La <a href=\"https:\/\/etnyre.com\/bc502sc\/\">BC502SC<\/a>, que sustituye a las carretillas de recubrimiento de juntas RaynMaker, es la mejor para completar tus trabajos de recubrimiento de juntas m\u00e1s grandes. Nuestras BC502SC tienen una capacidad de dep\u00f3sito incre\u00edble, \u00a1lo que permite terminar la mayor\u00eda de los trabajos de sealcoat en un solo dep\u00f3sito! Adem\u00e1s, nuestros BC502SC incorporan barras de pulverizaci\u00f3n ajustables con controles de precisi\u00f3n en la cabina del cami\u00f3n. Nuestras m\u00e1quinas BC502SC hacen que el sellado sea sencillo y c\u00f3modo, reduciendo la mano de obra y los costes de operaci\u00f3n para la mayor\u00eda de los contratistas de asfalto.<\/li>\n<\/ul>\n<\/li>\n<li><strong>RaynPro Serie T<\/strong>\n<ul>\n<li>Tal vez usted necesita un nuevo equipo de sealcoating pero no requiere el cami\u00f3n o buggy que viene con las ofertas de m\u00e1quinas est\u00e1ndar de Etnyre. Si es as\u00ed, \u00a1Etnyre le ayuda! Nuestra <a href=\"https:\/\/etnyre.com\/es\/raynpro-serie-t\/\">Serie T RaynPro<\/a> se adapta a cualquier cami\u00f3n o remolque que ya posea. Obtendr\u00e1 la misma comodidad y eficacia que con nuestras PavementSavers o BC502SC, pero utilizando camiones y equipos ya adquiridos. Por no mencionar que la Serie T de RaynPro puede ser m\u00e1s asequible en comparaci\u00f3n con nuestros <a href=\"https:\/\/etnyre.com\/es\/los-mejores-equipos-de-sellado\/\">equipos adicionales de sellado<\/a>.<\/li>\n<\/ul>\n<\/li>\n<\/ul>\n<h3>Conf\u00ede en Etnyre<\/h3>\n<p>Etnyre se esfuerza por ofrecer los equipos de sellado de asfalto de la m\u00e1s alta calidad para contratistas de todos los tama\u00f1os y en todo Estados Unidos. Desde 1898, Etnyre y su equipo han desarrollado equipos duraderos y fiables para diversas aplicaciones de asfalto. Nos propusimos crear un equipo mejor que ofreciera durabilidad y comodidad a los contratistas de toda la industria del asfalto. Hoy en d\u00eda, no s\u00f3lo hemos mejorado el dise\u00f1o de las <a href=\"https:\/\/etnyre.com\/es\/selladoras-de-lodos\/\">m\u00e1quinas de sellado de lodos<\/a>, sino que nuestros equipos de sellado son conocidos en todo el pa\u00eds.<\/p>\n<div class=\"left-img\"><\/div>\n<h3>Ll\u00e1menos<\/h3>\n<p>Aseg\u00farese de ofrecer el mejor servicio de sellado posible con el equipo de sellado de asfalto adecuado, gracias a E.D. Etnyre &amp; Co. Para obtener m\u00e1s informaci\u00f3n sobre nuestros otros productos de mantenimiento de carreteras, p\u00f3ngase en contacto con nosotros hoy mismo en el <a href=\"tel:8157322116\">815-732-2116<\/a>. Atendemos a clientes en <a href=\"https:\/\/etnyre.com\/es\/equipo-sealcoat-arizona\/\">Arizona<\/a>, <a href=\"https:\/\/etnyre.com\/es\/equipos-de-revestimiento-tennessee\/\">Tennessee<\/a>, <a href=\"https:\/\/etnyre.com\/es\/equipo-sealcoat-texas\/\">Texas<\/a>, <a href=\"https:\/\/etnyre.com\/es\/equipos-de-revestimiento-de-juntas-illinois\/\">Illinois<\/a> y en todo Estados Unidos.<\/p>\n","protected":false},"excerpt":{"rendered":"<p>Preserve las carreteras con el mejor equipo de sellado de asfalto disponible Para prolongar la vida \u00fatil y aumentar la resistencia de las carreteras, las empresas y los municipios de todo el pa\u00eds conf\u00edan en el sellado asf\u00e1ltico. Sin embargo, el sellado s\u00f3lo es posible (y eficaz) cuando lo realizan expertos en pavimentaci\u00f3n asf\u00e1ltica que &hellip; <a href=\"https:\/\/etnyre.com\/es\/equipos-de-revestimiento-de-asfalto-2\/\" class=\"more-link\">Continue reading <span class=\"screen-reader-text\">Equipos de revestimiento de asfalto<\/span><\/a><\/p>\n","protected":false},"author":1,"featured_media":10733,"parent":0,"menu_order":0,"comment_status":"closed","ping_status":"closed","template":"","meta":{"_acf_changed":false,"footnotes":""},"class_list":["post-11528","page","type-page","status-publish","has-post-thumbnail","hentry"],"acf":[],"_links":{"self":[{"href":"https:\/\/etnyre.com\/es\/wp-json\/wp\/v2\/pages\/11528","targetHints":{"allow":["GET"]}}],"collection":[{"href":"https:\/\/etnyre.com\/es\/wp-json\/wp\/v2\/pages"}],"about":[{"href":"https:\/\/etnyre.com\/es\/wp-json\/wp\/v2\/types\/page"}],"author":[{"embeddable":true,"href":"https:\/\/etnyre.com\/es\/wp-json\/wp\/v2\/users\/1"}],"replies":[{"embeddable":true,"href":"https:\/\/etnyre.com\/es\/wp-json\/wp\/v2\/comments?post=11528"}],"version-history":[{"count":2,"href":"https:\/\/etnyre.com\/es\/wp-json\/wp\/v2\/pages\/11528\/revisions"}],"predecessor-version":[{"id":13188,"href":"https:\/\/etnyre.com\/es\/wp-json\/wp\/v2\/pages\/11528\/revisions\/13188"}],"wp:featuredmedia":[{"embeddable":true,"href":"https:\/\/etnyre.com\/es\/wp-json\/wp\/v2\/media\/10733"}],"wp:attachment":[{"href":"https:\/\/etnyre.com\/es\/wp-json\/wp\/v2\/media?parent=11528"}],"curies":[{"name":"wp","href":"https:\/\/api.w.org\/{rel}","templated":true}]}}