{"id":11529,"date":"2024-04-09T04:17:29","date_gmt":"2024-04-09T04:17:29","guid":{"rendered":"https:\/\/etnyre.com\/sellado-de-asfalto\/"},"modified":"2025-05-28T06:11:11","modified_gmt":"2025-05-28T06:11:11","slug":"sellado-de-asfalto","status":"publish","type":"page","link":"https:\/\/etnyre.com\/es\/sellado-de-asfalto\/","title":{"rendered":"Sellado de asfalto"},"content":{"rendered":"<h3>Recubrimiento asf\u00e1ltico eficaz gracias a los mejores equipos disponibles<\/h3>\n<p>Como contratista de asfalto, es probable que ofrezca servicios relacionados con la conservaci\u00f3n del asfalto. Uno de estos servicios, el sellado de asfalto, ha demostrado ser un m\u00e9todo muy fiable y eficaz para prolongar la vida \u00fatil del asfalto. Sin embargo, la realizaci\u00f3n de este servicio no es posible sin la ayuda de un <a href=\"https:\/\/etnyre.com\/es\/los-mejores-equipos-de-sellado\/\">equipo de sellado<\/a> adecuado. Afortunadamente, E.D. Etnyre &amp; Co. lleva a\u00f1os perfeccionando <a href=\"https:\/\/etnyre.com\/es\/equipos-de-revestimiento-de-asfalto-2\/\">camiones, buggies y sistemas de sellado<\/a> duraderos, fiables y de alta calidad. Cuente con Etnyre a la hora de adquirir nueva maquinaria de sellado para su empresa.<\/p>\n<h3>Por qu\u00e9 sus clientes necesitan Sealcoating<\/h3>\n<p>Aunque el sellado es un servicio independiente de la pavimentaci\u00f3n de asfalto, es necesario para mantener las carreteras en buen estado. Todos los contratistas de asfalto deben ofrecer el <a href=\"https:\/\/etnyre.com\/es\/servicio-de-sellado\/\">sellado<\/a> como parte de sus servicios por los muchos beneficios que el sellado puede ofrecer. Dichas prestaciones incluyen:<\/p>\n<ul>\n<li><strong>Protecci\u00f3n UV<\/strong>\n<ul>\n<li>Tan perjudiciales como los rayos UV para la piel humana, pueden ser igual de problem\u00e1ticos para el asfalto. Cuando los rayos UV inciden sobre el asfalto, se inicia un proceso de oxidaci\u00f3n que reseca el pavimento y lo hace m\u00e1s susceptible de sufrir grietas y otros da\u00f1os. Y del mismo modo que utilizamos crema solar para proteger nuestra piel de los rayos UV, el asfalto utiliza sellado. La aplicaci\u00f3n de una capa de sellado ayuda a proteger contra la oxidaci\u00f3n y evita que el asfalto se seque.<\/li>\n<\/ul>\n<\/li>\n<li><strong>Conservaci\u00f3n asequible<\/strong>\n<ul>\n<li>Si sus clientes dejan pasar demasiado tiempo sin sellar las calzadas y los terrenos asfaltados, es probable que se deterioren antes de lo previsto. As\u00ed, sus clientes pagar\u00e1n las reparaciones y sustituciones antes de lo debido. Por el contrario, el sellado ayuda a ralentizar el proceso de deterioro, repeliendo los rayos del sol, la humedad y los derrames qu\u00edmicos. El sellado es mucho m\u00e1s asequible que la mayor\u00eda de las reparaciones de asfalto y sustituciones de pavimento.<\/li>\n<\/ul>\n<\/li>\n<li><strong>Aspecto mejorado<\/strong>\n<ul>\n<li>El asfalto no s\u00f3lo empieza a deteriorarse con el tiempo, sino que la superficie tiende a perder gran parte de su color. Aunque esto no inutiliza el pavimento, le quita gran parte de su atractivo exterior. Y para las empresas y los propietarios de tiendas que buscan atraer m\u00e1s negocio, el atractivo de la acera es crucial para poner una \u00abcara profesional\u00bb. Afortunadamente, el sellado no s\u00f3lo ralentiza el deterioro, sino que tambi\u00e9n restaura el color del pavimento, ayud\u00e1ndole a parecer nuevo de nuevo.<\/li>\n<\/ul>\n<\/li>\n<\/ul>\n<h3>C\u00f3mo puede ayudar Etnyre<\/h3>\n<p>Etnyre apoya a los contratistas de asfalto de todo Estados Unidos en la b\u00fasqueda de los mejores equipos para el sellado y <a href=\"https:\/\/etnyre.com\/es\/equipo-de-construccion-de-carreteras\/\">mantenimiento de carreteras<\/a>. Nuestras m\u00e1quinas de sellado son unas de las m\u00e1s r\u00e1pidas y duraderas del sector. Con la <a href=\"https:\/\/etnyre.com\/bc502sc\/\">BC502SC<\/a> de Etnyre, los contratistas pueden aplicar capas de sellado de forma segura y eficiente en cualquier terreno o carretera de gran tama\u00f1o. Adem\u00e1s, con nuestros <a href=\"https:\/\/etnyre.com\/es\/pavementsaver\/\">PavementSavers<\/a> (buggies de sellado), se pueden realizar trabajos de sellado m\u00e1s peque\u00f1os y precisos, ofreciendo a los operarios la mayor facilidad y comodidad.<\/p>\n<div class=\"left-img\"><img loading=\"lazy\" decoding=\"async\" class=\"alignnone\" src=\"https:\/\/etnyre.com\/wp-content\/uploads\/2024\/03\/Asphalt-Sealcoating-2.jpg\" alt=\"Un PavementSaver, un buggie de sellado utilizado para el sellado de asfalto\" width=\"500\" height=\"350\" title=\"\"><\/div>\n<h3>Habla con nuestro equipo<\/h3>\n<p>Por muy esencial que sea un servicio como el sellado de asfalto, su empresa necesita el equipo adecuado para satisfacer las necesidades de sellado de sus clientes. Afortunadamente, E.D. Etnyre &amp; Co. puede ayudarle con nuestros sistemas de sellado duraderos, eficientes y de larga duraci\u00f3n. Para obtener m\u00e1s informaci\u00f3n sobre la l\u00ednea de Etnyre de equipos de mantenimiento de carreteras, p\u00f3ngase en contacto con nosotros hoy en <a href=\"tel:8157322116\">815-732-2116<\/a>. Atendemos a clientes en Arizona, Tennessee, Texas, Illinois y en todo Estados Unidos.<\/p>\n","protected":false},"excerpt":{"rendered":"<p>Recubrimiento asf\u00e1ltico eficaz gracias a los mejores equipos disponibles Como contratista de asfalto, es probable que ofrezca servicios relacionados con la conservaci\u00f3n del asfalto. Uno de estos servicios, el sellado de asfalto, ha demostrado ser un m\u00e9todo muy fiable y eficaz para prolongar la vida \u00fatil del asfalto. Sin embargo, la realizaci\u00f3n de este servicio &hellip; <a href=\"https:\/\/etnyre.com\/es\/sellado-de-asfalto\/\" class=\"more-link\">Continue reading <span class=\"screen-reader-text\">Sellado de asfalto<\/span><\/a><\/p>\n","protected":false},"author":1,"featured_media":10693,"parent":0,"menu_order":0,"comment_status":"closed","ping_status":"closed","template":"","meta":{"_acf_changed":false,"footnotes":""},"class_list":["post-11529","page","type-page","status-publish","has-post-thumbnail","hentry"],"acf":[],"_links":{"self":[{"href":"https:\/\/etnyre.com\/es\/wp-json\/wp\/v2\/pages\/11529","targetHints":{"allow":["GET"]}}],"collection":[{"href":"https:\/\/etnyre.com\/es\/wp-json\/wp\/v2\/pages"}],"about":[{"href":"https:\/\/etnyre.com\/es\/wp-json\/wp\/v2\/types\/page"}],"author":[{"embeddable":true,"href":"https:\/\/etnyre.com\/es\/wp-json\/wp\/v2\/users\/1"}],"replies":[{"embeddable":true,"href":"https:\/\/etnyre.com\/es\/wp-json\/wp\/v2\/comments?post=11529"}],"version-history":[{"count":1,"href":"https:\/\/etnyre.com\/es\/wp-json\/wp\/v2\/pages\/11529\/revisions"}],"predecessor-version":[{"id":14284,"href":"https:\/\/etnyre.com\/es\/wp-json\/wp\/v2\/pages\/11529\/revisions\/14284"}],"wp:featuredmedia":[{"embeddable":true,"href":"https:\/\/etnyre.com\/es\/wp-json\/wp\/v2\/media\/10693"}],"wp:attachment":[{"href":"https:\/\/etnyre.com\/es\/wp-json\/wp\/v2\/media?parent=11529"}],"curies":[{"name":"wp","href":"https:\/\/api.w.org\/{rel}","templated":true}]}}