{"id":11531,"date":"2024-04-09T04:17:29","date_gmt":"2024-04-09T04:17:29","guid":{"rendered":"https:\/\/etnyre.com\/equipos-de-sellado-de-lodos\/"},"modified":"2025-05-28T06:11:48","modified_gmt":"2025-05-28T06:11:48","slug":"equipos-de-sellado-de-lodos","status":"publish","type":"page","link":"https:\/\/etnyre.com\/es\/equipos-de-sellado-de-lodos\/","title":{"rendered":"Equipos de sellado de lodos"},"content":{"rendered":"<h3>Invierta en el mejor tratamiento de pavimentos con equipos de sellado de lodos<\/h3>\n<p>E.D. Etnyre &amp; Co. se esfuerza continuamente por hacer que el trabajo de los contratistas de asfalto sea m\u00e1s f\u00e1cil que nunca. Con equipos nuevos, duraderos y de alta producci\u00f3n dise\u00f1ados y fabricados por Etnyre, los contratistas de asfalto pueden adelantarse a la competencia y ofrecer un servicio fiable a los clientes. Entre los mejores productos que ofrece Etnyre, \u00a1nuestros equipos de sellado de lodos no tienen rival! Invertir en la <a href=\"https:\/\/etnyre.com\/es\/selladoras-de-lodos\/\">maquinaria de sellado de lechada de<\/a> Etnyre permite a su empresa ofrecer uno de los mejores servicios de tratamiento de asfalto.<\/p>\n<h3>\u00bfPor qu\u00e9 elegir el tratamiento de sellado con lechada?<\/h3>\n<p>En lo que respecta a los m\u00e9todos altamente eficaces para la <a href=\"https:\/\/etnyre.com\/es\/repavimentacion-de-carreteras\/\">renovaci\u00f3n<\/a> y el tratamiento del pavimento asf\u00e1ltico, el sellado con lechada es uno de los mejores. Un <a href=\"https:\/\/etnyre.com\/es\/sellado-de-lodos\/\">sellado de lechada<\/a> es una mezcla de emulsi\u00f3n asf\u00e1ltica, \u00e1rido, aglutinantes y agua para crear un sellado\/barrera eficaz para el asfalto. De este modo, sus clientes pueden beneficiarse del tratamiento de sellado con lechada y de su capacidad para:<\/p>\n<ul>\n<li><strong>Reparaci\u00f3n de carreteras con mucho tr\u00e1fico<\/strong>\n<ul>\n<li>Algunas de las superficies de asfalto con mayor riesgo de deterioro son las carreteras que reciben un tr\u00e1fico importante. Mientras que las capas de sellado o el sellado de gravilla pueden proteger su carretera durante un tiempo, los sellados de lechada son mejores para reducir el impacto de la tensi\u00f3n en una superficie de asfalto. Por esta raz\u00f3n, los sellados de lechada son mejores para reparar y preservar las carreteras con mucho tr\u00e1fico.<\/li>\n<\/ul>\n<\/li>\n<li><strong>Restaurar da\u00f1os graves<\/strong>\n<ul>\n<li>A medida que las parcelas de asfalto y las carreteras envejecen y se deterioran, pueden llegar a un \u00abpunto de no retorno\u00bb en el que la <a href=\"https:\/\/etnyre.com\/es\/reparacion-de-carreteras\/\">reparaci\u00f3n<\/a> y la protecci\u00f3n est\u00e1ndar no son suficientes. Sin embargo, los sellados con lechada pueden salvar el pavimento antes de que sus clientes opten por la sustituci\u00f3n del asfalto. Los tratamientos de sellado con lechada no s\u00f3lo rellenan las grietas y protegen el asfalto, sino que pueden ayudar a rellenar las zonas del pavimento que no est\u00e1n bien asfaltadas, invirtiendo as\u00ed parte del peor deterioro.<\/li>\n<\/ul>\n<\/li>\n<li><strong>Prolongar la vida \u00fatil del pavimento<\/strong>\n<ul>\n<li>Aunque <a href=\"https:\/\/etnyre.com\/es\/sellado-de-asfalto\/\">el sellado<\/a> es un m\u00e9todo eficaz y popular para proteger y prolongar la longevidad del pavimento, no es el \u00fanico. De hecho, el tratamiento de sellado con lechada puede cumplir los mismos objetivos que el revestimiento de sellado, pero en mayor medida. Mientras que el sellado debe volver a aplicarse cada 2-3 a\u00f1os, los sellados de lechada duran hasta 10 a\u00f1os, protegiendo su pavimento todo el tiempo.<\/li>\n<\/ul>\n<\/li>\n<\/ul>\n<h3>Maquinaria Etnyre<\/h3>\n<p>Aunque el sellado de lechada es un tratamiento del asfalto incre\u00edblemente eficaz, s\u00f3lo es posible aplicarlo con el equipo adecuado. Afortunadamente, el producto estrella de Etnyre est\u00e1 dise\u00f1ado espec\u00edficamente para juntas de lechada. El <a href=\"https:\/\/etnyre.com\/es\/roadsaver\/\">RoadSaver<\/a> es la l\u00ednea premium de Etnyre de equipos de sellado de lechada. Utilizando acero resistente, componentes avanzados y un dise\u00f1o de f\u00e1cil manejo, nuestras m\u00e1quinas superan en rendimiento y duraci\u00f3n a todo lo que pueden ofrecer otros fabricantes. Las mejores caracter\u00edsticas de nuestros <a href=\"https:\/\/etnyre.com\/roadsaver\/roadsaver-ii\/\">RoadSaver II<\/a> y <a href=\"https:\/\/etnyre.com\/roadsaver\/roadsaver-iiig\/\">Road Saver IIIG<\/a> son:<\/p>\n<ul class=\"col-2\">\n<li>100% Made in USA<\/li>\n<li>Motor PACCAR para camiones con mayor par a bajas revoluciones<\/li>\n<li>Dise\u00f1o REPTO con funci\u00f3n de cambio en caliente, que incluye elementos de seguridad espec\u00edficos<\/li>\n<li>Sistema de filtrado de la bomba de emulsi\u00f3n<\/li>\n<li>Accionamientos hidr\u00e1ulicos dobles para un par equilibrado<\/li>\n<li>Sensores electr\u00f3nicos y pantallas de \u00faltima generaci\u00f3n que proporcionan informaci\u00f3n del sistema en tiempo real<\/li>\n<li>Sistema de aditivos secos accionado hidr\u00e1ulicamente<\/li>\n<li>Centro de control del operador central<\/li>\n<\/ul>\n<div class=\"left-img\"><img loading=\"lazy\" decoding=\"async\" class=\"alignnone\" src=\"https:\/\/etnyre.com\/wp-content\/uploads\/2024\/03\/Slurry-Seal-Equipment-2.jpg\" alt=\"Equipos de sellado de lodos desarrollados por Rayner Equipment Systems\" width=\"500\" height=\"350\" title=\"\"><\/div>\n<h3>Llama hoy<\/h3>\n<p>Cuando busque equipos de sellado de lechada altamente fiables y funcionales para su empresa de pavimentaci\u00f3n de asfalto, puede contar con E.D. Etnyre &amp; Co. Para obtener m\u00e1s informaci\u00f3n sobre nuestras RoadSavers o nuestra maquinaria adicional de pavimentaci\u00f3n de asfalto, p\u00f3ngase en contacto con nosotros hoy mismo en el <a href=\"tel:8157322116\">815-732-2116<\/a>. Atendemos a clientes en Arizona, Tennessee, Texas, Illinois y en todo Estados Unidos.<\/p>\n","protected":false},"excerpt":{"rendered":"<p>Invierta en el mejor tratamiento de pavimentos con equipos de sellado de lodos E.D. Etnyre &amp; Co. se esfuerza continuamente por hacer que el trabajo de los contratistas de asfalto sea m\u00e1s f\u00e1cil que nunca. Con equipos nuevos, duraderos y de alta producci\u00f3n dise\u00f1ados y fabricados por Etnyre, los contratistas de asfalto pueden adelantarse a &hellip; <a href=\"https:\/\/etnyre.com\/es\/equipos-de-sellado-de-lodos\/\" class=\"more-link\">Continue reading <span class=\"screen-reader-text\">Equipos de sellado de lodos<\/span><\/a><\/p>\n","protected":false},"author":1,"featured_media":10728,"parent":0,"menu_order":0,"comment_status":"closed","ping_status":"closed","template":"","meta":{"_acf_changed":false,"footnotes":""},"class_list":["post-11531","page","type-page","status-publish","has-post-thumbnail","hentry"],"acf":[],"_links":{"self":[{"href":"https:\/\/etnyre.com\/es\/wp-json\/wp\/v2\/pages\/11531","targetHints":{"allow":["GET"]}}],"collection":[{"href":"https:\/\/etnyre.com\/es\/wp-json\/wp\/v2\/pages"}],"about":[{"href":"https:\/\/etnyre.com\/es\/wp-json\/wp\/v2\/types\/page"}],"author":[{"embeddable":true,"href":"https:\/\/etnyre.com\/es\/wp-json\/wp\/v2\/users\/1"}],"replies":[{"embeddable":true,"href":"https:\/\/etnyre.com\/es\/wp-json\/wp\/v2\/comments?post=11531"}],"version-history":[{"count":1,"href":"https:\/\/etnyre.com\/es\/wp-json\/wp\/v2\/pages\/11531\/revisions"}],"predecessor-version":[{"id":14298,"href":"https:\/\/etnyre.com\/es\/wp-json\/wp\/v2\/pages\/11531\/revisions\/14298"}],"wp:featuredmedia":[{"embeddable":true,"href":"https:\/\/etnyre.com\/es\/wp-json\/wp\/v2\/media\/10728"}],"wp:attachment":[{"href":"https:\/\/etnyre.com\/es\/wp-json\/wp\/v2\/media?parent=11531"}],"curies":[{"name":"wp","href":"https:\/\/api.w.org\/{rel}","templated":true}]}}