{"id":11533,"date":"2024-04-09T04:17:29","date_gmt":"2024-04-09T04:17:29","guid":{"rendered":"https:\/\/etnyre.com\/selladoras-de-lodos\/"},"modified":"2025-09-16T17:45:46","modified_gmt":"2025-09-16T17:45:46","slug":"selladoras-de-lodos","status":"publish","type":"page","link":"https:\/\/etnyre.com\/es\/selladoras-de-lodos\/","title":{"rendered":"Selladoras de lodos"},"content":{"rendered":"<h3>Mantenimiento de carreteras bien hecho con m\u00e1quinas de sellado de lodos<\/h3>\n<p><a href=\"https:\/\/etnyre.com\/es\/sellado-de-lodos\/\">El sellado con lechada<\/a> o el Microsellado se han convertido en opciones populares para el tratamiento de la superficie del pavimento. Los contratistas o ayuntamientos que deseen invertir en lechada o microservicios, deben disponer de las mejores m\u00e1quinas.  Afortunadamente, E.D. Etnyre &amp; Co. lo tiene cubierto.<\/p>\n<h3>Selladoras de lodos de alta fiabilidad<\/h3>\n<p><a href=\"https:\/\/etnyre.com\/es\/roadsaver\/\">Las RoadSavers<\/a> son la l\u00ednea premium de Etnyre de <a href=\"https:\/\/etnyre.com\/es\/selladoras-de-lodos\/\">m\u00e1quinas de sellado de lodos<\/a>. Por ello, fabricamos nuestros equipos con mejor acero, componentes de alta calidad y un dise\u00f1o de f\u00e1cil manejo que supera lo que ofrecen nuestros competidores. Con m\u00e1s de 35 a\u00f1os de pruebas y cientos de unidades producidas en todo el mundo, nuestras m\u00e1quinas de sellado de lechada han demostrado ser las m\u00e1s fiables de la industria del asfalto. Algunas de las mejores caracter\u00edsticas del <a href=\"https:\/\/etnyre.com\/roadsaver\/roadsaver-ii\/\">RoadSaver II<\/a> y del <a href=\"https:\/\/etnyre.com\/roadsaver\/roadsaver-iiig\/\">RoadSaver IIIG<\/a> son:<\/p>\n<ul class=\"col-2\">\n<li>100% Made in USA<\/li>\n<li>Motor PACCAR para camiones con mayor par a bajas revoluciones<\/li>\n<li>Dise\u00f1o REPTO con funci\u00f3n de cambio en caliente, que incluye elementos de seguridad espec\u00edficos<\/li>\n<li>Sistema de filtrado de la bomba de emulsi\u00f3n<\/li>\n<li>Accionamientos hidr\u00e1ulicos dobles para un par equilibrado<\/li>\n<li>Sensores electr\u00f3nicos y pantallas de \u00faltima generaci\u00f3n que proporcionan informaci\u00f3n del sistema en tiempo real<\/li>\n<li>Sistema de aditivos secos accionado hidr\u00e1ulicamente<\/li>\n<li>Centro de control del operador central<\/li>\n<\/ul>\n<div class=\"left-img\"><img loading=\"lazy\" decoding=\"async\" class=\"alignnone\" src=\"https:\/\/etnyre.com\/wp-content\/uploads\/2024\/03\/RoadSaver-II-slurry-truck-in-parking-lot-in-California-500x350.jpg\" alt=\"La RoadSaver, una de las selladoras de Etnyre\" width=\"500\" height=\"350\" title=\"\"><\/div>\n<h3>Habla con nuestro equipo<\/h3>\n<p>Si desea ofrecer los mejores servicios de sellado de lodos en su zona, aseg\u00farese de contar con las m\u00e1quinas de sellado de lodos adecuadas para el trabajo. Habla hoy mismo con E.D. Etnyre &amp; Co. sobre nuestros <a href=\"https:\/\/etnyre.com\/es\/roadsaver\/\">RoadSavers<\/a> o equipos adicionales de mantenimiento del asfalto. Puede ponerse en contacto con nosotros en <a href=\"tel:8157322116\">el 815-732-2116<\/a> para obtener m\u00e1s informaci\u00f3n.<\/p>\n","protected":false},"excerpt":{"rendered":"<p>Mantenimiento de carreteras bien hecho con m\u00e1quinas de sellado de lodos El sellado con lechada o el Microsellado se han convertido en opciones populares para el tratamiento de la superficie del pavimento. Los contratistas o ayuntamientos que deseen invertir en lechada o microservicios, deben disponer de las mejores m\u00e1quinas. Afortunadamente, E.D. Etnyre &amp; Co. lo &hellip; <a href=\"https:\/\/etnyre.com\/es\/selladoras-de-lodos\/\" class=\"more-link\">Continue reading <span class=\"screen-reader-text\">Selladoras de lodos<\/span><\/a><\/p>\n","protected":false},"author":1,"featured_media":10789,"parent":0,"menu_order":0,"comment_status":"closed","ping_status":"closed","template":"","meta":{"_acf_changed":false,"footnotes":""},"class_list":["post-11533","page","type-page","status-publish","has-post-thumbnail","hentry"],"acf":[],"_links":{"self":[{"href":"https:\/\/etnyre.com\/es\/wp-json\/wp\/v2\/pages\/11533","targetHints":{"allow":["GET"]}}],"collection":[{"href":"https:\/\/etnyre.com\/es\/wp-json\/wp\/v2\/pages"}],"about":[{"href":"https:\/\/etnyre.com\/es\/wp-json\/wp\/v2\/types\/page"}],"author":[{"embeddable":true,"href":"https:\/\/etnyre.com\/es\/wp-json\/wp\/v2\/users\/1"}],"replies":[{"embeddable":true,"href":"https:\/\/etnyre.com\/es\/wp-json\/wp\/v2\/comments?post=11533"}],"version-history":[{"count":2,"href":"https:\/\/etnyre.com\/es\/wp-json\/wp\/v2\/pages\/11533\/revisions"}],"predecessor-version":[{"id":14288,"href":"https:\/\/etnyre.com\/es\/wp-json\/wp\/v2\/pages\/11533\/revisions\/14288"}],"wp:featuredmedia":[{"embeddable":true,"href":"https:\/\/etnyre.com\/es\/wp-json\/wp\/v2\/media\/10789"}],"wp:attachment":[{"href":"https:\/\/etnyre.com\/es\/wp-json\/wp\/v2\/media?parent=11533"}],"curies":[{"name":"wp","href":"https:\/\/api.w.org\/{rel}","templated":true}]}}