{"id":11534,"date":"2024-04-09T04:17:29","date_gmt":"2024-04-09T04:17:29","guid":{"rendered":"https:\/\/etnyre.com\/sellado-de-lechada-asfaltica\/"},"modified":"2025-05-28T06:11:11","modified_gmt":"2025-05-28T06:11:11","slug":"sellado-de-lechada-asfaltica","status":"publish","type":"page","link":"https:\/\/etnyre.com\/es\/sellado-de-lechada-asfaltica\/","title":{"rendered":"Sellado de lechada asf\u00e1ltica"},"content":{"rendered":"<h3>La mejor maquinaria para el tratamiento de lechada asf\u00e1ltica<\/h3>\n<p>\u00bfBusca mejorar los servicios de pavimentaci\u00f3n de asfalto de su empresa? Est\u00e1s en el sitio adecuado. E.D. Etnyre &amp; Co. desarrolla equipos de pavimentaci\u00f3n de asfalto de alta calidad para preservar y proteger el asfalto. Nuestro RoadSaver, uno de los principales productos de sellado de lechada de Etnyre, es inigualable en su aplicaci\u00f3n de sellado de lechada de asfalto a cualquier superficie de pavimento. P\u00f3ngase en contacto con Etnyre hoy mismo si est\u00e1 interesado en el RoadSaver o en cualquiera de nuestros productos.<\/p>\n<h3>Razones por las que sus clientes necesitan el sellado de purines<\/h3>\n<p>Pocos m\u00e9todos de tratamiento de pavimentos son m\u00e1s eficaces que el sellado con lechada. Un <a href=\"https:\/\/resroadsaver.com\/slurry-seal\/\" rel=\"nofollow noopener\" target=\"_blank\">sellado de lechada<\/a> es una mezcla de emulsi\u00f3n asf\u00e1ltica, \u00e1rido, aglutinantes y agua que se utiliza para crear un potente sellado\/barrera para el asfalto. El uso del <a href=\"https:\/\/resroadsaver.com\/roadsaver\/\" rel=\"nofollow noopener\" target=\"_blank\">RoadSaver<\/a> de Etnyre garantiza la f\u00e1cil mezcla y aplicaci\u00f3n del sellado de lechada a cualquier superficie de pavimento. El sellado de lechada es un servicio que debe recomendar a los clientes que lo deseen:<\/p>\n<ul>\n<li><strong>Proteger las carreteras con mucho tr\u00e1fico<\/strong>\n<ul>\n<li>El tr\u00e1fico intenso es uno de los principales factores que afectan a las carreteras de asfalto. La tensi\u00f3n y la presi\u00f3n ejercidas por los grandes camiones y veh\u00edculos sobre el pavimento pueden provocar grietas, desmoronamientos y la formaci\u00f3n de baches. Afortunadamente, los sellados de lechada pueden reforzar sus carreteras de tr\u00e1fico intenso. Los sellados de lechada se adhieren a las calzadas, creando una fuerte \u00abcapa exterior\u00bb que reduce la presi\u00f3n ejercida sobre el pavimento.<\/li>\n<\/ul>\n<\/li>\n<li><strong>Repele la humedad y los productos qu\u00edmicos<\/strong>\n<ul>\n<li>El clima, la humedad y los vertidos qu\u00edmicos son factores adicionales que pueden afectar a la durabilidad del asfalto. La lluvia intensa, el hielo, el aguanieve y la nieve pueden filtrarse por las grietas, congelando, descongelando y expandiendo los puntos d\u00e9biles del pavimento. Los vertidos qu\u00edmicos como el petr\u00f3leo o el gas tienen efectos similares pero son m\u00e1s corrosivos que el agua. Sin embargo, la colocaci\u00f3n de un sellado de lechada sobre el asfalto garantiza que las grietas se rellenen y que la humedad y los productos qu\u00edmicos no puedan infiltrarse en el asfalto.<\/li>\n<\/ul>\n<\/li>\n<li><strong>Restaurar asfalto da\u00f1ado<\/strong>\n<ul>\n<li>Si bien es cierto que llega un momento en que el pavimento puede sufrir da\u00f1os irreparables, el asfalto es sorprendentemente resistente. El asfalto moderadamente da\u00f1ado puede volver a la vida con un sellado de lechada asf\u00e1ltica. El sellado de lechada rellena grietas y peque\u00f1os baches y puede ayudar a reconstruir el pavimento deshecho. En general, el tratamiento de sellado con lechada ayuda a los clientes a evitar reparaciones costosas y es un servicio f\u00e1cil y barato que los contratistas pueden ofrecer.<\/li>\n<\/ul>\n<\/li>\n<\/ul>\n<h3>Caracter\u00edsticas del RoadSaver<\/h3>\n<p>El acero de alta calidad, los componentes avanzados, un dise\u00f1o f\u00e1cil de manejar y m\u00e1s de 35 a\u00f1os de pruebas han hecho que nuestras <a href=\"https:\/\/resroadsaver.com\/slurry-seal-machines\/\" rel=\"nofollow noopener\" target=\"_blank\">m\u00e1quinas RoadSaver de sellado de lodos<\/a> se utilicen en todo el mundo. Todas las funciones de nuestra RoadSaver se pueden supervisar y controlar sin esfuerzo, lo que garantiza una exactitud y precisi\u00f3n incre\u00edbles al aplicar un sellado de lechada al pavimento de asfalto. Algunas de las mejores caracter\u00edsticas del RoadSaver son:<\/p>\n<ul class=\"col-2\">\n<li>100% Made in USA<\/li>\n<li>Motor PACCAR para camiones con mayor par a bajas revoluciones<\/li>\n<li>Dise\u00f1o REPTO con funci\u00f3n de cambio en caliente, que incluye elementos de seguridad espec\u00edficos<\/li>\n<li>Sistema de filtrado de la bomba de emulsi\u00f3n<\/li>\n<li>Accionamientos hidr\u00e1ulicos dobles para un par equilibrado<\/li>\n<li>Sensores electr\u00f3nicos y pantallas de \u00faltima generaci\u00f3n que proporcionan informaci\u00f3n del sistema en tiempo real<\/li>\n<li>Sistema de aditivos secos accionado hidr\u00e1ulicamente<\/li>\n<li>Centro de control del operador central<\/li>\n<\/ul>\n<div class=\"left-img\"><img loading=\"lazy\" decoding=\"async\" class=\"alignnone\" src=\"https:\/\/etnyre.com\/wp-content\/uploads\/2024\/03\/Asphalt-Slurry-Seal-2.jpg\" alt=\"Camiones para la aplicaci\u00f3n de lechada asf\u00e1ltica en calzadas\" width=\"500\" height=\"350\" title=\"\"><\/div>\n<h3>Habla con nuestro equipo<\/h3>\n<p>El tratamiento de sellado de lechada asf\u00e1ltica es el servicio preciso que sus clientes necesitan para proteger, reparar y conservar los lotes de asfalto y las carreteras. Si necesita el equipo adecuado para proporcionar <a href=\"https:\/\/resroadsaver.com\/asphalt-slurry-seal\/\" rel=\"nofollow noopener\" target=\"_blank\">servicios de sellado de lechada<\/a> r\u00e1pidos, precisos y altamente eficaces, llame hoy mismo a E.D. Etnyre &amp; Co. Puede ponerse en contacto con nosotros en <a href=\"tel:8157322116\">el 815-732-2116<\/a>. Atendemos a clientes en Arizona, Tennessee, Texas, Illinois y en todo Estados Unidos.<\/p>\n","protected":false},"excerpt":{"rendered":"<p>La mejor maquinaria para el tratamiento de lechada asf\u00e1ltica \u00bfBusca mejorar los servicios de pavimentaci\u00f3n de asfalto de su empresa? Est\u00e1s en el sitio adecuado. E.D. Etnyre &amp; Co. desarrolla equipos de pavimentaci\u00f3n de asfalto de alta calidad para preservar y proteger el asfalto. Nuestro RoadSaver, uno de los principales productos de sellado de lechada &hellip; <a href=\"https:\/\/etnyre.com\/es\/sellado-de-lechada-asfaltica\/\" class=\"more-link\">Continue reading <span class=\"screen-reader-text\">Sellado de lechada asf\u00e1ltica<\/span><\/a><\/p>\n","protected":false},"author":1,"featured_media":10687,"parent":0,"menu_order":0,"comment_status":"closed","ping_status":"closed","template":"","meta":{"_acf_changed":false,"footnotes":""},"class_list":["post-11534","page","type-page","status-publish","has-post-thumbnail","hentry"],"acf":[],"_links":{"self":[{"href":"https:\/\/etnyre.com\/es\/wp-json\/wp\/v2\/pages\/11534","targetHints":{"allow":["GET"]}}],"collection":[{"href":"https:\/\/etnyre.com\/es\/wp-json\/wp\/v2\/pages"}],"about":[{"href":"https:\/\/etnyre.com\/es\/wp-json\/wp\/v2\/types\/page"}],"author":[{"embeddable":true,"href":"https:\/\/etnyre.com\/es\/wp-json\/wp\/v2\/users\/1"}],"replies":[{"embeddable":true,"href":"https:\/\/etnyre.com\/es\/wp-json\/wp\/v2\/comments?post=11534"}],"version-history":[{"count":1,"href":"https:\/\/etnyre.com\/es\/wp-json\/wp\/v2\/pages\/11534\/revisions"}],"predecessor-version":[{"id":14285,"href":"https:\/\/etnyre.com\/es\/wp-json\/wp\/v2\/pages\/11534\/revisions\/14285"}],"wp:featuredmedia":[{"embeddable":true,"href":"https:\/\/etnyre.com\/es\/wp-json\/wp\/v2\/media\/10687"}],"wp:attachment":[{"href":"https:\/\/etnyre.com\/es\/wp-json\/wp\/v2\/media?parent=11534"}],"curies":[{"name":"wp","href":"https:\/\/api.w.org\/{rel}","templated":true}]}}