{"id":11535,"date":"2024-04-09T04:17:29","date_gmt":"2024-04-09T04:17:29","guid":{"rendered":"https:\/\/etnyre.com\/los-mejores-pulverizadores-sealcoat\/"},"modified":"2025-05-28T06:11:36","modified_gmt":"2025-05-28T06:11:36","slug":"los-mejores-pulverizadores-sealcoat","status":"publish","type":"page","link":"https:\/\/etnyre.com\/es\/los-mejores-pulverizadores-sealcoat\/","title":{"rendered":"Los mejores pulverizadores Sealcoat"},"content":{"rendered":"<h3>Mantenimiento de solares y carreteras residenciales con los mejores pulverizadores de revestimiento sellador<\/h3>\n<p>Mientras que las carreteras con mayor tr\u00e1fico est\u00e1n suficientemente protegidas con sellados de lechada, \u00bfqu\u00e9 es mejor para proteger las carreteras residenciales, las entradas de veh\u00edculos y los aparcamientos? Como contratista de asfalto experimentado, usted ya conoce la respuesta: \u00a1la <a href=\"https:\/\/etnyre.com\/es\/servicio-de-sellado\/\">impermeabilizaci\u00f3n<\/a>! As\u00ed pues, cuando las empresas de pavimentaci\u00f3n de asfalto desean ofrecer una gama completa de servicios de reparaci\u00f3n\/conservaci\u00f3n del asfalto, es esencial disponer de <a href=\"https:\/\/etnyre.com\/es\/equipos-de-sellado\/\">equipos<\/a> de sellado. Y si busca algunas de las mejores pulverizadoras de sellado de los Estados Unidos, no busque m\u00e1s all\u00e1 de E.D. Etnyre &amp; Co.<\/p>\n<h3>C\u00f3mo destacan nuestras m\u00e1quinas<\/h3>\n<p>Para satisfacer las necesidades de nuestros clientes contratistas, Etnyre desarrolla m\u00e1quinas de sellado de alta calidad, altamente eficaces y personalizables. Tanto si necesita un sistema con carro, remolque o cami\u00f3n, podemos satisfacer sus necesidades con los mejores <a href=\"https:\/\/etnyre.com\/es\/pulverizadores-sealcoat\/\">pulverizadores de sellado<\/a> disponibles. As\u00ed es como se distinguen nuestras m\u00e1quinas sealcoat:<\/p>\n<ul>\n<li><strong>Flexibilidad<\/strong>\n<ul>\n<li>Para peque\u00f1as parcelas o entradas de veh\u00edculos, los camiones pulverizadores pueden ser demasiado grandes para maniobrar. Por el contrario, los trabajos de impermeabilizaci\u00f3n de largos tramos de carretera requerir\u00e1n m\u00e1s que un buggy para cubrirlos. Afortunadamente, Etnyre fabrica todo tipo de equipos de sellado para todo tipo de trabajos. Adem\u00e1s, las opciones de personalizaci\u00f3n de la capacidad del dep\u00f3sito le permiten aplicar un sellado uniforme en proyectos de cualquier envergadura.<\/li>\n<\/ul>\n<\/li>\n<li><strong>Longevidad<\/strong>\n<ul>\n<li>Con controles inform\u00e1ticos dise\u00f1ados con precisi\u00f3n, motores potentes y acero de alta calidad, los equipos de sellado de Etnyre est\u00e1n pensados para durar toda la vida. A diferencia de las selladoras de otros fabricantes, no se ver\u00e1 atrapado continuamente sustituyendo y reparando piezas. Nuestras BC502SC y PavementSavers son fiables y duraderas, y bien merecen la inversi\u00f3n de los contratistas de pavimentaci\u00f3n.<\/li>\n<\/ul>\n<\/li>\n<li><strong>F\u00e1cil de usar<\/strong>\n<ul>\n<li>No hace falta mucho para manejar las selladoras de Etnyre. <a href=\"https:\/\/etnyre.com\/bc502sc\/\">El BC502SC<\/a> y el PavementSaver son sistemas aut\u00f3nomos, lo que agiliza y facilita la realizaci\u00f3n de trabajos de recubrimiento de juntas con un tiempo de inactividad o interferencia m\u00ednimos. Y en lugar de aplicar el revestimiento de sellado mediante pulverizadores manuales, nuestros equipos permiten a los operarios aplicar revestimientos uniformes a las superficies desde la seguridad de una cabina o un cami\u00f3n.<\/li>\n<\/ul>\n<\/li>\n<\/ul>\n<h3>Opciones de equipamiento<\/h3>\n<p>Las selladoras de Etnyre ofrecen una calidad y fiabilidad inigualables. Desarrollamos nuestros equipos pensando en las necesidades de los contratistas. Por ello, las empresas de asfalto pueden elegir entre varias opciones de pulverizadores de sellado, como:<\/p>\n<ul>\n<li><a href=\"https:\/\/etnyre.com\/es\/pavementsaver\/\"><br \/>\n  <strong>PavementSavers<\/strong><br \/>\n<\/a> &#8211; Buggies de sellado, lo mejor para el mantenimiento de proyectos de sellado m\u00e1s peque\u00f1os o m\u00e1s precisos. Estas m\u00e1quinas est\u00e1n construidas para superar en rendimiento, duraci\u00f3n y prestaciones a todas las dem\u00e1s m\u00e1quinas de sellado. Hay disponibles varios tama\u00f1os, colores y opciones de dep\u00f3sito para nuestros modelos PavementSaver.<\/li>\n<li><a href=\"https:\/\/etnyre.com\/bc502sc\/\"><strong>BC502SC<\/strong><\/a> &#8211; M\u00e1quinas m\u00f3viles de distribuci\u00f3n de capas de sellado que sustituyen a los camiones de sellado RaynMaker. Cada m\u00e1quina incluye un cami\u00f3n espec\u00edfico, est\u00e1 montada sobre patines, es aut\u00f3noma y f\u00e1cil de manejar.  La BC502SC es la mejor para el mantenimiento de grandes parcelas y v\u00edas residenciales m\u00e1s largas.<\/li>\n<li><a href=\"https:\/\/etnyre.com\/es\/raynpro-serie-t\/\"><br \/>\n  <strong>RaynPro Serie T<\/strong><br \/>\n<\/a> &#8211; Caracter\u00edsticas y opciones de personalizaci\u00f3n similares a las del BC502SC, pero sin el cami\u00f3n dedicado. Si su flota de equipos de pavimentaci\u00f3n ya est\u00e1 formada por camiones de gran tonelaje, la Serie T le permite utilizar las mejores caracter\u00edsticas de nuestra BC502SC, pero a un coste significativamente reducido.<\/li>\n<\/ul>\n<div class=\"left-img\"><img loading=\"lazy\" decoding=\"async\" class=\"alignnone\" src=\"https:\/\/etnyre.com\/wp-content\/uploads\/2024\/03\/Best-Sealcoat-Sprayers-2.jpg\" alt=\"El PavementSaver, uno de los mejores pulverizadores de revestimiento de sellado de la industria del asfalto\" width=\"500\" height=\"350\" title=\"\"><\/div>\n<h3>Habla con nuestro equipo<\/h3>\n<p>Cuando busque los mejores pulverizadores de capa de sellado para su negocio de pavimentaci\u00f3n de asfalto, conf\u00ede en la alta calidad y eficiencia de los PavementSavers, BC502SC y RaynPro Serie T de E.D. Etnyre &amp; Co. O, para aprender m\u00e1s sobre la selecci\u00f3n de Etnyre del equipo del mantenimiento del camino, \u00e9ntrenos en contacto con hoy en <a href=\"tel:8157322116\">815-732-2116<\/a>. Atendemos a clientes en <a href=\"https:\/\/etnyre.com\/es\/sealcoat-buggies-arizona\/\">Arizona<\/a>, <a href=\"https:\/\/etnyre.com\/es\/equipos-de-revestimiento-tennessee\/\">Tennessee<\/a>, <a href=\"https:\/\/etnyre.com\/es\/sealcoat-camiones-texas\/\">Texas<\/a>, <a href=\"https:\/\/etnyre.com\/es\/equipos-de-revestimiento-de-juntas-illinois\/\">Illinois<\/a> y en todo Estados Unidos.<\/p>\n","protected":false},"excerpt":{"rendered":"<p>Mantenimiento de solares y carreteras residenciales con los mejores pulverizadores de revestimiento sellador Mientras que las carreteras con mayor tr\u00e1fico est\u00e1n suficientemente protegidas con sellados de lechada, \u00bfqu\u00e9 es mejor para proteger las carreteras residenciales, las entradas de veh\u00edculos y los aparcamientos? Como contratista de asfalto experimentado, usted ya conoce la respuesta: \u00a1la impermeabilizaci\u00f3n! As\u00ed &hellip; <a href=\"https:\/\/etnyre.com\/es\/los-mejores-pulverizadores-sealcoat\/\" class=\"more-link\">Continue reading <span class=\"screen-reader-text\">Los mejores pulverizadores Sealcoat<\/span><\/a><\/p>\n","protected":false},"author":1,"featured_media":10679,"parent":0,"menu_order":0,"comment_status":"closed","ping_status":"closed","template":"","meta":{"_acf_changed":false,"footnotes":""},"class_list":["post-11535","page","type-page","status-publish","has-post-thumbnail","hentry"],"acf":[],"_links":{"self":[{"href":"https:\/\/etnyre.com\/es\/wp-json\/wp\/v2\/pages\/11535","targetHints":{"allow":["GET"]}}],"collection":[{"href":"https:\/\/etnyre.com\/es\/wp-json\/wp\/v2\/pages"}],"about":[{"href":"https:\/\/etnyre.com\/es\/wp-json\/wp\/v2\/types\/page"}],"author":[{"embeddable":true,"href":"https:\/\/etnyre.com\/es\/wp-json\/wp\/v2\/users\/1"}],"replies":[{"embeddable":true,"href":"https:\/\/etnyre.com\/es\/wp-json\/wp\/v2\/comments?post=11535"}],"version-history":[{"count":2,"href":"https:\/\/etnyre.com\/es\/wp-json\/wp\/v2\/pages\/11535\/revisions"}],"predecessor-version":[{"id":14295,"href":"https:\/\/etnyre.com\/es\/wp-json\/wp\/v2\/pages\/11535\/revisions\/14295"}],"wp:featuredmedia":[{"embeddable":true,"href":"https:\/\/etnyre.com\/es\/wp-json\/wp\/v2\/media\/10679"}],"wp:attachment":[{"href":"https:\/\/etnyre.com\/es\/wp-json\/wp\/v2\/media?parent=11535"}],"curies":[{"name":"wp","href":"https:\/\/api.w.org\/{rel}","templated":true}]}}