{"id":11537,"date":"2024-04-09T04:17:31","date_gmt":"2024-04-09T04:17:31","guid":{"rendered":"https:\/\/etnyre.com\/tanques-sealcoat\/"},"modified":"2025-05-28T06:11:29","modified_gmt":"2025-05-28T06:11:29","slug":"tanques-sealcoat","status":"publish","type":"page","link":"https:\/\/etnyre.com\/es\/tanques-sealcoat\/","title":{"rendered":"Tanques Sealcoat"},"content":{"rendered":"<h3>Tanques de Capa de Foca para Satisfacer las Necesidades de los Contratistas de Asfalto de Todo EE.UU.<\/h3>\n<p>Para las empresas y los ayuntamientos que desean mantener asfaltados sus solares y calzadas, el sellado es un servicio esencial que necesitan. Por tanto, como contratista de asfalto, debes tener el <a href=\"https:\/\/etnyre.com\/es\/equipos-de-sellado\/\">equipo<\/a> necesario para satisfacer las demandas de los clientes que necesitan sellado. Afortunadamente, satisfacer esas demandas es f\u00e1cil gracias a E.D. Etnyre &amp; Co. Proporcionamos el mejor equipo necesario para ofrecer servicios de revestimiento de sellado, incluida nuestra l\u00ednea de cisternas y camiones cisterna para revestimiento de sellado.   <\/p>\n<h3>\u00bfPor qu\u00e9 necesita tu empresa dep\u00f3sitos Sealcoat?<\/h3>\n<p>Adem\u00e1s de <a href=\"https:\/\/etnyre.com\/es\/pulverizadores-sealcoat\/\">las pulverizadoras y los buggies de sealcoat<\/a> que ayudan en cada trabajo de sealcoating, Etnyre entiende la necesidad que tienen nuestros clientes de cisternas y camiones cisterna grandes y fiables. Si desea ofrecer servicios de sellado r\u00e1pidos y eficaces, a continuaci\u00f3n le indicamos algunas razones por las que deber\u00eda considerar la adquisici\u00f3n de cisternas para su empresa:<\/p>\n<ul>\n<li><strong>Capacidad para mantener fresca la capa de sellado<\/strong>\n<ul>\n<li>La capa de sellado es una mezcla de bet\u00fan asf\u00e1ltico que debe calentarse a una temperatura superior a 240 grados Fahrenheit para cualquier uso. Por tanto, disponer de dep\u00f3sitos y equipos que puedan mantener la capa de sellado fresca para usarla en cualquier momento es esencial para la mayor\u00eda de los contratistas de asfalto. Para ello, los dep\u00f3sitos de capa de sellado pueden cumplir este requisito.  <\/li>\n<\/ul>\n<\/li>\n<li><strong>Capacidad para almacenar m\u00e1s Sealcoat<\/strong>\n<ul>\n<li>Si est\u00e1s ampliando tus operaciones de revestimiento de juntas, necesitas capacidad para manejar grandes cargas de revestimiento de juntas. Sin embargo, sin dep\u00f3sitos especialmente dise\u00f1ados, est\u00e1s limitado en lo que puedes ofrecer a tus clientes. Las cisternas Etnyre pueden resolver los problemas de capacidad de tu empresa.  <\/li>\n<\/ul>\n<\/li>\n<li><strong>Transporte c\u00f3modo<\/strong>\n<ul>\n<li>Las <a href=\"https:\/\/etnyre.com\/es\/cisternas-y-camiones-cisterna\/\">cisternas o camiones cisterna<\/a> son esenciales para transportar la pintura de sellado a grandes distancias. De lo contrario, perder\u00e1 tiempo y dinero yendo y viniendo entre trabajos de sellado para rellenar su equipo. En su lugar, los camiones cisterna de sellado f\u00e1cilmente disponibles garantizan que pueda completar r\u00e1pidamente cualquier proyecto de sellado.<\/li>\n<\/ul>\n<\/li>\n<\/ul>\n<h3>Opciones y caracter\u00edsticas del dep\u00f3sito Sealcoat de Etnyre<\/h3>\n<p>Etnyre ofrece m\u00faltiples opciones para las empresas que necesitan cisternas de sealcoat. Tanto si necesitas m\u00e1s almacenamiento in situ como si quieres llevar grandes cantidades de sealcoat a trabajos de mantenimiento de carreteras, nuestras cisternas y camiones cisterna te cubren. Puedes elegir entre nuestros camiones cisterna y dep\u00f3sitos de almacenamiento port\u00e1tiles o fijos. Adem\u00e1s, podemos convertir las cisternas existentes en cisternas de sealcoat. Algunas de las mejores caracter\u00edsticas de nuestras cisternas son    <\/p>\n<ul class=\"col-2\">\n<li>Opciones de capacidad entre 200 y 12.000 galones<\/li>\n<li>Montaje en cami\u00f3n, remolque, plataforma o techo<\/li>\n<li>Mezcladoras helicoidales y mezcladoras de paletas<\/li>\n<li>Grupos hidr\u00e1ulicos de f\u00e1cil acceso<\/li>\n<li>Sistemas de bombeo con funciones de control remoto<\/li>\n<\/ul>\n<div class=\"left-img\"><img loading=\"lazy\" decoding=\"async\" class=\"alignnone\" src=\"https:\/\/etnyre.com\/wp-content\/uploads\/2024\/03\/orangetankcrop.jpg\" alt=\"Un tanque Etnyre Sealcoat\" width=\"500\" height=\"350\" title=\"\"><\/div>\n<h3>Llama hoy<\/h3>\n<p>Aseg\u00farate de que est\u00e1s haciendo lo m\u00e1ximo para apoyar tu negocio de pavimentaci\u00f3n de asfalto y sus servicios de revestimiento de sellado utilizando las cisternas y camiones cisterna de revestimiento de sellado de E.D. Etnyre &amp; Co. O, para saber m\u00e1s sobre nuestros otros equipos de mantenimiento y reparaci\u00f3n del asfalto, ponte en contacto con nosotros hoy mismo en el <a href=\"tel:8157322116\">815-732-2116<\/a>. Servimos a clientes de Arizona, Tennessee, Texas, Illinois y de todo Estados Unidos.  <\/p>\n","protected":false},"excerpt":{"rendered":"<p>Tanques de Capa de Foca para Satisfacer las Necesidades de los Contratistas de Asfalto de Todo EE.UU. Para las empresas y los ayuntamientos que desean mantener asfaltados sus solares y calzadas, el sellado es un servicio esencial que necesitan. Por tanto, como contratista de asfalto, debes tener el equipo necesario para satisfacer las demandas de &hellip; <a href=\"https:\/\/etnyre.com\/es\/tanques-sealcoat\/\" class=\"more-link\">Continue reading <span class=\"screen-reader-text\">Tanques Sealcoat<\/span><\/a><\/p>\n","protected":false},"author":1,"featured_media":10783,"parent":0,"menu_order":0,"comment_status":"closed","ping_status":"closed","template":"","meta":{"_acf_changed":false,"footnotes":""},"class_list":["post-11537","page","type-page","status-publish","has-post-thumbnail","hentry"],"acf":[],"_links":{"self":[{"href":"https:\/\/etnyre.com\/es\/wp-json\/wp\/v2\/pages\/11537","targetHints":{"allow":["GET"]}}],"collection":[{"href":"https:\/\/etnyre.com\/es\/wp-json\/wp\/v2\/pages"}],"about":[{"href":"https:\/\/etnyre.com\/es\/wp-json\/wp\/v2\/types\/page"}],"author":[{"embeddable":true,"href":"https:\/\/etnyre.com\/es\/wp-json\/wp\/v2\/users\/1"}],"replies":[{"embeddable":true,"href":"https:\/\/etnyre.com\/es\/wp-json\/wp\/v2\/comments?post=11537"}],"version-history":[{"count":2,"href":"https:\/\/etnyre.com\/es\/wp-json\/wp\/v2\/pages\/11537\/revisions"}],"predecessor-version":[{"id":14292,"href":"https:\/\/etnyre.com\/es\/wp-json\/wp\/v2\/pages\/11537\/revisions\/14292"}],"wp:featuredmedia":[{"embeddable":true,"href":"https:\/\/etnyre.com\/es\/wp-json\/wp\/v2\/media\/10783"}],"wp:attachment":[{"href":"https:\/\/etnyre.com\/es\/wp-json\/wp\/v2\/media?parent=11537"}],"curies":[{"name":"wp","href":"https:\/\/api.w.org\/{rel}","templated":true}]}}