{"id":11538,"date":"2024-04-09T04:17:31","date_gmt":"2024-04-09T04:17:31","guid":{"rendered":"https:\/\/etnyre.com\/pulverizadores-sealcoat\/"},"modified":"2025-05-28T06:11:30","modified_gmt":"2025-05-28T06:11:30","slug":"pulverizadores-sealcoat","status":"publish","type":"page","link":"https:\/\/etnyre.com\/es\/pulverizadores-sealcoat\/","title":{"rendered":"Pulverizadores Sealcoat"},"content":{"rendered":"<h3>Pulverizadores de capa de sellado de alta calidad para contratistas de pavimentaci\u00f3n de asfalto<\/h3>\n<p>Como equipo de mantenimiento de carreteras o contratista de pavimentaci\u00f3n de asfalto, se espera que preste diversos servicios de reparaci\u00f3n y mantenimiento del asfalto. De estos servicios, el sellado es uno de los m\u00e1s solicitados por los clientes. Por lo tanto, disponer de los pulverizadores sealcoat adecuados para cualquier tama\u00f1o de trabajo es crucial para el \u00e9xito de su negocio. Por ello, E.D. Etnyre &amp; Co. dise\u00f1a y fabrica nuestras PavementSavers y BC502SC para satisfacer las demandas de sellado y mantenimiento de carreteras en todo EE.UU.<\/p>\n<h3>Las ventajas de los pulverizadores Sealcoat de Etnyre<\/h3>\n<p>Si bien hay un mont\u00f3n de <a href=\"https:\/\/etnyre.com\/es\/tanques-sealcoat\/\">tanques industriales<\/a> m\u00e1s peque\u00f1os y<a href=\"https:\/\/etnyre.com\/es\/equipos-de-sellado\/\">m\u00e1quinas<\/a> <a href=\"https:\/\/etnyre.com\/es\/equipos-de-sellado\/\">sealcoating<\/a>, la l\u00ednea de Etnyre de pulverizadores sealcoat es mejor para los contratistas que gestionan largos tramos de carretera, grandes lotes, y proyectos significativos sealcoating. Algunas de las ventajas de nuestros equipos son<\/p>\n<ul>\n<li><strong>Mayor capacidad<\/strong>\n<ul>\n<li>Los tanques m\u00e1s peque\u00f1os y los pulverizadores comerciales de sealcoat funcionan muy bien cuando se trata de sellar asfalto para calzadas, carreteras cortas, parcelas privadas, etc. Sin embargo, la capacidad de estas m\u00e1quinas hace que tenga que rellenar continuamente el pulverizador para realizar trabajos de sellado de mayor envergadura. Por el contrario, nuestro BC502SC, que sustituye al RaynMaker, tiene una capacidad de dep\u00f3sito de m\u00e1s de 1.500 galones, lo que permite a los contratistas completar la mayor\u00eda de los proyectos en un solo llenado.<\/li>\n<\/ul>\n<\/li>\n<li><strong>Conveniencia<\/strong>\n<ul>\n<li>Las pulverizadoras manuales, aunque son perfectas para peque\u00f1os proyectos de sellado, no pueden satisfacer las exigencias del sellado de carreteras y grandes terrenos. Nuestros BC502SC y PavementSavers son sistemas aut\u00f3nomos que permiten una aplicaci\u00f3n uniforme de la capa de sellado desde la comodidad y seguridad de un cami\u00f3n o cabina.<\/li>\n<\/ul>\n<\/li>\n<li><strong>De larga duraci\u00f3n<\/strong>\n<ul>\n<li>Etnyre crea sus productos pensando en la longevidad. Con motores potentes, acero de alta calidad y controles dise\u00f1ados con precisi\u00f3n, nuestros pulverizadores de pavimentos duran m\u00e1s que los pulverizadores de sellado est\u00e1ndar del mercado. Los contratistas obtendr\u00e1n m\u00e1s que el valor de su dinero cuando utilicen PavementSavers y BC502SC como sus principales m\u00e1quinas de recubrimiento.<\/li>\n<\/ul>\n<\/li>\n<\/ul>\n<h3>Las mejores caracter\u00edsticas de nuestras m\u00e1quinas<\/h3>\n<p>La calidad y fiabilidad de los productos Etnyre no tienen parang\u00f3n en el sector de la pavimentaci\u00f3n asf\u00e1ltica. Cuando los contratistas y los equipos de mantenimiento de carreteras requieren las mejores opciones en <a href=\"https:\/\/etnyre.com\/es\/equipos-de-sellado\/\">equipos de sellado<\/a>, cuentan con la l\u00ednea de productos de dise\u00f1o excepcional de Etnyre. Algunas de las mejores caracter\u00edsticas de nuestras m\u00e1quinas incluyen:<\/p>\n<ul>\n<li><a href=\"https:\/\/etnyre.com\/es\/pavementsaver\/\">PavementSavers<\/a>\n<ul>\n<li>Mandos del operador con joystick<\/li>\n<li>Potentes componentes de accionamiento hidr\u00e1ulico<\/li>\n<li>Motores de rueda de pistones axiales con reducci\u00f3n planetaria<\/li>\n<li>Acero T-1 de alto rendimiento para dep\u00f3sitos mezcladores, hidr\u00e1ulicos y de gas\u00f3leo<\/li>\n<li>Barra de pulverizaci\u00f3n que se extiende de 8 a 12 pies<\/li>\n<li>Los mejores filtros de barra de pulverizaci\u00f3n del sector<\/li>\n<li>Opciones de capacidad entre 420+ y 510+ galones<\/li>\n<\/ul>\n<\/li>\n<li><a href=\"https:\/\/etnyre.com\/bc502sc\/\">BC502SC<\/a>\n<ul>\n<li>Todas las funciones de distribuci\u00f3n, circulaci\u00f3n y carga se seleccionan desde la cabina o el mando lateral<\/li>\n<li>Bomba hidrost\u00e1tica de pistones Sauer-Danfoss de 75 cc (4,75 pies c\u00fabicos) para trabajo pesado <\/li>\n<li>Control en cabina del GSY, v\u00e1lvulas de asfalto de la barra de pulverizaci\u00f3n, diagn\u00f3sticos, subida, bajada, desplazamiento lateral y lavado de la barra de pulverizaci\u00f3n<\/li>\n<li>Alas separables para evitar da\u00f1os si se golpea un objeto mientras se esparce el producto; pasador de cizalla sustituible en menos de un minuto<\/li>\n<li>Diagn\u00f3stico a bordo<\/li>\n<\/ul>\n<\/li>\n<\/ul>\n<div class=\"left-img\"><\/div>\n<h3>Llama hoy<\/h3>\n<p>Si busca ofrecer lo mejor en servicios locales de revestimiento de sellado, aseg\u00farese de poder hacerlo con los mejores pulverizadores de revestimiento de sellado de todo Estados Unidos. Llama hoy mismo a E.D. Etnyre &amp; Co. para obtener m\u00e1s informaci\u00f3n sobre nuestros PavementSavers, BC502SC y otros productos de mantenimiento del asfalto. Puede ponerse en contacto con nosotros en <a href=\"tel:8157322116\">el 815-732-2116<\/a>. Atendemos a clientes en <a href=\"https:\/\/etnyre.com\/es\/sealcoat-camiones-arizona\/\">Arizona<\/a>, <a href=\"https:\/\/etnyre.com\/es\/sealcoat-camiones-tennessee\/\">Tennessee<\/a>, <a href=\"https:\/\/etnyre.com\/es\/equipo-sealcoat-texas\/\">Texas<\/a>, <a href=\"https:\/\/etnyre.com\/es\/sealcoating-remolques-illinois\/\">Illinois<\/a> y en todo Estados Unidos.<\/p>\n","protected":false},"excerpt":{"rendered":"<p>Pulverizadores de capa de sellado de alta calidad para contratistas de pavimentaci\u00f3n de asfalto Como equipo de mantenimiento de carreteras o contratista de pavimentaci\u00f3n de asfalto, se espera que preste diversos servicios de reparaci\u00f3n y mantenimiento del asfalto. De estos servicios, el sellado es uno de los m\u00e1s solicitados por los clientes. Por lo tanto, &hellip; <a href=\"https:\/\/etnyre.com\/es\/pulverizadores-sealcoat\/\" class=\"more-link\">Continue reading <span class=\"screen-reader-text\">Pulverizadores Sealcoat<\/span><\/a><\/p>\n","protected":false},"author":1,"featured_media":10669,"parent":0,"menu_order":0,"comment_status":"closed","ping_status":"closed","template":"","meta":{"_acf_changed":false,"footnotes":""},"class_list":["post-11538","page","type-page","status-publish","has-post-thumbnail","hentry"],"acf":[],"_links":{"self":[{"href":"https:\/\/etnyre.com\/es\/wp-json\/wp\/v2\/pages\/11538","targetHints":{"allow":["GET"]}}],"collection":[{"href":"https:\/\/etnyre.com\/es\/wp-json\/wp\/v2\/pages"}],"about":[{"href":"https:\/\/etnyre.com\/es\/wp-json\/wp\/v2\/types\/page"}],"author":[{"embeddable":true,"href":"https:\/\/etnyre.com\/es\/wp-json\/wp\/v2\/users\/1"}],"replies":[{"embeddable":true,"href":"https:\/\/etnyre.com\/es\/wp-json\/wp\/v2\/comments?post=11538"}],"version-history":[{"count":2,"href":"https:\/\/etnyre.com\/es\/wp-json\/wp\/v2\/pages\/11538\/revisions"}],"predecessor-version":[{"id":14200,"href":"https:\/\/etnyre.com\/es\/wp-json\/wp\/v2\/pages\/11538\/revisions\/14200"}],"wp:featuredmedia":[{"embeddable":true,"href":"https:\/\/etnyre.com\/es\/wp-json\/wp\/v2\/media\/10669"}],"wp:attachment":[{"href":"https:\/\/etnyre.com\/es\/wp-json\/wp\/v2\/media?parent=11538"}],"curies":[{"name":"wp","href":"https:\/\/api.w.org\/{rel}","templated":true}]}}