{"id":11540,"date":"2024-04-09T04:17:31","date_gmt":"2024-04-09T04:17:31","guid":{"rendered":"https:\/\/etnyre.com\/reparacion-de-carreteras\/"},"modified":"2025-05-28T06:11:36","modified_gmt":"2025-05-28T06:11:36","slug":"reparacion-de-carreteras","status":"publish","type":"page","link":"https:\/\/etnyre.com\/es\/reparacion-de-carreteras\/","title":{"rendered":"Reparaci\u00f3n de carreteras"},"content":{"rendered":"<h3>Evite costosas reparaciones de carreteras con el equipo de mantenimiento adecuado<\/h3>\n<p>Mantenerse al d\u00eda en la reparaci\u00f3n y el mantenimiento continuos de las carreteras puede suponer un reto para algunas empresas y municipios. Se necesita un equipo de mantenimiento de carreteras con experiencia y capacidad para prestar servicios adecuados de conservaci\u00f3n y protecci\u00f3n del asfalto. A trav\u00e9s de E.D. Etnyre &amp; Co., los contratistas pueden encontrar la maquinaria de asfalto m\u00e1s adecuada para satisfacer las necesidades de sus clientes. Aseg\u00farese de que sus carreteras est\u00e1n protegidas a trav\u00e9s de <a href=\"https:\/\/etnyre.com\/es\/servicio-de-sellado\/\">sellado<\/a> y <a href=\"https:\/\/etnyre.com\/es\/sellado-de-lodos\/\">sellado de lechada<\/a> con la ayuda de Etnyre.<\/p>\n<h3>Nuestra maquinaria de asfalto<\/h3>\n<p>Antes de que el asfalto requiera una reparaci\u00f3n seria, conviene hacer todo lo posible para protegerlo y prolongar su vida \u00fatil. Por eso, Etnyre suministra nuestras l\u00edneas de <a href=\"https:\/\/etnyre.com\/es\/equipo-de-construccion-de-carreteras\/\">equipos industriales de mantenimiento de carreteras<\/a>, duraderos y de alta calidad, perfectos para mantener tus carreteras y evitar costosas reparaciones.<\/p>\n<ul>\n<li><strong>RoadSaver<\/strong>\n<ul>\n<li>El sellado con lechada repavimenta eficazmente el asfalto al tiempo que rellena los huecos y grietas que han empezado a formarse en el pavimento. Adem\u00e1s, el sellado con lechada protege sus carreteras de futuros da\u00f1os causados por el agua, los productos qu\u00edmicos y el tr\u00e1fico pesado. Y para garantizar que los contratistas puedan ofrecer servicios de sellado de lechada r\u00e1pidos y eficaces, Etnyre fabrica nuestros <a href=\"https:\/\/etnyre.com\/es\/roadsaver\/\">sistemas RoadSaver<\/a>. Cada RoadSaver puede ofrecer una aplicaci\u00f3n r\u00e1pida y precisa de sellado de lechada a cualquier superficie de asfalto.<\/li>\n<\/ul>\n<\/li>\n<li><strong>BC502SC<\/strong>\n<ul>\n<li>Antes del sellado con lechada, las empresas y los departamentos de mantenimiento de carreteras recurren a <a href=\"https:\/\/etnyre.com\/es\/sellado-de-asfalto\/\">la impermeabilizaci\u00f3n<\/a> para obtener una protecci\u00f3n inicial. Una capa de sellado puede proteger el asfalto de las grietas y el deterioro provocados por la exposici\u00f3n prolongada al agua, los productos qu\u00edmicos y el medio ambiente. Como tal, Etnyre produce camiones de sellado fiables para gestionar los trabajos de sellado m\u00e1s grandes. Nuestros <a href=\"https:\/\/etnyre.com\/bc502sc\/\">sistemas BC502SC<\/a>, que sustituyen al RaynMaker, est\u00e1n equipados con grandes dep\u00f3sitos y barras pulverizadoras ajustables que facilitan el sellado de grandes calzadas.<\/li>\n<\/ul>\n<\/li>\n<li><strong>PavementSaver<\/strong>\n<ul>\n<li>Aunque la BC502SC es una selladora dise\u00f1ada por expertos, su tama\u00f1o no es el m\u00e1s adecuado para trabajos de sellado m\u00e1s peque\u00f1os y precisos. Afortunadamente, Etnyre tiene la soluci\u00f3n: nuestros sistemas PavementSaver. Nuestras <a href=\"https:\/\/etnyre.com\/es\/pavementsaver\/\">PavementSavers<\/a> ofrecen los mismos excelentes servicios de impermeabilizaci\u00f3n, pero a trav\u00e9s de una cisterna y un buggy. Estos buggies de sellado ayudan a gestionar peque\u00f1os trabajos de sellado, como solares y calzadas. Las PavementSavers tienen una excelente capacidad, pueden llegar a espacios reducidos y son f\u00e1ciles de manejar.<\/li>\n<\/ul>\n<\/li>\n<\/ul>\n<h3>D\u00f3nde empezamos<\/h3>\n<p>Desde 1898, Etnyre se dedica a la pavimentaci\u00f3n de asfalto y al mantenimiento de carreteras. Nuestro af\u00e1n por crear equipos m\u00e1s fiables nos llev\u00f3 a convertirnos en los fabricantes preferidos de los contratistas de asfalto de todo Estados Unidos. Todo empez\u00f3 con el deseo de Etnyre de simplificar a\u00fan m\u00e1s el funcionamiento de los distribuidores de asfalto y convertirse en la empresa en la que usted conf\u00eda hoy.<\/p>\n<div class=\"left-img\"><img loading=\"lazy\" decoding=\"async\" class=\"alignnone\" src=\"https:\/\/etnyre.com\/wp-content\/uploads\/2024\/03\/Road-Repair-2.jpg\" alt=\"Un RoadSaver ayuda a la reparaci\u00f3n de carreteras mediante el sellado con lechada.\" width=\"500\" height=\"350\" title=\"\"><\/div>\n<h3>Llama hoy<\/h3>\n<p>Para evitar costosas reparaciones de carreteras por el bien de sus clientes, busque el mejor equipo de mantenimiento de carreteras del sector con E.D. Etnyre &amp; Co. Obtenga m\u00e1s informaci\u00f3n sobre nuestra l\u00ednea de maquinaria industrial para asfalto llamando al <a href=\"tel:8157322116\">815-732-2116<\/a>. Atendemos a clientes en <a href=\"https:\/\/etnyre.com\/es\/equipo-sealcoat-arizona\/\">Arizona<\/a>, <a href=\"https:\/\/etnyre.com\/es\/equipos-de-revestimiento-tennessee\/\">Tennessee<\/a>, <a href=\"https:\/\/etnyre.com\/es\/equipo-sealcoat-texas\/\">Texas<\/a>, <a href=\"https:\/\/etnyre.com\/es\/equipos-de-revestimiento-de-juntas-illinois\/\">Illinois<\/a> y en todo Estados Unidos.<\/p>\n","protected":false},"excerpt":{"rendered":"<p>Evite costosas reparaciones de carreteras con el equipo de mantenimiento adecuado Mantenerse al d\u00eda en la reparaci\u00f3n y el mantenimiento continuos de las carreteras puede suponer un reto para algunas empresas y municipios. Se necesita un equipo de mantenimiento de carreteras con experiencia y capacidad para prestar servicios adecuados de conservaci\u00f3n y protecci\u00f3n del asfalto. &hellip; <a href=\"https:\/\/etnyre.com\/es\/reparacion-de-carreteras\/\" class=\"more-link\">Continue reading <span class=\"screen-reader-text\">Reparaci\u00f3n de carreteras<\/span><\/a><\/p>\n","protected":false},"author":1,"featured_media":10713,"parent":0,"menu_order":0,"comment_status":"closed","ping_status":"closed","template":"","meta":{"_acf_changed":false,"footnotes":""},"class_list":["post-11540","page","type-page","status-publish","has-post-thumbnail","hentry"],"acf":[],"_links":{"self":[{"href":"https:\/\/etnyre.com\/es\/wp-json\/wp\/v2\/pages\/11540","targetHints":{"allow":["GET"]}}],"collection":[{"href":"https:\/\/etnyre.com\/es\/wp-json\/wp\/v2\/pages"}],"about":[{"href":"https:\/\/etnyre.com\/es\/wp-json\/wp\/v2\/types\/page"}],"author":[{"embeddable":true,"href":"https:\/\/etnyre.com\/es\/wp-json\/wp\/v2\/users\/1"}],"replies":[{"embeddable":true,"href":"https:\/\/etnyre.com\/es\/wp-json\/wp\/v2\/comments?post=11540"}],"version-history":[{"count":2,"href":"https:\/\/etnyre.com\/es\/wp-json\/wp\/v2\/pages\/11540\/revisions"}],"predecessor-version":[{"id":14296,"href":"https:\/\/etnyre.com\/es\/wp-json\/wp\/v2\/pages\/11540\/revisions\/14296"}],"wp:featuredmedia":[{"embeddable":true,"href":"https:\/\/etnyre.com\/es\/wp-json\/wp\/v2\/media\/10713"}],"wp:attachment":[{"href":"https:\/\/etnyre.com\/es\/wp-json\/wp\/v2\/media?parent=11540"}],"curies":[{"name":"wp","href":"https:\/\/api.w.org\/{rel}","templated":true}]}}