{"id":11541,"date":"2024-04-09T04:17:31","date_gmt":"2024-04-09T04:17:31","guid":{"rendered":"https:\/\/etnyre.com\/sellado-asfaltico\/"},"modified":"2025-05-28T06:11:06","modified_gmt":"2025-05-28T06:11:06","slug":"sellado-asfaltico","status":"publish","type":"page","link":"https:\/\/etnyre.com\/es\/sellado-asfaltico\/","title":{"rendered":"Sellado asf\u00e1ltico"},"content":{"rendered":"<h3>Garantice un sellado asf\u00e1ltico eficaz para sus clientes<\/h3>\n<p>Con el tiempo, el asfalto empieza a deteriorarse y a romperse, lo que puede dar lugar a costosas reparaciones y a una posible sustituci\u00f3n. Afortunadamente, se pueden tomar algunas medidas para <a href=\"https:\/\/etnyre.com\/es\/proteccion-del-asfalto\/\">proteger<\/a>, conservar y prolongar la vida \u00fatil de su pavimento. Mediante la aplicaci\u00f3n de un sellado asf\u00e1ltico adecuado a su pavimento, sus lotes y calzadas pueden durar mucho m\u00e1s all\u00e1 de su esperanza de vida. Como tal, E.D. Etnyre &amp; Co. puede proporcionar a los contratistas el equipo necesario para ofrecer <a href=\"https:\/\/etnyre.com\/es\/sellado-de-asfalto\/\">servicios de sellado de asfalto<\/a> r\u00e1pidos y eficaces.<\/p>\n<h3>Prestaci\u00f3n de un servicio esencial de asfaltado<\/h3>\n<p>Aunque los servicios de asfaltado como la reparaci\u00f3n de grietas o la <a href=\"https:\/\/etnyre.com\/es\/reasfaltado\/\">renovaci\u00f3n del pavimento<\/a> son importantes para los clientes, el sellado es uno de los servicios m\u00e1s esenciales que puede ofrecer su empresa. Cuando se atiende a clientes residenciales y comerciales, el sellado es el mejor m\u00e9todo para proteger y conservar las superficies de pavimento menos transitadas. Sus clientes pueden beneficiarse de <a href=\"https:\/\/etnyre.com\/es\/servicio-de-sellado\/\">ventajas<\/a> como:<\/p>\n<ul>\n<li><strong>Reducci\u00f3n del deterioro<\/strong>\n<ul>\n<li>Todos los pavimentos de asfalto se descomponen con el tiempo. Sin embargo, con la introducci\u00f3n del sellado, el deterioro del asfalto puede ralentizarse y prevenirse. Por ejemplo, los rayos UV pueden provocar la oxidaci\u00f3n del asfalto, dejando su pavimento seco, agrietado y desmoronado. Con una cubierta de sellado, los rayos UV se reflejan en el asfalto. Adem\u00e1s, el sellado ayuda a repeler la humedad y las salpicaduras de productos qu\u00edmicos, que provocan un mayor deterioro.<\/li>\n<\/ul>\n<\/li>\n<li><strong>Ahorro de costes<\/strong>\n<ul>\n<li>Para los residentes o las empresas que deseen conservar el pavimento, el sellado es una opci\u00f3n eficaz y asequible. La mano de obra y el material necesarios para el sellado son m\u00ednimos, por lo que los contratistas ahorran en costes, lo que se traduce en un precio razonable para los clientes. Adem\u00e1s, el sellado ayuda a proteger el pavimento y a evitar da\u00f1os, lo que significa que pueden evitarse costosas reparaciones y sustituciones.<\/li>\n<\/ul>\n<\/li>\n<li><strong>Aspecto mejorado<\/strong>\n<ul>\n<li>Otra consecuencia de la luz solar directa sobre el pavimento es la p\u00e9rdida de color de su asfalto. Aunque esto pueda parecer un asunto menor, puede marcar la diferencia para residentes y empresas privadas. El asfalto descolorido, agrietado y deteriorado puede afectar negativamente al atractivo de una propiedad, desanimando a los visitantes y ahuyentando a las empresas. Para renovar el aspecto de su exterior, puede ser necesario aplicar una capa de sellado.<\/li>\n<\/ul>\n<\/li>\n<\/ul>\n<h3>Nuestros equipos SealCoating<\/h3>\n<p>Etnyre es uno de los principales fabricantes de camiones, remolques y <a href=\"https:\/\/etnyre.com\/es\/buggies-sealcoat\/\">buggies<\/a> sealcoating. Nuestras m\u00e1quinas se utilizan en todo el mundo y son conocidas por su incre\u00edble resistencia, durabilidad y funcionamiento. Tanto si gestiona principalmente trabajos comerciales como si se dedica al revestimiento de juntas para clientes residenciales, tenemos el equipo que se adapta a las necesidades de sus clientes. Nuestras m\u00e1quinas de sellado incluyen:<\/p>\n<ul>\n<li><strong>PavementSavers<\/strong> &#8211; El <a href=\"https:\/\/etnyre.com\/es\/pavementsaver\/\">PavementSaver<\/a> es el mejor buggy de sellado de la industria. Nuestros buggies sealcoat se construyen con la longevidad y el rendimiento en mente, superando todo lo que los competidores de Etnyre pueden ofrecer. Las PavementSavers cuentan con acero T1, componentes de alta calidad, controles de joystick, capacidad de 400 a 500+ galones y mucho m\u00e1s.<\/li>\n<li style=\"text-align: left;\"><strong>BC502SCs<\/strong> &#8211; Para lotes y calzadas m\u00e1s grandes, es necesario un cami\u00f3n sealcoat. Por eso, el <a href=\"https:\/\/etnyre.com\/bc502sc\/\">BC502SC<\/a> de Etnyre es perfecto para tu empresa. Nuestros <a href=\"https:\/\/etnyre.com\/es\/camiones-sealcoat\/\">camiones de recubrimiento de sellado<\/a>, que sustituyen al RaynMaker, tienen una impresionante capacidad de entre 1.000 y 4.000 galones, con caracter\u00edsticas como un sistema de agitaci\u00f3n de barrido completo, sistema hidr\u00e1ulico de tracci\u00f3n directa, protecci\u00f3n antivuelco DOT y mucho m\u00e1s.<\/li>\n<li><strong>RaynPro<\/strong> <a href=\"https:\/\/etnyre.com\/es\/raynpro-serie-t\/\">Serie T &#8211; Si ya tienes camiones para tu equipo de sellado, el RaynPro Serie T<\/a> es lo que tu negocio necesita. Nuestros remolques de sealcoat cumplen la misma funci\u00f3n que nuestros camiones y buggies, pero tienen opciones de personalizaci\u00f3n adicionales para aquellos que buscan maximizar sus servicios de sealcoating.<\/li>\n<\/ul>\n<div class=\"left-img\"><\/div>\n<h3>Llame a Etnyre<\/h3>\n<p>E.D. Etnyre &amp; Co. se esfuerza continuamente por satisfacer las necesidades de pavimentaci\u00f3n de asfalto de contratistas, equipos de mantenimiento de carreteras y municipios de todo Estados Unidos. Si su empresa necesita el mejor equipo para la aplicaci\u00f3n de sellado asf\u00e1ltico en cualquier superficie de pavimento, nuestras PavementSavers, BC502SC y RaynPro Serie T lo tienen cubierto. Obtenga m\u00e1s informaci\u00f3n sobre nuestros equipos de asfalto llamando al <a href=\"tel:8157322116\">815-732-2116<\/a>. Atendemos a clientes en <a href=\"https:\/\/etnyre.com\/es\/equipo-sealcoat-arizona\/\">Arizona<\/a>, <a href=\"https:\/\/etnyre.com\/es\/equipos-de-revestimiento-tennessee\/\">Tennessee<\/a>, <a href=\"https:\/\/etnyre.com\/es\/equipo-sealcoat-texas\/\">Texas<\/a>, <a href=\"https:\/\/etnyre.com\/es\/equipos-de-revestimiento-de-juntas-illinois\/\">Illinois<\/a> y en todo Estados Unidos.<\/p>\n","protected":false},"excerpt":{"rendered":"<p>Garantice un sellado asf\u00e1ltico eficaz para sus clientes Con el tiempo, el asfalto empieza a deteriorarse y a romperse, lo que puede dar lugar a costosas reparaciones y a una posible sustituci\u00f3n. Afortunadamente, se pueden tomar algunas medidas para proteger, conservar y prolongar la vida \u00fatil de su pavimento. Mediante la aplicaci\u00f3n de un sellado &hellip; <a href=\"https:\/\/etnyre.com\/es\/sellado-asfaltico\/\" class=\"more-link\">Continue reading <span class=\"screen-reader-text\">Sellado asf\u00e1ltico<\/span><\/a><\/p>\n","protected":false},"author":1,"featured_media":10693,"parent":0,"menu_order":0,"comment_status":"closed","ping_status":"closed","template":"","meta":{"_acf_changed":false,"footnotes":""},"class_list":["post-11541","page","type-page","status-publish","has-post-thumbnail","hentry"],"acf":[],"_links":{"self":[{"href":"https:\/\/etnyre.com\/es\/wp-json\/wp\/v2\/pages\/11541","targetHints":{"allow":["GET"]}}],"collection":[{"href":"https:\/\/etnyre.com\/es\/wp-json\/wp\/v2\/pages"}],"about":[{"href":"https:\/\/etnyre.com\/es\/wp-json\/wp\/v2\/types\/page"}],"author":[{"embeddable":true,"href":"https:\/\/etnyre.com\/es\/wp-json\/wp\/v2\/users\/1"}],"replies":[{"embeddable":true,"href":"https:\/\/etnyre.com\/es\/wp-json\/wp\/v2\/comments?post=11541"}],"version-history":[{"count":3,"href":"https:\/\/etnyre.com\/es\/wp-json\/wp\/v2\/pages\/11541\/revisions"}],"predecessor-version":[{"id":14279,"href":"https:\/\/etnyre.com\/es\/wp-json\/wp\/v2\/pages\/11541\/revisions\/14279"}],"wp:featuredmedia":[{"embeddable":true,"href":"https:\/\/etnyre.com\/es\/wp-json\/wp\/v2\/media\/10693"}],"wp:attachment":[{"href":"https:\/\/etnyre.com\/es\/wp-json\/wp\/v2\/media?parent=11541"}],"curies":[{"name":"wp","href":"https:\/\/api.w.org\/{rel}","templated":true}]}}