{"id":11542,"date":"2024-04-09T04:17:31","date_gmt":"2024-04-09T04:17:31","guid":{"rendered":"https:\/\/etnyre.com\/los-mejores-equipos-de-sellado\/"},"modified":"2025-05-28T06:11:35","modified_gmt":"2025-05-28T06:11:35","slug":"los-mejores-equipos-de-sellado","status":"publish","type":"page","link":"https:\/\/etnyre.com\/es\/los-mejores-equipos-de-sellado\/","title":{"rendered":"Los mejores equipos de sellado"},"content":{"rendered":"<h3>Cuente con Etnyre para el mejor equipo de sellado disponible<\/h3>\n<p>El sellado es un servicio incre\u00edblemente eficaz para mantener el aspecto y la integridad del pavimento de asfalto. Como contratista de asfalto, usted comprende el papel que desempe\u00f1a el sellado en la conservaci\u00f3n del asfalto. Por ello, debe contar con el mejor <a href=\"https:\/\/etnyre.com\/es\/equipos-de-sellado\/\">equipo de sellado<\/a> disponible para prestar este servicio a sus clientes. Afortunadamente, E.D. Etnyre &amp; Co. lo tiene cubierto. Suministramos a contratistas de asfalto de todo Estados Unidos los equipos de mantenimiento de carreteras que necesitan para crecer y triunfar en la industria de la pavimentaci\u00f3n.<\/p>\n<h3>Por qu\u00e9 el sellado es necesario para la conservaci\u00f3n del pavimento<\/h3>\n<p>Aunque existen m\u00faltiples m\u00e9todos para mantener el pavimento de asfalto,<a href=\"https:\/\/etnyre.com\/es\/servicio-de-sellado\/\">el sellado<\/a> ha demostrado ser uno de los m\u00e1s populares y eficaces. Adem\u00e1s, una capa de sellado aplicada a la superficie del pavimento conlleva beneficios adicionales que no ofrece la reparaci\u00f3n de grietas o la repavimentaci\u00f3n. Estas son algunas de las razones por las que sus clientes solicitar\u00e1n <a href=\"https:\/\/etnyre.com\/es\/servicio-de-sellado\/\">servicios de sellado<\/a>:<\/p>\n<ul>\n<li>Sealcoat act\u00faa como capa protectora de una superficie asf\u00e1ltica. Mientras que el agua, los l\u00edquidos del autom\u00f3vil y los rayos UV pueden disolver el asfalto y desgastarlo por dentro y por fuera, el sellado \u00absella\u00bb el asfalto. Con el sellado, puede evitar el deterioro de sus lotes de asfalto, carreteras y calzadas.<\/li>\n<li>Si su asfalto se ha descolorido y agrietado, el sellado puede dejarlo como nuevo. El sellado puede restaurar el color negro y la textura del asfalto. Adem\u00e1s, sealcoat rellena todas las grietas y evita que se produzcan m\u00e1s grietas. En \u00faltima instancia, el sellado renueva el estado de su pavimento durante un m\u00e1ximo de tres a\u00f1os.<\/li>\n<li>La mano de obra y los materiales m\u00ednimos necesarios para ofrecer el sellado hacen que este procedimiento de tratamiento del pavimento sea incre\u00edblemente rentable.<\/li>\n<li>El sellado tambi\u00e9n ayuda a los propietarios de negocios y a los residentes a ahorrar dinero al evitar reparaciones o sustituciones m\u00e1s costosas del asfalto.<\/li>\n<li>Una capa de sellado puede hacer que los solares y las carreteras sean m\u00e1s seguros durante el invierno, ya que el sellado acelera el proceso de fusi\u00f3n de la nieve y el hielo.<\/li>\n<li>Se sabe que el sellado prolonga considerablemente la vida \u00fatil del pavimento de asfalto. Siempre que se vuelva a aplicar el sellado a una superficie de asfalto cada dos o tres a\u00f1os, se pueden a\u00f1adir hasta 20 a\u00f1os a la vida \u00fatil del pavimento.<\/li>\n<\/ul>\n<h3>Nuestros Buggies, Camiones y Remolques Sealcoating<\/h3>\n<p>Para satisfacer las necesidades de sellado de los clientes, los contratistas de asfalto necesitan los mejores equipos de sellado. Afortunadamente, Etnyre puede complacerle. Nuestra maquinaria desempe\u00f1a un papel vital para los equipos de mantenimiento de carreteras y los municipios de todo Estados Unidos. Como tal, nuestro equipo de sellado m\u00e1s popular incluye:<\/p>\n<ul>\n<li><a href=\"https:\/\/etnyre.com\/es\/pavementsaver\/\"><br \/>\n  <strong>PavementSavers<\/strong><br \/>\n<\/a> &#8211; Buggies de sellado, ideales para proyectos de sellado peque\u00f1os y m\u00e1s precisos. La PavementSaver de Etnyre est\u00e1 dise\u00f1ada para superar en rendimiento, duraci\u00f3n y prestaciones a todas las dem\u00e1s m\u00e1quinas de revestimiento sellador. Hay disponibles varios tama\u00f1os, colores y opciones de dep\u00f3sito.<\/li>\n<li><a href=\"https:\/\/etnyre.com\/bc502sc\/\"><strong>BC502SC<\/strong><\/a> &#8211; Unidades m\u00f3viles de distribuci\u00f3n de capas de sellado que sustituyen a los camiones RaynMaker. Estas m\u00e1quinas pueden recorrer largas distancias, transportar grandes cantidades de revestimiento de sellado, est\u00e1n montadas sobre patines, son aut\u00f3nomas y f\u00e1ciles de manejar. La BC502SC es la mejor para el mantenimiento de grandes parcelas y v\u00edas residenciales m\u00e1s largas.<\/li>\n<li><a href=\"https:\/\/etnyre.com\/es\/raynpro-serie-t\/\"><br \/>\n  <strong>RaynPro Serie T<\/strong><br \/>\n<\/a> &#8211; Caracter\u00edsticas y opciones de personalizaci\u00f3n similares a las del <a href=\"https:\/\/etnyre.com\/es\/los-mejores-equipos-de-sellado\/\">BC502SC<\/a>, pero sin el cami\u00f3n dedicado. Si ya posee camiones grandes para el transporte, su Serie T puede acoplarse f\u00e1cilmente a la parte trasera. La Serie T de RaynPro le permite ofrecer los mismos excelentes servicios de sellado pero con maquinaria m\u00e1s asequible.<\/li>\n<\/ul>\n<div class=\"left-img\"><\/div>\n<h3>Contacta con nosotros<\/h3>\n<p>Cuando busques hacer crecer tu negocio de pavimentaci\u00f3n asf\u00e1ltica, encuentra fiabilidad y apoyo con el mejor equipo de sellado disponible en la industria de la pavimentaci\u00f3n. Obtenga m\u00e1s informaci\u00f3n llamando a E.D. Etnyre &amp; Co. Puede ponerse en contacto con nosotros en <a href=\"tel:8157322116\">el 815-732-2116<\/a>. Atendemos a clientes en <a href=\"https:\/\/etnyre.com\/es\/equipo-sealcoat-arizona\/\">Arizona<\/a>, <a href=\"https:\/\/etnyre.com\/es\/equipos-de-revestimiento-tennessee\/\">Tennessee<\/a>, <a href=\"https:\/\/etnyre.com\/es\/equipo-sealcoat-texas\/\">Texas<\/a>, <a href=\"https:\/\/etnyre.com\/es\/equipos-de-revestimiento-de-juntas-illinois\/\">Illinois<\/a> y en todo Estados Unidos.<\/p>\n","protected":false},"excerpt":{"rendered":"<p>Cuente con Etnyre para el mejor equipo de sellado disponible El sellado es un servicio incre\u00edblemente eficaz para mantener el aspecto y la integridad del pavimento de asfalto. Como contratista de asfalto, usted comprende el papel que desempe\u00f1a el sellado en la conservaci\u00f3n del asfalto. Por ello, debe contar con el mejor equipo de sellado &hellip; <a href=\"https:\/\/etnyre.com\/es\/los-mejores-equipos-de-sellado\/\" class=\"more-link\">Continue reading <span class=\"screen-reader-text\">Los mejores equipos de sellado<\/span><\/a><\/p>\n","protected":false},"author":1,"featured_media":10708,"parent":0,"menu_order":0,"comment_status":"closed","ping_status":"closed","template":"","meta":{"_acf_changed":false,"footnotes":""},"class_list":["post-11542","page","type-page","status-publish","has-post-thumbnail","hentry"],"acf":[],"_links":{"self":[{"href":"https:\/\/etnyre.com\/es\/wp-json\/wp\/v2\/pages\/11542","targetHints":{"allow":["GET"]}}],"collection":[{"href":"https:\/\/etnyre.com\/es\/wp-json\/wp\/v2\/pages"}],"about":[{"href":"https:\/\/etnyre.com\/es\/wp-json\/wp\/v2\/types\/page"}],"author":[{"embeddable":true,"href":"https:\/\/etnyre.com\/es\/wp-json\/wp\/v2\/users\/1"}],"replies":[{"embeddable":true,"href":"https:\/\/etnyre.com\/es\/wp-json\/wp\/v2\/comments?post=11542"}],"version-history":[{"count":2,"href":"https:\/\/etnyre.com\/es\/wp-json\/wp\/v2\/pages\/11542\/revisions"}],"predecessor-version":[{"id":13195,"href":"https:\/\/etnyre.com\/es\/wp-json\/wp\/v2\/pages\/11542\/revisions\/13195"}],"wp:featuredmedia":[{"embeddable":true,"href":"https:\/\/etnyre.com\/es\/wp-json\/wp\/v2\/media\/10708"}],"wp:attachment":[{"href":"https:\/\/etnyre.com\/es\/wp-json\/wp\/v2\/media?parent=11542"}],"curies":[{"name":"wp","href":"https:\/\/api.w.org\/{rel}","templated":true}]}}