{"id":11543,"date":"2024-04-09T04:17:31","date_gmt":"2024-04-09T04:17:31","guid":{"rendered":"https:\/\/etnyre.com\/sellado-de-lodos\/"},"modified":"2025-05-28T06:11:49","modified_gmt":"2025-05-28T06:11:49","slug":"sellado-de-lodos","status":"publish","type":"page","link":"https:\/\/etnyre.com\/es\/sellado-de-lodos\/","title":{"rendered":"Sellado de lodos"},"content":{"rendered":"<h3>Ayude a restaurar las carreteras de la zona con Slurry Seal<\/h3>\n<p>La gesti\u00f3n de infraestructuras no es tarea sencilla. Las empresas de asfalto deben atender continuamente las necesidades de empresas y municipios con un mantenimiento, reparaci\u00f3n e instalaci\u00f3n de carreteras r\u00e1pidos y eficaces. Por ello, muchos contratistas ofrecen opciones eficaces y duraderas para la conservaci\u00f3n del pavimento, como los sellados con lechada. Como contratista de asfalto, si necesita el <a href=\"https:\/\/etnyre.com\/es\/los-mejores-equipos-de-sellado\/\">mejor equipo<\/a> para el servicio de sellado de lechada, E.D. Etnyre &amp; Co. tiene las m\u00e1quinas para satisfacer las necesidades de sus clientes.<\/p>\n<h3>\u00bfPor qu\u00e9 elegir el tratamiento de sellado con lechada?<\/h3>\n<p>El sellado con lechada es uno de los tratamientos de superficies de pavimento m\u00e1s vers\u00e1tiles que existen. <a href=\"https:\/\/etnyre.com\/what-are-slurry-and-cape-seals\">El<\/a> sellado de lechada es una mezcla bituminosa que permite una versatilidad y flexibilidad incre\u00edbles cuando se aplica a superficies de pavimento.  Como tal, el sellado con lechada tiene ventajas \u00fanicas que benefician a las carreteras m\u00e1s transitadas. Estas ventajas incluyen:<\/p>\n<ul>\n<li><strong>Larga duraci\u00f3n<\/strong> &#8211; Las calzadas selladas con lechada aumentan la longevidad de cualquier carretera. Al igual que el sellado, el sellado con lechada es una capa protectora para el asfalto que rellena las grietas y evita un deterioro significativo. De este modo, podr\u00e1 prolongar la vida \u00fatil de su pavimento m\u00e1s all\u00e1 de los 20 a\u00f1os habituales.<\/li>\n<li><strong>Rentable<\/strong>: el sellado con lechada es mucho m\u00e1s asequible que la repavimentaci\u00f3n de asfalto est\u00e1ndar. Esto se debe al material reciclado y a la m\u00ednima mano de obra necesaria para el \u00e9xito del sellado con lechada. Adem\u00e1s, el sellado con lechada cada 6 a 9 a\u00f1os ayuda a evitar costosas reparaciones del asfalto.<\/li>\n<li><strong>Protecci\u00f3n contra las inclemencias del tiempo<\/strong> &#8211; El hielo, la nieve, las tormentas severas y las inundaciones pueden da\u00f1ar las calzadas existentes. Sin embargo, con el sellado de lechadas, proteger\u00e1 sus carreteras de las peores condiciones meteorol\u00f3gicas. Los sellados de lechada evitan que el agua y la humedad penetren en el pavimento, comprometiendo su integridad.<\/li>\n<li><strong>Conservaci\u00f3n del pavimento<\/strong> &#8211; Si ha empezado a notar que el color del asfalto se desvanece y que se producen grietas\/desgarros en la superficie, un sellado de lechada puede ayudarle a salvar su pavimento. Al rellenar\/tapar las grietas de su calzada, puede preservar el pavimento antes de que se produzca un mayor deterioro.<\/li>\n<li><strong>Est\u00e9ticamente agradable<\/strong> &#8211; Despu\u00e9s de aplicar el sellado de lechada, puede restaurar el color negro y la textura de cualquier calzada. De este modo, refrescar\u00e1 el pavimento, aumentar\u00e1 el atractivo de las casas y negocios cercanos y permitir\u00e1 la reaplicaci\u00f3n de marcas viales claras.<\/li>\n<\/ul>\n<h3>El mejor equipo para el sellado de lodos<\/h3>\n<p>La aplicaci\u00f3n de sellado de lechada no es un desaf\u00edo cuando se utiliza el incre\u00edble equipo ofrecido por Etnyre. En Etnyre, fabricamos nuestra l\u00ednea premium de <a href=\"https:\/\/etnyre.com\/es\/selladoras-de-lodos\/\">m\u00e1quinas de sellado de lodo<\/a>: <a href=\"https:\/\/etnyre.com\/es\/roadsaver\/\">RoadSavers<\/a>. Cada modelo de RoadSaver utiliza mejor acero, componentes de alta calidad y un dise\u00f1o de f\u00e1cil manejo para superar a las m\u00e1quinas similares que producen nuestros competidores. Algunas de las mejores caracter\u00edsticas del RoadSaver II y el IIIG:<\/p>\n<ul>\n<li>100% Made in USA<\/li>\n<li>Motor PACCAR para camiones con mayor par a bajas revoluciones<\/li>\n<li>Dise\u00f1o REPTO con funci\u00f3n de cambio en caliente, que incluye elementos de seguridad espec\u00edficos<\/li>\n<li>Sistema de filtrado de la bomba de emulsi\u00f3n<\/li>\n<li>Accionamientos hidr\u00e1ulicos dobles para un par equilibrado<\/li>\n<li>Sensores electr\u00f3nicos y pantallas de \u00faltima generaci\u00f3n que proporcionan informaci\u00f3n del sistema en tiempo real<\/li>\n<li>Sistema de aditivos secos accionado hidr\u00e1ulicamente<\/li>\n<li>Centro de control del operador central<\/li>\n<\/ul>\n<h3>Contacta con nosotros<\/h3>\n<p>Asegure el \u00e9xito de su empresa de pavimentaci\u00f3n de asfalto ofreciendo servicios populares y necesarios de reparaci\u00f3n\/conservaci\u00f3n de pavimentos, como el sellado con lechada. Conf\u00ede en la fiabilidad y calidad de las m\u00e1quinas de sellado de lodos de E.D. Etnyre &amp; Co. Para obtener m\u00e1s informaci\u00f3n sobre nuestros equipos adicionales de mantenimiento de carreteras, p\u00f3ngase en contacto con nosotros hoy mismo en el <a href=\"tel:8157322116\">815-732-2116<\/a>. Atendemos a clientes en Arizona, Tennessee, Texas, Illinois y en todo Estados Unidos.<\/p>\n","protected":false},"excerpt":{"rendered":"<p>Ayude a restaurar las carreteras de la zona con Slurry Seal La gesti\u00f3n de infraestructuras no es tarea sencilla. Las empresas de asfalto deben atender continuamente las necesidades de empresas y municipios con un mantenimiento, reparaci\u00f3n e instalaci\u00f3n de carreteras r\u00e1pidos y eficaces. Por ello, muchos contratistas ofrecen opciones eficaces y duraderas para la conservaci\u00f3n &hellip; <a href=\"https:\/\/etnyre.com\/es\/sellado-de-lodos\/\" class=\"more-link\">Continue reading <span class=\"screen-reader-text\">Sellado de lodos<\/span><\/a><\/p>\n","protected":false},"author":1,"featured_media":10773,"parent":0,"menu_order":0,"comment_status":"closed","ping_status":"closed","template":"","meta":{"_acf_changed":false,"footnotes":""},"class_list":["post-11543","page","type-page","status-publish","has-post-thumbnail","hentry"],"acf":[],"_links":{"self":[{"href":"https:\/\/etnyre.com\/es\/wp-json\/wp\/v2\/pages\/11543","targetHints":{"allow":["GET"]}}],"collection":[{"href":"https:\/\/etnyre.com\/es\/wp-json\/wp\/v2\/pages"}],"about":[{"href":"https:\/\/etnyre.com\/es\/wp-json\/wp\/v2\/types\/page"}],"author":[{"embeddable":true,"href":"https:\/\/etnyre.com\/es\/wp-json\/wp\/v2\/users\/1"}],"replies":[{"embeddable":true,"href":"https:\/\/etnyre.com\/es\/wp-json\/wp\/v2\/comments?post=11543"}],"version-history":[{"count":1,"href":"https:\/\/etnyre.com\/es\/wp-json\/wp\/v2\/pages\/11543\/revisions"}],"predecessor-version":[{"id":14300,"href":"https:\/\/etnyre.com\/es\/wp-json\/wp\/v2\/pages\/11543\/revisions\/14300"}],"wp:featuredmedia":[{"embeddable":true,"href":"https:\/\/etnyre.com\/es\/wp-json\/wp\/v2\/media\/10773"}],"wp:attachment":[{"href":"https:\/\/etnyre.com\/es\/wp-json\/wp\/v2\/media?parent=11543"}],"curies":[{"name":"wp","href":"https:\/\/api.w.org\/{rel}","templated":true}]}}