{"id":11544,"date":"2024-04-09T04:17:33","date_gmt":"2024-04-09T04:17:33","guid":{"rendered":"https:\/\/etnyre.com\/servicio-de-sellado\/"},"modified":"2025-05-28T06:11:31","modified_gmt":"2025-05-28T06:11:31","slug":"servicio-de-sellado","status":"publish","type":"page","link":"https:\/\/etnyre.com\/es\/servicio-de-sellado\/","title":{"rendered":"Servicio de sellado"},"content":{"rendered":"<h3>Encuentre equipos fiables para ofrecer el servicio Sealcoating<\/h3>\n<p>Al crear su empresa de pavimentaci\u00f3n de asfalto y mantenimiento de carreteras, necesita las herramientas y el equipo m\u00e1s adecuados para desempe\u00f1ar sus funciones. Adem\u00e1s, necesita maquinaria que pueda satisfacer los deseos y necesidades de sus clientes. Y para la mayor\u00eda de las empresas de pavimentaci\u00f3n, el mantenimiento del pavimento es una de las principales preocupaciones de los clientes. Por lo tanto, disponer del mejor equipo para el servicio de sellado es esencial para su negocio. Con E.D. Etnyre &amp; Co., puedes elegir entre los <a href=\"https:\/\/etnyre.com\/es\/los-mejores-camiones-de-revestimiento\/\">mejores camiones<\/a>, <a href=\"https:\/\/etnyre.com\/es\/los-mejores-buggies-de-sellado\/\">buggies<\/a> y <a href=\"https:\/\/etnyre.com\/best-sealcoating-trailers\/\">remolques<\/a> de sellado disponibles en la industria del asfalto.<\/p>\n<h3>Por qu\u00e9 sus clientes necesitan Sealcoating<\/h3>\n<p>Como se ha mencionado anteriormente, el mantenimiento de las carreteras es una de las principales preocupaciones de quienes requieren el servicio de su empresa. El mantenimiento del pavimento ayuda a evitar reparaciones innecesarias y costosas. El sellado, en particular, tiene ventajas que benefician significativamente la protecci\u00f3n, la longevidad y el aspecto de la superficie del pavimento de asfalto.<\/p>\n<ul>\n<li><strong>Rentable<\/strong>\n<ul>\n<li>Despu\u00e9s de alg\u00fan tiempo, su pavimento de asfalto puede empezar a agrietarse y romperse. Aunque hay formas de reparar parches de pavimento, dejar que el asfalto se deteriore puede dar lugar a futuras reparaciones costosas. En el peor de los casos, sus clientes podr\u00edan necesitar una sustituci\u00f3n completa del asfalto. Sin embargo, con un servicio de sellado constante, puede ayudar a conservar el pavimento y evitar las reparaciones m\u00e1s costosas.<\/li>\n<\/ul>\n<\/li>\n<li><strong>Capa de protecci\u00f3n<\/strong>\n<ul>\n<li>El sellado ofrece una capa adicional de protecci\u00f3n a cualquier superficie de pavimento. Con la capa de sellado, el agua y los productos qu\u00edmicos tienen dificultades para penetrar en las calzadas de asfalto. Como tal, el pavimento no ser\u00e1 tan susceptible de agrietarse y dilatarse cuando las temperaturas alcancen el punto de congelaci\u00f3n. En cuanto a los l\u00edquidos para autom\u00f3viles, que pueden disolver el asfalto con el tiempo, el sellado evita ese deterioro. En \u00faltima instancia, el sellado prolonga la longevidad del pavimento.<\/li>\n<\/ul>\n<\/li>\n<li><strong>Look fresco<\/strong>\n<ul>\n<li>Si el aspecto del pavimento preocupa a sus clientes, la impermeabilizaci\u00f3n puede ayudarle. Una capa de sellador puede sustituir el pavimento apagado y desgastado por el sol por un nuevo y lustroso brillo. El sellado de la superficie de un pavimento tambi\u00e9n ofrece a las empresas o municipios la oportunidad de renovar o redibujar las marcas viales que se han desgastado. Gracias al sellado, una calzada reci\u00e9n cubierta puede aumentar el atractivo de las casas y negocios cercanos.<\/li>\n<\/ul>\n<\/li>\n<\/ul>\n<h3>Opciones de equipos de revestimiento<\/h3>\n<p>Etnyre fabrica m\u00faltiples modelos de <a href=\"https:\/\/etnyre.com\/es\/maquinas-de-revestimiento\/\">m\u00e1quinas<\/a> de sellado, dando a los contratistas la mayor selecci\u00f3n y versatilidad cuando desean proporcionar un servicio de sellado a sus clientes. Desde buggies hasta remolques, le ayudaremos a seleccionar el equipo que mejor se adapte a su negocio de asfalto. Nuestras opciones de <a href=\"https:\/\/etnyre.com\/es\/equipos-de-sellado\/\">equipos de sellado<\/a> incluyen:<\/p>\n<ul>\n<li><strong>El PavementSaver<\/strong> &#8211; Los <a href=\"https:\/\/etnyre.com\/es\/pavementsaver\/\">PavementSaver<\/a> II y III de Etnyre son buggies de recubrimiento, perfectos para gestionar trabajos de recubrimiento m\u00e1s peque\u00f1os o precisos. Estas m\u00e1quinas est\u00e1n construidas para superar en rendimiento, duraci\u00f3n y prestaciones a todas las dem\u00e1s m\u00e1quinas de sellado. Puede elegir entre varios tama\u00f1os de dep\u00f3sito, colores y opciones para personalizar nuestros PavementSavers seg\u00fan sus preferencias.<\/li>\n<li><strong>El <\/strong> <a href=\"https:\/\/etnyre.com\/bc502sc\/\">BC502SC- El BC502SC<\/a> de Etnyre, que sustituye a la l\u00ednea RaynMaker, es nuestra unidad m\u00f3vil de distribuci\u00f3n de capas de sellado. Cada m\u00e1quina no requiere un cami\u00f3n espec\u00edfico, est\u00e1 montada sobre patines, es aut\u00f3noma y f\u00e1cil de manejar. La BC502SC funciona mejor para proyectos de sellado de gran envergadura, como carreteras largas o grandes terrenos.<\/li>\n<li><strong>La<\/strong> <a href=\"https:\/\/etnyre.com\/es\/raynpro-serie-t\/\">RaynPro Serie T &#8211; La RaynPro Serie T<\/a> de Etnyre comparte las mismas caracter\u00edsticas y opciones de personalizaci\u00f3n que la BC502SC, pero sin el cami\u00f3n espec\u00edfico. Si ya dispone de veh\u00edculos adecuados para las tareas de su negocio de asfalto, la Serie T le ofrece el mismo gran servicio de recubrimiento de juntas pero a una fracci\u00f3n del coste.<\/li>\n<\/ul>\n<div class=\"left-img\"><\/div>\n<h3>Llama hoy<\/h3>\n<p>Aseg\u00farese de que su empresa de asfalto puede ofrecerle un servicio de sellado adecuado junto con la conservaci\u00f3n, reparaci\u00f3n e instalaci\u00f3n de asfalto. Para obtener m\u00e1s informaci\u00f3n sobre la selecci\u00f3n de equipos de mantenimiento de carreteras de alta calidad de E.D. Etnyre &amp; Co., p\u00f3ngase en contacto con nosotros hoy mismo en el <a href=\"tel:8157322116\">815-732-2116<\/a>. Atendemos a clientes en <a href=\"https:\/\/etnyre.com\/es\/equipo-sealcoat-arizona\/\">Arizona<\/a>, <a href=\"https:\/\/etnyre.com\/es\/sellado-de-buggies-tennessee\/\">Tennessee<\/a>, <a href=\"https:\/\/etnyre.com\/es\/camiones-de-revestimiento-de-juntas-texas\/\">Texas<\/a>, <a href=\"https:\/\/etnyre.com\/es\/sealcoating-remolques-illinois\/\">Illinois<\/a> y en todo Estados Unidos.<\/p>\n","protected":false},"excerpt":{"rendered":"<p>Encuentre equipos fiables para ofrecer el servicio Sealcoating Al crear su empresa de pavimentaci\u00f3n de asfalto y mantenimiento de carreteras, necesita las herramientas y el equipo m\u00e1s adecuados para desempe\u00f1ar sus funciones. Adem\u00e1s, necesita maquinaria que pueda satisfacer los deseos y necesidades de sus clientes. Y para la mayor\u00eda de las empresas de pavimentaci\u00f3n, el &hellip; <a href=\"https:\/\/etnyre.com\/es\/servicio-de-sellado\/\" class=\"more-link\">Continue reading <span class=\"screen-reader-text\">Servicio de sellado<\/span><\/a><\/p>\n","protected":false},"author":1,"featured_media":10776,"parent":0,"menu_order":0,"comment_status":"closed","ping_status":"closed","template":"","meta":{"_acf_changed":false,"footnotes":""},"class_list":["post-11544","page","type-page","status-publish","has-post-thumbnail","hentry"],"acf":[],"_links":{"self":[{"href":"https:\/\/etnyre.com\/es\/wp-json\/wp\/v2\/pages\/11544","targetHints":{"allow":["GET"]}}],"collection":[{"href":"https:\/\/etnyre.com\/es\/wp-json\/wp\/v2\/pages"}],"about":[{"href":"https:\/\/etnyre.com\/es\/wp-json\/wp\/v2\/types\/page"}],"author":[{"embeddable":true,"href":"https:\/\/etnyre.com\/es\/wp-json\/wp\/v2\/users\/1"}],"replies":[{"embeddable":true,"href":"https:\/\/etnyre.com\/es\/wp-json\/wp\/v2\/comments?post=11544"}],"version-history":[{"count":2,"href":"https:\/\/etnyre.com\/es\/wp-json\/wp\/v2\/pages\/11544\/revisions"}],"predecessor-version":[{"id":14204,"href":"https:\/\/etnyre.com\/es\/wp-json\/wp\/v2\/pages\/11544\/revisions\/14204"}],"wp:featuredmedia":[{"embeddable":true,"href":"https:\/\/etnyre.com\/es\/wp-json\/wp\/v2\/media\/10776"}],"wp:attachment":[{"href":"https:\/\/etnyre.com\/es\/wp-json\/wp\/v2\/media?parent=11544"}],"curies":[{"name":"wp","href":"https:\/\/api.w.org\/{rel}","templated":true}]}}