{"id":11545,"date":"2024-04-09T04:17:33","date_gmt":"2024-04-09T04:17:33","guid":{"rendered":"https:\/\/etnyre.com\/maquinas-de-revestimiento\/"},"modified":"2025-05-28T06:11:30","modified_gmt":"2025-05-28T06:11:30","slug":"maquinas-de-revestimiento","status":"publish","type":"page","link":"https:\/\/etnyre.com\/es\/maquinas-de-revestimiento\/","title":{"rendered":"M\u00e1quinas de revestimiento"},"content":{"rendered":"<h3>Ampl\u00ede la flota de su empresa de asfalto con la incorporaci\u00f3n de selladoras<\/h3>\n<p>La conservaci\u00f3n del pavimento es primordial para empresarios, residentes y ayuntamientos de todo Estados Unidos. Por lo tanto, disponer del equipo necesario para satisfacer las necesidades de reparaci\u00f3n y mantenimiento del asfalto de su zona es crucial para el \u00e9xito de una empresa de pavimentaci\u00f3n de asfalto. Y con la ayuda de E.D. Etnyre &amp; Co., damos a los contratistas acceso a las m\u00e1quinas de mantenimiento y sellado de carreteras necesarias para el mantenimiento de solares y calzadas. Descubra el <a href=\"https:\/\/etnyre.com\/es\/equipos-de-sellado\/\">equipo<\/a> que mejor se adapta a las necesidades de sus clientes con la ayuda de Etnyre.<\/p>\n<h3>PavementSavers<\/h3>\n<p>Los <a href=\"https:\/\/etnyre.com\/es\/pavementsaver\/\">PavementSaver<\/a> II y III son buggies de sellado de alta calidad dise\u00f1ados para superar a los <a href=\"https:\/\/etnyre.com\/es\/los-mejores-equipos-de-sellado\/\">equipos de sellado de<\/a> otros fabricantes. Los PavementSavers funcionan mejor cuando se trata de solucionar el agrietamiento y el deterioro de calles peque\u00f1as, parcelas privadas, calzadas y mucho m\u00e1s. Cada silla de paseo es f\u00e1cil de maniobrar y est\u00e1 disponible con m\u00faltiples opciones de tama\u00f1os de dep\u00f3sito, caracter\u00edsticas de funcionamiento, etc. Entre lo que puede esperar de nuestros PavementSavers se incluyen:<\/p>\n<ul class=\"col-2\">\n<li>Mandos del operador con joystick<\/li>\n<li>Potentes componentes de accionamiento hidr\u00e1ulico<\/li>\n<li>Motores de rueda de pistones axiales con reducci\u00f3n planetaria<\/li>\n<li>Acero T-1 de alto rendimiento para dep\u00f3sitos mezcladores, hidr\u00e1ulicos y de gas\u00f3leo<\/li>\n<li>Barra de pulverizaci\u00f3n que se extiende de 8 a 12 pies<\/li>\n<li>Los mejores filtros de barra de pulverizaci\u00f3n del sector<\/li>\n<li>Opciones de capacidad entre 420+ y 510+ galones<\/li>\n<\/ul>\n<h3>BC502SC<\/h3>\n<p>El <a href=\"https:\/\/etnyre.com\/bc502sc\/\">BC502SC<\/a>, que sustituye a la l\u00ednea de camiones RaynMaker, es una unidad m\u00f3vil de distribuci\u00f3n de capa de sellado aut\u00f3noma y montada sobre patines. Cada unidad es f\u00e1cil de manejar, con su motor di\u00e9sel, dep\u00f3sito de almacenamiento, sistema hidr\u00e1ulico, controles digitales y mucho m\u00e1s. Las BC502SC son m\u00e1quinas de sellado m\u00e1s grandes, m\u00e1s adecuadas para aplicar un sellado uniforme en tramos largos de carreteras residenciales. Estas son algunas de las caracter\u00edsticas m\u00e1s notables del BC502SC de Etnyre:<\/p>\n<ul>\n<li>Sistema operativo inteligente con controles de sistema ARC<\/li>\n<li>Sistema de barra pulverizadora dise\u00f1ado y patentado por Etnyre con excelente filtraci\u00f3n<\/li>\n<li>Sistema de emulsi\u00f3n rellena de \u00e1rido fino de alto rendimiento<\/li>\n<li>Sistema de control hidr\u00e1ulico y bomba de material accionada<\/li>\n<li>Barra de pulverizaci\u00f3n que se extiende de 8 a 12 pies<\/li>\n<li>Opciones de capacidad entre 1.000 y 4.000 galones<\/li>\n<\/ul>\n<h3>RaynPro Serie T<\/h3>\n<p>La <a href=\"https:\/\/etnyre.com\/es\/raynpro-serie-t\/\">Serie T de RaynPro<\/a> combina el tama\u00f1o y la comodidad de nuestras PavementSavers con la capacidad y eficacia de una unidad BC502SC. En cuanto a las caracter\u00edsticas, el RaynPro funciona igual que todos los BC502SC , pero sin cabina ni cami\u00f3n. La serie T de RaynPro permite a los contratistas equipar los camiones y veh\u00edculos existentes con el sistema de sellado Etnyre. Para los contratistas con veh\u00edculos capaces de transportar el RaynPro, se obtiene lo mejor de una unidad BC502SC pero por una fracci\u00f3n del precio.<\/p>\n<div class=\"left-img\"><img loading=\"lazy\" decoding=\"async\" class=\"alignnone\" src=\"https:\/\/etnyre.com\/wp-content\/uploads\/2024\/03\/raynprot600.jpg\" alt=\"La RaynPro Serie T, una de las selladoras de Etnyre\" width=\"500\" height=\"350\" title=\"\"><\/div>\n<h3>M\u00e1s informaci\u00f3n sobre nuestros equipos de mantenimiento de carreteras<\/h3>\n<p>Las m\u00e1quinas Sealcoating no son los \u00fanicos productos que fabrica E.D. Etnyre &amp; Co. Ofrecemos equipos adicionales de mantenimiento de carreteras para servicios de asfalto como sellado con lechada, pavimentaci\u00f3n y mucho m\u00e1s. Si est\u00e1 interesado en la maquinaria de mantenimiento de carreteras que puede ayudarle a hacer crecer su empresa de pavimentaci\u00f3n de asfalto, p\u00f3ngase en contacto con nosotros en el <a href=\"tel:8157322116\">815-732-2116<\/a>. Atendemos a clientes en <a href=\"https:\/\/etnyre.com\/es\/sealcoat-camiones-arizona\/\">Arizona<\/a>, <a href=\"https:\/\/etnyre.com\/es\/equipos-de-revestimiento-tennessee\/\">Tennessee<\/a>, <a href=\"https:\/\/etnyre.com\/es\/camiones-de-revestimiento-de-juntas-texas\/\">Texas<\/a>, <a href=\"https:\/\/etnyre.com\/es\/sellado-de-buggies-illinois\/\">Illinois<\/a> y en todo Estados Unidos.<\/p>\n","protected":false},"excerpt":{"rendered":"<p>Ampl\u00ede la flota de su empresa de asfalto con la incorporaci\u00f3n de selladoras La conservaci\u00f3n del pavimento es primordial para empresarios, residentes y ayuntamientos de todo Estados Unidos. Por lo tanto, disponer del equipo necesario para satisfacer las necesidades de reparaci\u00f3n y mantenimiento del asfalto de su zona es crucial para el \u00e9xito de una &hellip; <a href=\"https:\/\/etnyre.com\/es\/maquinas-de-revestimiento\/\" class=\"more-link\">Continue reading <span class=\"screen-reader-text\">M\u00e1quinas de revestimiento<\/span><\/a><\/p>\n","protected":false},"author":1,"featured_media":10768,"parent":0,"menu_order":0,"comment_status":"closed","ping_status":"closed","template":"","meta":{"_acf_changed":false,"footnotes":""},"class_list":["post-11545","page","type-page","status-publish","has-post-thumbnail","hentry"],"acf":[],"_links":{"self":[{"href":"https:\/\/etnyre.com\/es\/wp-json\/wp\/v2\/pages\/11545","targetHints":{"allow":["GET"]}}],"collection":[{"href":"https:\/\/etnyre.com\/es\/wp-json\/wp\/v2\/pages"}],"about":[{"href":"https:\/\/etnyre.com\/es\/wp-json\/wp\/v2\/types\/page"}],"author":[{"embeddable":true,"href":"https:\/\/etnyre.com\/es\/wp-json\/wp\/v2\/users\/1"}],"replies":[{"embeddable":true,"href":"https:\/\/etnyre.com\/es\/wp-json\/wp\/v2\/comments?post=11545"}],"version-history":[{"count":1,"href":"https:\/\/etnyre.com\/es\/wp-json\/wp\/v2\/pages\/11545\/revisions"}],"predecessor-version":[{"id":13291,"href":"https:\/\/etnyre.com\/es\/wp-json\/wp\/v2\/pages\/11545\/revisions\/13291"}],"wp:featuredmedia":[{"embeddable":true,"href":"https:\/\/etnyre.com\/es\/wp-json\/wp\/v2\/media\/10768"}],"wp:attachment":[{"href":"https:\/\/etnyre.com\/es\/wp-json\/wp\/v2\/media?parent=11545"}],"curies":[{"name":"wp","href":"https:\/\/api.w.org\/{rel}","templated":true}]}}