{"id":11546,"date":"2024-04-09T04:17:33","date_gmt":"2024-04-09T04:17:33","guid":{"rendered":"https:\/\/etnyre.com\/reparacion-de-calles\/"},"modified":"2025-05-28T06:11:51","modified_gmt":"2025-05-28T06:11:51","slug":"reparacion-de-calles","status":"publish","type":"page","link":"https:\/\/etnyre.com\/es\/reparacion-de-calles\/","title":{"rendered":"Reparaci\u00f3n de calles"},"content":{"rendered":"<h3>Ahorre en la reparaci\u00f3n de calles utilizando el mejor equipo de mantenimiento de carreteras<\/h3>\n<p>Antes de la instalaci\u00f3n de asfalto o la reparaci\u00f3n de calles, las empresas y los municipios recurren a los contratistas de asfalto en busca de un m\u00e9todo eficaz para conservar el asfalto existente. Afortunadamente, existen muchos procesos que protegen y prolongan la vida \u00fatil del asfalto. Con E.D. Etnyre &amp; Co., proporcionamos a los contratistas los medios para preservar el pavimento mediante el <a href=\"https:\/\/etnyre.com\/es\/sellado-de-lodos\/\">sellado con lechada<\/a> y el <a href=\"https:\/\/etnyre.com\/es\/sellado-de-asfalto\/\">revestimiento de sellado<\/a>. Si quiere servir mejor a sus clientes con el <a href=\"https:\/\/etnyre.com\/es\/equipo-de-construccion-de-carreteras\/\">equipo de mantenimiento de<\/a> carreteras adecuado, \u00a1llame a Etnyre!<\/p>\n<h3>Antes de la reparaci\u00f3n<\/h3>\n<p>La reparaci\u00f3n de calles es un servicio que todo contratista de asfalto puede ofrecer. Sin embargo, los contratistas se esfuerzan por ofrecer servicios adicionales para evitar la reparaci\u00f3n en primer lugar. Como tal, Etnyre suministra a los contratistas los medios para proteger y conservar el pavimento de asfalto.<\/p>\n<ul>\n<li><strong>Protecci\u00f3n del asfalto<\/strong>\n<ul>\n<li>Una vez colocado el asfalto, el contratista puede llevar a cabo procedimientos espec\u00edficos para garantizar la longevidad del pavimento. Uno de estos servicios, <a href=\"https:\/\/etnyre.com\/es\/servicio-de-sellado\/\">el sellado<\/a>, es la opci\u00f3n m\u00e1s popular para la mayor\u00eda de las empresas y municipios. El sellado aplica una capa protectora sobre el asfalto, ayudando a prevenir grietas, desmoronamientos y deterioro debido a la humedad, los productos qu\u00edmicos y el uso intensivo de la carretera. Para prestar este servicio, los contratistas de asfalto conf\u00edan en las m\u00e1quinas selladoras de Etnyre: la <a href=\"https:\/\/etnyre.com\/bc502sc\/\">BC502SC<\/a> y la <a href=\"https:\/\/etnyre.com\/es\/pavementsaver\/\">PavementSaver<\/a>. Nuestro sistema BC502SC, que sustituye al RaynMaker, es nuestro <a href=\"https:\/\/etnyre.com\/es\/equipos-de-revestimiento-de-asfalto-2\/\">cami\u00f3n de sellado<\/a> m\u00e1s grande, que proporciona un sellado completo de carreteras medianas y grandes. El PavementSaver funciona de forma similar, pero es un buggy de sellado dise\u00f1ado para realizar trabajos de sellado m\u00e1s peque\u00f1os y precisos.<\/li>\n<\/ul>\n<\/li>\n<li><strong>Reasfaltado<\/strong>\n<ul>\n<li>Incluso con el sellado, es probable que el pavimento se rompa con el tiempo. Sin embargo, sustituir completamente el asfalto supone una cantidad considerable de dinero. Y si las grietas, el desmoronamiento y el deterioro han llegado a un punto sin retorno, no le quedar\u00e1 m\u00e1s remedio que encargar costosas reparaciones. Afortunadamente, si se detectan los da\u00f1os a tiempo, se puede revestir el pavimento. Con la <a href=\"https:\/\/etnyre.com\/es\/selladoras-de-lodos\/\">maquinaria de sellado de<\/a> Etnyre, la repavimentaci\u00f3n de superficies de asfalto nunca ha sido tan f\u00e1cil. Nuestro <a href=\"https:\/\/etnyre.com\/es\/roadsaver\/\">RoadSaver<\/a> convierte el sellado de lechada en un proceso r\u00e1pido y fiable para todos los contratistas de asfalto.<\/li>\n<\/ul>\n<\/li>\n<\/ul>\n<h3>Sobre Etnyre<\/h3>\n<p>Etnyre comenz\u00f3 en 1898 cuando Edward D. Etnyre decidi\u00f3 crear una maquinaria de asfalto m\u00e1s fiable para ayudarse a s\u00ed mismo y a sus semejantes. Para ello, Etnyre empez\u00f3 a fabricar nuevos equipos pensando en la resistencia y la eficacia. Hoy en d\u00eda, la selecci\u00f3n de equipos industriales de asfalto de Etnyre se ha ampliado para ofrecer productos de reparaci\u00f3n, mantenimiento, pavimentaci\u00f3n, almacenamiento y mucho m\u00e1s. Seguimos esforz\u00e1ndonos por crear equipos duraderos, muy eficaces y f\u00e1ciles de manejar.<\/p>\n<div class=\"left-img\"><\/div>\n<h3>Ll\u00e1menos<\/h3>\n<p>No permita que sus clientes lleguen al punto en que sea necesaria una costosa reparaci\u00f3n de sus calzadas de asfalto. En su lugar, proteja y prolongue la vida \u00fatil del asfalto con la ayuda de los equipos de mantenimiento de carreteras de alta calidad de E.D. Etnyre &amp; Co. Para obtener m\u00e1s informaci\u00f3n sobre nuestros productos, p\u00f3ngase en contacto con nosotros hoy mismo en <a href=\"tel:8157322116\">el 815-732-2116<\/a>. Atendemos a clientes en <a href=\"https:\/\/etnyre.com\/es\/equipo-sealcoat-arizona\/\">Arizona<\/a>, <a href=\"https:\/\/etnyre.com\/es\/sellado-de-buggies-tennessee\/\">Tennessee<\/a>, <a href=\"https:\/\/etnyre.com\/es\/sealcoat-buggies-texas\/\">Texas<\/a>, <a href=\"https:\/\/etnyre.com\/es\/sealcoating-trucks-illinois\/\">Illinois<\/a> y en todo Estados Unidos.<\/p>\n","protected":false},"excerpt":{"rendered":"<p>Ahorre en la reparaci\u00f3n de calles utilizando el mejor equipo de mantenimiento de carreteras Antes de la instalaci\u00f3n de asfalto o la reparaci\u00f3n de calles, las empresas y los municipios recurren a los contratistas de asfalto en busca de un m\u00e9todo eficaz para conservar el asfalto existente. Afortunadamente, existen muchos procesos que protegen y prolongan &hellip; <a href=\"https:\/\/etnyre.com\/es\/reparacion-de-calles\/\" class=\"more-link\">Continue reading <span class=\"screen-reader-text\">Reparaci\u00f3n de calles<\/span><\/a><\/p>\n","protected":false},"author":1,"featured_media":10748,"parent":0,"menu_order":0,"comment_status":"closed","ping_status":"closed","template":"","meta":{"_acf_changed":false,"footnotes":""},"class_list":["post-11546","page","type-page","status-publish","has-post-thumbnail","hentry"],"acf":[],"_links":{"self":[{"href":"https:\/\/etnyre.com\/es\/wp-json\/wp\/v2\/pages\/11546","targetHints":{"allow":["GET"]}}],"collection":[{"href":"https:\/\/etnyre.com\/es\/wp-json\/wp\/v2\/pages"}],"about":[{"href":"https:\/\/etnyre.com\/es\/wp-json\/wp\/v2\/types\/page"}],"author":[{"embeddable":true,"href":"https:\/\/etnyre.com\/es\/wp-json\/wp\/v2\/users\/1"}],"replies":[{"embeddable":true,"href":"https:\/\/etnyre.com\/es\/wp-json\/wp\/v2\/comments?post=11546"}],"version-history":[{"count":2,"href":"https:\/\/etnyre.com\/es\/wp-json\/wp\/v2\/pages\/11546\/revisions"}],"predecessor-version":[{"id":13294,"href":"https:\/\/etnyre.com\/es\/wp-json\/wp\/v2\/pages\/11546\/revisions\/13294"}],"wp:featuredmedia":[{"embeddable":true,"href":"https:\/\/etnyre.com\/es\/wp-json\/wp\/v2\/media\/10748"}],"wp:attachment":[{"href":"https:\/\/etnyre.com\/es\/wp-json\/wp\/v2\/media?parent=11546"}],"curies":[{"name":"wp","href":"https:\/\/api.w.org\/{rel}","templated":true}]}}