{"id":11547,"date":"2024-04-09T04:17:33","date_gmt":"2024-04-09T04:17:33","guid":{"rendered":"https:\/\/etnyre.com\/equipos-de-sellado\/"},"modified":"2025-09-18T12:46:54","modified_gmt":"2025-09-18T12:46:54","slug":"equipos-de-sellado","status":"publish","type":"page","link":"https:\/\/etnyre.com\/es\/equipos-de-sellado\/","title":{"rendered":"Equipos de sellado"},"content":{"rendered":"<h3>A\u00f1ada una capa de protecci\u00f3n a las carreteras con equipos de sellado<\/h3>\n<p>A medida que las carreteras de asfalto y los solares empiezan a envejecer, comienzan a formarse grietas y el deterioro se convierte en un grave problema. Sin embargo, un mantenimiento y una conservaci\u00f3n constantes permiten prolongar la vida \u00fatil del pavimento mucho m\u00e1s all\u00e1 de lo habitual. Y como contratistas de asfalto, querr\u00e1n ofrecer a sus clientes servicios de mantenimiento y conservaci\u00f3n del asfalto. Afortunadamente, con el equipo de sellado proporcionado por E.D. Etnyre &amp; Co., puede satisfacer las demandas de las empresas privadas y los municipios de la ciudad en toda su \u00e1rea.<\/p>\n<h3>La importancia del sellado<\/h3>\n<p>Detr\u00e1s de la reparaci\u00f3n de carreteras y la aplicaci\u00f3n de asfalto, el sellado es un servicio solicitado a menudo por los clientes que desean gestionar lotes y calles de asfalto. Y como contratista de pavimentaci\u00f3n asf\u00e1ltica, deber\u00eda poder ofrecer servicios de sellado r\u00e1pidos y eficaces a cualquiera de sus clientes. El sellado se busca por numerosas razones, entre ellas:<\/p>\n<ul>\n<li><strong>Prolongar la vida \u00fatil de las carreteras<\/strong>\n<ul>\n<li>Ya hemos mencionado c\u00f3mo el sellado ayuda a aumentar la vida \u00fatil de las carreteras de asfalto m\u00e1s all\u00e1 de lo normal. Sin embargo, al hacerlo, la impermeabilizaci\u00f3n se convierte en un componente esencial de la mayor\u00eda de las obras de construcci\u00f3n y mantenimiento de carreteras. El sellado del asfalto rellena las grietas y grietas del pavimento, que afectan a la integridad de las carreteras. Adem\u00e1s, el sellado a\u00f1ade una capa protectora al pavimento, protegiendo el asfalto de los rayos UV, los l\u00edquidos de los veh\u00edculos y el agua.<\/li>\n<\/ul>\n<\/li>\n<li><strong>Est\u00e9tica mejorada<\/strong>\n<ul>\n<li>La exposici\u00f3n al sol y a los elementos puede pasar factura a su pavimento. Despu\u00e9s de varios a\u00f1os, el color del asfalto puede empezar a deste\u00f1irse. Esta p\u00e9rdida de color no s\u00f3lo tiene un aspecto feo, sino que puede dificultar a los conductores la visi\u00f3n de las marcas viales. Con el sellado, puede restaurar el color del pavimento a como nuevo y crear una superficie fresca para volver a pintar rayas, l\u00edneas centrales, plazas de aparcamiento, etc.<\/li>\n<\/ul>\n<\/li>\n<li><strong>Ahorro de dinero<\/strong>\n<ul>\n<li>Las ventajas econ\u00f3micas de la impermeabilizaci\u00f3n son dobles: se ahorra dinero en costes de reparaci\u00f3n y posibles gastos legales. En primer lugar, si sus solares y calles quedan en mal estado, prep\u00e1rese para desembolsar una importante cantidad de dinero en efectivo para reparar o sustituir el asfalto. En segundo lugar, si un conductor o un peat\u00f3n resulta herido en el pavimento debido al desmoronamiento, los baches y la negligencia general en el mantenimiento de las carreteras, es posible que tenga que litigar. Adelantarse al deterioro de la carretera con una capa de sellado evita que se produzca cualquiera de estos problemas.<\/li>\n<\/ul>\n<\/li>\n<\/ul>\n<h3>Seleccione el mejor equipo de revestimiento<\/h3>\n<p>Etnyre le ofrece a los contratistas de asfalto el equipo adecuado para el sellado. Fabricamos y vendemos varios equipos dise\u00f1ados para gestionar los servicios de revestimiento de juntas con rapidez y eficacia. Nuestro equipo de sellado incluye:<\/p>\n<ul>\n<li><strong>PavementSaver<\/strong> &#8211; Nuestros PavementSaver II y III son buggies de sellado, perfectos para trabajos de sellado peque\u00f1os y precisos. <a href=\"https:\/\/etnyre.com\/es\/pavementsaver\/\">Los PavementSaver<\/a> est\u00e1n dise\u00f1ados para superar en velocidad, duraci\u00f3n y rendimiento a todas las dem\u00e1s m\u00e1quinas de sellado. Existen m\u00faltiples opciones de tama\u00f1os de dep\u00f3sitos, colores, personalizaci\u00f3n de equipos y mucho m\u00e1s.<\/li>\n<li><a href=\"https:\/\/etnyre.com\/bc502sc\/\">BC502SC<\/a> <strong>&#8211; <\/strong>La BC502SC est\u00e1 preparada para realizar tus trabajos de sellado m\u00e1s importantes. Tanto si se trata de pulverizar largos tramos de carretera como de gestionar el revestimiento de grandes lotes, nuestras unidades m\u00f3viles de distribuci\u00f3n de sealcoat est\u00e1n a la altura de las circunstancias. Todas las unidades est\u00e1n montadas sobre patines y son aut\u00f3nomas, lo que las convierte en la soluci\u00f3n perfecta para sus necesidades de mantenimiento del asfalto. El BC502SC sustituye a la l\u00ednea de productos RaynMaker.<\/li>\n<\/ul>\n<h3>Llama hoy<\/h3>\n<p>Garantice a sus clientes los mejores servicios de sellado con equipos de sellado dise\u00f1ados para gestionar las exigencias de trabajos de cualquier tama\u00f1o. P\u00f3ngase en contacto con E.D. Etnyre &amp; Co. hoy mismo para preguntar por nuestra selecci\u00f3n de productos para el mantenimiento del asfalto. Llama <a href=\"tel:8157322116\">al 815-732-2116<\/a> para obtener m\u00e1s informaci\u00f3n. Atendemos a clientes en <a href=\"https:\/\/etnyre.com\/es\/equipo-sealcoat-arizona\/\">Arizona<\/a>, <a href=\"https:\/\/etnyre.com\/es\/equipos-de-revestimiento-tennessee\/\">Tennessee<\/a>, <a href=\"https:\/\/etnyre.com\/es\/equipo-sealcoat-texas\/\">Texas<\/a>, <a href=\"https:\/\/etnyre.com\/es\/equipos-de-revestimiento-de-juntas-illinois\/\">Illinois<\/a> y en todo Estados Unidos.<\/p>\n","protected":false},"excerpt":{"rendered":"<p>A\u00f1ada una capa de protecci\u00f3n a las carreteras con equipos de sellado A medida que las carreteras de asfalto y los solares empiezan a envejecer, comienzan a formarse grietas y el deterioro se convierte en un grave problema. Sin embargo, un mantenimiento y una conservaci\u00f3n constantes permiten prolongar la vida \u00fatil del pavimento mucho m\u00e1s &hellip; <a href=\"https:\/\/etnyre.com\/es\/equipos-de-sellado\/\" class=\"more-link\">Continue reading <span class=\"screen-reader-text\">Equipos de sellado<\/span><\/a><\/p>\n","protected":false},"author":1,"featured_media":10794,"parent":0,"menu_order":0,"comment_status":"closed","ping_status":"closed","template":"","meta":{"_acf_changed":false,"footnotes":""},"class_list":["post-11547","page","type-page","status-publish","has-post-thumbnail","hentry"],"acf":[],"_links":{"self":[{"href":"https:\/\/etnyre.com\/es\/wp-json\/wp\/v2\/pages\/11547","targetHints":{"allow":["GET"]}}],"collection":[{"href":"https:\/\/etnyre.com\/es\/wp-json\/wp\/v2\/pages"}],"about":[{"href":"https:\/\/etnyre.com\/es\/wp-json\/wp\/v2\/types\/page"}],"author":[{"embeddable":true,"href":"https:\/\/etnyre.com\/es\/wp-json\/wp\/v2\/users\/1"}],"replies":[{"embeddable":true,"href":"https:\/\/etnyre.com\/es\/wp-json\/wp\/v2\/comments?post=11547"}],"version-history":[{"count":2,"href":"https:\/\/etnyre.com\/es\/wp-json\/wp\/v2\/pages\/11547\/revisions"}],"predecessor-version":[{"id":14287,"href":"https:\/\/etnyre.com\/es\/wp-json\/wp\/v2\/pages\/11547\/revisions\/14287"}],"wp:featuredmedia":[{"embeddable":true,"href":"https:\/\/etnyre.com\/es\/wp-json\/wp\/v2\/media\/10794"}],"wp:attachment":[{"href":"https:\/\/etnyre.com\/es\/wp-json\/wp\/v2\/media?parent=11547"}],"curies":[{"name":"wp","href":"https:\/\/api.w.org\/{rel}","templated":true}]}}