{"id":11548,"date":"2024-04-09T04:17:33","date_gmt":"2024-04-09T04:17:33","guid":{"rendered":"https:\/\/etnyre.com\/remolques-de-revestimiento\/"},"modified":"2025-01-30T09:45:19","modified_gmt":"2025-01-30T09:45:19","slug":"remolques-de-revestimiento","status":"publish","type":"page","link":"https:\/\/etnyre.com\/es\/remolques-de-revestimiento\/","title":{"rendered":"Remolques de revestimiento"},"content":{"rendered":"<h3>Equipe sus camiones con los remolques de sellado de alta calidad de Etnyre<\/h3>\n<p>El sellado es un servicio muy solicitado por la mayor\u00eda de los contratistas de asfalto. El sellado no s\u00f3lo es un m\u00e9todo eficaz para conservar el pavimento, sino tambi\u00e9n un servicio r\u00e1pido y asequible para los contratistas. Si su empresa carece actualmente del equipo adecuado para <a href=\"https:\/\/etnyre.com\/asphalt-sealcoating\/\">el sellado<\/a>, E.D. Etnyre &amp; Co. tiene la soluci\u00f3n: \u00a1los remolques de sellado! Acelere sus servicios de sellado con los remolques de sellado RaynPro Serie T de Etnyre.<\/p>\n<h3>\u00bfPor qu\u00e9 elegir remolques?<\/h3>\n<p>Los remolques de sellado no son el \u00fanico equipo de sellado. De hecho, Etnyre fabrica <a href=\"https:\/\/etnyre.com\/sealcoat-trucks\/\">camiones<\/a> y <a href=\"https:\/\/etnyre.com\/sealcoat-buggies\/\">buggies<\/a> <a href=\"https:\/\/etnyre.com\/sealcoat-trucks\/\">de sellado<\/a> junto con nuestros remolques. Sin embargo, en funci\u00f3n de las necesidades de su empresa, lo mejor puede ser un remolque de sellado. He aqu\u00ed algunas razones por las que podr\u00eda necesitar un remolque sealcoating en lugar de un cami\u00f3n o un buggy:<\/p>\n<ul>\n<li><strong>Personalizaci\u00f3n<\/strong>\n<ul>\n<li>Aunque todos los productos de sellado de Etnyre tienen alg\u00fan nivel de personalizaci\u00f3n, nuestra <a href=\"https:\/\/etnyre.com\/raynpro-t-series\/\">serie RaynPro T<\/a> es la que tiene m\u00e1s opciones de personalizaci\u00f3n. Ayudamos a los contratistas a seleccionar las caracter\u00edsticas del sistema de rociado de asfalto que m\u00e1s repercutir\u00e1n en su productividad y en la satisfacci\u00f3n del cliente. Si le preocupa que nuestros otros productos de sellado no puedan personalizarse seg\u00fan sus especificaciones, elija nuestros remolques.<\/li>\n<\/ul>\n<\/li>\n<li><strong>Conveniencia<\/strong>\n<ul>\n<li>La instalaci\u00f3n de nuestros remolques sealcoat es r\u00e1pida y sencilla. Siempre que disponga de un cami\u00f3n con los enganches de remolque adecuados, podr\u00e1 acoplar f\u00e1cilmente cualquier unidad RaynPro de la serie T. Adem\u00e1s, nuestros remolques de sellado son m\u00e1s compactos que nuestros camiones de sellado, lo que los hace m\u00e1s f\u00e1ciles de maniobrar y m\u00e1s convenientes para trabajos de sellado m\u00e1s peque\u00f1os y precisos.<\/li>\n<\/ul>\n<\/li>\n<li><strong>Asequibilidad<\/strong>\n<ul>\n<li>Si bien Etnyre se esfuerza por ofrecer nuestros equipos sealcoat a precios competitivos y asequibles, la compra de una nueva pieza de maquinaria todav\u00eda puede ser una inversi\u00f3n significativa para su negocio. Afortunadamente, nuestros remolques de sellado son uno de nuestros equipos m\u00e1s asequibles. Sin la adici\u00f3n de una cabina de cami\u00f3n y el motor, nuestros remolques tienen un precio m\u00e1s bajo, lo que los convierte en la mejor opci\u00f3n para los contratistas que se mantienen dentro de un presupuesto.<\/li>\n<\/ul>\n<\/li>\n<\/ul>\n<div class=\"left-img\"><\/div>\n<h3>Etnyre&#8217;s Asphalt Equipment<\/h3>\n<p>Adem\u00e1s de nuestros remolques de revestimiento de sellado, Etnyre dise\u00f1a y fabrica otra maquinaria de asfalto de alta calidad para contratistas de todo Estados Unidos. Durante a\u00f1os, hemos fabricado equipos de alta calidad y eficacia que han ayudado a los contratistas a maximizar sus servicios de protecci\u00f3n, mantenimiento y repavimentaci\u00f3n del asfalto. Nuestros otros productos incluyen:<\/p>\n<ul class=\"col-2\">\n<li><a href=\"https:\/\/etnyre.com\/roadsaver\/\">RoadSavers<\/a> &#8211; M\u00e1quinas extendedoras de morteros asf\u00e1lticos y micropavimentos<\/li>\n<li><a href=\"https:\/\/etnyre.com\/pavementsaver\/\">PavementSavers<\/a> &#8211; Buggies de recubrimiento<\/li>\n<li><a href=\"https:\/\/etnyre.com\/bc502sc\/\">BC502SC<\/a> &#8211; Camiones de revestimiento de sellado<\/li>\n<li><a href=\"https:\/\/etnyre.com\/tanks-tankers\/\">Cisternas y camiones cisterna<\/a><\/li>\n<li>Plantas Sealcoat<\/li>\n<\/ul>\n<h3>Ll\u00e1menos<\/h3>\n<p>Apoye a\u00fan m\u00e1s sus servicios de sellado con los mejores remolques de sellado, m\u00e1s asequibles y personalizables del mercado. Llame hoy mismo a E.D. Etnyre &amp; Co. al <a href=\"tel:8157322116\">815-732-2116<\/a> para obtener m\u00e1s informaci\u00f3n sobre nuestros productos de asfalto o solicitar un presupuesto. Atendemos a clientes en <a href=\"https:\/\/etnyre.com\/sealcoat-equipment-arizona\/\">Arizona<\/a>, <a href=\"https:\/\/etnyre.com\/sealcoating-equipment-tennessee\/\">Tennessee<\/a>, <a href=\"https:\/\/etnyre.com\/sealcoat-equipment-texas\/\">Texas<\/a>, <a href=\"https:\/\/etnyre.com\/sealcoating-trailers-illinois\/\">Illinois<\/a> y en todo Estados Unidos.<\/p>\n","protected":false},"excerpt":{"rendered":"<p>Equipe sus camiones con los remolques de sellado de alta calidad de Etnyre El sellado es un servicio muy solicitado por la mayor\u00eda de los contratistas de asfalto. El sellado no s\u00f3lo es un m\u00e9todo eficaz para conservar el pavimento, sino tambi\u00e9n un servicio r\u00e1pido y asequible para los contratistas. Si su empresa carece actualmente &hellip; <a href=\"https:\/\/etnyre.com\/es\/remolques-de-revestimiento\/\" class=\"more-link\">Continue reading <span class=\"screen-reader-text\">Remolques de revestimiento<\/span><\/a><\/p>\n","protected":false},"author":1,"featured_media":10674,"parent":0,"menu_order":0,"comment_status":"closed","ping_status":"closed","template":"","meta":{"_acf_changed":false,"footnotes":""},"class_list":["post-11548","page","type-page","status-publish","has-post-thumbnail","hentry"],"acf":[],"_links":{"self":[{"href":"https:\/\/etnyre.com\/es\/wp-json\/wp\/v2\/pages\/11548","targetHints":{"allow":["GET"]}}],"collection":[{"href":"https:\/\/etnyre.com\/es\/wp-json\/wp\/v2\/pages"}],"about":[{"href":"https:\/\/etnyre.com\/es\/wp-json\/wp\/v2\/types\/page"}],"author":[{"embeddable":true,"href":"https:\/\/etnyre.com\/es\/wp-json\/wp\/v2\/users\/1"}],"replies":[{"embeddable":true,"href":"https:\/\/etnyre.com\/es\/wp-json\/wp\/v2\/comments?post=11548"}],"version-history":[{"count":3,"href":"https:\/\/etnyre.com\/es\/wp-json\/wp\/v2\/pages\/11548\/revisions"}],"predecessor-version":[{"id":13326,"href":"https:\/\/etnyre.com\/es\/wp-json\/wp\/v2\/pages\/11548\/revisions\/13326"}],"wp:featuredmedia":[{"embeddable":true,"href":"https:\/\/etnyre.com\/es\/wp-json\/wp\/v2\/media\/10674"}],"wp:attachment":[{"href":"https:\/\/etnyre.com\/es\/wp-json\/wp\/v2\/media?parent=11548"}],"curies":[{"name":"wp","href":"https:\/\/api.w.org\/{rel}","templated":true}]}}