{"id":11549,"date":"2024-04-09T04:17:33","date_gmt":"2024-04-09T04:17:33","guid":{"rendered":"https:\/\/etnyre.com\/buggies-sealcoat\/"},"modified":"2025-05-28T06:11:26","modified_gmt":"2025-05-28T06:11:26","slug":"buggies-sealcoat","status":"publish","type":"page","link":"https:\/\/etnyre.com\/es\/buggies-sealcoat\/","title":{"rendered":"Buggies Sealcoat"},"content":{"rendered":"<h3>\u00bfNecesita camiones para su negocio de asfaltado?<\/h3>\n<p>Los contratistas de asfalto necesitan los equipos y sistemas m\u00e1s adecuados para prestar servicios r\u00e1pidos y eficaces de <a href=\"https:\/\/etnyre.com\/es\/reparacion-de-calles\/\">reparaci\u00f3n<\/a>, <a href=\"https:\/\/etnyre.com\/es\/conservacion-de-carreteras\/\">mantenimiento<\/a> e instalaci\u00f3n de asfalto. Como tal, E.D. Etnyre &amp; Co. se esfuerza por desarrollar equipos de alta calidad y alto funcionamiento dise\u00f1ados para durar m\u00e1s y superar todo lo ofrecido por nuestros competidores. Nuestros buggies de recubrimiento de sellado ejemplifican la maquinaria duradera y f\u00e1cil de manejar que proporcionamos a los contratistas de asfalto. Y, como contratista de asfalto, los carritos de sellado son una pieza del equipo que no deber\u00eda faltarle.<\/p>\n<h3>Los mejores usos para Sealcoat Buggies<\/h3>\n<p>Cada pieza del equipo de asfalto sirve para un prop\u00f3sito \u00fanico, y un buggy sealcoat no es diferente. Tanto si se trata de una parcela privada como de una propiedad residencial, los buggies sealcoat agilizan el trabajo, ahorrando tiempo y dinero tanto a los contratistas como a los clientes. Algunos de los mejores usos para un buggy sealcoat incluyen:<\/p>\n<ul>\n<li><strong>Peque\u00f1os trabajos<\/strong>\n<ul>\n<li>No es necesario un cami\u00f3n para todos los trabajos de sellado. De hecho, los buggies sealcoat son m\u00e1s adecuados para gestionar el sellado de peque\u00f1as parcelas o calzadas. Nuestros buggies contienen una cantidad manejable de sealcoat, que puede aplicarse r\u00e1pidamente a cualquier superficie de asfalto. En \u00faltima instancia, un buggy sealcoat es el mejor equipo para trabajos residenciales y sealcoating para propiedades privadas.<\/li>\n<\/ul>\n<\/li>\n<li><strong>Sellado preciso<\/strong>\n<ul>\n<li>La maniobrabilidad de los buggies de impermeabilizaci\u00f3n de Etnyre es inigualable. Nuestras selladoras autopropulsadas se adaptan f\u00e1cilmente a esquinas estrechas y permiten sellar superficies de dif\u00edcil acceso. Las m\u00e1quinas sealcoat de Etnyre son precisas y exactas, con controles de joystick y barras de pulverizaci\u00f3n ajustables. All\u00ed donde un cami\u00f3n de impermeabilizaci\u00f3n no puede cubrir, nuestros PavementSavers compensan la diferencia.<\/li>\n<\/ul>\n<\/li>\n<li><strong>Proyectos r\u00e1pidos<\/strong>\n<ul>\n<li>Si los plazos son ajustados y sus trabajos de sellado deben completarse r\u00e1pidamente, los buggies de sellado son su mejor opci\u00f3n para un servicio r\u00e1pido. Los buggies de Etnyre son r\u00e1pidos de arrancar, se calientan r\u00e1pidamente y aplican la capa de sellado con rapidez y precisi\u00f3n sobre el pavimento. Adem\u00e1s, el r\u00e1pido trabajo de un buggy sealcoat sigue proporcionando un sellado eficaz del asfalto, garantizando que el pavimento de los clientes est\u00e9 bien protegido y que el tiempo de mano de obra sea m\u00ednimo.<\/li>\n<\/ul>\n<\/li>\n<\/ul>\n<h3>Caracter\u00edsticas del PavementSaver<\/h3>\n<p>Los <a href=\"https:\/\/etnyre.com\/es\/pavementsaver\/\">PavementSaver<\/a> II y III de Etnyre son unos de los buggies de sellado m\u00e1s duraderos y fiables de la industria del asfalto. Nuestras m\u00e1quinas han sido dise\u00f1adas para soportar presiones y tensiones extremas, superando en funcionamiento, duraci\u00f3n y rendimiento a todas las dem\u00e1s m\u00e1quinas de revestimiento de sellado. Cada PavementSaver tiene numerosas opciones de tama\u00f1o de dep\u00f3sito, color, caracter\u00edsticas exclusivas y otras personalizaciones. Algunas de las mejores caracter\u00edsticas de la PavementSaver son:<\/p>\n<ul class=\"col-2\">\n<li>Controles del operador con joystick<\/li>\n<li>Potentes componentes de accionamiento hidr\u00e1ulico<\/li>\n<li>Acero T-1 de alto rendimiento para mezcladoras y dep\u00f3sitos de gas\u00f3leo<\/li>\n<li>Agitador hidr\u00e1ulico de velocidad variable y accionamiento directo<\/li>\n<li>Barra de pulverizaci\u00f3n de 8&#8242; con extensi\u00f3n de 12<\/li>\n<li>Opciones de capacidad del dep\u00f3sito entre 400 y 500+ galones<\/li>\n<\/ul>\n<div class=\"left-img\"><img loading=\"lazy\" decoding=\"async\" class=\"alignnone\" src=\"https:\/\/etnyre.com\/wp-content\/uploads\/2024\/03\/Sealcoat-Buggies-2.jpg\" alt=\"RES&#039;s Sealcoat Buggies, PavementSavers\" width=\"500\" height=\"350\" title=\"\"><\/div>\n<h3>Habla con nuestro equipo<\/h3>\n<p>Para trabajos residenciales m\u00e1s peque\u00f1os y <a href=\"https:\/\/etnyre.com\/es\/sellado-de-asfalto\/\">proyectos de sellado<\/a> precisos, los contratistas de asfalto cuentan con la l\u00ednea de buggies de sellado de alta calidad y funcionamiento de E.D. Etnyre &amp; Co. Para obtener m\u00e1s informaci\u00f3n sobre el PavementSaver o nuestros productos de asfalto adicionales, p\u00f3ngase en contacto con nosotros hoy mismo en el <a href=\"tel:8157322116\">815-732-2116<\/a>. Atendemos a clientes en Arizona, California, Texas, Illinois, Nueva York y en todo Estados Unidos.<\/p>\n","protected":false},"excerpt":{"rendered":"<p>\u00bfNecesita camiones para su negocio de asfaltado? Los contratistas de asfalto necesitan los equipos y sistemas m\u00e1s adecuados para prestar servicios r\u00e1pidos y eficaces de reparaci\u00f3n, mantenimiento e instalaci\u00f3n de asfalto. Como tal, E.D. Etnyre &amp; Co. se esfuerza por desarrollar equipos de alta calidad y alto funcionamiento dise\u00f1ados para durar m\u00e1s y superar todo &hellip; <a href=\"https:\/\/etnyre.com\/es\/buggies-sealcoat\/\" class=\"more-link\">Continue reading <span class=\"screen-reader-text\">Buggies Sealcoat<\/span><\/a><\/p>\n","protected":false},"author":1,"featured_media":10698,"parent":0,"menu_order":0,"comment_status":"closed","ping_status":"closed","template":"","meta":{"_acf_changed":false,"footnotes":""},"class_list":["post-11549","page","type-page","status-publish","has-post-thumbnail","hentry"],"acf":[],"_links":{"self":[{"href":"https:\/\/etnyre.com\/es\/wp-json\/wp\/v2\/pages\/11549","targetHints":{"allow":["GET"]}}],"collection":[{"href":"https:\/\/etnyre.com\/es\/wp-json\/wp\/v2\/pages"}],"about":[{"href":"https:\/\/etnyre.com\/es\/wp-json\/wp\/v2\/types\/page"}],"author":[{"embeddable":true,"href":"https:\/\/etnyre.com\/es\/wp-json\/wp\/v2\/users\/1"}],"replies":[{"embeddable":true,"href":"https:\/\/etnyre.com\/es\/wp-json\/wp\/v2\/comments?post=11549"}],"version-history":[{"count":1,"href":"https:\/\/etnyre.com\/es\/wp-json\/wp\/v2\/pages\/11549\/revisions"}],"predecessor-version":[{"id":14289,"href":"https:\/\/etnyre.com\/es\/wp-json\/wp\/v2\/pages\/11549\/revisions\/14289"}],"wp:featuredmedia":[{"embeddable":true,"href":"https:\/\/etnyre.com\/es\/wp-json\/wp\/v2\/media\/10698"}],"wp:attachment":[{"href":"https:\/\/etnyre.com\/es\/wp-json\/wp\/v2\/media?parent=11549"}],"curies":[{"name":"wp","href":"https:\/\/api.w.org\/{rel}","templated":true}]}}