{"id":11576,"date":"2024-04-17T05:04:59","date_gmt":"2024-04-17T05:04:59","guid":{"rendered":"https:\/\/etnyre.com\/caja-de-escobas-scrub-seal\/"},"modified":"2025-09-18T12:39:40","modified_gmt":"2025-09-18T12:39:40","slug":"caja-de-escobas-scrub-seal","status":"publish","type":"page","link":"https:\/\/etnyre.com\/es\/caja-de-escobas-scrub-seal\/","title":{"rendered":"Caja de escobas Scrub Seal"},"content":{"rendered":"<div class=\"about_right\"><iframe loading=\"lazy\" title=\"Reproductor de v\u00eddeo de YouTube\" src=\"https:\/\/www.youtube.com\/embed\/GZORlJqZa3k?rel=0\" width=\"560\" height=\"315\" frameborder=\"0\" allowfullscreen=\"allowfullscreen\"><\/iframe><\/div>\n<h3>Simplifica la pavimentaci\u00f3n de asfalto y el sellado de gravilla con la caja de escobas Scrub Seal de Etnyre<\/h3>\n<p>Los contratistas de asfalto siempre buscan nuevas herramientas, equipos y componentes para agilizar el proceso de extendido de asfalto y sellado de gravilla. Por ello, si tu empresa desea ofrecer un <a href=\"https:\/\/etnyre.com\/es\/asfaltado-y-sellado\/\">sellado excepcional de alquitr\u00e1n y virutas<\/a>, el mejor tratamiento de superficies, el sellado por frotamiento, puede aplicarse f\u00e1cilmente utilizando la Caja Escoba para Sellado por Frotamiento de Etnyre. La Caja escoba para juntas de fregado es un equipo revolucionario dise\u00f1ado para facilitar la aplicaci\u00f3n precisa de las juntas de fregado. Esta exclusiva unidad aut\u00f3noma puede instalarse en cualquier cami\u00f3n distribuidor de asfalto con m\u00ednimas modificaciones, ofreciendo una comodidad y eficacia excepcionales. Llama hoy mismo a E.D. Etnyre &amp; Co. para saber m\u00e1s sobre este <a href=\"https:\/\/etnyre.com\/es\/el-mejor-equipo-de-asfaltado-de-illinois\/\">producto especializado de astillado y sellado<\/a>.<\/p>\n<h3>\u00bfQu\u00e9 es una foca fregadora?<\/h3>\n<p>Un sellado por frotamiento es un tipo de tratamiento de pavimentaci\u00f3n con sellado de virutas que utiliza escobas para \u00abfrotar\u00bb la superficie del pavimento mientras se roc\u00eda, asegurando que la emulsi\u00f3n asf\u00e1ltica pueda llegar a las grietas e imperfecciones. Los equipos especializados, como la Caja Escoba de Fregado, cepillan y extienden el asfalto, mientras que las virutas de \u00e1ridos se colocan detr\u00e1s de la emulsi\u00f3n, y los rodillos presionan y sellan las virutas en la superficie del pavimento. Este proceso es muy similar a la t\u00edpica pavimentaci\u00f3n con alquitr\u00e1n y virutas, excepto por las escobas y el fregado. Con los precintos para fregar, puedes esperar:<\/p>\n<ul>\n<li><strong>Aumento de la durabilidad del pavimento<\/strong> &#8211; Los sellados de fregado penetran m\u00e1s profundamente en las grietas e imperfecciones existentes, mejorando significativamente la resistencia del pavimento al agua y al desgaste y alargando su vida \u00fatil.<\/li>\n<li><strong>Mantenimiento rentable<\/strong> &#8211; En comparaci\u00f3n con una revisi\u00f3n completa, las juntas de fregado ofrecen una forma asequible de mantener carreteras, aparcamientos y entradas de veh\u00edculos, proporcionando un acabado de alta calidad sin un coste elevado.<\/li>\n<li><strong>Mayor resistencia al deslizamiento<\/strong> &#8211; Las virutas de \u00e1rido aplicadas sobre la emulsi\u00f3n no s\u00f3lo sellan la superficie, sino que tambi\u00e9n proporcionan una textura adicional. Esta textura mejora la resistencia al derrape del pavimento, haci\u00e9ndolo m\u00e1s seguro para los veh\u00edculos.<\/li>\n<li><strong>Aplicaci\u00f3n y tiempo de curado r\u00e1pidos<\/strong> &#8211; El proceso de sellado por frotamiento es m\u00e1s r\u00e1pido que muchos tratamientos de pavimentaci\u00f3n tradicionales, lo que permite reabrir las carreteras al tr\u00e1fico m\u00e1s r\u00e1pidamente y minimizar las interrupciones.<\/li>\n<li><strong>Respetuosas con el medio ambiente<\/strong> &#8211; Las juntas de fregado son una opci\u00f3n m\u00e1s sostenible para el mantenimiento del pavimento porque prolongan la vida del pavimento existente, reducen la necesidad de sustituciones completas y utilizan materiales reciclados.<\/li>\n<\/ul>\n<h3>Caja escoba para focas<\/h3>\n<p>Si tu empresa desea implantar precintos para fregar de forma r\u00e1pida y sencilla, la Caja escoba para precintos para fregar est\u00e1 dise\u00f1ada para satisfacer tus necesidades. Con un sistema aut\u00f3nomo de control el\u00e9ctrico sobre hidr\u00e1ulico y una caja que contiene emulsi\u00f3n, la Caja Escoba elimina la escorrent\u00eda contra bordillos y bordes de carretera. Adem\u00e1s, al utilizar tres tipos de escoba variables, la Caja Escoba puede ajustarse a las distintas condiciones de la superficie del pavimento, garantizando un rendimiento excepcional en cualquier proyecto. Algunas de las mejores caracter\u00edsticas de la Caja escoba Scrub Seal son:<\/p>\n<ul>\n<li>Ajustable hidr\u00e1ulicamente sobre la marcha de 2,5 m a 4,5 m de anchura mediante mando a distancia inal\u00e1mbrico<\/li>\n<li>Unidad aut\u00f3noma que se monta en cualquier distribuidor con m\u00ednimas modificaciones<\/li>\n<li>Cabezales de escoba de cambio r\u00e1pido para una f\u00e1cil sustituci\u00f3n<\/li>\n<li>Accesorio de gran elevaci\u00f3n para autocarga en el remolque<\/li>\n<li>La caja contiene emulsi\u00f3n, por lo que no se escurre contra bordillos o bordes de carretera<\/li>\n<li>Con bisagras para autoflexi\u00f3n en carreteras coronadas: menos l\u00edo al final de las tomas<\/li>\n<li>La caja no derivar\u00e1 en carreteras inclinadas porque est\u00e1 firmemente sujeta al distribuidor<\/li>\n<li>La caja puede dejarse sujeta al distribuidor cuando se transportan distancias cortas para recargarla<\/li>\n<li>La escoba se separa r\u00e1pidamente del distribuidor &#8211; utiliza escobas con cabezal de poli\u00e9ster para prolongar su vida \u00fatil<\/li>\n<li>Ajuste positivo de altura &#8211; esqu\u00eds &#8211; permite ajustar la presi\u00f3n descendente de la escoba &#8211; ayuda a ahorrar n\u00facleos de escoba<\/li>\n<li>Sistema de control aut\u00f3nomo el\u00e9ctrico sobre hidr\u00e1ulico<\/li>\n<li>Sin ejes para el transporte<\/li>\n<li>Mando inal\u00e1mbrico<\/li>\n<li>Tres tipos variables de escoba disponibles para diferentes condiciones de superficie<\/li>\n<li>Soportes de caja para guardar \/ alargan la vida de las escobas entre d\u00edas de producci\u00f3n \/ y para transportar \/ evitan que las escobas se apelmacen cuando no se usan<\/li>\n<\/ul>\n<div class=\"about_left\"><img loading=\"lazy\" decoding=\"async\" class=\"alignnone\" src=\"https:\/\/etnyre.com\/wp-content\/uploads\/2024\/04\/scrub-seal-broom-box.webp\" alt=\"Primer plano de la caja de la escoba de foca com\u00fan\" width=\"500\" height=\"350\" title=\"\"><\/div>\n<h3>Contacta con nuestra oficina<\/h3>\n<p>Los contratistas de asfalto de todo Estados Unidos que buscan mejorar sus procesos de pavimentaci\u00f3n de asfalto y astillado y sellado cuentan con los equipos de E.D. Etnyre &amp; Co. para hacer bien el trabajo. Empieza a ofrecer sellados de fregado a tus clientes utilizando la caja de fregado de Etnyre, distribuidores de asfalto y equipos de asfalto adicionales. Para saber m\u00e1s sobre nuestros <a href=\"https:\/\/etnyre.com\/es\/equipos-de-mantenimiento-de-carreteras\/\">equipos de mantenimiento\/reparaci\u00f3n de carreteras<\/a>, ponte en contacto con Etnyre hoy mismo en <a href=\"tel:8157322166\">el 815-732-2166<\/a>. La oficina principal de Etnyre se encuentra en 1333 Daysville Rd, Oregon, IL 61061, y atiende a clientes de <a href=\"https:\/\/etnyre.com\/asphalt-equipment-illinois\/\">Illinois<\/a>, <a href=\"https:\/\/etnyre.com\/es\/equipos-de-mantenimiento-de-carreteras-arizona\/\">Arizona<\/a>, <a href=\"https:\/\/etnyre.com\/es\/equipos-de-mantenimiento-de-carreteras-tennessee\/\">Tennessee<\/a>, <a href=\"https:\/\/etnyre.com\/es\/mejor-equipo-de-asfalto-de-texas\/\">Texas<\/a> y Estados Unidos.<\/p>\n","protected":false},"excerpt":{"rendered":"<p>Simplifica la pavimentaci\u00f3n de asfalto y el sellado de gravilla con la caja de escobas Scrub Seal de Etnyre Los contratistas de asfalto siempre buscan nuevas herramientas, equipos y componentes para agilizar el proceso de extendido de asfalto y sellado de gravilla. Por ello, si tu empresa desea ofrecer un sellado excepcional de alquitr\u00e1n y &hellip; <a href=\"https:\/\/etnyre.com\/es\/caja-de-escobas-scrub-seal\/\" class=\"more-link\">Continue reading <span class=\"screen-reader-text\">Caja de escobas Scrub Seal<\/span><\/a><\/p>\n","protected":false},"author":1,"featured_media":0,"parent":0,"menu_order":0,"comment_status":"closed","ping_status":"closed","template":"template\/product-sub-page.php","meta":{"_acf_changed":false,"footnotes":""},"class_list":["post-11576","page","type-page","status-publish","hentry"],"acf":[],"_links":{"self":[{"href":"https:\/\/etnyre.com\/es\/wp-json\/wp\/v2\/pages\/11576","targetHints":{"allow":["GET"]}}],"collection":[{"href":"https:\/\/etnyre.com\/es\/wp-json\/wp\/v2\/pages"}],"about":[{"href":"https:\/\/etnyre.com\/es\/wp-json\/wp\/v2\/types\/page"}],"author":[{"embeddable":true,"href":"https:\/\/etnyre.com\/es\/wp-json\/wp\/v2\/users\/1"}],"replies":[{"embeddable":true,"href":"https:\/\/etnyre.com\/es\/wp-json\/wp\/v2\/comments?post=11576"}],"version-history":[{"count":4,"href":"https:\/\/etnyre.com\/es\/wp-json\/wp\/v2\/pages\/11576\/revisions"}],"predecessor-version":[{"id":14500,"href":"https:\/\/etnyre.com\/es\/wp-json\/wp\/v2\/pages\/11576\/revisions\/14500"}],"wp:attachment":[{"href":"https:\/\/etnyre.com\/es\/wp-json\/wp\/v2\/media?parent=11576"}],"curies":[{"name":"wp","href":"https:\/\/api.w.org\/{rel}","templated":true}]}}