{"id":12158,"date":"2024-05-31T11:20:43","date_gmt":"2024-05-31T11:20:43","guid":{"rendered":"https:\/\/etnyre.com\/que-equipo-necesito-para-pavimentar-con-aglomerado-asfaltico\/"},"modified":"2025-05-28T06:12:01","modified_gmt":"2025-05-28T06:12:01","slug":"que-equipo-necesito-para-pavimentar-con-aglomerado-asfaltico","status":"publish","type":"page","link":"https:\/\/etnyre.com\/es\/que-equipo-necesito-para-pavimentar-con-aglomerado-asfaltico\/","title":{"rendered":"\u00bfQu\u00e9 equipo necesito para pavimentar con aglomerado asf\u00e1ltico?"},"content":{"rendered":"<h3>\u00bfEst\u00e1s buscando la mejor maquinaria para pavimentar con aglomerado?<\/h3>\n<p>Tu empresa de mantenimiento de carreteras puede obtener de Etnyre todo el equipo que necesita para pavimentar con aglomerado. Desde 1898, nuestra empresa ha establecido el est\u00e1ndar de rendimiento y fiabilidad con nuestra maquinaria de pavimentaci\u00f3n de aglomerado. As\u00ed que, si te preguntas qu\u00e9 equipo necesito para pavimentar con aglomerado, acude a nosotros. Podemos proporcionarte toda la maquinaria de asfaltado siguiente:   <\/p>\n<ul>\n<li><a href=\"https:\/\/etnyre.com\/es\/esparcidores-de-chips\/\">Esparcidores de virutas<\/a><\/li>\n<li><a href=\"https:\/\/etnyre.com\/es\/distribuidores-de-asfalto\/\">Distribuidores de asfalto<\/a><\/li>\n<li><a href=\"https:\/\/etnyre.com\/es\/caja-de-escobas-scrub-seal\/\">Caja de escobas Scrub Seal<\/a><\/li>\n<li><a href=\"https:\/\/etnyre.com\/lowboy-trailers\/\">Remolques bajos para el transporte de material<\/a><\/li>\n<li><a href=\"https:\/\/etnyre.com\/es\/transportes-de-asfalto\/\">Remolques de transporte de asfalto<\/a><\/li>\n<li>Remolques Basculantes Comerciales<\/li>\n<\/ul>\n<p>Adem\u00e1s, podemos construir cada unidad a la medida de tus necesidades. Adem\u00e1s, respaldamos todo nuestro equipo de pavimentaci\u00f3n con aglomerado con un servicio de atenci\u00f3n al cliente sin igual. Y lo que es m\u00e1s importante, proporcionamos apoyo total a tu negocio con un departamento de piezas y servicio que est\u00e1 ah\u00ed si tu equipo necesita reparaci\u00f3n. Env\u00edanos un correo electr\u00f3nico a <a href=\"mailto:sales@etnyre.com\">sales@etnyre.com<\/a> o utiliza nuestro <a href=\"https:\/\/etnyre.com\/es\/contactenos\/\">formulario de contacto<\/a> para recibir m\u00e1s informaci\u00f3n.   <\/p>\n<h3>\u00bfPor qu\u00e9 elegir esparcidores de virutas Etnyre?<\/h3>\n<p>Los esparcidores de gravilla Etnyre son los primeros equipos que necesitas para pavimentar con aglomerado. Ofrecemos dos modelos: nuestro ChipSpreader est\u00e1ndar y el Big ChipSpreader. Ambos te ofrecen m\u00e1s capacidad, flexibilidad, durabilidad y rendimiento que las alternativas. Esto es lo que diferencia a nuestras m\u00e1quinas del resto disponible:   <\/p>\n<ul>\n<li><strong>Tolvas que permiten cambiar la anchura de esparcimiento en movimiento<\/strong>\n<ul>\n<li>Nuestra tolva de anchura variable utiliza un sistema hidr\u00e1ulico para extenderse y replegarse y cubrir toda la carretera y el arc\u00e9n en un solo viaje, hasta 24 pies de ancho.<\/li>\n<li>Adem\u00e1s, las tolvas se repliegan con s\u00f3lo pulsar un interruptor y est\u00e1n listas para ser transportadas s\u00f3lo unos segundos despu\u00e9s de terminar el trabajo.<\/li>\n<li>Las tolvas est\u00e1n disponibles en cuatro tama\u00f1os: 9&#8217;x18&#8242;, 10&#8217;x20&#8242;, 11&#8217;x22&#8242; y 12&#8217;x24&#8242;.<\/li>\n<\/ul>\n<\/li>\n<li><strong>Motores potentes<\/strong>\n<ul>\n<li>Nuestro modelo est\u00e1ndar ChipSpreader viene con un motor Cummins QSB de 280 CV.<\/li>\n<li>Nuestro modelo Big ChipSpreader incorpora un motor Cummins QSB de 310 CV.<\/li>\n<\/ul>\n<\/li>\n<li><strong>Sistemas de accionamiento eficientes<\/strong>\n<ul>\n<li>Ambos modelos incorporan un eficaz sistema de transmisi\u00f3n planetaria hidrost\u00e1tica.<\/li>\n<li>Puedes elegir entre tracci\u00f3n delantera o tracci\u00f3n total.<\/li>\n<\/ul>\n<\/li>\n<li><strong>Controles exclusivos<\/strong>\n<ul>\n<li>Nos aseguramos de que los operadores se sientan c\u00f3modos con nuestro caracter\u00edstico asiento deslizante y sistema de control.<\/li>\n<\/ul>\n<\/li>\n<li><strong>Control de velocidad<\/strong>\n<ul>\n<li>Nuestras m\u00e1quinas ofrecen un control continuo de la velocidad, desde cero hasta la velocidad m\u00e1xima de desplazamiento.<\/li>\n<\/ul>\n<\/li>\n<li><strong>Distribuci\u00f3n Agregada Eficiente<\/strong>\n<ul>\n<li>Nuestras cintas transportadoras de alto rendimiento y 24&#8243; de ancho transportan los \u00e1ridos de forma m\u00e1s precisa y uniforme a la superficie que se est\u00e1 pavimentando.<\/li>\n<\/ul>\n<\/li>\n<\/ul>\n<h3>\u00bfQu\u00e9 hace que Etnyre sea la mejor opci\u00f3n para los distribuidores de asfalto?<\/h3>\n<p>Los distribuidores de asfalto son otro equipo esencial que necesitas para pavimentar con aglomerado. Con los distribuidores de asfalto, puedes garantizar una mejor uni\u00f3n entre las capas del pavimento con una aplicaci\u00f3n precisa y uniforme del asfalto. Nuestros distribuidores de asfalto Black-Topper establecen el est\u00e1ndar de rendimiento de las siguientes maneras:  <\/p>\n<ul>\n<li>El control electr\u00f3nico de la velocidad de la bomba de asfalto proporciona una fiabilidad y un control superiores, al tiempo que reduce el tiempo de inactividad por mantenimiento.<\/li>\n<li>La tasa de pulverizaci\u00f3n de aplicaci\u00f3n automantenida de nuestros equipos funciona con cualquier anchura de barra y velocidad de cami\u00f3n.<\/li>\n<li>Todas las funciones de pulverizaci\u00f3n se controlan desde la cabina, lo que permite un solo operador.<\/li>\n<li>Incluimos un segundo conjunto de controles para mandos fijos en el panel lateral trasero del conductor.<\/li>\n<li>Puedes elegir entre amplios paquetes de iluminaci\u00f3n que pueden incluir luces de trabajo, paneles estrobosc\u00f3picos, luces LED y balizas.<\/li>\n<li>Los clientes pueden elegir entre una pasarela de goma de acero inoxidable para el dep\u00f3sito.<\/li>\n<li>Nuestra v\u00e1lvula sin derivaci\u00f3n en el sistema de circulaci\u00f3n ofrece una aplicaci\u00f3n precisa.<\/li>\n<li>Un exclusivo sistema <em>Smart<\/em> Clean lava el disolvente a trav\u00e9s del sistema de circulaci\u00f3n para proporcionar un distribuidor limpio y listo para usar despu\u00e9s de cada uso.<\/li>\n<li>El flujo de pulverizaci\u00f3n de asfalto equilibrado y de doble alimentaci\u00f3n proporciona una aplicaci\u00f3n uniforme.<\/li>\n<li>Podemos fabricar dep\u00f3sitos a medida.<\/li>\n<\/ul>\n<div class=\"left-img\"><iframe loading=\"lazy\" title=\"Reproductor de v\u00eddeo de YouTube\" src=\"https:\/\/www.youtube.com\/embed\/RH9u-KsGEvQ?rel=0\" width=\"500\" height=\"350\" frameborder=\"0\" allowfullscreen=\"allowfullscreen\"><\/iframe><\/div>\n<h3>Contacta con nosotros<\/h3>\n<p>Cuando te preguntes si tu empresa dispone de todo el equipo necesario para pavimentar con aglomerado, habla con Etnyre. Podemos proporcionarte todo el equipo necesario para terminar los trabajos r\u00e1pidamente, con menos residuos y menos exigencias de mano de obra. Ponte en contacto con nosotros a trav\u00e9s de nuestro <a href=\"https:\/\/etnyre.com\/es\/contactenos\/\">formulario de contacto<\/a> o env\u00edanos un correo electr\u00f3nico a <a href=\"mailto:sales@etnyre.com\">sales@etnyre.com.<\/a> Adem\u00e1s, puedes ponerte en contacto con nosotros llamando <a href=\"tel:8157322116\">al 815-732-2116<\/a>.   <\/p>\n","protected":false},"excerpt":{"rendered":"<p>\u00bfEst\u00e1s buscando la mejor maquinaria para pavimentar con aglomerado? Tu empresa de mantenimiento de carreteras puede obtener de Etnyre todo el equipo que necesita para pavimentar con aglomerado. Desde 1898, nuestra empresa ha establecido el est\u00e1ndar de rendimiento y fiabilidad con nuestra maquinaria de pavimentaci\u00f3n de aglomerado. As\u00ed que, si te preguntas qu\u00e9 equipo necesito &hellip; <a href=\"https:\/\/etnyre.com\/es\/que-equipo-necesito-para-pavimentar-con-aglomerado-asfaltico\/\" class=\"more-link\">Continue reading <span class=\"screen-reader-text\">\u00bfQu\u00e9 equipo necesito para pavimentar con aglomerado asf\u00e1ltico?<\/span><\/a><\/p>\n","protected":false},"author":1,"featured_media":7369,"parent":0,"menu_order":0,"comment_status":"closed","ping_status":"closed","template":"","meta":{"_acf_changed":false,"footnotes":""},"class_list":["post-12158","page","type-page","status-publish","has-post-thumbnail","hentry"],"acf":[],"_links":{"self":[{"href":"https:\/\/etnyre.com\/es\/wp-json\/wp\/v2\/pages\/12158","targetHints":{"allow":["GET"]}}],"collection":[{"href":"https:\/\/etnyre.com\/es\/wp-json\/wp\/v2\/pages"}],"about":[{"href":"https:\/\/etnyre.com\/es\/wp-json\/wp\/v2\/types\/page"}],"author":[{"embeddable":true,"href":"https:\/\/etnyre.com\/es\/wp-json\/wp\/v2\/users\/1"}],"replies":[{"embeddable":true,"href":"https:\/\/etnyre.com\/es\/wp-json\/wp\/v2\/comments?post=12158"}],"version-history":[{"count":2,"href":"https:\/\/etnyre.com\/es\/wp-json\/wp\/v2\/pages\/12158\/revisions"}],"predecessor-version":[{"id":13838,"href":"https:\/\/etnyre.com\/es\/wp-json\/wp\/v2\/pages\/12158\/revisions\/13838"}],"wp:featuredmedia":[{"embeddable":true,"href":"https:\/\/etnyre.com\/es\/wp-json\/wp\/v2\/media\/7369"}],"wp:attachment":[{"href":"https:\/\/etnyre.com\/es\/wp-json\/wp\/v2\/media?parent=12158"}],"curies":[{"name":"wp","href":"https:\/\/api.w.org\/{rel}","templated":true}]}}