{"id":12159,"date":"2024-05-31T11:20:44","date_gmt":"2024-05-31T11:20:44","guid":{"rendered":"https:\/\/etnyre.com\/cuales-son-las-mejores-marcas-para-los-distribuidores-de-asfalto\/"},"modified":"2025-05-28T06:12:03","modified_gmt":"2025-05-28T06:12:03","slug":"cuales-son-las-mejores-marcas-para-los-distribuidores-de-asfalto","status":"publish","type":"page","link":"https:\/\/etnyre.com\/es\/cuales-son-las-mejores-marcas-para-los-distribuidores-de-asfalto\/","title":{"rendered":"\u00bfCu\u00e1les son las mejores marcas para los distribuidores de asfalto?"},"content":{"rendered":"<div class=\"right-img\"><iframe loading=\"lazy\" title=\"Reproductor de v\u00eddeo de YouTube\" src=\"https:\/\/www.youtube.com\/embed\/RH9u-KsGEvQ?rel=0\" width=\"500\" height=\"350\" frameborder=\"0\" allowfullscreen=\"allowfullscreen\"><\/iframe><\/div>\n<h3>\u00bfBuscas las mejores marcas para distribuidores de asfalto?<\/h3>\n<p>Hay varias opciones a la hora de elegir las mejores marcas para los distribuidores de asfalto en Estados Unidos. Todos estos fabricantes son conocidos por crear equipos de pavimentaci\u00f3n asf\u00e1ltica y mantenimiento del asfalto de alta calidad y larga duraci\u00f3n. Aqu\u00ed tienes una lista de algunos de los fabricantes de distribuidores de asfalto m\u00e1s respetados de EEUU:  <\/p>\n<ul class=\"col-2\">\n<li>STRATOS<\/li>\n<li>LeeBoy<\/li>\n<li>Unique Paving Materials Corp<\/li>\n<li><a href=\"https:\/\/bearcatmfg.com\/\" rel=\"nofollow noopener\" target=\"_blank\">Fabricaci\u00f3n BearCat<\/a><\/li>\n<li><a href=\"https:\/\/etnyre.com\/es\/distribuidores-de-asfalto\/\">Etnyre<\/a><\/li>\n<\/ul>\n<p>Cuando se trata de elegir las mejores marcas para distribuidores de asfalto, muchos clientes prefieren Etnyre. Nuestra empresa ha establecido el est\u00e1ndar de rendimiento y fiabilidad con nuestros <a href=\"https:\/\/etnyre.com\/es\/distribuidores-de-asfalto\/\">distribuidores de asfalto Black-Topper<\/a> desde nuestra fundaci\u00f3n en 1898. Podemos fabricar todos los equipos a la medida de tus necesidades espec\u00edficas. Adem\u00e1s, respaldamos todas nuestras m\u00e1quinas con un servicio de atenci\u00f3n al cliente sin igual y con la asistencia de nuestros departamentos de piezas y servicio t\u00e9cnico. Si tienes preguntas sobre nuestros distribuidores de asfalto, env\u00eda un correo electr\u00f3nico a <a href=\"mailto:sales@etnyre.com\">sales@etnyre.com<\/a> o rellena nuestro <a href=\"https:\/\/etnyre.com\/es\/contactenos\/\">formulario de contacto en l\u00ednea<\/a>.    <\/p>\n<h3>\u00bfBuscas m\u00e1s informaci\u00f3n sobre los productos STRATOS?<\/h3>\n<p>Ninguna lista de las mejores marcas para distribuidores de asfalto en Estados Unidos est\u00e1 completa sin incluir STRATOS. Es una de las mayores marcas de distribuidores de asfalto del pa\u00eds. Sus productos var\u00edan en capacidad, ofreciendo modelos con capacidades de 400 galones y 1.000 galones. Entre sus caracter\u00edsticas m\u00e1s destacadas est\u00e1n la calefacci\u00f3n diesel, los controles termost\u00e1ticos, las mangueras retr\u00e1ctiles y las varillas de pulverizaci\u00f3n. Los distribuidores de asfalto STRATOS son vers\u00e1tiles y capaces de los siguientes tipos de aplicaciones:    <\/p>\n<ul class=\"col-3\">\n<li>Sellador de tejados<\/li>\n<li>Pulverizaci\u00f3n de emulsiones<\/li>\n<li>Supresi\u00f3n del polvo<\/li>\n<li>Revestimiento<\/li>\n<li>Sellado de virutas<\/li>\n<li>Rociado de cimientos<\/li>\n<\/ul>\n<h3>\u00bfQuieres saber m\u00e1s sobre LeeBoy Distribuidores de Asfalto?<\/h3>\n<p>LeeBoy es otro nombre a recordar cuando se trata de las mejores marcas para distribuidores de asfalto en Am\u00e9rica. Su distribuidor de asfalto modelo Maximizer III incorpora una bomba de asfalto Viking de 400 GPM y un sistema de autolavado para facilitar la aplicaci\u00f3n y la limpieza. LeeBoy es conocido por fabricar equipos fiables, de alta calidad y duraderos. Adem\u00e1s, sus distribuidores de asfalto incluyen caracter\u00edsticas innovadoras y ofrecen versatilidad para numerosas aplicaciones.   <\/p>\n<h3>\u00bfQu\u00e9 ventajas ofrece Unique Paving Materials Corp?<\/h3>\n<p>Durante m\u00e1s de 60 a\u00f1os, Unique Paving Materials Corp tambi\u00e9n se ha distinguido como una de las mejores marcas de distribuidores de asfalto. Ofrecen distribuidores de asfalto adaptables, rentables e innovadores. Su empresa se enorgullece de desarrollar productos adaptados a todas las condiciones meteorol\u00f3gicas y estaciones del a\u00f1o. Todos sus equipos y materiales se someten a rigurosas pruebas, lo que redunda en su mayor adaptabilidad y f\u00e1cil manejo.   <\/p>\n<h3>\u00bfY los distribuidores de asfalto de BearCat Manufacturing?<\/h3>\n<p>BearCat Manufacturing se ha forjado su reputaci\u00f3n como una de las mejores marcas para distribuidores de asfalto desde 1969. El control informatizado de la tasa en sus <a href=\"https:\/\/bearcatmfg.com\/top-rated-asphalt-distributors\/\" rel=\"nofollow noopener\" target=\"_blank\">distribuidores de asfalto de primera categor\u00eda en Arizona<\/a>, <a href=\"https:\/\/bearcatmfg.com\/top-rated-asphalt-distributors-illinois\/\" rel=\"nofollow noopener\" target=\"_blank\">Illinois<\/a>, <a href=\"https:\/\/bearcatmfg.com\/top-rated-asphalt-distributors-tennessee\/\" rel=\"nofollow noopener\" target=\"_blank\">Tennessee<\/a> y <a href=\"https:\/\/bearcatmfg.com\/top-rated-asphalt-distributors-texas\/\" rel=\"nofollow noopener\" target=\"_blank\">Texas<\/a> aumenta la precisi\u00f3n de la tasa de velocidad y elimina las decisiones dif\u00edciles para el operario. Su distribuidor de asfalto BC-502 viene con capacidades de dep\u00f3sito de 1.000 galones o 4.500 galones. Ofrecen modelos tanto para la distribuci\u00f3n de asfalto como de caucho granulado.   <\/p>\n<h3>\u00bfPor qu\u00e9 elegir a Etnyre Distribuidores de Asfalto?<\/h3>\n<p>Etnyre lleva d\u00e9cadas siendo una de las marcas m\u00e1s vendidas y mejores para los distribuidores de asfalto. De hecho, sus ventas se sit\u00faan entre las primeras del mundo. Nuestros distribuidores de asfalto Black-Topper ofrecen una pulverizaci\u00f3n de precisi\u00f3n de hasta 4.500 galones de asfalto l\u00edquido. Adem\u00e1s, nuestro exclusivo asiento deslizante y el sistema de control permiten un uso sencillo con un solo operador. Te ofrecemos m\u00e1s valor con otras grandes prestaciones como las siguientes:    <\/p>\n<ul>\n<li>El control electr\u00f3nico de la velocidad de la bomba de asfalto proporciona una fiabilidad y un control superiores, al tiempo que reduce el tiempo de inactividad por mantenimiento.<\/li>\n<li>Dep\u00f3sitos fabricados a medida con capacidades desde 1.000 galones hasta 4.500 galones.<\/li>\n<li>Una barra pulverizadora de 12 pies de circulaci\u00f3n completa con alas plegables.<\/li>\n<li>Un flujo asf\u00e1ltico equilibrado de doble alimentaci\u00f3n que proporciona una cobertura uniforme de las superficies asfaltadas.<\/li>\n<li>Puedes elegir entre amplios paquetes de iluminaci\u00f3n que pueden incluir luces de trabajo, paneles estrobosc\u00f3picos, luces LED y balizas.<\/li>\n<li>Un exclusivo sistema <em>Smart<\/em> Clean lava el disolvente a trav\u00e9s del sistema de circulaci\u00f3n para proporcionar un distribuidor limpio y listo para usar despu\u00e9s de cada uso.<\/li>\n<\/ul>\n<div class=\"left-img\"><img decoding=\"async\" src=\"https:\/\/etnyre.com\/wp-content\/uploads\/2023\/05\/S9129-500x350.png\" alt=\"\u00bfCu\u00e1les son las mejores marcas para los distribuidores de asfalto?\" title=\"\"><\/div>\n<h3>Contacta con nosotros<\/h3>\n<p>Si necesitas m\u00e1s informaci\u00f3n sobre las mejores marcas para distribuidores de asfalto, habla con un representante de Etnyre. Podemos responder a cualquier pregunta y proporcionarte un presupuesto gratuito sobre equipos construidos a medida de tus necesidades. Env\u00edanos un correo electr\u00f3nico a <a href=\"mailto:sales@etnyre.com\">sales@etnyre.com<\/a> o utiliza nuestro formulario de contacto para obtener la informaci\u00f3n que deseas. Adem\u00e1s, puedes ponerte en contacto con nosotros llamando <a href=\"tel:8157322116\">al 815-732-2116<\/a>.   <\/p>\n","protected":false},"excerpt":{"rendered":"<p>\u00bfBuscas las mejores marcas para distribuidores de asfalto? Hay varias opciones a la hora de elegir las mejores marcas para los distribuidores de asfalto en Estados Unidos. Todos estos fabricantes son conocidos por crear equipos de pavimentaci\u00f3n asf\u00e1ltica y mantenimiento del asfalto de alta calidad y larga duraci\u00f3n. Aqu\u00ed tienes una lista de algunos de &hellip; <a href=\"https:\/\/etnyre.com\/es\/cuales-son-las-mejores-marcas-para-los-distribuidores-de-asfalto\/\" class=\"more-link\">Continue reading <span class=\"screen-reader-text\">\u00bfCu\u00e1les son las mejores marcas para los distribuidores de asfalto?<\/span><\/a><\/p>\n","protected":false},"author":1,"featured_media":0,"parent":0,"menu_order":0,"comment_status":"closed","ping_status":"closed","template":"","meta":{"_acf_changed":false,"footnotes":""},"class_list":["post-12159","page","type-page","status-publish","hentry"],"acf":[],"_links":{"self":[{"href":"https:\/\/etnyre.com\/es\/wp-json\/wp\/v2\/pages\/12159","targetHints":{"allow":["GET"]}}],"collection":[{"href":"https:\/\/etnyre.com\/es\/wp-json\/wp\/v2\/pages"}],"about":[{"href":"https:\/\/etnyre.com\/es\/wp-json\/wp\/v2\/types\/page"}],"author":[{"embeddable":true,"href":"https:\/\/etnyre.com\/es\/wp-json\/wp\/v2\/users\/1"}],"replies":[{"embeddable":true,"href":"https:\/\/etnyre.com\/es\/wp-json\/wp\/v2\/comments?post=12159"}],"version-history":[{"count":2,"href":"https:\/\/etnyre.com\/es\/wp-json\/wp\/v2\/pages\/12159\/revisions"}],"predecessor-version":[{"id":13839,"href":"https:\/\/etnyre.com\/es\/wp-json\/wp\/v2\/pages\/12159\/revisions\/13839"}],"wp:attachment":[{"href":"https:\/\/etnyre.com\/es\/wp-json\/wp\/v2\/media?parent=12159"}],"curies":[{"name":"wp","href":"https:\/\/api.w.org\/{rel}","templated":true}]}}