{"id":12160,"date":"2024-05-31T11:20:44","date_gmt":"2024-05-31T11:20:44","guid":{"rendered":"https:\/\/etnyre.com\/remolques-basculantes-comerciales-arizona\/"},"modified":"2025-05-28T06:12:06","modified_gmt":"2025-05-28T06:12:06","slug":"remolques-basculantes-comerciales-arizona","status":"publish","type":"page","link":"https:\/\/etnyre.com\/es\/remolques-basculantes-comerciales-arizona\/","title":{"rendered":"Remolques Basculantes Comerciales Arizona"},"content":{"rendered":"<h3>\u00bfCu\u00e1les son las ventajas de los remolques volquete comerciales Etnyre en Arizona?<\/h3>\n<p><a href=\"https:\/\/etnyre.com\/live-bottom-trailers\/\">Los remolques de fondo m\u00f3vil Falcon de Etnyre<\/a> ofrecen algunas de las soluciones m\u00e1s innovadoras para el transporte de materiales entre los remolques basculantes comerciales de Arizona. Tu empresa de mantenimiento de pavimentos asf\u00e1lticos puede beneficiarse de varias maneras utilizando nuestros remolques Falcon de fondo m\u00f3vil. He aqu\u00ed algunas de las razones m\u00e1s convincentes por las que nuestros remolques ofrecen un mayor retorno de la inversi\u00f3n:<\/p>\n<ul>\n<li>Descarga precisa de materiales<\/li>\n<li>Velocidades de carga y descarga optimizadas<\/li>\n<li>Descarga limpia<\/li>\n<li>Eliminaci\u00f3n de los riesgos de vuelco del remolque<\/li>\n<li>Variedad de puertas traseras<\/li>\n<\/ul>\n<p>Desde 1898, nuestra empresa ha establecido el est\u00e1ndar de fiabilidad y rendimiento de nuestros equipos de extendido de asfalto de primera clase. Con eso en mente, hemos fabricado remolques que son de los m\u00e1s r\u00e1pidos, ligeros y fiables de Arizona. Como resultado, puedes transportar y descargar materias primas m\u00e1s r\u00e1pida y f\u00e1cilmente con nuestros equipos. Escr\u00edbenos ahora mismo a <a href=\"mailto:sales@etnyre.com\">sales@etnyre.com<\/a> o env\u00edanos un mensaje a trav\u00e9s de nuestro <a href=\"https:\/\/etnyre.com\/es\/contactenos\/\">formulario de contacto en l\u00ednea<\/a> para obtener m\u00e1s informaci\u00f3n.   <\/p>\n<h3>\u00bfC\u00f3mo mejoran la descarga los remolques basculantes comerciales Falcon?<\/h3>\n<p>A diferencia de los volquetes convencionales, los remolques de fondo m\u00f3vil Falcon de Etnyre utilizan cintas transportadoras para dirigir los materiales con mayor precisi\u00f3n durante la descarga. Como resultado, obtendr\u00e1s un mejor control durante la descarga de materiales con nuestros remolques volquete comerciales en Arizona. Nuestro fiable sistema de transporte s\u00f3lo requiere un mantenimiento m\u00ednimo y reduce enormemente el tiempo de inactividad del proyecto. Adem\u00e1s, la cinta de 42 pulgadas minimiza los puentes de material y elimina los listones.   <\/p>\n<h3>\u00bfAceleran los proyectos los remolques basculantes comerciales Falcon?<\/h3>\n<p>Cuando buscas optimizar la velocidad de carga y descarga, los remolques Falcon de Etnyre ofrecen una soluci\u00f3n ideal. El fiable sistema transportador descarga los materiales sin riesgos a\u00e9reos. Como el material se descarga sin levantar la carrocer\u00eda, elimina retrasos y ofrece una descarga m\u00e1s segura. Adem\u00e1s, el bajo centro de gravedad de nuestros remolques basculantes comerciales Falcon tambi\u00e9n permite procesos de carga m\u00e1s seguros. Son mucho m\u00e1s estables durante el proceso de carga que los volquetes convencionales, que tienen un centro de gravedad m\u00e1s alto. En consecuencia, recibir\u00e1s una carga y descarga m\u00e1s r\u00e1pida y segura con nuestros remolques volquete comerciales en Arizona.     <\/p>\n<h3>\u00bfBuscas remolques basculantes comerciales que ofrezcan una descarga limpia?<\/h3>\n<p>Si es as\u00ed, Etnyre puede proporcionarte una soluci\u00f3n ideal con nuestros remolques volquete comerciales en Arizona. Nuestros remolques Falcon de fondo vivo eliminan la necesidad de procesos de limpieza exhaustivos, porque descargan con m\u00e1s suavidad y limpieza que las alternativas. Y lo que es m\u00e1s importante, evitan la contaminaci\u00f3n cruzada de los materiales transportados mucho mejor que los volquetes convencionales. Para m\u00e1s informaci\u00f3n, consulta este completo <a href=\"https:\/\/etnyre.com\/wp-content\/uploads\/2023\/05\/A-755-22R-reduced-size-copy.pdf\">manual de producto del Remolque Falcon de Fondo<\/a> Vivo.   <\/p>\n<h3>\u00bfC\u00f3mo se elimina el riesgo de refinanciaci\u00f3n?<\/h3>\n<p>El dise\u00f1o superior de los remolques de fondo m\u00f3vil Falcon de Etnyre mitiga con \u00e9xito los riesgos de accidente por vuelco. El centro de gravedad m\u00e1s bajo proporciona un transporte de materiales m\u00e1s estable que el de los d\u00famperes tradicionales. El centro de gravedad m\u00e1s alto de las cajas basculantes de los camiones convencionales las hace mucho m\u00e1s propensas a volcar en un accidente. Como resultado, recibes un equipo que permite un transporte de materiales m\u00e1s seguro con nuestros remolques volquete comerciales en Arizona.   <\/p>\n<h3>\u00bfCu\u00e1ntos tipos de puertas traseras hay?<\/h3>\n<p>Tienes muchas opciones en cuanto a las puertas traseras de nuestros remolques volquete comerciales en Arizona. Aqu\u00ed tienes un resumen de las puertas traseras disponibles y sus ventajas: <\/p>\n<ul>\n<li><strong>Puertas traseras estilo granero<\/strong>\n<ul>\n<li>Estas puertas son buenas para los adoquines.<\/li>\n<li>Proporcionan una soluci\u00f3n ideal para la hileraci\u00f3n.<\/li>\n<li>Las puertas se abren a ambos lados, lo que permite canalizar adecuadamente los materiales.<\/li>\n<li>Estas puertas tambi\u00e9n pueden crear una rampa para descargar materiales.<\/li>\n<\/ul>\n<\/li>\n<li><strong>Puertas Batientes Elevables<\/strong>\n<ul>\n<li>Estas puertas te permiten accionarlas como una sola puerta o como puertas plegables.<\/li>\n<li>Es una opci\u00f3n ideal para la dosificaci\u00f3n de materiales.<\/li>\n<\/ul>\n<\/li>\n<li><strong>Puertas levadizas altas<\/strong>\n<ul>\n<li>Es la mejor opci\u00f3n para descargar materiales a granel con rapidez y eficacia.<\/li>\n<\/ul>\n<\/li>\n<li><strong>Puertas de hormig\u00f3n<\/strong>\n<ul>\n<li>Son puertas especializadas dise\u00f1adas para manipular hormig\u00f3n y materiales similares.<\/li>\n<\/ul>\n<\/li>\n<\/ul>\n<div class=\"left-img\"><img decoding=\"async\" src=\"https:\/\/etnyre.com\/wp-content\/uploads\/2024\/05\/businessman-using-a-laptop-and-touching-on-virtual-screen-contact-icons-consists-of-telephone.webp\" alt=\"Remolques Basculantes Comerciales Arizona\" title=\"\"><\/div>\n<h3>Contacta con nosotros<\/h3>\n<p>\u00bfTienes preguntas sobre nuestros remolques volquete comerciales en Arizona? Entonces, env\u00edanos un mensaje a trav\u00e9s de nuestro <a href=\"https:\/\/etnyre.com\/es\/contactenos\/\">formulario de contacto en l\u00ednea<\/a> o env\u00edanos un correo electr\u00f3nico a <a href=\"mailto:sales@etnyre.com\">sales@etnyre.com.<\/a> Tambi\u00e9n puedes ponerte en contacto con nuestro personal de ventas llamando al 815-732-2116.  <\/p>\n","protected":false},"excerpt":{"rendered":"<p>\u00bfCu\u00e1les son las ventajas de los remolques volquete comerciales Etnyre en Arizona? Los remolques de fondo m\u00f3vil Falcon de Etnyre ofrecen algunas de las soluciones m\u00e1s innovadoras para el transporte de materiales entre los remolques basculantes comerciales de Arizona. Tu empresa de mantenimiento de pavimentos asf\u00e1lticos puede beneficiarse de varias maneras utilizando nuestros remolques Falcon &hellip; <a href=\"https:\/\/etnyre.com\/es\/remolques-basculantes-comerciales-arizona\/\" class=\"more-link\">Continue reading <span class=\"screen-reader-text\">Remolques Basculantes Comerciales Arizona<\/span><\/a><\/p>\n","protected":false},"author":1,"featured_media":7443,"parent":0,"menu_order":0,"comment_status":"closed","ping_status":"closed","template":"","meta":{"_acf_changed":false,"footnotes":""},"class_list":["post-12160","page","type-page","status-publish","has-post-thumbnail","hentry"],"acf":[],"_links":{"self":[{"href":"https:\/\/etnyre.com\/es\/wp-json\/wp\/v2\/pages\/12160","targetHints":{"allow":["GET"]}}],"collection":[{"href":"https:\/\/etnyre.com\/es\/wp-json\/wp\/v2\/pages"}],"about":[{"href":"https:\/\/etnyre.com\/es\/wp-json\/wp\/v2\/types\/page"}],"author":[{"embeddable":true,"href":"https:\/\/etnyre.com\/es\/wp-json\/wp\/v2\/users\/1"}],"replies":[{"embeddable":true,"href":"https:\/\/etnyre.com\/es\/wp-json\/wp\/v2\/comments?post=12160"}],"version-history":[{"count":2,"href":"https:\/\/etnyre.com\/es\/wp-json\/wp\/v2\/pages\/12160\/revisions"}],"predecessor-version":[{"id":13836,"href":"https:\/\/etnyre.com\/es\/wp-json\/wp\/v2\/pages\/12160\/revisions\/13836"}],"wp:featuredmedia":[{"embeddable":true,"href":"https:\/\/etnyre.com\/es\/wp-json\/wp\/v2\/media\/7443"}],"wp:attachment":[{"href":"https:\/\/etnyre.com\/es\/wp-json\/wp\/v2\/media?parent=12160"}],"curies":[{"name":"wp","href":"https:\/\/api.w.org\/{rel}","templated":true}]}}