{"id":12163,"date":"2024-05-31T11:20:47","date_gmt":"2024-05-31T11:20:47","guid":{"rendered":"https:\/\/etnyre.com\/tratamiento-de-pavimentos-scrub-seal\/"},"modified":"2025-05-28T06:12:04","modified_gmt":"2025-05-28T06:12:04","slug":"tratamiento-de-pavimentos-scrub-seal","status":"publish","type":"page","link":"https:\/\/etnyre.com\/es\/tratamiento-de-pavimentos-scrub-seal\/","title":{"rendered":"Tratamiento de pavimentos Scrub Seal"},"content":{"rendered":"<div class=\"right-img\"><iframe loading=\"lazy\" title=\"Reproductor de v\u00eddeo de YouTube\" src=\"https:\/\/www.youtube.com\/embed\/GZORlJqZa3k?rel=0\" width=\"500\" height=\"350\" frameborder=\"0\" allowfullscreen=\"allowfullscreen\"><\/iframe><\/div>\n<h3>\u00bfQu\u00e9 es el tratamiento de pavimentos Scrub Seal?<\/h3>\n<p>El tratamiento de pavimento con sellado por frotado utiliza escobas para frotar en una superficie asfaltada y llegar a las grietas e imperfecciones, mientras se aplica una emulsi\u00f3n asf\u00e1ltica. Como resultado, la emulsi\u00f3n puede reparar m\u00e1s eficazmente peque\u00f1os da\u00f1os, sellar huecos superficiales y rellenar peque\u00f1as grietas. Es una forma eficaz de mantener calles, aparcamientos, calzadas y otras superficies asfaltadas. Adem\u00e1s, el sellado de fregado puede aplicarse r\u00e1pidamente, minimizando las interrupciones del tr\u00e1fico y los cierres de carreteras. En consecuencia, el tratamiento de pavimentos con sellado por frotamiento ofrece una soluci\u00f3n ideal para mantener y conservar el asfalto, sobre todo en zonas de tr\u00e1fico bajo a moderado.    <\/p>\n<p>Etnyre apoya a las empresas contratistas de asfalto como la tuya con equipos de primera clase, como nuestra <a href=\"https:\/\/etnyre.com\/es\/caja-de-escobas-scrub-seal\/\">caja escoba de fregado<\/a>. Las innovadoras caracter\u00edsticas de nuestra caja escoba para fregar te permiten eliminar los problemas de escorrent\u00eda contra los bordes de la carretera y los bordillos. Adem\u00e1s, nuestros equipos te permiten adaptarte a las distintas condiciones del pavimento con tres ajustes variables de la escoba. Aqu\u00ed tienes un <a href=\"https:\/\/etnyre.com\/wp-content\/uploads\/2024\/04\/Broom-Box-Flyer.pdf\">folleto de nuestra fregadora<\/a>. Para m\u00e1s informaci\u00f3n sobre nuestra caja escoba para focas, env\u00eda un mensaje a nuestro <a href=\"https:\/\/etnyre.com\/es\/contactenos\/\">formulario de contacto<\/a> o env\u00edanos un correo electr\u00f3nico a <a href=\"mailto:sales@etnyre.com\">sales@etnyre.com.<\/a><\/p>\n<h3>\u00bfCu\u00e1les son las ventajas del tratamiento de pavimento Scrub Seal?<\/h3>\n<p>Hay varias razones de peso para emplear el tratamiento de pavimentos con sellado por frotamiento para mantener las carreteras, entradas de veh\u00edculos, aparcamientos y pavimentos de asfalto existentes. \u00c9stos son algunos de los beneficios m\u00e1s significativos que se obtienen utilizando los m\u00e9todos de sellado por frotamiento: <\/p>\n<ul>\n<li><strong>M\u00e1s ecol\u00f3gico<\/strong>\n<ul>\n<li>A diferencia de otros m\u00e9todos de mantenimiento del pavimento asf\u00e1ltico, el sellado por frotamiento no requiere cantidades excesivas de asfalto o \u00e1ridos, tambi\u00e9n conocidos como virutas.<\/li>\n<li>Como resultado, la junta de fregado reduce el impacto medioambiental al minimizar el uso de material.<\/li>\n<\/ul>\n<\/li>\n<li><strong>Resultados superficiales mejorados<\/strong>\n<ul>\n<li>El sellado por fregado tambi\u00e9n proporciona una textura m\u00e1s suave y uniforme porque la acci\u00f3n de fregado crea una mejor adherencia de la emulsi\u00f3n al pavimento.<\/li>\n<li>Y lo que es m\u00e1s importante, la textura de la superficie resultante ofrece mejores condiciones de conducci\u00f3n, con un mejor control de la tracci\u00f3n y m\u00e1s resistencia al derrape.<\/li>\n<\/ul>\n<\/li>\n<li><strong>Ahorro de costes<\/strong>\n<ul>\n<li>El uso m\u00e1s eficiente de los materiales reducir\u00e1 los costes generales de funcionamiento.<\/li>\n<li>Adem\u00e1s, la caja escoba Etnyre scrub seal completa los proyectos de mantenimiento de carreteras m\u00e1s r\u00e1pidamente y reduce la demanda de mano de obra.<\/li>\n<\/ul>\n<\/li>\n<\/ul>\n<h3>\u00bfQu\u00e9 problemas aborda el tratamiento de pavimentos Scrub Seal?<\/h3>\n<p>La caja escoba de Etnyre te permite abordar varios problemas importantes del pavimento asf\u00e1ltico. Estos son algunos de los problemas habituales que aver\u00edan el pavimento y que puedes atajar con la ayuda de nuestra m\u00e1quina fregadora de pavimentos: <\/p>\n<ul>\n<li><strong>Oxidaci\u00f3n grave<\/strong>\n<ul>\n<li>La oxidaci\u00f3n se produce cuando el ox\u00edgeno reacciona con el ligante asf\u00e1ltico con el paso del tiempo, lo que provoca el deterioro de la superficie o la fragilidad del pavimento.<\/li>\n<li>El tratamiento de pavimento Scrub Seal evita la oxidaci\u00f3n sellando las grietas, protegiendo el ligante y bloqueando las sustancias oxidantes.<\/li>\n<\/ul>\n<\/li>\n<li><strong>Raveling<\/strong>\n<ul>\n<li>La ondulaci\u00f3n se produce cuando peque\u00f1as part\u00edculas de \u00e1rido se desprenden con el tiempo, creando una textura superficial rugosa.<\/li>\n<li>El tratamiento de pavimento Scrub Seal evita el desprendimiento mediante el sellado de grietas, la protecci\u00f3n del ligante y la mejora de la integridad de la superficie.<\/li>\n<\/ul>\n<\/li>\n<li><strong>P\u00e9rdida por fricci\u00f3n<\/strong>\n<ul>\n<li>El sellado de fregado reduce el riesgo de que se desprendan los \u00e1ridos, ayudando a mantener mejor las prestaciones de fricci\u00f3n originales del pavimento.<\/li>\n<\/ul>\n<\/li>\n<li><strong>Fisuraci\u00f3n transversal<\/strong>\n<ul>\n<li>Las grietas transversales debilitan el pavimento y permiten la infiltraci\u00f3n de agua en las grietas horizontales que discurren perpendiculares a la l\u00ednea central de la carretera.<\/li>\n<li>El Scrub Seal sella las grietas, preserva el ligante asf\u00e1ltico y reduce el riesgo de formaci\u00f3n de grietas transversales.<\/li>\n<\/ul>\n<\/li>\n<li><strong>Fisuraci\u00f3n longitudinal<\/strong>\n<ul>\n<li>Las grietas longitudinales son como las transversales, salvo que discurren paralelas a las l\u00edneas centrales de la carretera.<\/li>\n<li>El sellado de fregado tambi\u00e9n ayuda a reducir la probabilidad de que se formen grietas longitudinales.<\/li>\n<\/ul>\n<\/li>\n<\/ul>\n<div class=\"left-img\"><img decoding=\"async\" src=\"https:\/\/etnyre.com\/wp-content\/uploads\/2024\/04\/scrub-seal-broom-box.webp\" alt=\"Tratamiento de pavimentos Scrub Seal\" title=\"\"><\/div>\n<h3>\u00bfTienes preguntas sobre el tratamiento de pavimento Scrub Seal?<\/h3>\n<p>Etnyre ha apoyado a empresas de servicios de pavimentaci\u00f3n asf\u00e1ltica como la tuya desde que nos fundamos en 1898. Fabricamos m\u00e1quinas de primera categor\u00eda, como nuestra caja escoba de fregado, <a href=\"https:\/\/etnyre.com\/es\/esparcidores-de-chips\/\">esparcidoras de gravilla<\/a>, <a href=\"https:\/\/etnyre.com\/es\/selladores-de-grietas\/\">selladoras de grietas<\/a>, <a href=\"https:\/\/etnyre.com\/es\/selladoras-de-lodos\/\">m\u00e1quinas de sellado de lechada<\/a>, <a href=\"https:\/\/etnyre.com\/es\/equipos-de-sellado\/\">equipos de revestimiento de sellado<\/a>, <a href=\"https:\/\/etnyre.com\/es\/distribuidores-de-asfalto\/\">distribuidores de asfalto<\/a>, <a href=\"https:\/\/etnyre.com\/lowboy-trailers\/\">remolques bajos<\/a>, <a href=\"https:\/\/etnyre.com\/live-bottom-trailers\/\">remolques de fondo vivo<\/a> y equipos de <a href=\"https:\/\/etnyre.com\/es\/transportes-de-asfalto\/\">transporte de asfalto<\/a>. Env\u00edanos tus preguntas a trav\u00e9s de nuestro <a href=\"https:\/\/etnyre.com\/es\/contactenos\/\">formulario de contacto<\/a> o por correo electr\u00f3nico <a href=\"mailto:sales@etnyre.com\">a sales@etnyre.com.<\/a> Adem\u00e1s, puedes ponerte en contacto con nosotros llamando <a href=\"tel:8157322116\">al 815-732-2116<\/a>.   <\/p>\n","protected":false},"excerpt":{"rendered":"<p>\u00bfQu\u00e9 es el tratamiento de pavimentos Scrub Seal? El tratamiento de pavimento con sellado por frotado utiliza escobas para frotar en una superficie asfaltada y llegar a las grietas e imperfecciones, mientras se aplica una emulsi\u00f3n asf\u00e1ltica. Como resultado, la emulsi\u00f3n puede reparar m\u00e1s eficazmente peque\u00f1os da\u00f1os, sellar huecos superficiales y rellenar peque\u00f1as grietas. Es &hellip; <a href=\"https:\/\/etnyre.com\/es\/tratamiento-de-pavimentos-scrub-seal\/\" class=\"more-link\">Continue reading <span class=\"screen-reader-text\">Tratamiento de pavimentos Scrub Seal<\/span><\/a><\/p>\n","protected":false},"author":1,"featured_media":0,"parent":0,"menu_order":0,"comment_status":"closed","ping_status":"closed","template":"","meta":{"_acf_changed":false,"footnotes":""},"class_list":["post-12163","page","type-page","status-publish","hentry"],"acf":[],"_links":{"self":[{"href":"https:\/\/etnyre.com\/es\/wp-json\/wp\/v2\/pages\/12163","targetHints":{"allow":["GET"]}}],"collection":[{"href":"https:\/\/etnyre.com\/es\/wp-json\/wp\/v2\/pages"}],"about":[{"href":"https:\/\/etnyre.com\/es\/wp-json\/wp\/v2\/types\/page"}],"author":[{"embeddable":true,"href":"https:\/\/etnyre.com\/es\/wp-json\/wp\/v2\/users\/1"}],"replies":[{"embeddable":true,"href":"https:\/\/etnyre.com\/es\/wp-json\/wp\/v2\/comments?post=12163"}],"version-history":[{"count":2,"href":"https:\/\/etnyre.com\/es\/wp-json\/wp\/v2\/pages\/12163\/revisions"}],"predecessor-version":[{"id":13840,"href":"https:\/\/etnyre.com\/es\/wp-json\/wp\/v2\/pages\/12163\/revisions\/13840"}],"wp:attachment":[{"href":"https:\/\/etnyre.com\/es\/wp-json\/wp\/v2\/media?parent=12163"}],"curies":[{"name":"wp","href":"https:\/\/api.w.org\/{rel}","templated":true}]}}