{"id":12164,"date":"2024-05-31T11:20:48","date_gmt":"2024-05-31T11:20:48","guid":{"rendered":"https:\/\/etnyre.com\/remolques-basculantes-comerciales-illinois\/"},"modified":"2025-05-28T06:12:05","modified_gmt":"2025-05-28T06:12:05","slug":"remolques-basculantes-comerciales-illinois","status":"publish","type":"page","link":"https:\/\/etnyre.com\/es\/remolques-basculantes-comerciales-illinois\/","title":{"rendered":"Remolques Basculantes Comerciales Illinois"},"content":{"rendered":"<h3>\u00bfPor qu\u00e9 elegir los remolques volquete comerciales Etnyre en Illinois?<\/h3>\n<p>Etnyre puede proporcionar a tu empresa de mantenimiento de carreteras medios de transporte m\u00e1s r\u00e1pidos y seguros para las materias primas con nuestros remolques volquete comerciales en Illinois. Nuestros <a href=\"https:\/\/etnyre.com\/live-bottom-trailers\/\">remolques Falcon de fondo<\/a> m\u00f3vil incluyen caracter\u00edsticas que ofrecen un mejor rendimiento y seguridad generales que los volquetes convencionales. \u00c9stas son algunas de las ventajas m\u00e1s significativas que obtienes con nuestros remolques volquete comerciales:  <\/p>\n<ul>\n<li>Eliminaci\u00f3n de los riesgos de vuelco<\/li>\n<li>Velocidades \u00f3ptimas de carga y descarga de materiales<\/li>\n<li>Descarga precisa de materiales<\/li>\n<li>Prevenci\u00f3n de la contaminaci\u00f3n cruzada de materiales<\/li>\n<li>Muchas opciones para las puertas traseras<\/li>\n<\/ul>\n<p>Durante m\u00e1s de 125 a\u00f1os, Etnyre ha establecido el est\u00e1ndar de rendimiento y fiabilidad de los equipos de extendido de asfalto de clase mundial con caracter\u00edsticas exclusivas. Nuestros remolques Falcon de fondo m\u00f3vil son unas de las m\u00e1quinas de transporte de materiales m\u00e1s fiables, r\u00e1pidas y ligeras del sector. En consecuencia, puedes reducir el desperdicio de material y disminuir los costes, a la vez que consigues terminar los proyectos m\u00e1s r\u00e1pidamente con nuestros equipos. Para m\u00e1s informaci\u00f3n, utiliza nuestro <a href=\"https:\/\/etnyre.com\/es\/contactenos\/\">formulario de contacto en l\u00ednea<\/a> para enviarnos un mensaje o env\u00eda un correo electr\u00f3nico a nuestro personal a <a href=\"mailto:sales@etnyre.com\">sales@etnyre.com.<\/a>   <\/p>\n<h3>\u00bfC\u00f3mo eliminan los remolques Falcon los riesgos de vuelco?<\/h3>\n<p>El innovador dise\u00f1o de los remolques de fondo m\u00f3vil Falcon de Etnyre permite transportar materiales con mayor seguridad y menor riesgo de vuelco. Construimos nuestros remolques con un centro de gravedad m\u00e1s bajo, lo que proporciona un transporte de materiales m\u00e1s estable que los remolques basculantes convencionales. Los volquetes tradicionales vienen con cajas de volteo con un centro de gravedad m\u00e1s alto, lo que los hace m\u00e1s propensos a volcar. En consecuencia, tu empresa puede beneficiarse de un transporte de materiales m\u00e1s seguro con nuestros remolques volquete comerciales en Illinois.   <\/p>\n<h3>\u00bfPor qu\u00e9 los remolques Falcon son m\u00e1s r\u00e1pidos en la carga y descarga?<\/h3>\n<p>Nuestros remolques Falcon de fondo m\u00f3vil incorporan un exclusivo sistema de cinta transportadora que completa el proceso de descarga en s\u00f3lo media revoluci\u00f3n. Adem\u00e1s, el centro de gravedad es m\u00e1s bajo con nuestros remolques volquete comerciales en Illinois. Como resultado, el proceso de carga es m\u00e1s estable. Luego, la descarga es m\u00e1s r\u00e1pida y sencilla gracias a la fiable cinta transportadora que dirige los materiales al lugar deseado. Y lo que es m\u00e1s importante, con nuestras m\u00e1quinas recibir\u00e1s una carga y descarga m\u00e1s r\u00e1pida y segura.    <\/p>\n<h3>\u00bfC\u00f3mo son los remolques Falcon m\u00e1s precisos en la descarga?<\/h3>\n<p>Como ya hemos dicho, en nuestros remolques volquete comerciales de Illinois se instala un sistema de transporte exclusivo. Este fiable sistema de transporte permite una descarga precisa. Dirige con precisi\u00f3n las materias primas desde el interior del remolque a los puntos deseados durante el proceso de descarga. Como nuestros remolques no se elevan en la parte trasera, se elimina la descarga insegura e imprecisa que suele producirse con los volquetes convencionales. Como resultado, nuestros remolques Falcon de fondo m\u00f3vil reducen en gran medida el desperdicio de producto y eliminan los retrasos en los proyectos.    <\/p>\n<h3>\u00bfC\u00f3mo se evita la contaminaci\u00f3n cruzada del material?<\/h3>\n<p>A diferencia de los anticuados volquetes, los remolques Falcon de fondo vivo no requieren una limpieza exhaustiva y reducen los riesgos de contaminaci\u00f3n cruzada con procesos de descarga m\u00e1s limpios. El exclusivo sistema de cintas transportadoras de nuestras m\u00e1quinas permite una descarga m\u00e1s suave y limpia. En consecuencia, eliminas el tiempo necesario para hacer la limpieza a fondo que tienes que hacer con los volquetes tradicionales para evitar la contaminaci\u00f3n cruzada de materiales. Para m\u00e1s informaci\u00f3n, consulta nuestro <a href=\"https:\/\/etnyre.com\/wp-content\/uploads\/2023\/05\/A-755-22R-reduced-size-copy.pdf\">manual del producto Remolque Falcon de fondo vivo<\/a>.   <\/p>\n<h3>\u00bfQu\u00e9 opciones de puertas traseras hay?<\/h3>\n<p>Tendr\u00e1s mucha libertad de elecci\u00f3n con las opciones de puerta trasera disponibles en nuestros remolques volquete comerciales de Illinois. Aqu\u00ed tienes una lista de las puertas traseras disponibles y sus aplicaciones \u00f3ptimas: <\/p>\n<ul>\n<li><strong>Puertas de hormig\u00f3n<\/strong>\n<ul>\n<li>Son puertas especializadas dise\u00f1adas para manipular hormig\u00f3n y materiales similares.<\/li>\n<\/ul>\n<\/li>\n<li><strong>Puertas Batientes Elevables<\/strong>\n<ul>\n<li>Esta opci\u00f3n te permite elegir entre utilizarla como puerta \u00fanica o como puerta plegable.<\/li>\n<li>Esto hace que sea una selecci\u00f3n ideal para dosificar el material.<\/li>\n<\/ul>\n<\/li>\n<li><strong>Puertas traseras estilo granero<\/strong>\n<ul>\n<li>Estas puertas funcionan bien para los adoquines.<\/li>\n<li>Son opciones perfectas para el hilerado.<\/li>\n<li>Estas puertas se abren a ambos lados, lo que permite canalizar adecuadamente los materiales.<\/li>\n<li>Tambi\u00e9n puedes utilizar estas puertas para crear una rampa de descarga de material.<\/li>\n<\/ul>\n<\/li>\n<li><strong>Puertas levadizas altas<\/strong>\n<ul>\n<li>Es la mejor opci\u00f3n para descargar materiales a granel con rapidez y eficacia.<\/li>\n<\/ul>\n<\/li>\n<\/ul>\n<div class=\"left-img\"><img decoding=\"async\" src=\"https:\/\/etnyre.com\/wp-content\/uploads\/2024\/05\/etnyrelivebottoms-10719887.webp\" alt=\"Remolques Basculantes Comerciales Illinois\" title=\"\"><\/div>\n<h3>Contacta con nosotros<\/h3>\n<p>\u00bfNecesitas m\u00e1s informaci\u00f3n sobre nuestros remolques volquete comerciales en Illinois? Env\u00eda tus preguntas a nuestro personal a <a href=\"mailto:sales@etnyre.com\">sales@etnyre.com<\/a> o utiliza nuestro formulario de contacto en l\u00ednea. Adem\u00e1s, puedes ponerte en contacto con nosotros llamando <a href=\"tel:8157322116\">al 815-732-2116<\/a>.  <\/p>\n","protected":false},"excerpt":{"rendered":"<p>\u00bfPor qu\u00e9 elegir los remolques volquete comerciales Etnyre en Illinois? Etnyre puede proporcionar a tu empresa de mantenimiento de carreteras medios de transporte m\u00e1s r\u00e1pidos y seguros para las materias primas con nuestros remolques volquete comerciales en Illinois. Nuestros remolques Falcon de fondo m\u00f3vil incluyen caracter\u00edsticas que ofrecen un mejor rendimiento y seguridad generales que &hellip; <a href=\"https:\/\/etnyre.com\/es\/remolques-basculantes-comerciales-illinois\/\" class=\"more-link\">Continue reading <span class=\"screen-reader-text\">Remolques Basculantes Comerciales Illinois<\/span><\/a><\/p>\n","protected":false},"author":1,"featured_media":1642,"parent":0,"menu_order":0,"comment_status":"closed","ping_status":"closed","template":"","meta":{"_acf_changed":false,"footnotes":""},"class_list":["post-12164","page","type-page","status-publish","has-post-thumbnail","hentry"],"acf":[],"_links":{"self":[{"href":"https:\/\/etnyre.com\/es\/wp-json\/wp\/v2\/pages\/12164","targetHints":{"allow":["GET"]}}],"collection":[{"href":"https:\/\/etnyre.com\/es\/wp-json\/wp\/v2\/pages"}],"about":[{"href":"https:\/\/etnyre.com\/es\/wp-json\/wp\/v2\/types\/page"}],"author":[{"embeddable":true,"href":"https:\/\/etnyre.com\/es\/wp-json\/wp\/v2\/users\/1"}],"replies":[{"embeddable":true,"href":"https:\/\/etnyre.com\/es\/wp-json\/wp\/v2\/comments?post=12164"}],"version-history":[{"count":2,"href":"https:\/\/etnyre.com\/es\/wp-json\/wp\/v2\/pages\/12164\/revisions"}],"predecessor-version":[{"id":13841,"href":"https:\/\/etnyre.com\/es\/wp-json\/wp\/v2\/pages\/12164\/revisions\/13841"}],"wp:featuredmedia":[{"embeddable":true,"href":"https:\/\/etnyre.com\/es\/wp-json\/wp\/v2\/media\/1642"}],"wp:attachment":[{"href":"https:\/\/etnyre.com\/es\/wp-json\/wp\/v2\/media?parent=12164"}],"curies":[{"name":"wp","href":"https:\/\/api.w.org\/{rel}","templated":true}]}}