{"id":12531,"date":"2024-09-02T05:25:16","date_gmt":"2024-09-02T05:25:16","guid":{"rendered":"https:\/\/etnyre.com\/equipos-de-revestimiento-de-juntas-illinois\/"},"modified":"2025-05-28T06:12:37","modified_gmt":"2025-05-28T06:12:37","slug":"equipos-de-revestimiento-de-juntas-illinois","status":"publish","type":"page","link":"https:\/\/etnyre.com\/es\/equipos-de-revestimiento-de-juntas-illinois\/","title":{"rendered":"Equipos de revestimiento de juntas Illinois"},"content":{"rendered":"<h3>Elige el mejor equipo de revestimiento con Etnyre<\/h3>\n<p>Las carreteras de asfalto se deterioran de forma natural con el paso del tiempo debido a la edad, el clima y el uso regular, creando peligros potenciales para los viajeros. Como contratista de mantenimiento de carreteras, puedes ayudar a prolongar la vida \u00fatil de las carreteras para tus clientes ofreciendo servicios de impermeabilizaci\u00f3n. <a href=\"https:\/\/etnyre.com\/es\/sobre-nosotros\/\">ED Etnyre &amp; Co.<\/a> proporciona <a href=\"https:\/\/etnyre.com\/es\/sealcoating-trucks-illinois\/\">equipos de impermeabilizaci\u00f3n<\/a> de alta calidad en Illinois, lo que te permite a\u00f1adir este valioso servicio a tu oferta. Con los fiables equipos de Etnyre, tendr\u00e1s todo lo que necesitas para que tu negocio funcione sin problemas y las carreteras de tus clientes est\u00e9n en las mejores condiciones.  <\/p>\n<h3>Por qu\u00e9 la impermeabilizaci\u00f3n es una gran adici\u00f3n a tus servicios de mantenimiento<\/h3>\n<p>Los clientes que reconocen la importancia de proteger sus lotes y calles de asfalto suelen solicitar <a href=\"https:\/\/etnyre.com\/es\/equipo-de-revestimiento-sellador-minnesota\/\">el sellado<\/a>. Este proceso no s\u00f3lo es r\u00e1pido y eficaz, sino que adem\u00e1s debe repetirse cada dos o tres a\u00f1os, lo que garantiza que puedas ofrecer un cuidado continuo del asfalto de tus clientes. El sellado es especialmente beneficioso por varias razones:  <\/p>\n<ul>\n<li><strong>Prolonga la vida \u00fatil de la calzada<\/strong> &#8211; El sellado rellena grietas e imperfecciones, a la vez que a\u00f1ade una capa protectora que protege el asfalto de los rayos UV, los l\u00edquidos de los veh\u00edculos y los da\u00f1os relacionados con la intemperie.<\/li>\n<li><strong>Mejora la est\u00e9tica<\/strong> &#8211; Con el tiempo, la exposici\u00f3n a la luz solar y a la intemperie puede hacer que el asfalto se decolore y deteriore. El revestimiento de sellado rejuvenece el color del pavimento y proporciona una superficie fresca para las rayas y l\u00edneas centrales. <\/li>\n<li><strong>Reduce los costes para los clientes<\/strong> &#8211; Las carreteras y los terrenos descuidados pueden ser costosos de reparar o sustituir. La impermeabilizaci\u00f3n peri\u00f3dica ayuda a tus clientes a evitar estos gastos manteniendo y protegiendo su asfalto de forma constante. <\/li>\n<\/ul>\n<p>Con los equipos de sellado de Etnyre, puedes ofrecer un servicio r\u00e1pido y eficaz que impulse tu negocio del asfalto. Nuestras m\u00e1quinas, como las <a href=\"https:\/\/etnyre.com\/es\/pavementsaver\/\">Pavement Savers<\/a>, est\u00e1n dise\u00f1adas para superar a otros equipos de sellado del mercado. Estos buggies son ideales para trabajos peque\u00f1os y precisos, y pueden personalizarse para adaptarse a tus necesidades espec\u00edficas. Para proyectos de mayor envergadura, el <a href=\"https:\/\/etnyre.com\/bc502sc\/\">BC502SC<\/a> es perfecto para cubrir largos tramos de carretera y solares amplios, mientras que el <a href=\"https:\/\/etnyre.com\/es\/raynpro-serie-t\/\">RaynPro<\/a> ofrece las mismas capacidades en forma de remolque. Sean cuales sean tus necesidades, Etnyre tiene el equipo adecuado para elevar tus servicios de asfaltado. Consigue equipos de sellado en Illinois con Etnyre.     <\/p>\n<h3>Sobre Etnyre<\/h3>\n<p>Desde 1898, <a href=\"https:\/\/etnyre.com\/es\/sobre-nosotros\/\">ED Etnyre &amp; Co.<\/a> ha sido un l\u00edder de confianza en el sector de la pavimentaci\u00f3n de Estados Unidos. Desde el principio, nuestra misi\u00f3n ha sido dise\u00f1ar y fabricar <a href=\"https:\/\/etnyre.com\/es\/equipos-de-mantenimiento-de-carreteras\/\">equipos de la m\u00e1xima calidad para los equipos de construcci\u00f3n de asfalto<\/a>. Hemos forjado nuestra reputaci\u00f3n suministrando equipos fiables y de alto rendimiento que destacan en el mercado. Adem\u00e1s de nuestros excepcionales productos, ofrecemos a nuestros clientes una asistencia inigualable y soluciones personalizadas. Est\u00e1 claro por qu\u00e9 ED Etnyre &amp; Co. es el nombre en el que puedes confiar.    <\/p>\n<div class=\"left-img\"><img loading=\"lazy\" decoding=\"async\" class=\"alignnone\" src=\"https:\/\/etnyre.com\/wp-content\/uploads\/2024\/09\/close-up-on-the-road-roller-working-on-the-new-road-construction-site.jpg\" alt=\"Etnyre construye los mejores Equipos de Recubrimiento en Illinois\" width=\"500\" height=\"350\" title=\"\"><\/div>\n<h3>Contacta con ED Etnyre &amp; Co.<\/h3>\n<p>Encuentra el mejor equipo de sellado de Illinois, as\u00ed como todo el <a href=\"https:\/\/etnyre.com\/es\/equipos-de-mantenimiento-de-carreteras\/\">equipo de mantenimiento de carreteras<\/a> que necesites. Llama a ED Etnyre &amp; Co. y empieza a cubrir tus necesidades de reparaci\u00f3n de grietas en el asfalto. Ponte <a href=\"https:\/\/etnyre.com\/es\/contactenos\/\">en contacto con nosotros hoy mismo<\/a> en el <a href=\"tel:8157322116\">815-732-2116<\/a> para obtener m\u00e1s informaci\u00f3n. <\/p>\n","protected":false},"excerpt":{"rendered":"<p>Elige el mejor equipo de revestimiento con Etnyre Las carreteras de asfalto se deterioran de forma natural con el paso del tiempo debido a la edad, el clima y el uso regular, creando peligros potenciales para los viajeros. Como contratista de mantenimiento de carreteras, puedes ayudar a prolongar la vida \u00fatil de las carreteras para &hellip; <a href=\"https:\/\/etnyre.com\/es\/equipos-de-revestimiento-de-juntas-illinois\/\" class=\"more-link\">Continue reading <span class=\"screen-reader-text\">Equipos de revestimiento de juntas Illinois<\/span><\/a><\/p>\n","protected":false},"author":1,"featured_media":8535,"parent":0,"menu_order":0,"comment_status":"closed","ping_status":"closed","template":"","meta":{"_acf_changed":false,"footnotes":""},"class_list":["post-12531","page","type-page","status-publish","has-post-thumbnail","hentry"],"acf":[],"_links":{"self":[{"href":"https:\/\/etnyre.com\/es\/wp-json\/wp\/v2\/pages\/12531","targetHints":{"allow":["GET"]}}],"collection":[{"href":"https:\/\/etnyre.com\/es\/wp-json\/wp\/v2\/pages"}],"about":[{"href":"https:\/\/etnyre.com\/es\/wp-json\/wp\/v2\/types\/page"}],"author":[{"embeddable":true,"href":"https:\/\/etnyre.com\/es\/wp-json\/wp\/v2\/users\/1"}],"replies":[{"embeddable":true,"href":"https:\/\/etnyre.com\/es\/wp-json\/wp\/v2\/comments?post=12531"}],"version-history":[{"count":2,"href":"https:\/\/etnyre.com\/es\/wp-json\/wp\/v2\/pages\/12531\/revisions"}],"predecessor-version":[{"id":13744,"href":"https:\/\/etnyre.com\/es\/wp-json\/wp\/v2\/pages\/12531\/revisions\/13744"}],"wp:featuredmedia":[{"embeddable":true,"href":"https:\/\/etnyre.com\/es\/wp-json\/wp\/v2\/media\/8535"}],"wp:attachment":[{"href":"https:\/\/etnyre.com\/es\/wp-json\/wp\/v2\/media?parent=12531"}],"curies":[{"name":"wp","href":"https:\/\/api.w.org\/{rel}","templated":true}]}}