{"id":12532,"date":"2024-09-02T05:25:16","date_gmt":"2024-09-02T05:25:16","guid":{"rendered":"https:\/\/etnyre.com\/equipo-sealcoat-texas\/"},"modified":"2025-07-16T12:27:40","modified_gmt":"2025-07-16T12:27:40","slug":"equipo-sealcoat-texas","status":"publish","type":"page","link":"https:\/\/etnyre.com\/es\/equipo-sealcoat-texas\/","title":{"rendered":"Equipo Sealcoat Texas"},"content":{"rendered":"<h3>Gu\u00eda definitiva de los mejores equipos de sellado de Texas<\/h3>\n<p>E.D. Etnyre &amp; Company quiere mantenerte informado sobre los \u00faltimos equipos innovadores de recubrimiento de sellado en Texas. Durante m\u00e1s de un siglo, nuestra empresa ha apoyado a los contratistas de mantenimiento de carreteras con algunas de las mejores m\u00e1quinas disponibles. Establecemos el est\u00e1ndar de durabilidad y rendimiento con nuestros <a href=\"https:\/\/etnyre.com\/es\/equipos-de-mantenimiento-de-carreteras-texas\/\">equipos<\/a>. A continuaci\u00f3n te presentamos algunos de los mejores equipos de recubrimiento de juntas de Texas:   <\/p>\n<ul class=\"clr\">\n<li><a href=\"https:\/\/etnyre.com\/es\/pavementsaver\/\"><strong>Buggies de recubrimiento<\/strong><\/a> &#8211; Es una opci\u00f3n ideal para proyectos de mantenimiento de carreteras a peque\u00f1a escala que requieren m\u00e1quinas m\u00e1s peque\u00f1as. Nuestros modelos Pavement Saver II y III de buggies de recubrimiento vienen con potentes motores di\u00e9sel, capacidades de dep\u00f3sito de 400 a 500 galones y una barra de pulverizaci\u00f3n de 8&#8242; con extensi\u00f3n a 12&#8242;. <\/li>\n<li><strong><a href=\"https:\/\/etnyre.com\/pavementsaver\/sealcoating-trucks-texas\">Camiones de revestimiento<\/a> <\/strong>&#8211; Nuestra opci\u00f3n para proyectos a gran escala para calles y proyectos de mayor superficie son nuestros camiones BC502SC. Tienen barras de 8&#8243; de di\u00e1metro con dos filtros de acabado y dos extensiones de pulverizaci\u00f3n encajables. Adem\u00e1s, el sistema de elevaci\u00f3n hidr\u00e1ulica proporciona una anchura de pulverizaci\u00f3n de hasta 14 pies. Adem\u00e1s, nuestros camiones ofrecen un caudal constante, incluso cuando se conduce hacia delante.   <\/li>\n<li><strong><a href=\"https:\/\/etnyre.com\/es\/raynpro-serie-t\/\">M\u00e1quinas Sealcoat<\/a><\/strong> &#8211; A fi de los camiones existentes, nuestras m\u00e1quinas RaynPro Serie T aportan la misma capacidad de nuestros buggies y camiones.<\/li>\n<\/ul>\n<h3>\u00bfQu\u00e9 son los Buggies de Recubrimiento?<\/h3>\n<p>Nuestros buggies de impermeabilizaci\u00f3n son equipos especializados que permiten a las empresas de mantenimiento de carreteras aplicar con precisi\u00f3n y eficacia materiales de impermeabilizaci\u00f3n en \u00e1reas m\u00e1s peque\u00f1as. Como resultado, los contratistas de asfalto pueden completar los proyectos de sellado con menos costes, menos residuos y en menos tiempo que utilizando remolques o t\u00e9cnicas manuales. Estas son algunas de las caracter\u00edsticas m\u00e1s populares de nuestros equipos de recubrimiento de sellado m\u00e1s peque\u00f1os en Texas:  <\/p>\n<ul>\n<li>Motor Kubota diesel turboalimentado de 42 CV<\/li>\n<li>Capacidades de los tanques de almacenamiento de material de revestimiento que van de 420 a 510 galones<\/li>\n<li>Controles de joystick f\u00e1ciles de manejar con flujo de material que abren y cierran la caja del esparcidor<\/li>\n<li>Un panel de control del operador con interruptores basculantes sencillos<\/li>\n<li>Control de velocidad por ordenador que proporciona una aplicaci\u00f3n uniforme de los materiales a distintas velocidades<\/li>\n<\/ul>\n<h3>\u00bfCu\u00e1les son las ventajas de sellar camiones?<\/h3>\n<p>Las carretillas BC502SC ofrecen a tu empresa de mantenimiento de carreteras diversas ventajas para su uso en proyectos a gran escala. Para empezar, proporcionan una mayor eficacia, permiti\u00e9ndote extender materiales de recubrimiento de juntas sobre una gran superficie de forma r\u00e1pida y uniforme. Adem\u00e1s, la aplicaci\u00f3n uniforme que proporcionan nuestras m\u00e1quinas reduce el desperdicio de material y el tiempo que se tarda en limpiar los materiales mal aplicados. Adem\u00e1s, nuestros camiones mantienen el material de sellado caliente y listo para usar durante m\u00e1s tiempo que otros equipos, lo que te permite ampliar tu oferta de servicios. Y lo que es m\u00e1s importante, nuestros camiones te ahorran dinero en mano de obra, material y residuos. Eso es lo que convierte a nuestros camiones en uno de los mejores equipos de sellado de Texas.     <\/p>\n<h3>\u00bfBuscas equipos de revestimiento de juntas personalizables?<\/h3>\n<p>E.D Etnyre &amp; Company tambi\u00e9n ofrece equipos de sellado personalizables en Texas. Nuestras m\u00e1quinas de sellado RaynPro serie T pueden utilizarse montadas sobre patines o en un remolque detr\u00e1s de los veh\u00edculos que ya utilizas. Tienen las siguientes atractivas ventajas:  <\/p>\n<ul>\n<li><strong>Soluciones a medida<\/strong>\n<ul>\n<li>Puedes elegir entre m\u00e1quinas de 1, 2 \u00f3 3 ejes, que permiten capacidades de peso de entre 1.000 y 2.000 kg.<\/li>\n<li>Dependiendo del tama\u00f1o del dep\u00f3sito que necesites, podemos ajustar la longitud de la m\u00e1quina para acomodar sopladores y otros equipos.<\/li>\n<li>Hay frenos de sobrecarga opcionales con frenos el\u00e9ctricos como equipamiento de serie.<\/li>\n<\/ul>\n<\/li>\n<li><strong>Motor de alto rendimiento<\/strong>\n<ul>\n<li>Puedes bombear material de sellado de gran carga de \u00e1ridos con el motor Kohler de 14 caballos que proporciona una salida de alto amperaje.<\/li>\n<\/ul>\n<\/li>\n<li><strong>Opciones de tama\u00f1o del dep\u00f3sito<\/strong>\n<ul>\n<li>Puedes elegir entre dep\u00f3sitos de almacenamiento de material de sellado de tama\u00f1os comprendidos entre 200 y 12.000 galones.<\/li>\n<\/ul>\n<\/li>\n<\/ul>\n<div class=\"left-img\">\n<img decoding=\"async\" src=\"https:\/\/etnyre.com\/wp-content\/uploads\/2024\/02\/raynprot600-500x350.jpg\" alt=\"Equipo Sealcoat Texas\" title=\"\">\n<\/div>\n<h2>Contacta con nosotros<\/h2>\n<p>E.D. Etnyre puede proporcionarte toda la informaci\u00f3n que desees sobre nuestros innovadores equipos de sellado en Texas. Env\u00eda ahora un correo electr\u00f3nico a nuestro amable personal a <a href=\"mailto:sales@etnyre.com\">sales@etnyre.com<\/a> o utiliza nuestro <a href=\"https:\/\/etnyre.com\/es\/contactenos\/\">formulario de contacto en l\u00ednea<\/a> para ponerte en contacto con nosotros. Tambi\u00e9n puedes ponerte en contacto con nosotros llamando a nuestra oficina al <a href=\"tel:8157322116\">815-732-2116<\/a> los d\u00edas laborables de 8 a 17 h.  <\/p>\n","protected":false},"excerpt":{"rendered":"<p>Gu\u00eda definitiva de los mejores equipos de sellado de Texas E.D. Etnyre &amp; Company quiere mantenerte informado sobre los \u00faltimos equipos innovadores de recubrimiento de sellado en Texas. Durante m\u00e1s de un siglo, nuestra empresa ha apoyado a los contratistas de mantenimiento de carreteras con algunas de las mejores m\u00e1quinas disponibles. Establecemos el est\u00e1ndar de &hellip; <a href=\"https:\/\/etnyre.com\/es\/equipo-sealcoat-texas\/\" class=\"more-link\">Continue reading <span class=\"screen-reader-text\">Equipo Sealcoat Texas<\/span><\/a><\/p>\n","protected":false},"author":1,"featured_media":10513,"parent":0,"menu_order":0,"comment_status":"closed","ping_status":"closed","template":"","meta":{"_acf_changed":false,"footnotes":""},"class_list":["post-12532","page","type-page","status-publish","has-post-thumbnail","hentry"],"acf":[],"_links":{"self":[{"href":"https:\/\/etnyre.com\/es\/wp-json\/wp\/v2\/pages\/12532","targetHints":{"allow":["GET"]}}],"collection":[{"href":"https:\/\/etnyre.com\/es\/wp-json\/wp\/v2\/pages"}],"about":[{"href":"https:\/\/etnyre.com\/es\/wp-json\/wp\/v2\/types\/page"}],"author":[{"embeddable":true,"href":"https:\/\/etnyre.com\/es\/wp-json\/wp\/v2\/users\/1"}],"replies":[{"embeddable":true,"href":"https:\/\/etnyre.com\/es\/wp-json\/wp\/v2\/comments?post=12532"}],"version-history":[{"count":1,"href":"https:\/\/etnyre.com\/es\/wp-json\/wp\/v2\/pages\/12532\/revisions"}],"predecessor-version":[{"id":13827,"href":"https:\/\/etnyre.com\/es\/wp-json\/wp\/v2\/pages\/12532\/revisions\/13827"}],"wp:featuredmedia":[{"embeddable":true,"href":"https:\/\/etnyre.com\/es\/wp-json\/wp\/v2\/media\/10513"}],"wp:attachment":[{"href":"https:\/\/etnyre.com\/es\/wp-json\/wp\/v2\/media?parent=12532"}],"curies":[{"name":"wp","href":"https:\/\/api.w.org\/{rel}","templated":true}]}}