{"id":12533,"date":"2024-09-02T05:25:16","date_gmt":"2024-09-02T05:25:16","guid":{"rendered":"https:\/\/etnyre.com\/sealcoat-camiones-illinois\/"},"modified":"2025-07-16T12:27:38","modified_gmt":"2025-07-16T12:27:38","slug":"sealcoat-camiones-illinois","status":"publish","type":"page","link":"https:\/\/etnyre.com\/es\/sealcoat-camiones-illinois\/","title":{"rendered":"Sealcoat Camiones Illinois"},"content":{"rendered":"<h3>\u00bfQu\u00e9 son los camiones lacrados en Illinois?<\/h3>\n<p>E.D. Etnyre &amp; Company ofrece una amplia gama de equipos de recubrimiento, como <a href=\"https:\/\/etnyre.com\/es\/sellado-de-buggies-illinois\/\">carros<\/a> y camiones de recubrimiento en Illinois. Nuestros <a href=\"https:\/\/etnyre.com\/es\/sealcoating-trucks-illinois\/\">camiones de recubrimiento BC502SC<\/a> permiten a tu empresa de mantenimiento de carreteras mantener los materiales de recubrimiento calientes y listos para usar durante m\u00e1s tiempo. Como resultado, puedes proporcionar una cobertura precisa y uniforme de los materiales de sellado sobre superficies m\u00e1s amplias en menos tiempo que las aplicaciones manuales o con remolque. As\u00ed, puedes ofrecer a los clientes una gama m\u00e1s amplia de servicios y asumir proyectos a gran escala. Y lo que es m\u00e1s importante, nuestras m\u00e1quinas te ahorran dinero en material, residuos y mano de obra. Nuestra empresa, con sede en Illinois, es l\u00edder del sector desde 1898. Cuenta con nosotros para obtener las mejores <a href=\"https:\/\/etnyre.com\/es\/raynpro-serie-t\/\">m\u00e1quinas sealcoat<\/a> del sector. <a href=\"https:\/\/etnyre.com\/es\/contactenos\/\">Ponte en contacto con nosotros<\/a> ahora para solicitar m\u00e1s informaci\u00f3n sobre nuestros innovadores camiones sealcoat en Illinois.      <\/p>\n<h3>\u00bfCu\u00e1les son las ventajas de las carretillas Sealcoat?<\/h3>\n<p>Utilizar la l\u00ednea de camiones selladores de E.D. Etnyre &amp; Company en Illinois tiene varias ventajas excelentes. \u00c9stas son algunas de las ventajas que proporcionar\u00e1n a tu empresa contratista de asfalto una ventaja competitiva: <\/p>\n<ul>\n<li><strong>Mayor eficacia &#8211; <\/strong>Tu empresa de mantenimiento de carreteras est\u00e1 perdiendo negocio y capacidad si sigues aplicando la capa de sellado manualmente o con remolques de arrastre. Todo ese trabajo manual lleva mucho tiempo, incluye mucho desperdicio de material y provoca retrasos al arreglar aplicaciones desiguales. Nuestros camiones BC502SC vienen con dep\u00f3sitos de almacenamiento capaces de transportar de 1.000 a 4.000 galones de material de sellado, lo que permite a tu equipo cubrir un \u00e1rea mayor con mayor rapidez.  <\/li>\n<li><strong>Mejor rendimiento &#8211; <\/strong>A diferencia de los m\u00e9todos que utilizan remolques de material separados, nuestros camiones de recubrimiento de sellado permiten un mayor control sobre la extensi\u00f3n de los materiales de recubrimiento. As\u00ed, reducir\u00e1s en gran medida el desperdicio de material y la aplicaci\u00f3n incorrecta con la tecnolog\u00eda de aplicaci\u00f3n uniforme que proporcionan nuestras m\u00e1quinas. <\/li>\n<li><strong>M\u00e1s capacidad &#8211; <\/strong>Como ya hemos dicho, nuestros camiones mantienen una gran cantidad de materiales de revestimiento de sellado calientes y listos para ser aplicados durante m\u00e1s tiempo. As\u00ed, puedes diversificar tu negocio abordando m\u00e1s proyectos a gran escala en menos tiempo. Adem\u00e1s, reduces la cantidad de mano de obra necesaria por proyecto en comparaci\u00f3n con la aplicaci\u00f3n manual de materiales.  <\/li>\n<li><strong>Menos problemas log\u00edsticos &#8211; <\/strong>Los grandes dep\u00f3sitos de almacenamiento de nuestros camiones tambi\u00e9n te ahorran la pesadilla log\u00edstica de transportar varios equipos a un lugar de trabajo. As\u00ed, ya no tienes que preocuparte de transportar varios remolques, camiones y equipos de aplicaci\u00f3n. Como resultado, reduces el riesgo de da\u00f1os o aver\u00edas en los equipos y gastas menos en costes de transporte y en la mano de obra necesaria para trabajar con varios equipos.  <\/li>\n<\/ul>\n<h3>\u00bfCu\u00e1les son las principales caracter\u00edsticas de las carretillas Sealcoat?<\/h3>\n<p>E.D. Etnyre dise\u00f1a y fabrica nuestros camiones de recubrimiento de sellado en Illinois con algunas de las caracter\u00edsticas m\u00e1s populares para los operadores del sector del mantenimiento de carreteras. Estas son algunas de las caracter\u00edsticas que hacen que nuestros equipos de recubrimiento de sellado destaquen entre los dem\u00e1s: <\/p>\n<ul>\n<li>Tanques de almacenamiento de material Sealcoat de 1.000 a 4.000 galones<\/li>\n<li>Un sistema de agitaci\u00f3n de barrido completo garantiza que el material se mezcle correctamente y no se deje sedimentar nada en el fondo del dep\u00f3sito de almacenamiento<\/li>\n<li>Sistemas de accionamiento hidr\u00e1ulico que permiten una aplicaci\u00f3n uniforme a pesar de los distintos niveles de velocidad<\/li>\n<li>Elementos de protecci\u00f3n antivuelco DOT que evitan accidentes graves<\/li>\n<li>Una barra de dispersi\u00f3n primaria de 8&#8242; con el sistema hidr\u00e1ulico que permite una anchura de dispersi\u00f3n de 14&#8242;<\/li>\n<li>Sistemas de filtraci\u00f3n del material de la capa de sellado que evitan problemas con la integridad de la mezcla<\/li>\n<\/ul>\n<div class=\"left-img\">\n<img decoding=\"async\" src=\"https:\/\/etnyre.com\/wp-content\/uploads\/2024\/08\/seal-coating-for-chip-sealing-asphalt-pavement.jpg\" alt=\"Sealcoat Camiones Illinois\" title=\"\">\n<\/div>\n<h3>Contacta con nosotros<\/h3>\n<p>E.D. Etnyre &amp; Company ofrece una l\u00ednea completa de equipos de sealcoat con personalizaciones disponibles. Ponte <a href=\"https:\/\/etnyre.com\/es\/contactenos\/\">en contacto con nosotros<\/a> ahora para solicitar m\u00e1s informaci\u00f3n sobre nuestros camiones sealcoat en Illinois. Puedes ponerte en contacto por correo electr\u00f3nico en <a href=\"mailto:sales@etnyre.com\">sales@etnyre.com<\/a> o por tel\u00e9fono en <a href=\"tel:8157322116\">el 815-732-2116<\/a>. Estamos disponibles en horario de oficina, de 8 a 17 h.   <\/p>\n","protected":false},"excerpt":{"rendered":"<p>\u00bfQu\u00e9 son los camiones lacrados en Illinois? E.D. Etnyre &amp; Company ofrece una amplia gama de equipos de recubrimiento, como carros y camiones de recubrimiento en Illinois. Nuestros camiones de recubrimiento BC502SC permiten a tu empresa de mantenimiento de carreteras mantener los materiales de recubrimiento calientes y listos para usar durante m\u00e1s tiempo. Como resultado, &hellip; <a href=\"https:\/\/etnyre.com\/es\/sealcoat-camiones-illinois\/\" class=\"more-link\">Continue reading <span class=\"screen-reader-text\">Sealcoat Camiones Illinois<\/span><\/a><\/p>\n","protected":false},"author":1,"featured_media":12510,"parent":0,"menu_order":0,"comment_status":"closed","ping_status":"closed","template":"","meta":{"_acf_changed":false,"footnotes":""},"class_list":["post-12533","page","type-page","status-publish","has-post-thumbnail","hentry"],"acf":[],"_links":{"self":[{"href":"https:\/\/etnyre.com\/es\/wp-json\/wp\/v2\/pages\/12533","targetHints":{"allow":["GET"]}}],"collection":[{"href":"https:\/\/etnyre.com\/es\/wp-json\/wp\/v2\/pages"}],"about":[{"href":"https:\/\/etnyre.com\/es\/wp-json\/wp\/v2\/types\/page"}],"author":[{"embeddable":true,"href":"https:\/\/etnyre.com\/es\/wp-json\/wp\/v2\/users\/1"}],"replies":[{"embeddable":true,"href":"https:\/\/etnyre.com\/es\/wp-json\/wp\/v2\/comments?post=12533"}],"version-history":[{"count":1,"href":"https:\/\/etnyre.com\/es\/wp-json\/wp\/v2\/pages\/12533\/revisions"}],"predecessor-version":[{"id":13824,"href":"https:\/\/etnyre.com\/es\/wp-json\/wp\/v2\/pages\/12533\/revisions\/13824"}],"wp:featuredmedia":[{"embeddable":true,"href":"https:\/\/etnyre.com\/es\/wp-json\/wp\/v2\/media\/12510"}],"wp:attachment":[{"href":"https:\/\/etnyre.com\/es\/wp-json\/wp\/v2\/media?parent=12533"}],"curies":[{"name":"wp","href":"https:\/\/api.w.org\/{rel}","templated":true}]}}