{"id":12534,"date":"2024-09-02T05:25:17","date_gmt":"2024-09-02T05:25:17","guid":{"rendered":"https:\/\/etnyre.com\/sealcoat-camiones-texas\/"},"modified":"2025-07-16T12:27:36","modified_gmt":"2025-07-16T12:27:36","slug":"sealcoat-camiones-texas","status":"publish","type":"page","link":"https:\/\/etnyre.com\/es\/sealcoat-camiones-texas\/","title":{"rendered":"Sealcoat Camiones Texas"},"content":{"rendered":"<h3>\u00bfQu\u00e9 son los camiones lacrados en Texas?<\/h3>\n<p>E.D Etnyre &amp; Company ofrece soluciones de servicio completo para m\u00e1quinas de revestimiento de sellado, incluidos buggies de revestimiento de sellado y camiones de revestimiento de sellado en Texas. Nuestros camiones sealcoat son piezas especializadas de equipos dise\u00f1ados para mantener los tanques de almacenamiento de miles de galones de material calientes y listos para su uso durante lapsos de tiempo m\u00e1s largos que las aplicaciones manuales o de remolque de tiro. Las piezas clave de nuestros <a href=\"https:\/\/etnyre.com\/es\/camiones-de-revestimiento-de-juntas-texas\/\">camiones<\/a> sealcoat incluyen:  <\/p>\n<ul class=\"clr\">\n<li><strong>Dep\u00f3sitos<\/strong> de material de sellado &#8211; Puedes elegir entre modelos con dep\u00f3sitos de almacenamiento de material de sellado que van desde 1.000 galones hasta 4.000 galones.<\/li>\n<li><strong>Sistemas de pulverizaci\u00f3n<\/strong> &#8211; Nuestras carretillas BC502SC vienen con una barra de distribuci\u00f3n primaria de 8&#8242; y un sistema de elevaci\u00f3n hidr\u00e1ulica que permite una anchura de aplicaci\u00f3n de material de 14&#8242;.<\/li>\n<li><strong>Sistemas<\/strong> de agitaci\u00f3n &#8211; Nos aseguramos de que la mezcla de la capa de sellado se mezcle bien con un sistema de agitaci\u00f3n que evita que los materiales se depositen en el fondo de los dep\u00f3sitos de almacenamiento.<\/li>\n<li><strong>Sistemas de calefacci\u00f3n<\/strong> &#8211; Nuestros equipos vienen con un sistema de calefacci\u00f3n que mantiene una temperatura que garantiza que los materiales de la capa de sellado fluyan suave y uniformemente durante la aplicaci\u00f3n.<\/li>\n<\/ul>\n<p>Adem\u00e1s, nuestros camiones vienen con controles de joystick f\u00e1ciles de manejar que garantizan una distribuci\u00f3n uniforme de los materiales a distintas velocidades. <a href=\"https:\/\/etnyre.com\/es\/contactenos\/\">Ponte en contacto con nosotros<\/a> hoy mismo para obtener m\u00e1s informaci\u00f3n sobre nuestros camiones de sellado en Texas.<\/p>\n<h3>\u00bfCu\u00e1les son las principales ventajas de las carretillas Sealcoat?<\/h3>\n<p>Tu empresa de mantenimiento de carreteras puede experimentar muchas grandes ventajas invirtiendo en los camiones sealcoat de E.D. Etnyre &amp; Company en Texas. Algunas de las razones m\u00e1s convincentes para elegir nuestros camiones son las siguientes: <\/p>\n<ul>\n<li><strong>Eficacia mejorada &#8211; <\/strong>Est\u00e1s empleando m\u00e1s tiempo del necesario por proyecto si tu empresa contratista de asfalto sigue aplicando la capa de sellado con m\u00e9todos manuales o tirando del remolque. La mano de obra necesaria para la aplicaci\u00f3n manual aumenta los costes, lleva mucho tiempo, desperdicia material y exige dedicar m\u00e1s tiempo a corregir cualquier error. Sin embargo, puedes evitar esos problemas con nuestros camiones sealcoat. Garantizan una aplicaci\u00f3n uniforme para una mayor \u00e1rea de cobertura y un tiempo de ejecuci\u00f3n del proyecto mucho m\u00e1s r\u00e1pido.   <\/li>\n<li><strong>Rendimiento mejorado &#8211; <\/strong>A diferencia de las aplicaciones manuales o con remolque, nuestros camiones de sellado controlan la distribuci\u00f3n de los materiales de sellado con mucha m\u00e1s precisi\u00f3n. De ese modo, se reduce el desperdicio de materiales que se produce por una aplicaci\u00f3n excesiva o incorrecta. Adem\u00e1s, la distribuci\u00f3n uniforme que proporcionan nuestros camiones protege mejor el pavimento para los clientes.  <\/li>\n<li><strong>Mayor capacidad &#8211; <\/strong>Con miles de litros de materiales calentados y listos para usar, nuestros camiones te permiten terminar proyectos a gran escala mucho m\u00e1s r\u00e1pidamente. Por tanto, puedes ofrecer m\u00e1s servicios a los clientes actuales o a\u00f1adir clientes adicionales que busquen ayuda para proyectos de carreteras o aparcamientos a gran escala. Adem\u00e1s, puedes aprovechar mejor la mano de obra al necesitar menos personal por proyecto.  <\/li>\n<li><strong>Menos problemas log\u00edsticos &#8211; <\/strong>Con nuestros camiones sealcoat tambi\u00e9n puedes evitar el estr\u00e9s de tener que transportar varios equipos a una obra. En lugar de tener que llevar varios camiones y remolques, dispones de un solo equipo para todo el proyecto. <\/li>\n<\/ul>\n<h3>\u00bfCu\u00e1les son las caracter\u00edsticas m\u00e1s populares de las carretillas Sealcoat?<\/h3>\n<p>E.D. Etnyre planifica y fabrica nuestros camiones sealcoat en Texas con algunas de las caracter\u00edsticas m\u00e1s buscadas. \u00c9stos son algunos de los aspectos que hacen que nuestro equipo sea preferible a otras alternativas: <\/p>\n<ul>\n<li>Un sistema de agitaci\u00f3n de barrido completo que garantiza una mezcla adecuada de los materiales<\/li>\n<li>Sistemas de filtraci\u00f3n del material de la capa de sellado que evitan problemas con la integridad de la mezcla<\/li>\n<li>Sistemas de accionamiento hidr\u00e1ulico que proporcionan una aplicaci\u00f3n uniforme a varias velocidades<\/li>\n<li>Tanques de almacenamiento de material Sealcoat de 1.000 a 4.000 galones<\/li>\n<li>Elementos de seguridad de protecci\u00f3n antivuelco DOT que reducen el riesgo de lesiones graves<\/li>\n<li>Una barra de dispersi\u00f3n primaria de 8&#8242; con el sistema hidr\u00e1ulico que permite una anchura de dispersi\u00f3n de 14&#8242;<\/li>\n<\/ul>\n<div class=\"left-img\">\n<img decoding=\"async\" src=\"https:\/\/etnyre.com\/wp-content\/uploads\/2024\/08\/seal-coating-for-chip-sealing-asphalt-pavement.jpg\" alt=\"Sealcoat Camiones Texas\" title=\"\">\n<\/div>\n<h3>Contacta con nosotros<\/h3>\n<p>Si tienes m\u00e1s preguntas sobre nuestros camiones sealcoat en Texas, ponte en contacto con nosotros. Puedes enviarnos un correo electr\u00f3nico a <a href=\"mailto:sales@etnyre.com\">sales@etnyre.com.<\/a> Adem\u00e1s, puedes ponerte en <a href=\"https:\/\/etnyre.com\/es\/contactenos\/\">contacto con nosotros en l\u00ednea en cualquier momento a trav\u00e9s de nuestro r\u00e1pido y c\u00f3modo formulario de contacto<\/a>. Si lo prefieres, tambi\u00e9n puedes llamar a nuestro personal de oficina al <a href=\"tel:8157322116\">815-732-2116<\/a>. Estamos disponibles de lunes a viernes de 8 a 17 h.    <\/p>\n","protected":false},"excerpt":{"rendered":"<p>\u00bfQu\u00e9 son los camiones lacrados en Texas? E.D Etnyre &amp; Company ofrece soluciones de servicio completo para m\u00e1quinas de revestimiento de sellado, incluidos buggies de revestimiento de sellado y camiones de revestimiento de sellado en Texas. Nuestros camiones sealcoat son piezas especializadas de equipos dise\u00f1ados para mantener los tanques de almacenamiento de miles de galones &hellip; <a href=\"https:\/\/etnyre.com\/es\/sealcoat-camiones-texas\/\" class=\"more-link\">Continue reading <span class=\"screen-reader-text\">Sealcoat Camiones Texas<\/span><\/a><\/p>\n","protected":false},"author":1,"featured_media":12514,"parent":0,"menu_order":0,"comment_status":"closed","ping_status":"closed","template":"","meta":{"_acf_changed":false,"footnotes":""},"class_list":["post-12534","page","type-page","status-publish","has-post-thumbnail","hentry"],"acf":[],"_links":{"self":[{"href":"https:\/\/etnyre.com\/es\/wp-json\/wp\/v2\/pages\/12534","targetHints":{"allow":["GET"]}}],"collection":[{"href":"https:\/\/etnyre.com\/es\/wp-json\/wp\/v2\/pages"}],"about":[{"href":"https:\/\/etnyre.com\/es\/wp-json\/wp\/v2\/types\/page"}],"author":[{"embeddable":true,"href":"https:\/\/etnyre.com\/es\/wp-json\/wp\/v2\/users\/1"}],"replies":[{"embeddable":true,"href":"https:\/\/etnyre.com\/es\/wp-json\/wp\/v2\/comments?post=12534"}],"version-history":[{"count":1,"href":"https:\/\/etnyre.com\/es\/wp-json\/wp\/v2\/pages\/12534\/revisions"}],"predecessor-version":[{"id":13823,"href":"https:\/\/etnyre.com\/es\/wp-json\/wp\/v2\/pages\/12534\/revisions\/13823"}],"wp:featuredmedia":[{"embeddable":true,"href":"https:\/\/etnyre.com\/es\/wp-json\/wp\/v2\/media\/12514"}],"wp:attachment":[{"href":"https:\/\/etnyre.com\/es\/wp-json\/wp\/v2\/media?parent=12534"}],"curies":[{"name":"wp","href":"https:\/\/api.w.org\/{rel}","templated":true}]}}